{"id":1034,"date":"2017-03-31T02:08:55","date_gmt":"2017-03-31T00:08:55","guid":{"rendered":"http:\/\/www2.mathnique.com\/site\/?page_id=1034"},"modified":"2017-03-31T02:20:01","modified_gmt":"2017-03-31T00:20:01","slug":"arbres","status":"publish","type":"page","link":"https:\/\/www.mathnique.com\/site\/arbres\/","title":{"rendered":"Arbres"},"content":{"rendered":"<p style=\"text-align: center;\"><img loading=\"lazy\" decoding=\"async\" class=\"alignnone size-full wp-image-1043\" src=\"http:\/\/www2.mathnique.com\/site\/wp-content\/uploads\/2017\/03\/arbrezamana.png\" alt=\"\" width=\"297\" height=\"168\" \/><br \/>\n<em>Le\u00a0zamana de l'Habitation C\u00e9ron au Pr\u00eacheur en Martinique<br \/>\nArbre de l'ann\u00e9e 2016<\/em><\/p>\n<ul>\n<li>G\u00e9n\u00e9ralit\u00e9s sur les arbres<br \/>\n<a href=\"http:\/\/www2.mathnique.com\/site\/wp-content\/uploads\/2017\/03\/arbres.pdf\">arbres<\/a><\/li>\n<li>Arbres binaires<br \/>\n<a href=\"http:\/\/www2.mathnique.com\/site\/wp-content\/uploads\/2017\/03\/arbrebin.pdf\">arbrebin<\/a><\/li>\n<li>Arbres binaires \u00e9quilibr\u00e9s<br \/>\n<a href=\"http:\/\/www2.mathnique.com\/site\/wp-content\/uploads\/2017\/03\/arbrequi.pdf\">arbrequi<\/a><\/li>\n<li>Repr\u00e9sentations des expressions arithm\u00e9tiques par des arbres<br \/>\n<a href=\"http:\/\/www2.mathnique.com\/site\/wp-content\/uploads\/2017\/03\/arbrarit.pdf\">arbrarit<\/a><\/li>\n<li>Arbres binaires de recherche ou arbres binaires ordonn\u00e9s<\/li>\n<\/ul>\n","protected":false},"excerpt":{"rendered":"<p>Le\u00a0zamana de l'Habitation C\u00e9ron au Pr\u00eacheur en Martinique Arbre de l'ann\u00e9e 2016 G\u00e9n\u00e9ralit\u00e9s sur les arbres arbres Arbres binaires arbrebin Arbres binaires \u00e9quilibr\u00e9s arbrequi Repr\u00e9sentations des expressions arithm\u00e9tiques par des arbres arbrarit Arbres binaires de recherche ou arbres binaires ordonn\u00e9s<\/p>\n","protected":false},"author":1,"featured_media":0,"parent":0,"menu_order":0,"comment_status":"closed","ping_status":"closed","template":"","meta":{"_monsterinsights_skip_tracking":false,"_monsterinsights_sitenote_active":false,"_monsterinsights_sitenote_note":"","_monsterinsights_sitenote_category":0,"footnotes":""},"class_list":["post-1034","page","type-page","status-publish","hentry"],"_links":{"self":[{"href":"https:\/\/www.mathnique.com\/site\/wp-json\/wp\/v2\/pages\/1034","targetHints":{"allow":["GET"]}}],"collection":[{"href":"https:\/\/www.mathnique.com\/site\/wp-json\/wp\/v2\/pages"}],"about":[{"href":"https:\/\/www.mathnique.com\/site\/wp-json\/wp\/v2\/types\/page"}],"author":[{"embeddable":true,"href":"https:\/\/www.mathnique.com\/site\/wp-json\/wp\/v2\/users\/1"}],"replies":[{"embeddable":true,"href":"https:\/\/www.mathnique.com\/site\/wp-json\/wp\/v2\/comments?post=1034"}],"version-history":[{"count":3,"href":"https:\/\/www.mathnique.com\/site\/wp-json\/wp\/v2\/pages\/1034\/revisions"}],"predecessor-version":[{"id":1044,"href":"https:\/\/www.mathnique.com\/site\/wp-json\/wp\/v2\/pages\/1034\/revisions\/1044"}],"wp:attachment":[{"href":"https:\/\/www.mathnique.com\/site\/wp-json\/wp\/v2\/media?parent=1034"}],"curies":[{"name":"wp","href":"https:\/\/api.w.org\/{rel}","templated":true}]}}