{"id":105,"date":"2017-02-01T00:17:12","date_gmt":"2017-01-31T23:17:12","guid":{"rendered":"http:\/\/www2.mathnique.com\/site\/?page_id=105"},"modified":"2023-03-27T16:24:42","modified_gmt":"2023-03-27T14:24:42","slug":"lartiste-laurent-valere-2","status":"publish","type":"page","link":"https:\/\/www.mathnique.com\/site\/lartiste-laurent-valere-2\/","title":{"rendered":"L'artiste : Laurent VALERE"},"content":{"rendered":"<p style=\"text-align: center;\"><span style=\"color: #ff0000;\"><strong>\u00a0\u00a0\u00a0\u00a0\u00a0Laurent VALERE : sa d\u00e9marche artistique<\/strong><\/span><\/p>\n<p><img loading=\"lazy\" decoding=\"async\" class=\"size-medium wp-image-115 aligncenter\" src=\"http:\/\/www.mathnique.com\/site\/wp-content\/uploads\/2017\/02\/PHVALERE-244x300.jpg\" alt=\"\" width=\"244\" height=\"300\" srcset=\"https:\/\/www.mathnique.com\/site\/wp-content\/uploads\/2017\/02\/PHVALERE-244x300.jpg 244w, https:\/\/www.mathnique.com\/site\/wp-content\/uploads\/2017\/02\/PHVALERE.jpg 257w\" sizes=\"auto, (max-width: 244px) 85vw, 244px\" \/><br \/>\nLaurent VALERE n\u00e9 en 1958 exerce la profession d'agent immobilier. C'est aussi un artiste plasticien martiniquais renomm\u00e9 qui travaille toutes les formes d'arts plastiques, en particulier la peinture(qu'il tient de sa m\u00e8re qui fut peintre) et la sculpture.<br \/>\n<strong>Depuis quelques ann\u00e9es, la probl\u00e9matique qui l'inspire est celle des h\u00e9ros et des martyrs cara\u00efb\u00e9ens et de leurs destins \u00e0 qui il veut rendre hommage<\/strong> :<\/p>\n<ul>\n<li style=\"text-align: left;\"><strong><span style=\"color: #ff0000;\">Charlemagne PERALTE<\/span><\/strong>, chef de l'arm\u00e9e des tacos qui tiendra t\u00eate \u00e0 l'arm\u00e9e am\u00e9ricaine lors de l'invasion d'Ha\u00efti en 1914.<br \/>\nIl sera assassin\u00e9 en 1919.<br \/>\nSon comportement h\u00e9ro\u00efque le hissera au Panth\u00e9on des grands hommes de la R\u00e9publique d'Ha\u00efti.<br \/>\n<img loading=\"lazy\" decoding=\"async\" class=\"size-full wp-image-116 aligncenter\" src=\"http:\/\/www.mathnique.com\/site\/wp-content\/uploads\/2017\/02\/PERALTE1.jpg\" alt=\"\" width=\"57\" height=\"80\" \/><\/li>\n<\/ul>\n<p style=\"text-align: center;\"><em>Charlemagne PERALTE<\/em><br \/>\n<em>Mort \u00e0 l'\u00e2ge de 33 ans, trahi comme le Christ,<\/em><br \/>\n<em>Expos\u00e9 nu sous son drapeau, crucifi\u00e9;<\/em><br \/>\n<em>Comme un jour, il a os\u00e9 nous le promettre,<\/em><br \/>\n<em>Pour notre nation il se sacrifia.<\/em><br \/>\n<em>Affrontant les Am\u00e9ricains, et seul \u00e0 crier :\"halte !\"<\/em><br \/>\n<em>Inclinons-nous devant Charlemagne PERALTE.<br \/>\n<\/em>(Ce po\u00e8me qui sert d'\u00e9pitaphe sur sa pierre tombale au cimeti\u00e8re du Cap Ha\u00eftien a \u00e9t\u00e9 \u00e9crit par Christian WERLEIGH)<br \/>\n<img loading=\"lazy\" decoding=\"async\" class=\"alignnone size-full wp-image-117\" src=\"http:\/\/www.mathnique.com\/site\/wp-content\/uploads\/2017\/02\/peraltepainting.jpg\" alt=\"\" width=\"200\" height=\"267\" \/><\/p>\n<ul>\n<li style=\"text-align: left;\"><span style=\"color: #ff0000;\"><strong>Flore GAILLARD<\/strong><\/span>, une grande figure f\u00e9minine de la r\u00e9sistance des n\u00e8gres marrons comme la mul\u00e2tresse SOLITUDE \u00e0 la Guadeloupe et C\u00e9cile FATIMAN \u00e0 Saint Domingue.<br \/>\nEn 1793, pendant la R\u00e9volution fran\u00e7aise, Flore GAILLARD va parcourir les campagnes de l'\u00eele de Sainte Lucie avec en t\u00eate une guillotine pour mettre au pas les planteurs hostiles \u00e0 la R\u00e9publique.<br \/>\nSon arm\u00e9e, l'arm\u00e9e des Bois form\u00e9e d'esclaves et de blancs r\u00e9volutionnaires tiendra longtemps en respect les arm\u00e9es anglaises \u00e0 Sainte Lucie.<br \/>\n<img loading=\"lazy\" decoding=\"async\" class=\"size-full wp-image-118 aligncenter\" src=\"http:\/\/www.mathnique.com\/site\/wp-content\/uploads\/2017\/02\/guillotine.jpg\" alt=\"\" width=\"114\" height=\"118\" \/><\/li>\n<\/ul>\n<p style=\"text-align: left;\">Son histoire a \u00e9t\u00e9 racont\u00e9e par Edouard GLISSANT sans son livre ORMEROD.<\/p>\n<p>Sa couleur pr\u00e9f\u00e9r\u00e9e est le bleu.<br \/>\nQuelques-unes de ses oeuvres les plus c\u00e9l\u00e8bres ont pour toile de fond la mer<\/p>\n<ul>\n<li style=\"text-align: left;\">\u00a0<strong><span style=\"color: #ff0000;\">Manman D'LO<\/span><\/strong>\u00a0<span style=\"color: #ff0000;\"><strong>dans la Baie de Saint Pierre<\/strong><\/span><img loading=\"lazy\" decoding=\"async\" class=\"size-medium wp-image-123 aligncenter\" src=\"http:\/\/www2.mathnique.com\/site\/wp-content\/uploads\/2017\/02\/Plongeurs-300x225.jpg\" alt=\"\" width=\"300\" height=\"225\" srcset=\"https:\/\/www.mathnique.com\/site\/wp-content\/uploads\/2017\/02\/Plongeurs-300x225.jpg 300w, https:\/\/www.mathnique.com\/site\/wp-content\/uploads\/2017\/02\/Plongeurs.jpg 450w\" sizes=\"auto, (max-width: 300px) 85vw, 300px\" \/><em>\u00a0 \u00a0 \u00a0 \u00a0 \u00a0 \u00a0 \u00a0 \u00a0 \u00a0 \u00a0 \u00a0 \u00a0 \u00a0 \u00a0 \u00a0 (photo collection personnelle Laurent VALERE)<\/em><br \/>\nManman D'LO est une sculpture monumentale de 3 m 50 de haut, 10 m de long pesant 80 tonnes et install\u00e9e par 10 m de fond dans la baie de Saint Pierre au niveau de la Ginguette.<br \/>\nCette sir\u00e8ne est constitu\u00e9e de 2 parties : une t\u00eate regardant la surface<br \/>\n<img loading=\"lazy\" decoding=\"async\" class=\"size-medium wp-image-121 aligncenter\" src=\"http:\/\/www2.mathnique.com\/site\/wp-content\/uploads\/2017\/02\/mamandlo2-300x225.jpg\" alt=\"\" width=\"300\" height=\"225\" srcset=\"https:\/\/www.mathnique.com\/site\/wp-content\/uploads\/2017\/02\/mamandlo2-300x225.jpg 300w, https:\/\/www.mathnique.com\/site\/wp-content\/uploads\/2017\/02\/mamandlo2.jpg 450w\" sizes=\"auto, (max-width: 300px) 85vw, 300px\" \/>\u00a0 \u00a0 \u00a0 \u00a0 \u00a0 \u00a0 \u00a0 \u00a0 \u00a0 \u00a0 \u00a0 \u00a0 \u00a0 \u00a0 \u00a0 \u00a0 \u00a0<em>\u00a0(photo collection personnelle Laurent VALERE)<br \/>\n<\/em>et une queue sortant du sable pour faire croire que le reste du corps est ensabl\u00e9.<img loading=\"lazy\" decoding=\"async\" class=\"size-medium wp-image-120 aligncenter\" src=\"http:\/\/www2.mathnique.com\/site\/wp-content\/uploads\/2017\/02\/mamandlo1-225x300.jpg\" alt=\"\" width=\"225\" height=\"300\" srcset=\"https:\/\/www.mathnique.com\/site\/wp-content\/uploads\/2017\/02\/mamandlo1-225x300.jpg 225w, https:\/\/www.mathnique.com\/site\/wp-content\/uploads\/2017\/02\/mamandlo1.jpg 338w\" sizes=\"auto, (max-width: 225px) 85vw, 225px\" \/><em>\u00a0 \u00a0 \u00a0 \u00a0 \u00a0 \u00a0 \u00a0 \u00a0 \u00a0 \u00a0 \u00a0 \u00a0 \u00a0 \u00a0 \u00a0 (photo collection personnelle Laurent VALERE)<\/em><br \/>\nLaurent VALERE l'a cr\u00e9\u00e9e \u00e0 partir de la l\u00e9gende du 17\u00e8me si\u00e8cle parlant d'un homme-poisson dans la baie du Diamant.<br \/>\nElle a n\u00e9cessit\u00e9 pr\u00e8s de 2 ans de travail.<br \/>\n<img loading=\"lazy\" decoding=\"async\" class=\"size-full wp-image-122 aligncenter\" src=\"http:\/\/www.mathnique.com\/site\/wp-content\/uploads\/2017\/02\/manmandlostpie.jpg\" alt=\"\" width=\"200\" height=\"150\" \/><br \/>\n<em>\u00a0 \u00a0 \u00a0 \u00a0 \u00a0 \u00a0 \u00a0 \u00a0 \u00a0 \u00a0 \u00a0 \u00a0 \u00a0 (photo collection personnelle Laurent VALERE)<\/em><br \/>\nSa t\u00eate est creuse et pourra \u00eatre visit\u00e9e par les plongeurs qui trouveront sur place une brosse accroch\u00e9e \u00e0 une cha\u00eene. Passer cette brosse dans les cheveux (algues) de Manman D'LO portera chance !!!<br \/>\nLa t\u00eate de Manman D'LO servira aussi de refuge pour les poissons.<\/li>\n<li style=\"text-align: left;\"><span style=\"color: #ff0000;\"><strong>La Conf\u00e9rence des Manmans D'LO au Club M\u00e9diterran\u00e9e \u00e0 Sainte Anne\u00a0<\/strong><\/span><br \/>\n<img loading=\"lazy\" decoding=\"async\" class=\"size-medium wp-image-119 aligncenter\" src=\"http:\/\/www2.mathnique.com\/site\/wp-content\/uploads\/2017\/02\/conferencemanamandlo-300x199.jpg\" alt=\"\" width=\"300\" height=\"199\" srcset=\"https:\/\/www.mathnique.com\/site\/wp-content\/uploads\/2017\/02\/conferencemanamandlo-300x199.jpg 300w, https:\/\/www.mathnique.com\/site\/wp-content\/uploads\/2017\/02\/conferencemanamandlo-768x509.jpg 768w, https:\/\/www.mathnique.com\/site\/wp-content\/uploads\/2017\/02\/conferencemanamandlo.jpg 1024w\" sizes=\"auto, (max-width: 300px) 85vw, 300px\" \/><\/li>\n<li style=\"text-align: left;\">L'oeuvre qui l'a rendu c\u00e9l\u00e8bre est sans contexte <span style=\"color: #ff0000;\"><strong>le M\u00e9morial du Cap 110<\/strong><\/span> \u00e9rig\u00e9 pr\u00e8s de l'Anse CAFFARD au Diamant, \u00e0 l'occasion du 150 \u00e8me anniversaire de l'abolition de l'esclavage.<br \/>\n<img loading=\"lazy\" decoding=\"async\" class=\"size-medium wp-image-144 aligncenter\" src=\"http:\/\/www.mathnique.com\/site\/wp-content\/uploads\/2017\/02\/CAP110G-300x225.gif\" alt=\"\" width=\"300\" height=\"225\" \/><br \/>\n<img loading=\"lazy\" decoding=\"async\" class=\"size-medium wp-image-143 aligncenter\" src=\"http:\/\/www.mathnique.com\/site\/wp-content\/uploads\/2017\/02\/CAP110E-300x225.gif\" alt=\"\" width=\"300\" height=\"225\" \/><br \/>\n<img loading=\"lazy\" decoding=\"async\" class=\"size-medium wp-image-142 aligncenter\" src=\"http:\/\/www.mathnique.com\/site\/wp-content\/uploads\/2017\/02\/CAP110D-300x225.gif\" alt=\"\" width=\"300\" height=\"225\" \/><\/p>\n<p><em>\"Dresser au pied du Morne Larcher le m\u00e9morial aux disparus du bateau n\u00e9grier qui a sombr\u00e9 dans la nuit du 8 au 9 avril 1830, c'est affirmer la Fraternit\u00e9\"<br \/>\nSerge LARCHER, S\u00e9nateur-Maire Honoraire du DIAMANT<br \/>\n<img loading=\"lazy\" decoding=\"async\" class=\"size-medium wp-image-129 aligncenter\" src=\"http:\/\/www2.mathnique.com\/site\/wp-content\/uploads\/2017\/02\/VALERE2-219x300.jpg\" alt=\"\" width=\"219\" height=\"300\" srcset=\"https:\/\/www.mathnique.com\/site\/wp-content\/uploads\/2017\/02\/VALERE2-219x300.jpg 219w, https:\/\/www.mathnique.com\/site\/wp-content\/uploads\/2017\/02\/VALERE2-768x1050.jpg 768w, https:\/\/www.mathnique.com\/site\/wp-content\/uploads\/2017\/02\/VALERE2-749x1024.jpg 749w, https:\/\/www.mathnique.com\/site\/wp-content\/uploads\/2017\/02\/VALERE2-1200x1640.jpg 1200w, https:\/\/www.mathnique.com\/site\/wp-content\/uploads\/2017\/02\/VALERE2.jpg 1592w\" sizes=\"auto, (max-width: 219px) 85vw, 219px\" \/>\u00a0 \u00a0 \u00a0 \u00a0 \u00a0 \u00a0 \u00a0 \u00a0 \u00a0 \u00a0 \u00a0 \u00a0 \u00a0 \u00a0 (photo collection personnelle Laurent VALERE)<\/em><em><img loading=\"lazy\" decoding=\"async\" class=\"size-medium wp-image-128 aligncenter\" src=\"http:\/\/www2.mathnique.com\/site\/wp-content\/uploads\/2017\/02\/VALERE1-300x218.jpg\" alt=\"\" width=\"300\" height=\"218\" srcset=\"https:\/\/www.mathnique.com\/site\/wp-content\/uploads\/2017\/02\/VALERE1-300x218.jpg 300w, https:\/\/www.mathnique.com\/site\/wp-content\/uploads\/2017\/02\/VALERE1-768x559.jpg 768w, https:\/\/www.mathnique.com\/site\/wp-content\/uploads\/2017\/02\/VALERE1-1024x745.jpg 1024w, https:\/\/www.mathnique.com\/site\/wp-content\/uploads\/2017\/02\/VALERE1-1200x873.jpg 1200w\" sizes=\"auto, (max-width: 300px) 85vw, 300px\" \/><\/em><\/li>\n<li style=\"text-align: left;\"><em>\u00a0 \u00a0 \u00a0 \u00a0 \u00a0 \u00a0 \u00a0 \u00a0 \u00a0 \u00a0 \u00a0 \u00a0 \u00a0 \u00a0(photo collection personnelle Laurent VALERE)<\/em><em><img loading=\"lazy\" decoding=\"async\" class=\"size-medium wp-image-130 aligncenter\" src=\"http:\/\/www2.mathnique.com\/site\/wp-content\/uploads\/2017\/02\/VALERE3-300x200.jpg\" alt=\"\" width=\"300\" height=\"200\" srcset=\"https:\/\/www.mathnique.com\/site\/wp-content\/uploads\/2017\/02\/VALERE3-300x200.jpg 300w, https:\/\/www.mathnique.com\/site\/wp-content\/uploads\/2017\/02\/VALERE3-768x513.jpg 768w, https:\/\/www.mathnique.com\/site\/wp-content\/uploads\/2017\/02\/VALERE3-1024x684.jpg 1024w, https:\/\/www.mathnique.com\/site\/wp-content\/uploads\/2017\/02\/VALERE3-1200x802.jpg 1200w\" sizes=\"auto, (max-width: 300px) 85vw, 300px\" \/><br \/>\n(photo collection personnelle Laurent VALERE)<\/em><\/li>\n<li style=\"text-align: center;\"><em><img loading=\"lazy\" decoding=\"async\" class=\"size-medium wp-image-131 aligncenter\" src=\"http:\/\/www2.mathnique.com\/site\/wp-content\/uploads\/2017\/02\/VALERE4-300x222.jpg\" alt=\"\" width=\"300\" height=\"222\" srcset=\"https:\/\/www.mathnique.com\/site\/wp-content\/uploads\/2017\/02\/VALERE4-300x222.jpg 300w, https:\/\/www.mathnique.com\/site\/wp-content\/uploads\/2017\/02\/VALERE4-768x568.jpg 768w, https:\/\/www.mathnique.com\/site\/wp-content\/uploads\/2017\/02\/VALERE4-1024x757.jpg 1024w, https:\/\/www.mathnique.com\/site\/wp-content\/uploads\/2017\/02\/VALERE4-1200x887.jpg 1200w\" sizes=\"auto, (max-width: 300px) 85vw, 300px\" \/><em><em><em>\u00a0 \u00a0 \u00a0 \u00a0 \u00a0 \u00a0 \u00a0 \u00a0 \u00a0 \u00a0 \u00a0 \u00a0 \u00a0 \u00a0 \u00a0(photo collection personnelle Laurent VALERE)<\/em><\/em><\/em><br \/>\n<em><img loading=\"lazy\" decoding=\"async\" class=\"size-medium wp-image-132 aligncenter\" src=\"http:\/\/www2.mathnique.com\/site\/wp-content\/uploads\/2017\/02\/VALERE6-196x300.jpg\" alt=\"\" width=\"196\" height=\"300\" srcset=\"https:\/\/www.mathnique.com\/site\/wp-content\/uploads\/2017\/02\/VALERE6-196x300.jpg 196w, https:\/\/www.mathnique.com\/site\/wp-content\/uploads\/2017\/02\/VALERE6-768x1173.jpg 768w, https:\/\/www.mathnique.com\/site\/wp-content\/uploads\/2017\/02\/VALERE6-671x1024.jpg 671w, https:\/\/www.mathnique.com\/site\/wp-content\/uploads\/2017\/02\/VALERE6-1200x1833.jpg 1200w, https:\/\/www.mathnique.com\/site\/wp-content\/uploads\/2017\/02\/VALERE6.jpg 1474w\" sizes=\"auto, (max-width: 196px) 85vw, 196px\" \/><br \/>\n(photo collection personnelle Laurent VALERE)<br \/>\n<em><img loading=\"lazy\" decoding=\"async\" class=\"size-medium wp-image-133 aligncenter\" src=\"http:\/\/www2.mathnique.com\/site\/wp-content\/uploads\/2017\/02\/VALERE7-190x300.jpg\" alt=\"\" width=\"190\" height=\"300\" srcset=\"https:\/\/www.mathnique.com\/site\/wp-content\/uploads\/2017\/02\/VALERE7-190x300.jpg 190w, https:\/\/www.mathnique.com\/site\/wp-content\/uploads\/2017\/02\/VALERE7-768x1215.jpg 768w, https:\/\/www.mathnique.com\/site\/wp-content\/uploads\/2017\/02\/VALERE7-647x1024.jpg 647w, https:\/\/www.mathnique.com\/site\/wp-content\/uploads\/2017\/02\/VALERE7-1200x1898.jpg 1200w, https:\/\/www.mathnique.com\/site\/wp-content\/uploads\/2017\/02\/VALERE7.jpg 1429w\" sizes=\"auto, (max-width: 190px) 85vw, 190px\" \/>\u00a0 \u00a0 \u00a0 \u00a0 \u00a0 \u00a0 \u00a0 \u00a0 \u00a0 \u00a0 \u00a0 \u00a0 \u00a0 \u00a0 \u00a0 (photo collection personnelle Laurent VALERE)<\/em><\/em><\/em><img loading=\"lazy\" decoding=\"async\" class=\"size-medium wp-image-139 aligncenter\" src=\"http:\/\/www2.mathnique.com\/site\/wp-content\/uploads\/2017\/02\/Ciel-2-300x225.jpg\" alt=\"\" width=\"300\" height=\"225\" srcset=\"https:\/\/www.mathnique.com\/site\/wp-content\/uploads\/2017\/02\/Ciel-2-300x225.jpg 300w, https:\/\/www.mathnique.com\/site\/wp-content\/uploads\/2017\/02\/Ciel-2-768x576.jpg 768w, https:\/\/www.mathnique.com\/site\/wp-content\/uploads\/2017\/02\/Ciel-2.jpg 1024w\" sizes=\"auto, (max-width: 300px) 85vw, 300px\" \/>\u00a0 \u00a0 \u00a0 \u00a0 \u00a0 \u00a0 \u00a0 \u00a0 \u00a0 \u00a0 \u00a0 \u00a0 \u00a0 \u00a0 \u00a0 \u00a0<em>(photo collection personnelle Laurent VALERE)<\/em><br \/>\n<img loading=\"lazy\" decoding=\"async\" class=\"size-medium wp-image-135 aligncenter\" src=\"http:\/\/www2.mathnique.com\/site\/wp-content\/uploads\/2017\/02\/Cap-110-Histoire-dHerbes.-300x225.jpg\" alt=\"\" width=\"300\" height=\"225\" srcset=\"https:\/\/www.mathnique.com\/site\/wp-content\/uploads\/2017\/02\/Cap-110-Histoire-dHerbes.-300x225.jpg 300w, https:\/\/www.mathnique.com\/site\/wp-content\/uploads\/2017\/02\/Cap-110-Histoire-dHerbes.-768x576.jpg 768w, https:\/\/www.mathnique.com\/site\/wp-content\/uploads\/2017\/02\/Cap-110-Histoire-dHerbes.-1024x768.jpg 1024w, https:\/\/www.mathnique.com\/site\/wp-content\/uploads\/2017\/02\/Cap-110-Histoire-dHerbes.-1200x900.jpg 1200w, https:\/\/www.mathnique.com\/site\/wp-content\/uploads\/2017\/02\/Cap-110-Histoire-dHerbes..jpg 1600w\" sizes=\"auto, (max-width: 300px) 85vw, 300px\" \/>\u00a0 \u00a0 \u00a0 \u00a0 \u00a0 \u00a0 \u00a0 \u00a0 \u00a0 \u00a0 \u00a0 \u00a0 \u00a0 \u00a0 \u00a0\u00a0<em>(photo collection personnelle Laurent VALERE)<\/em><br \/>\n<img loading=\"lazy\" decoding=\"async\" class=\"size-medium wp-image-136 aligncenter\" src=\"http:\/\/www2.mathnique.com\/site\/wp-content\/uploads\/2017\/02\/Cap-110-Merle-pr\u00eat-\u00e0-voler-300x225.jpg\" alt=\"\" width=\"300\" height=\"225\" srcset=\"https:\/\/www.mathnique.com\/site\/wp-content\/uploads\/2017\/02\/Cap-110-Merle-pr\u00eat-\u00e0-voler-300x225.jpg 300w, https:\/\/www.mathnique.com\/site\/wp-content\/uploads\/2017\/02\/Cap-110-Merle-pr\u00eat-\u00e0-voler-768x576.jpg 768w, https:\/\/www.mathnique.com\/site\/wp-content\/uploads\/2017\/02\/Cap-110-Merle-pr\u00eat-\u00e0-voler-1024x768.jpg 1024w, https:\/\/www.mathnique.com\/site\/wp-content\/uploads\/2017\/02\/Cap-110-Merle-pr\u00eat-\u00e0-voler-1200x900.jpg 1200w, https:\/\/www.mathnique.com\/site\/wp-content\/uploads\/2017\/02\/Cap-110-Merle-pr\u00eat-\u00e0-voler.jpg 1600w\" sizes=\"auto, (max-width: 300px) 85vw, 300px\" \/>\u00a0 \u00a0 \u00a0 \u00a0 \u00a0 \u00a0 \u00a0 \u00a0 \u00a0 \u00a0 \u00a0 \u00a0 \u00a0 \u00a0 <em>(photo collection personnelle Laurent VALERE)<\/em><br \/>\n<img loading=\"lazy\" decoding=\"async\" class=\"size-medium wp-image-138 aligncenter\" src=\"http:\/\/www2.mathnique.com\/site\/wp-content\/uploads\/2017\/02\/Cap-110-Trous-de-nez-300x225.jpg\" alt=\"\" width=\"300\" height=\"225\" srcset=\"https:\/\/www.mathnique.com\/site\/wp-content\/uploads\/2017\/02\/Cap-110-Trous-de-nez-300x225.jpg 300w, https:\/\/www.mathnique.com\/site\/wp-content\/uploads\/2017\/02\/Cap-110-Trous-de-nez-768x576.jpg 768w, https:\/\/www.mathnique.com\/site\/wp-content\/uploads\/2017\/02\/Cap-110-Trous-de-nez-1024x768.jpg 1024w, https:\/\/www.mathnique.com\/site\/wp-content\/uploads\/2017\/02\/Cap-110-Trous-de-nez-1200x900.jpg 1200w, https:\/\/www.mathnique.com\/site\/wp-content\/uploads\/2017\/02\/Cap-110-Trous-de-nez.jpg 1600w\" sizes=\"auto, (max-width: 300px) 85vw, 300px\" \/>\u00a0 \u00a0 \u00a0 \u00a0 \u00a0 \u00a0 \u00a0 \u00a0 \u00a0 \u00a0 \u00a0 \u00a0 \u00a0 \u00a0 \u00a0 <em><em>(photo collection personnelle Laurent VALERE)<\/em><\/em><img loading=\"lazy\" decoding=\"async\" class=\"size-medium wp-image-137 aligncenter\" src=\"http:\/\/www2.mathnique.com\/site\/wp-content\/uploads\/2017\/02\/Cap-110-Toussaint-sans-Flash-300x225.jpg\" alt=\"\" width=\"300\" height=\"225\" srcset=\"https:\/\/www.mathnique.com\/site\/wp-content\/uploads\/2017\/02\/Cap-110-Toussaint-sans-Flash-300x225.jpg 300w, https:\/\/www.mathnique.com\/site\/wp-content\/uploads\/2017\/02\/Cap-110-Toussaint-sans-Flash-768x576.jpg 768w, https:\/\/www.mathnique.com\/site\/wp-content\/uploads\/2017\/02\/Cap-110-Toussaint-sans-Flash-1024x768.jpg 1024w, https:\/\/www.mathnique.com\/site\/wp-content\/uploads\/2017\/02\/Cap-110-Toussaint-sans-Flash-1200x900.jpg 1200w, https:\/\/www.mathnique.com\/site\/wp-content\/uploads\/2017\/02\/Cap-110-Toussaint-sans-Flash.jpg 1600w\" sizes=\"auto, (max-width: 300px) 85vw, 300px\" \/>\u00a0 \u00a0 \u00a0 \u00a0 \u00a0 \u00a0 \u00a0 \u00a0 \u00a0 \u00a0 \u00a0 \u00a0 \u00a0 \u00a0 \u00a0 \u00a0<em>(photo collection personnelle Laurent VALERE)<\/em><em><br \/>\n<\/em><img loading=\"lazy\" decoding=\"async\" class=\"size-medium wp-image-127 aligncenter\" src=\"http:\/\/www.mathnique.com\/site\/wp-content\/uploads\/2017\/02\/CAP110C-300x225.gif\" alt=\"\" width=\"300\" height=\"225\" \/><\/p>\n<p><em>(photo groupe Kabrit Bwa)<br \/>\n<\/em><img loading=\"lazy\" decoding=\"async\" class=\"alignnone size-medium wp-image-126\" src=\"http:\/\/www.mathnique.com\/site\/wp-content\/uploads\/2017\/02\/CAP110B-300x225.gif\" alt=\"\" width=\"300\" height=\"225\" \/><br \/>\n<em>(photo groupe Kabrit Bwa)<\/em><img loading=\"lazy\" decoding=\"async\" class=\"size-medium wp-image-147 aligncenter\" src=\"http:\/\/www2.mathnique.com\/site\/wp-content\/uploads\/2017\/02\/CAP110Q-300x225.jpg\" alt=\"\" width=\"300\" height=\"225\" srcset=\"https:\/\/www.mathnique.com\/site\/wp-content\/uploads\/2017\/02\/CAP110Q-300x225.jpg 300w, https:\/\/www.mathnique.com\/site\/wp-content\/uploads\/2017\/02\/CAP110Q-768x576.jpg 768w, https:\/\/www.mathnique.com\/site\/wp-content\/uploads\/2017\/02\/CAP110Q.jpg 1024w\" sizes=\"auto, (max-width: 300px) 85vw, 300px\" \/><em>\u00a0 \u00a0 \u00a0 \u00a0 \u00a0 \u00a0 \u00a0 \u00a0 \u00a0 \u00a0 \u00a0 \u00a0 \u00a0 \u00a0 \u00a0 \u00a0 \u00a0 \u00a0 \u00a0 \u00a0 \u00a0 \u00a0 \u00a0 \u00a0 \u00a0 \u00a0 \u00a0(photo groupe Kabrit Bwa)<\/em><img loading=\"lazy\" decoding=\"async\" class=\"size-medium wp-image-146 aligncenter\" src=\"http:\/\/www2.mathnique.com\/site\/wp-content\/uploads\/2017\/02\/cap110kb1-300x225.jpg\" alt=\"\" width=\"300\" height=\"225\" srcset=\"https:\/\/www.mathnique.com\/site\/wp-content\/uploads\/2017\/02\/cap110kb1-300x225.jpg 300w, https:\/\/www.mathnique.com\/site\/wp-content\/uploads\/2017\/02\/cap110kb1-768x576.jpg 768w, https:\/\/www.mathnique.com\/site\/wp-content\/uploads\/2017\/02\/cap110kb1.jpg 1024w\" sizes=\"auto, (max-width: 300px) 85vw, 300px\" \/>\u00a0 \u00a0 \u00a0 \u00a0 \u00a0 \u00a0 \u00a0 \u00a0 \u00a0 \u00a0 \u00a0 \u00a0 \u00a0 \u00a0 \u00a0 \u00a0 \u00a0 \u00a0 \u00a0 \u00a0 \u00a0 \u00a0 \u00a0 \u00a0 \u00a0 \u00a0 \u00a0<em>(photo groupe Kabrit Bwa)<\/em><\/p>\n<p style=\"text-align: center;\"><em>\u00a0 \u00a0 \u00a0 \u00a0 \u00a0 \u00a0 \u00a0 \u00a0 \u00a0 \u00a0 \u00a0 \u00a0 \u00a0 \u00a0 \u00a0 \u00a0 \u00a0 \u00a0 \u00a0 \u00a0 \u00a0 \u00a0 \u00a0 <img loading=\"lazy\" decoding=\"async\" class=\"size-medium wp-image-125 aligncenter\" src=\"http:\/\/www.mathnique.com\/site\/wp-content\/uploads\/2017\/02\/CAP110A-300x225.gif\" alt=\"\" width=\"300\" height=\"225\" \/><br \/>\n(photo groupe Kabrit Bwa)<\/em><\/p>\n<\/li>\n<li style=\"text-align: left;\">Une des derni\u00e8res oeuvres spectaculaires de Laurent VALERE est<br \/>\n<span style=\"color: #ff0000;\"><strong>la porte Aim\u00e9 CESAIRE - Pablo NERUDA - Salvador ALLENDE<\/strong><\/span><br \/>\n<img loading=\"lazy\" decoding=\"async\" class=\"size-medium wp-image-1500 aligncenter\" src=\"http:\/\/www2.mathnique.com\/site\/wp-content\/uploads\/2017\/02\/portedillon-221x300.png\" alt=\"\" width=\"221\" height=\"300\" srcset=\"https:\/\/www.mathnique.com\/site\/wp-content\/uploads\/2017\/02\/portedillon-221x300.png 221w, https:\/\/www.mathnique.com\/site\/wp-content\/uploads\/2017\/02\/portedillon.png 402w\" sizes=\"auto, (max-width: 221px) 85vw, 221px\" \/><br \/>\nSitu\u00e9e au sommet du Morne Dillon face \u00e0 l'avenue Salvador ALLENDE cette porte g\u00e9ante de deux battants de 8 m agr\u00e9ment\u00e9s de lamelles de conques de lambi symbolise pour l'artiste l'ouverture, la tol\u00e9rance et la g\u00e9n\u00e9rosit\u00e9.<br \/>\nLa SIMAR (Soci\u00e9t\u00e9 Immobili\u00e8re de la Martinique) commanditaire de cette oeuvre rend ainsi hommage aux po\u00e8tes Aim\u00e9 CESAIRE et Pablo NERUDA, mais aussi \u00e0 l'ancien\u00a0pr\u00e9sident socialiste chilien Salvador ALLENDE tu\u00e9 au Palais pr\u00e9sidentiel de la Moneda lors du coup d\u2019Etat militaire en 1973 .<br \/>\nLa principale avenue du quartier de la Cit\u00e9 DILLON porte fi\u00e8rement son nom.<\/li>\n<\/ul>\n","protected":false},"excerpt":{"rendered":"<p>\u00a0\u00a0\u00a0\u00a0\u00a0Laurent VALERE : sa d\u00e9marche artistique Laurent VALERE n\u00e9 en 1958 exerce la profession d'agent immobilier. C'est aussi un artiste plasticien martiniquais renomm\u00e9 qui travaille toutes les formes d'arts plastiques, en particulier la peinture(qu'il tient de sa m\u00e8re qui fut peintre) et la sculpture. Depuis quelques ann\u00e9es, la probl\u00e9matique qui l'inspire est celle des h\u00e9ros &hellip; <a href=\"https:\/\/www.mathnique.com\/site\/lartiste-laurent-valere-2\/\" class=\"more-link\">Continuer la lecture<span class=\"screen-reader-text\"> de &laquo;&nbsp;L'artiste : Laurent VALERE&nbsp;&raquo;<\/span><\/a><\/p>\n","protected":false},"author":1,"featured_media":0,"parent":0,"menu_order":0,"comment_status":"closed","ping_status":"closed","template":"","meta":{"_monsterinsights_skip_tracking":false,"_monsterinsights_sitenote_active":false,"_monsterinsights_sitenote_note":"","_monsterinsights_sitenote_category":0,"footnotes":""},"class_list":["post-105","page","type-page","status-publish","hentry"],"_links":{"self":[{"href":"https:\/\/www.mathnique.com\/site\/wp-json\/wp\/v2\/pages\/105","targetHints":{"allow":["GET"]}}],"collection":[{"href":"https:\/\/www.mathnique.com\/site\/wp-json\/wp\/v2\/pages"}],"about":[{"href":"https:\/\/www.mathnique.com\/site\/wp-json\/wp\/v2\/types\/page"}],"author":[{"embeddable":true,"href":"https:\/\/www.mathnique.com\/site\/wp-json\/wp\/v2\/users\/1"}],"replies":[{"embeddable":true,"href":"https:\/\/www.mathnique.com\/site\/wp-json\/wp\/v2\/comments?post=105"}],"version-history":[{"count":20,"href":"https:\/\/www.mathnique.com\/site\/wp-json\/wp\/v2\/pages\/105\/revisions"}],"predecessor-version":[{"id":3512,"href":"https:\/\/www.mathnique.com\/site\/wp-json\/wp\/v2\/pages\/105\/revisions\/3512"}],"wp:attachment":[{"href":"https:\/\/www.mathnique.com\/site\/wp-json\/wp\/v2\/media?parent=105"}],"curies":[{"name":"wp","href":"https:\/\/api.w.org\/{rel}","templated":true}]}}