{"id":107,"date":"2017-02-01T00:17:51","date_gmt":"2017-01-31T23:17:51","guid":{"rendered":"http:\/\/www2.mathnique.com\/site\/?page_id=107"},"modified":"2023-03-27T15:49:35","modified_gmt":"2023-03-27T13:49:35","slug":"le-commanditaire-de-loeuvre","status":"publish","type":"page","link":"https:\/\/www.mathnique.com\/site\/le-commanditaire-de-loeuvre\/","title":{"rendered":"Le commanditaire de l'oeuvre"},"content":{"rendered":"<ul>\n<li>\n<img loading=\"lazy\" decoding=\"async\" class=\"size-medium wp-image-1475 aligncenter\" src=\"http:\/\/www.mathnique.com\/site\/wp-content\/uploads\/2017\/02\/queyranne-300x200.jpg\" alt=\"\" width=\"300\" height=\"200\" srcset=\"https:\/\/www.mathnique.com\/site\/wp-content\/uploads\/2017\/02\/queyranne-300x200.jpg 300w, https:\/\/www.mathnique.com\/site\/wp-content\/uploads\/2017\/02\/queyranne-768x513.jpg 768w, https:\/\/www.mathnique.com\/site\/wp-content\/uploads\/2017\/02\/queyranne-1024x683.jpg 1024w, https:\/\/www.mathnique.com\/site\/wp-content\/uploads\/2017\/02\/queyranne-1200x801.jpg 1200w, https:\/\/www.mathnique.com\/site\/wp-content\/uploads\/2017\/02\/queyranne.jpg 1371w\" sizes=\"auto, (max-width: 300px) 85vw, 300px\" \/><\/li>\n<li><strong><span style=\"color: #ff0000;\">Une interview de Mr Serge LARCHER, s\u00e9nateur-et maire honoraire du Diamant \u00a0:<br \/>\n<img loading=\"lazy\" decoding=\"async\" class=\"size-full wp-image-1482 aligncenter\" src=\"http:\/\/www.mathnique.com\/site\/wp-content\/uploads\/2017\/02\/larcherserge.jpg\" alt=\"\" width=\"155\" height=\"225\" \/><br \/>\n<\/span><\/strong><span style=\"font-family: 'Comic Sans MS'; font-size: small;\">En 1998, Mr Serge LARCHER, professeur d'Histoire_G\u00e9ographie \u00e9tait\u00a0maire de la commune du Diamant, pr\u00e9sident de l'Association des Maires de la Martinique, Premier vice-pr\u00e9sident du Conseil G\u00e9n\u00e9ral de la Martinique.<br \/>\n<\/span><span style=\"font-family: 'Comic Sans MS'; font-size: small;\">Il a accept\u00e9 volontiers de r\u00e9pondre \u00e0 nos questions :<br \/>\n<\/span><span style=\"font-size: small; color: #000000;\"><em><span style=\"font-family: 'Comic Sans MS';\"><b>Kabrit bwa : <\/b><\/span><\/em><\/span><span style=\"color: #ff0000;\"><b><span style=\"font-family: 'Comic Sans MS'; font-size: small;\"><span style=\"color: #000000;\"><em>Quelles sont les raisons de la mise en valeur du site de l'Anse CAFFARD ?<\/em><\/span><br \/>\n<span style=\"color: #000000;\"><em> Mr Serge LARCHER :<\/em><\/span><br \/>\n<\/span><\/b><\/span><em><span style=\"color: #ff0000;\"><span style=\"color: #000000; font-family: 'Comic Sans MS'; font-size: small;\">\" On constate qu'\u00e0 la Martinique, il y a tr\u00e8s peu de monuments.<br \/>\nPeut-\u00eatre que les martiniquais ont d\u00e9cid\u00e9 de ne pas faire de monuments ou de pas honorer leur h\u00e9ros d'une mani\u00e8re g\u00e9n\u00e9rale.<br \/>\n<\/span><\/span><span style=\"color: #ff0000;\"><span style=\"color: #000000; font-family: 'Comic Sans MS'; font-size: small;\">Notre souci \u00e9tait d'exhumer l'histoire de la commune car tout se passait comme si les diamantinois,d'une mani\u00e8re g\u00e9n\u00e9rale, les martiniquais avaient convenu de mettre sous le boisseau leur histoire.<br \/>\n<\/span><\/span><span style=\"color: #000000; font-family: 'Comic Sans MS'; font-size: small;\">Par exemple, personne ne sait exactement ce qui s'est pass\u00e9 au Gaoul\u00e9 sur l'habitation O'Mullane le avril 1717 ou encore plus r\u00e9cemment ce qui s'est pass\u00e9 au bourg du Diamant le dimanche 25 mai 1925 (L'affaire Coppens ou la \" Guerre du Diamant\" : 10 morts et des bless\u00e9s). <\/span><span style=\"color: #000000; font-family: 'Comic Sans MS'; font-size: small;\">Finalement, ce que nous avons voulu faire, c'est dire qu'il s'\u00e9tait pass\u00e9 des choses importantes sur le territoire de la commune donc il convenait d'interpeller les diamantinois et plus g\u00e9n\u00e9ralement les martiniquais car ce qui s'est pass\u00e9 au Diamant concerne aussi la population de la Martinique et plus largement les populations de la Cara\u00efbe.<br \/>\n<\/span><span style=\"font-family: 'Comic Sans MS'; font-size: small;\">Je ne savais pas qu'il s'\u00e9tait pass\u00e9 quelque chose au diamant en avril 1830. On s'est arrang\u00e9 pour ne pas en parler pendant des ann\u00e9es. Comment m'est parvenue l'histoire du naufrage du navire n\u00e9grier ?<br \/>\nPar le p\u00e8re David, cur\u00e9 de la paroisse qui m'en a parl\u00e9 , \u00e0 propos d'une pol\u00e9mique entre lui et l'historien Armand Nicolas sur l'affaire du bateau l'Am\u00e9lie.<br \/>\nA partir de ce moment-l\u00e0, j'en ai parl\u00e9 au conseil municipal pour que cette histoire ne soit pas oubli\u00e9e une deuxi\u00e8me fois. j'ai du me reprendre \u00e0 fois au Conseil municipal pour persuader mes coll\u00e8gues . Car il yavait parmi eux une tendance qui pensait que cette histoire appartenait au pass\u00e9 et qu'il fallait l'oublier\"<\/span><\/em><\/li>\n<li><\/li>\n<\/ul>\n","protected":false},"excerpt":{"rendered":"<p>Une interview de Mr Serge LARCHER, s\u00e9nateur-et maire honoraire du Diamant \u00a0: En 1998, Mr Serge LARCHER, professeur d'Histoire_G\u00e9ographie \u00e9tait\u00a0maire de la commune du Diamant, pr\u00e9sident de l'Association des Maires de la Martinique, Premier vice-pr\u00e9sident du Conseil G\u00e9n\u00e9ral de la Martinique. Il a accept\u00e9 volontiers de r\u00e9pondre \u00e0 nos questions : Kabrit bwa : Quelles &hellip; <a href=\"https:\/\/www.mathnique.com\/site\/le-commanditaire-de-loeuvre\/\" class=\"more-link\">Continuer la lecture<span class=\"screen-reader-text\"> de &laquo;&nbsp;Le commanditaire de l'oeuvre&nbsp;&raquo;<\/span><\/a><\/p>\n","protected":false},"author":1,"featured_media":0,"parent":0,"menu_order":0,"comment_status":"closed","ping_status":"closed","template":"","meta":{"_monsterinsights_skip_tracking":false,"_monsterinsights_sitenote_active":false,"_monsterinsights_sitenote_note":"","_monsterinsights_sitenote_category":0,"footnotes":""},"class_list":["post-107","page","type-page","status-publish","hentry"],"_links":{"self":[{"href":"https:\/\/www.mathnique.com\/site\/wp-json\/wp\/v2\/pages\/107","targetHints":{"allow":["GET"]}}],"collection":[{"href":"https:\/\/www.mathnique.com\/site\/wp-json\/wp\/v2\/pages"}],"about":[{"href":"https:\/\/www.mathnique.com\/site\/wp-json\/wp\/v2\/types\/page"}],"author":[{"embeddable":true,"href":"https:\/\/www.mathnique.com\/site\/wp-json\/wp\/v2\/users\/1"}],"replies":[{"embeddable":true,"href":"https:\/\/www.mathnique.com\/site\/wp-json\/wp\/v2\/comments?post=107"}],"version-history":[{"count":8,"href":"https:\/\/www.mathnique.com\/site\/wp-json\/wp\/v2\/pages\/107\/revisions"}],"predecessor-version":[{"id":3505,"href":"https:\/\/www.mathnique.com\/site\/wp-json\/wp\/v2\/pages\/107\/revisions\/3505"}],"wp:attachment":[{"href":"https:\/\/www.mathnique.com\/site\/wp-json\/wp\/v2\/media?parent=107"}],"curies":[{"name":"wp","href":"https:\/\/api.w.org\/{rel}","templated":true}]}}