{"id":1110,"date":"2017-04-02T23:15:57","date_gmt":"2017-04-02T21:15:57","guid":{"rendered":"http:\/\/www2.mathnique.com\/site\/?page_id=1110"},"modified":"2025-12-12T16:42:16","modified_gmt":"2025-12-12T15:42:16","slug":"histoire-algebre","status":"publish","type":"page","link":"https:\/\/www.mathnique.com\/site\/histoire-algebre\/","title":{"rendered":"D\u00e9buts de l'Alg\u00e8bre(al-jabr)"},"content":{"rendered":"<p style=\"text-align: center;\"><img loading=\"lazy\" decoding=\"async\" class=\"alignnone size-medium wp-image-1640\" src=\"http:\/\/www.mathnique.com\/site\/wp-content\/uploads\/2017\/02\/alkuwarismi-216x300.png\" alt=\"\" width=\"216\" height=\"300\" srcset=\"https:\/\/www.mathnique.com\/site\/wp-content\/uploads\/2017\/02\/alkuwarismi-216x300.png 216w, https:\/\/www.mathnique.com\/site\/wp-content\/uploads\/2017\/02\/alkuwarismi.png 278w\" sizes=\"auto, (max-width: 216px) 85vw, 216px\" \/><\/p>\n<p style=\"text-align: center;\"><em>Muhammad Ibn Musa Al-Khwarismi(780 Khiva-850 Bagdad))<\/em><\/p>\n<ul>\n<li style=\"list-style-type: none;\">\n<ul>\n<li style=\"text-align: left;\">Bagdad, l'actuelle capitale de l'Irak, \u00e9tait dans les ann\u00e9es 700-800 le centre du monde scientifique.<br \/>En 830 y est \u00e9crit le premier livre d'alg\u00e8bre (<em>al-jabr<\/em>) de toute l'histoire de l'humanit\u00e9 : <em>Hisab al-jabr w'al-muqabal\u00e2h (Abr\u00e9g\u00e9 du calcul par la restauration et la comparaison)<\/em>\u00a0par le math\u00e9maticien AL-KHAWARISMI,\u00a0math\u00e9maticien perse membre de la maison de la Sagesse de Bagdad.<br \/><img loading=\"lazy\" decoding=\"async\" class=\"size-medium wp-image-1116 aligncenter\" src=\"http:\/\/www2.mathnique.com\/site\/wp-content\/uploads\/2017\/04\/algebre-159x300.png\" alt=\"\" width=\"159\" height=\"300\" srcset=\"https:\/\/www.mathnique.com\/site\/wp-content\/uploads\/2017\/04\/algebre-159x300.png 159w, https:\/\/www.mathnique.com\/site\/wp-content\/uploads\/2017\/04\/algebre.png 185w\" sizes=\"auto, (max-width: 159px) 85vw, 159px\" \/><br \/>Ses \u00e9crits, r\u00e9dig\u00e9s en langue arabe , puis traduits en latin \u00e0 partir du XII-\u00e8me\u00a0si\u00e8cle, ont permis l'introduction de l'alg\u00e8bre en Europe. \u00a0Sa vie s'est d\u00e9roul\u00e9e en totalit\u00e9 \u00e0 l'\u00e9poque de la dynastie abbasside.<br \/>Son nom est \u00e0 l\u2019origine du mot<strong> algorithme<\/strong> (\u00a0son nom a \u00e9t\u00e9\u00a0latinis\u00e9\u00a0en <i>Algoritmi<\/i><sup id=\"cite_ref-Britannica_5-1\" class=\"reference\"><\/sup>) et le titre de l'un de ses ouvrages \u00a0\u00e0 l'origine du mot <strong>alg\u00e8bre<\/strong>\u00a0. L'utilisation des chiffres arabes\u00a0et leur diffusion dans le Moyen orient et en Europe\u00a0 sont dues \u00e0 un autre de ses livres nomm\u00e9 <em>trait\u00e9 du syst\u00e8me de num\u00e9ration des Indiens\u00a0<\/em> qui fut diffus\u00e9 via la langue arabe dans tout l'empire abbasside.\n<p style=\"text-align: center;\"><img loading=\"lazy\" decoding=\"async\" class=\"size-medium wp-image-1119 aligncenter\" src=\"http:\/\/www2.mathnique.com\/site\/wp-content\/uploads\/2017\/04\/hamid1-133x300.png\" alt=\"\" width=\"133\" height=\"300\" srcset=\"https:\/\/www.mathnique.com\/site\/wp-content\/uploads\/2017\/04\/hamid1-133x300.png 133w, https:\/\/www.mathnique.com\/site\/wp-content\/uploads\/2017\/04\/hamid1-453x1024.png 453w, https:\/\/www.mathnique.com\/site\/wp-content\/uploads\/2017\/04\/hamid1.png 660w\" sizes=\"auto, (max-width: 133px) 85vw, 133px\" \/><em>\u00a0Les chiffres arabes<br \/>Tableau de Hamid artiste\u00a0<\/em><i>martiniquais d'origine marocaine.<\/i><br \/><em>Collection personnelle Christian CYRILLE<\/em><\/p>\n<\/li>\n<\/ul>\n<\/li>\n<\/ul>\n<ul>\n<li style=\"list-style-type: none;\">\n<ul>\n<li style=\"text-align: left;\">AL-KHAWARISMI a classifi\u00e9 les algorithmes existants, en particulier selon leurs crit\u00e8res de terminaison, mais ne revendique pas leur invention\u00a0: l'algorithme le plus connu du monde est celui d' Euclide, au programme d'enseignement de tous les pays, et les premiers algorithmes connus le furent sans surprise dans un pays devant g\u00e9rer des calculs \u00e9labor\u00e9s de l'imp\u00f4t\u00a0: \u00e0 Babylone.<\/li>\n<\/ul>\n<\/li>\n<\/ul>\n<ul>\n<li style=\"list-style-type: none;\">\n<ul>\n<li style=\"text-align: left;\"><strong><span style=\"color: #ff0000;\">Equations du premier et du second degr\u00e9 :<\/span><\/strong><br \/>AL-KHAWARISMI montre comment r\u00e9soudre les \u00e9quations du premier et du second degr\u00e9 puis il applique ces techniques \u00e0 la r\u00e9solution de probl\u00e8mes tr\u00e8s courants dans la vie quotidienne de l'\u00e9poque en particulier les probl\u00e8mes d'h\u00e9ritage et de succession.<br \/>Pas de symbolisme mais il distingue 3 sortes de nombres : les nombres simples, l'inconnue qu'il appelle la chose (<em>say<\/em>) , le carr\u00e9 de l'inconnue (<em>mal<\/em>). A cett \u00e9poque, tous les coefficients sont positifs et tous les termes doivent appara\u00eetre avec additivement. De ce fait on se ram\u00e8ne \u00e0 6 types canoniques :\n<ul>\n<li style=\"list-style-type: none;\">\n<ul>\n<li style=\"text-align: left;\">$ax^2 = bx$<\/li>\n<\/ul>\n<\/li>\n<\/ul>\n<ul>\n<li style=\"list-style-type: none;\">\n<ul>\n<li style=\"text-align: left;\">$ax^2 = c$<\/li>\n<\/ul>\n<\/li>\n<\/ul>\n<ul>\n<li style=\"list-style-type: none;\">\n<ul>\n<li style=\"text-align: left;\">$bx = c$<\/li>\n<\/ul>\n<\/li>\n<\/ul>\n<ul>\n<li style=\"list-style-type: none;\">\n<ul>\n<li style=\"text-align: left;\">$ax^2 + bx = c$<\/li>\n<\/ul>\n<\/li>\n<\/ul>\n<ul>\n<li style=\"list-style-type: none;\">\n<ul>\n<li style=\"text-align: left;\">$ax^2 + c = bx$<\/li>\n<\/ul>\n<\/li>\n<\/ul>\n<ul>\n<li style=\"text-align: left;\">$bx + c = ax^2$<br \/><em>al-jahr<\/em> signifie restauration, r\u00e9union de ce qui a \u00e9t\u00e9 cass\u00e9 et correspond au passage d'un terme n\u00e9gatif dans l'autre membre de l'\u00e9quation<br \/><em>al-muqabalah<\/em> est la r\u00e9duction de termes semblables<br \/>$2x^2 - 13x + 8 =x^2 + 3$<br \/>$2x^2 + 8 = x^2 + 13 x + 3$ (<em>al-jahr)<br \/>$x^2 + 5 = 13 x $ (al-muqabalah)<\/em><\/li>\n<\/ul>\n<\/li>\n<\/ul>\n<\/li>\n<\/ul>\n<ul>\n<li style=\"list-style-type: none;\">\n<ul>\n<li style=\"text-align: left;\"><strong><span style=\"color: #ff0000;\">Un exemple de r\u00e9solution de\u00a0$x^2 + bx = c$ o\u00f9 $b &gt; 0$ et $c &gt; 0$<\/span><\/strong><br \/>A cette \u00e9poque, \u00e0 Bagdad, les nombres n\u00e9gatifs \u00e9taient inconnus. AL-KHAWARISMI\u00a0utilise un algorithme \u00e0 support g\u00e9om\u00e9trique pour d\u00e9terminer la solution positive des \u00e9quations du second degr\u00e9 lorsqu'elle se pr\u00e9sentent sous la forme $x^2 + bx = c$ o\u00f9 $b &gt; 0$ et $c &gt; 0$<br \/><em>Par exemple, pour r\u00e9soudre l'\u00e9quation<\/em>\u00a0$x^2 + 10 x =39$<br \/>Il propose de tracer un carr\u00e9 de c\u00f4t\u00e9 $x$ et de compl\u00e9ter par deux rectangles de dimensions $x$ et la moiti\u00e9 de $10$ (c'est-\u00e0-dire $5$) pour obtenir un grand carr\u00e9}<br \/><img loading=\"lazy\" decoding=\"async\" class=\"size-medium wp-image-917 aligncenter\" src=\"http:\/\/www2.mathnique.com\/site\/wp-content\/uploads\/2017\/02\/alkhurawizmi-300x255.png\" alt=\"\" width=\"300\" height=\"255\" srcset=\"https:\/\/www.mathnique.com\/site\/wp-content\/uploads\/2017\/02\/alkhurawizmi-300x255.png 300w, https:\/\/www.mathnique.com\/site\/wp-content\/uploads\/2017\/02\/alkhurawizmi.png 350w\" sizes=\"auto, (max-width: 300px) 85vw, 300px\" \/><br \/>Ce grand carr\u00e9 a pour aire $(x^2 + 10x ) + 5^2$ c'est-\u00e0-dire $39 + 25$ soit $64$.<br \/>Donc il a pour c\u00f4t\u00e9 $8$ .<br \/>Il suffit alors de lui retirer $5$ pour obtenir le c\u00f4t\u00e9 $x$ cherch\u00e9 : $x = 3$.<\/li>\n<\/ul>\n<\/li>\n<\/ul>\n<ul>\n<li style=\"list-style-type: none;\">\n<ul>\n<li style=\"text-align: left;\"><strong><span style=\"color: #ff0000;\">Cours personnel\u00a0sur les bin\u00f4mes et les trin\u00f4mes :<\/span><\/strong><br \/><a href=\"http:\/\/www.mathnique.com\/site\/wp-content\/uploads\/2025\/12\/ch04Biettrinomes.pdf\">ch04Biettrinomes<\/a><\/li>\n<\/ul>\n<\/li>\n<\/ul>\n<ul>\n<li style=\"list-style-type: none;\">\n<ul>\n<li style=\"text-align: left;\"><span style=\"color: #ff0000;\"><strong>Demeure le probl\u00e8me de degr\u00e9 3 :<\/strong><\/span><br \/>Il tire son origine d'un certain nombre de probl\u00e8mes tr\u00e8s c\u00e9l\u00e8bres \u00e9nonc\u00e9s dans les math\u00e9matiques grecques comme :\n<ul>\n<li style=\"list-style-type: none;\">\n<ul>\n<li style=\"text-align: left;\">la duplication du cube :<br \/>Peut-on trouver un cube de c\u00f4t\u00e9 $x$ dont le volume soit le double d'un cube donn\u00e9 de c\u00f4t\u00e9 $a$ cela revient \u00e0\u00a0r\u00e9soudre l'\u00e9quation $x^2 =2a^3$<\/li>\n<\/ul>\n<\/li>\n<\/ul>\n<ul>\n<li style=\"list-style-type: none;\">\n<ul>\n<li style=\"text-align: left;\">la trisection d'un angle :<br \/>Comment partager un angle en 3 parties \u00e9gales ?<br \/>On cherche donc $\\theta$ tel que $3\\theta =\\alpha \\iff\u00a0sin(3\\theta) = sin(\\alpha) \\iff 3 sin(\\theta)-4sin^3(\\theta) = sin(\\alpha) \\iff -4x^3 +\u00a03x \u00a0= sin(\\alpha)$ avec $x = \\sin(\\theta)$<\/li>\n<\/ul>\n<\/li>\n<\/ul>\n<ul>\n<li style=\"text-align: left;\">la construction de polyg\u00f4nes r\u00e9guliers<\/li>\n<\/ul>\n<\/li>\n<\/ul>\n<\/li>\n<\/ul>\n<ul>\n<li style=\"list-style-type: none;\">\n<ul>\n<li style=\"text-align: center;\"><img loading=\"lazy\" decoding=\"async\" class=\"wp-image-675 aligncenter\" src=\"http:\/\/www2.mathnique.com\/site\/wp-content\/uploads\/2017\/03\/galois-236x300.png\" alt=\"\" width=\"127\" height=\"161\" srcset=\"https:\/\/www.mathnique.com\/site\/wp-content\/uploads\/2017\/03\/galois-236x300.png 236w, https:\/\/www.mathnique.com\/site\/wp-content\/uploads\/2017\/03\/galois.png 290w\" sizes=\"auto, (max-width: 127px) 85vw, 127px\" \/><em>Evariste Galois<\/em><\/li>\n<\/ul>\n<\/li>\n<\/ul>\n<ul>\n<li style=\"list-style-type: none;\">\n<ul>\n<li style=\"text-align: left;\">Les travaux d'EVARISTE GALOIS\u00a0donnent \u00e9galement la r\u00e9ponse \u00e0 deux de ces trois c\u00e9l\u00e8bres probl\u00e8mes pos\u00e9s par les Grecs : Galois d\u00e9montre qu\u2019en utilisant seulement un compas et une r\u00e8gle, il est impossible de partager un angle quelconque en trois parties \u00e9gales et de construire un cube dont le volume est le double du volume d\u2019un cube donn\u00e9.<\/li>\n<\/ul>\n<\/li>\n<\/ul>\n<ul>\n<li style=\"list-style-type: none;\">\n<ul>\n<li style=\"text-align: left;\">OMAR KHAYYAM est un savant, po\u00e8te(auteur de c\u00e9l\u00e8bres quatrains Les Rubayat), astronome, math\u00e9maticien n\u00e9 vers 1402 dans l'actuel Iran mort vers 1122.<br \/>Il a entre autres \u00e9crit un trait\u00e9 d'alg\u00e8bre o\u00f9 sont \u00e9tudi\u00e9es et class\u00e9es les \u00e9quations de degr\u00e9 3 et o\u00f9 est propos\u00e9 un proc\u00e9d\u00e9 de r\u00e9solution g\u00e9om\u00e9trique par intersection de coniques.<br \/>Par exemple, la r\u00e9solution de l'\u00e9quation $x^3 + ax = b$ le conduit \u00e0 \u00e9tudier l'intersection de la parabole d'\u00e9quation $y =\\frac{x^2}{\\sqrt{a}}$ et le cercle de diam\u00e8tre $[OA]$ o\u00f9 $O(0;0)$ et $A(0;\\frac{b}{a})$<br \/>Mais il ne parvient pas \u00e0 trouver un proc\u00e9d\u00e9 g\u00e9n\u00e9ral de r\u00e9solution comme il le d\u00e9plore dans lapr\u00e9face de son trait\u00e9 :<br \/><em>\"Mais, \u00e0 la d\u00e9monstration de ces esp\u00e8ces, si l'objet du probl\u00e8me est un nombre absolu, ni moi, ni aucun homme des hommes de cet art, ne sommes parvenus(peut-\u00eatre d'autres qui nous succ\u00e9deront pourront-ils le faire) que pour les trois premiers degr\u00e9s qui sont le nombre, la chose et le carr\u00e9.\"<\/em><\/li>\n<\/ul>\n<\/li>\n<\/ul>\n<ul>\n<li style=\"list-style-type: none;\">\n<ul>\n<li><strong>Le calcul alg\u00e9brique passe du monde arabe \u00e0 l'Italie gr\u00e2ce \u00e0 L\u00e9onard de PISE alias FIBONACCI<\/strong>,(1175-1250) auteur du fameux trait\u00e9 <em>Liber Abaci (Livre des calculs<\/em>\u00a01202)<br \/><img loading=\"lazy\" decoding=\"async\" class=\" wp-image-1635 aligncenter\" src=\"http:\/\/www.mathnique.com\/site\/wp-content\/uploads\/2017\/02\/fibonacci-249x300.png\" alt=\"\" width=\"143\" height=\"172\" srcset=\"https:\/\/www.mathnique.com\/site\/wp-content\/uploads\/2017\/02\/fibonacci-249x300.png 249w, https:\/\/www.mathnique.com\/site\/wp-content\/uploads\/2017\/02\/fibonacci.png 262w\" sizes=\"auto, (max-width: 143px) 85vw, 143px\" \/><\/li>\n<li style=\"text-align: left;\">Le degr\u00e9 3 se r\u00e9sout \u00e0 la Renaissance avec CARDAN(<em>Ars Magna<\/em>\u00a01545). l'histoire est complexe et fait intervenir aussi<\/li>\n<\/ul>\n<\/li>\n<\/ul>\n<ul>\n<li style=\"list-style-type: none;\">\n<ul>\n<li style=\"text-align: center;\">SCIPIO DEL FERRO<br \/><img loading=\"lazy\" decoding=\"async\" class=\"alignnone size-full wp-image-1149\" src=\"http:\/\/www.mathnique.com\/site\/wp-content\/uploads\/2017\/04\/ScipionedelFerro.png\" alt=\"\" width=\"120\" height=\"120\" \/><br \/>Nicolo Fontana TARTAGLIA<br \/><img loading=\"lazy\" decoding=\"async\" class=\"alignnone size-full wp-image-1148\" src=\"http:\/\/www.mathnique.com\/site\/wp-content\/uploads\/2017\/04\/nicoloFontanatartaglia.png\" alt=\"\" width=\"121\" height=\"120\" \/><br \/>et Girolamo CARDANO<br \/><img loading=\"lazy\" decoding=\"async\" class=\"alignnone size-full wp-image-1147\" src=\"http:\/\/www.mathnique.com\/site\/wp-content\/uploads\/2017\/04\/girolamocardano.png\" alt=\"\" width=\"118\" height=\"188\" \/><\/li>\n<\/ul>\n<\/li>\n<\/ul>\n<ul>\n<li style=\"text-align: left;\">On\u00a0sait que $(u + v)^3 = 3uv(u + v) + u^3 + v^3$ ce qui s'\u00e9crit en posant $x = u + v$ donc<br \/>$x^3 = 3uvx + u^3 + v^3$<br \/>Pour r\u00e9soudre par exemple $x^3 =6x +9$ on rapproche es deux \u00e9critures obtenus : $x^3 = 3uvx +u^3 +v\u00a83$ et $x^3 =6X + 9$ ce qui conduit \u00e0 poser $3uv = 6$ et $u^3 + v\u00a83 = \u00e7$<br \/>D'o\u00f9 $u^3v^3 =8$ et $u^3 + v^3 = 9$. On est finalement ramen\u00e9 \u00e0 une \u00e9quation du second degr\u00e9 $X^2 -9X + 8 =$ qui amour solutions $X =1$ et $X = 8$ donc $u =2 ; v = 1; x = 3$<br \/>Cette m\u00e9thode appliqu\u00e9e au cas g\u00e9n\u00e9ral donne les c\u00e9l\u00e8bres formules de CARDAN<\/li>\n<\/ul>\n<ul>\n<li style=\"list-style-type: none;\">\n<ul>\n<li style=\"text-align: left;\">\u00a0Sujet sur la r\u00e9solution par Cardan de $ax^3 + bx^2 + cx + d = 0 :<br \/><a href=\"http:\/\/www.mathnique.com\/site\/wp-content\/uploads\/2025\/12\/cardancor.pdf\">cardancor<\/a><\/li>\n<\/ul>\n<\/li>\n<\/ul>\n<ul>\n<li style=\"list-style-type: none;\">\n<ul>\n<li style=\"text-align: left;\">\u00a0<\/li>\n<\/ul>\n<\/li>\n<\/ul>\n<ul>\n<li style=\"list-style-type: none;\">\n<ul>\n<li style=\"text-align: left;\"><em>Po<\/em>ur r\u00e9soudre $x^3 = 15x + 4$ en appliquant les formules de CARDAN ou en reprenant la r\u00e8gle pr\u00e9c\u00e9dente, on tombe sur $\\sqrt[3]{2+\\sqrt{-121}}+ \\sqrt[3]{2-\\sqrt{-121}} $ alors que $4$ est une solution \u00e9vidente. CARDAN a a pel\u00e9 sophistiqu\u00e9e ces racines carr\u00e9es de nombres n\u00e9gatifs et qualifia ce r\u00e9sultat \"d'aussi subtil qu'inutile\".<br \/>C'est Rapha\u00ebl BOMBELLI en 1572 dans son alg\u00e8bre qui franchit le pas et accepte de travailler avec ces nombres complexes.<br \/><img loading=\"lazy\" decoding=\"async\" class=\"size-full wp-image-1153 aligncenter\" src=\"http:\/\/www.mathnique.com\/site\/wp-content\/uploads\/2017\/04\/raphaelbombelli.png\" alt=\"\" width=\"118\" height=\"118\" \/>Raphael BOMBELLI montre que<br \/>$(2 + \\sqrt{-1})^3 = 2 + 11\\sqrt{-1} = 2\u00a0+ \\sqrt{-121}$ et que<br \/>$(2 -\u00a0\\sqrt{-1})^3 = 2 -\u00a011\\sqrt{-1} =\u00a02 -\u00a0\\sqrt{-121}$ et retrouve le $4$ attendu.<br \/>Il a fallu attendre le d\u00e9but du $19$\u00e8me si\u00e8cle pour que non seulement les nombres complexes mais aussi les nombres n\u00e9gatifs soient devenus des nombres \u00a0part enti\u00e8re.<\/li>\n<\/ul>\n<\/li>\n<\/ul>\n<ul>\n<li style=\"list-style-type: none;\">\n<ul>\n<li style=\"text-align: left;\">Le degr\u00e9\u00a0\u00a04 \u00a0est r\u00e9solu par un \u00e9l\u00e8ve de CARDAN : Ludovico FERRARI<br \/>.<img loading=\"lazy\" decoding=\"async\" class=\"size-full wp-image-1154 aligncenter\" src=\"http:\/\/www.mathnique.com\/site\/wp-content\/uploads\/2017\/04\/Ludovicoferrari.png\" alt=\"\" width=\"119\" height=\"120\" \/><\/li>\n<\/ul>\n<\/li>\n<\/ul>\n<ul>\n<li style=\"text-align: left;\"><em>(Sources : Wikipedia , un article d'un auteur inconnu, recherches personnelles)<\/em><\/li>\n<\/ul>\n\n\n<p><\/p>\n","protected":false},"excerpt":{"rendered":"<p>Muhammad Ibn Musa Al-Khwarismi(780 Khiva-850 Bagdad)) Bagdad, l'actuelle capitale de l'Irak, \u00e9tait dans les ann\u00e9es 700-800 le centre du monde scientifique.En 830 y est \u00e9crit le premier livre d'alg\u00e8bre (al-jabr) de toute l'histoire de l'humanit\u00e9 : Hisab al-jabr w'al-muqabal\u00e2h (Abr\u00e9g\u00e9 du calcul par la restauration et la comparaison)\u00a0par le math\u00e9maticien AL-KHAWARISMI,\u00a0math\u00e9maticien perse membre de la &hellip; <a href=\"https:\/\/www.mathnique.com\/site\/histoire-algebre\/\" class=\"more-link\">Continuer la lecture<span class=\"screen-reader-text\"> de &laquo;&nbsp;D\u00e9buts de l'Alg\u00e8bre(al-jabr)&nbsp;&raquo;<\/span><\/a><\/p>\n","protected":false},"author":1,"featured_media":0,"parent":0,"menu_order":0,"comment_status":"closed","ping_status":"closed","template":"","meta":{"_monsterinsights_skip_tracking":false,"_monsterinsights_sitenote_active":false,"_monsterinsights_sitenote_note":"","_monsterinsights_sitenote_category":0,"footnotes":""},"class_list":["post-1110","page","type-page","status-publish","hentry"],"_links":{"self":[{"href":"https:\/\/www.mathnique.com\/site\/wp-json\/wp\/v2\/pages\/1110","targetHints":{"allow":["GET"]}}],"collection":[{"href":"https:\/\/www.mathnique.com\/site\/wp-json\/wp\/v2\/pages"}],"about":[{"href":"https:\/\/www.mathnique.com\/site\/wp-json\/wp\/v2\/types\/page"}],"author":[{"embeddable":true,"href":"https:\/\/www.mathnique.com\/site\/wp-json\/wp\/v2\/users\/1"}],"replies":[{"embeddable":true,"href":"https:\/\/www.mathnique.com\/site\/wp-json\/wp\/v2\/comments?post=1110"}],"version-history":[{"count":29,"href":"https:\/\/www.mathnique.com\/site\/wp-json\/wp\/v2\/pages\/1110\/revisions"}],"predecessor-version":[{"id":3577,"href":"https:\/\/www.mathnique.com\/site\/wp-json\/wp\/v2\/pages\/1110\/revisions\/3577"}],"wp:attachment":[{"href":"https:\/\/www.mathnique.com\/site\/wp-json\/wp\/v2\/media?parent=1110"}],"curies":[{"name":"wp","href":"https:\/\/api.w.org\/{rel}","templated":true}]}}