{"id":1205,"date":"2017-04-14T00:03:37","date_gmt":"2017-04-13T22:03:37","guid":{"rendered":"http:\/\/www2.mathnique.com\/site\/?page_id=1205"},"modified":"2023-03-27T17:23:07","modified_gmt":"2023-03-27T15:23:07","slug":"sujets-agregation","status":"publish","type":"page","link":"https:\/\/www.mathnique.com\/site\/sujets-agregation\/","title":{"rendered":"Sujets Agr\u00e9gation"},"content":{"rendered":"<p><img loading=\"lazy\" decoding=\"async\" class=\"size-full wp-image-366 aligncenter\" src=\"http:\/\/www.mathnique.com\/site\/wp-content\/uploads\/2017\/02\/oldprof.gif\" alt=\"\" width=\"95\" height=\"90\" \/><\/p>\n<ul>\n<li><span style=\"color: #ff0000;\"><strong>Pour vous entrainer, vous trouverez des sujets et des corrig\u00e9s sur les sites suivants (liste non exhaustive) :<\/strong><\/span>\n<ul>\n<li>Site officiel de l'agr\u00e9gation externe : archives de 2003 \u00e0 2017 \u00a0sur\u00a0<a href=\"https:\/\/agreg.org\/\">https:\/\/agreg.org\/<\/a><\/li>\n<li>Site officiel de l'agr\u00e9gation interne : archives de 2001 \u00e0 2015 sur <a href=\"https:\/\/interne.agreg.org\/\">https:\/\/interne.agreg.org\/ <\/a><\/li>\n<li>Site des professeurs de sp\u00e9ciales :\u00a0<a href=\"https:\/\/concours-maths-cpge.fr\/\">https:\/\/concours-maths-cpge.fr\/<\/a><\/li>\n<li>Site de l'universitaire de Guadeloupe Dany-Jack Mercier :<a href=\"http:\/\/megamaths.1free-host.com\/\"> http:\/\/megamaths.1free-host.com\/<\/a><br \/>\narchives agr\u00e9gation externe de 1958 \u00e0 2014 , archives agr\u00e9gation interne de 1989 \u00e0 2017<br \/>\nLes ouvrages et les conseils de Mr Mercier\u00a0peuvent vous aider \u00e9norm\u00e9ment<\/li>\n<li><\/li>\n<\/ul>\n<\/li>\n<li><span style=\"color: #ff0000;\"><strong>Quelques sujets classiques \u00e0 ma\u00eetriser :<\/strong><\/span>\n<ul>\n<li><span style=\"color: #008000;\"><strong>Alg\u00e8bre :<\/strong><\/span>\n<ul>\n<li>Polyn\u00f4mes majoration valeurs absolues racines\n<ul>\n<li>Capes externe 09 Epreuve 2<\/li>\n<\/ul>\n<\/li>\n<li>Nombres premiers :\n<ul>\n<li>Capes externe 08 Epreuve 2<\/li>\n<\/ul>\n<\/li>\n<\/ul>\n<\/li>\n<li><span style=\"color: #008000;\"><strong>Analyse<\/strong> :<\/span>\n<ul>\n<li>Constante d'Euler $\\gamma$ :\n<ul>\n<li>Capes externe 10 Epreuve 1<\/li>\n<\/ul>\n<\/li>\n<li>Fonctions Eul\u00e9riennes $\\Gamma$ et $\\beta$ :\u00a0:\n<ul>\n<li>Capes externe 08 Epreuve 1<\/li>\n<\/ul>\n<\/li>\n<li>Stirling, Polyn\u00f4mes Bernoulli, Wallis :\n<ul>\n<li>Capes externe 09 Epreuve 1<\/li>\n<\/ul>\n<\/li>\n<\/ul>\n<\/li>\n<\/ul>\n<\/li>\n<\/ul>\n","protected":false},"excerpt":{"rendered":"<p>Pour vous entrainer, vous trouverez des sujets et des corrig\u00e9s sur les sites suivants (liste non exhaustive) : Site officiel de l'agr\u00e9gation externe : archives de 2003 \u00e0 2017 \u00a0sur\u00a0https:\/\/agreg.org\/ Site officiel de l'agr\u00e9gation interne : archives de 2001 \u00e0 2015 sur https:\/\/interne.agreg.org\/ Site des professeurs de sp\u00e9ciales :\u00a0https:\/\/concours-maths-cpge.fr\/ Site de l'universitaire de Guadeloupe Dany-Jack &hellip; <a href=\"https:\/\/www.mathnique.com\/site\/sujets-agregation\/\" class=\"more-link\">Continuer la lecture<span class=\"screen-reader-text\"> de &laquo;&nbsp;Sujets Agr\u00e9gation&nbsp;&raquo;<\/span><\/a><\/p>\n","protected":false},"author":1,"featured_media":0,"parent":0,"menu_order":0,"comment_status":"closed","ping_status":"closed","template":"","meta":{"_monsterinsights_skip_tracking":false,"_monsterinsights_sitenote_active":false,"_monsterinsights_sitenote_note":"","_monsterinsights_sitenote_category":0,"footnotes":""},"class_list":["post-1205","page","type-page","status-publish","hentry"],"_links":{"self":[{"href":"https:\/\/www.mathnique.com\/site\/wp-json\/wp\/v2\/pages\/1205","targetHints":{"allow":["GET"]}}],"collection":[{"href":"https:\/\/www.mathnique.com\/site\/wp-json\/wp\/v2\/pages"}],"about":[{"href":"https:\/\/www.mathnique.com\/site\/wp-json\/wp\/v2\/types\/page"}],"author":[{"embeddable":true,"href":"https:\/\/www.mathnique.com\/site\/wp-json\/wp\/v2\/users\/1"}],"replies":[{"embeddable":true,"href":"https:\/\/www.mathnique.com\/site\/wp-json\/wp\/v2\/comments?post=1205"}],"version-history":[{"count":13,"href":"https:\/\/www.mathnique.com\/site\/wp-json\/wp\/v2\/pages\/1205\/revisions"}],"predecessor-version":[{"id":3555,"href":"https:\/\/www.mathnique.com\/site\/wp-json\/wp\/v2\/pages\/1205\/revisions\/3555"}],"wp:attachment":[{"href":"https:\/\/www.mathnique.com\/site\/wp-json\/wp\/v2\/media?parent=1205"}],"curies":[{"name":"wp","href":"https:\/\/api.w.org\/{rel}","templated":true}]}}