{"id":1236,"date":"2017-04-14T21:52:58","date_gmt":"2017-04-14T19:52:58","guid":{"rendered":"http:\/\/www2.mathnique.com\/site\/?page_id=1236"},"modified":"2017-04-26T11:54:56","modified_gmt":"2017-04-26T09:54:56","slug":"la-fonction-inverse","status":"publish","type":"page","link":"https:\/\/www.mathnique.com\/site\/la-fonction-inverse\/","title":{"rendered":"La fonction inverse"},"content":{"rendered":"<p><span style=\"color: #ff0000;\"><b>Activit\u00e9 1<\/b><\/span><\/p>\n<p>Soit un rep\u00e8re orthonorm\u00e9 de centre $O$.<\/p>\n<p>Soit $A$ le point de coordonn\u00e9es $(1\u00a0; 0)$ et $B$ le point de coordonn\u00e9es $(0\u00a0; 1)$.<\/p>\n<p>Soit un point $M$ distinct de $O$ et situ\u00e9 sur l\u2019axe des abscisses.<br \/>\nOn notera $x$ la mesure alg\u00e9brique du bipoint $(O ; M)$.<\/p>\n<p>La droite parall\u00e8le \u00e0 $(MB)$ passant par $A$ coupe l\u2019axe des ordonn\u00e9es en $N$.<\/p>\n<p><img loading=\"lazy\" decoding=\"async\" class=\"size-medium wp-image-1287 aligncenter\" src=\"http:\/\/www2.mathnique.com\/site\/wp-content\/uploads\/2017\/04\/inverse1-300x187.png\" alt=\"\" width=\"300\" height=\"187\" srcset=\"https:\/\/www.mathnique.com\/site\/wp-content\/uploads\/2017\/04\/inverse1-300x187.png 300w, https:\/\/www.mathnique.com\/site\/wp-content\/uploads\/2017\/04\/inverse1-768x479.png 768w, https:\/\/www.mathnique.com\/site\/wp-content\/uploads\/2017\/04\/inverse1.png 930w\" sizes=\"auto, (max-width: 300px) 85vw, 300px\" \/><\/p>\n<p>1\u00b0) Quelles sont les coordonn\u00e9es de $N$ ? Justifier.<\/p>\n<p>2\u00b0) En utilisant le logiciel Cabri-G\u00e9om\u00e8tre<br \/>\na) Construire la figure pr\u00e9c\u00e9dente.<br \/>\nb) Construire $M\u2019$ le point d\u2019intersection de la perpendiculaire en $M$ \u00e0 l\u2019axe des abscisses et de la perpendiculaire en $N$ \u00e0 l\u2019axe des ordonn\u00e9es.<br \/>\nc) Construire le lieu g\u00e9om\u00e9trique de $M\u2019$ lorsque $M$ d\u00e9crit l\u2019axe des abscisses.<br \/>\n<img loading=\"lazy\" decoding=\"async\" class=\"size-medium wp-image-1288 aligncenter\" src=\"http:\/\/www2.mathnique.com\/site\/wp-content\/uploads\/2017\/04\/inverse2-300x186.png\" alt=\"\" width=\"300\" height=\"186\" srcset=\"https:\/\/www.mathnique.com\/site\/wp-content\/uploads\/2017\/04\/inverse2-300x186.png 300w, https:\/\/www.mathnique.com\/site\/wp-content\/uploads\/2017\/04\/inverse2-768x476.png 768w, https:\/\/www.mathnique.com\/site\/wp-content\/uploads\/2017\/04\/inverse2-1024x635.png 1024w, https:\/\/www.mathnique.com\/site\/wp-content\/uploads\/2017\/04\/inverse2-1200x744.png 1200w, https:\/\/www.mathnique.com\/site\/wp-content\/uploads\/2017\/04\/inverse2.png 1226w\" sizes=\"auto, (max-width: 300px) 85vw, 300px\" \/>3\u00b0) Observez la courbe ainsi obtenue qui a donc pour \u00e9quation $y = \\dfrac{1}{x}$<br \/>\na) Que peut-on conjecturer sur la parit\u00e9 de $f$ ? Justifier.<br \/>\nb) D\u00e9montrer que si $x &gt; 0$ et $x\u2019&gt; 0$ et $x &lt; x\u2019$ alors $\\dfrac{1}{x} &gt; \\dfrac{1}{x'}$<br \/>\nc) D\u00e9duire du a) et du b) le tableau de variations de $f$ sur $R^*$.<br \/>\nd) Pour quelles valeurs de $x$ a-t-on $\\dfrac{1}{x} &gt; 10^2$\u00a0? $\\dfrac{1}{x} &gt; 10^{10}$ ?<br \/>\ne) Pour quelles valeurs de $x$ a-t-on $\\dfrac{1}{x} &gt; 10^{-3}$\u00a0? $\\dfrac{1}{x} &gt; 10^{-12}$ ?<\/p>\n<p><span style=\"color: #ff0000;\"><b>Activit\u00e9 2<\/b><\/span><\/p>\n<p>1\u00b0) Compl\u00e9ter le tableau suivant\u00a0:<\/p>\n<table width=\"611.0\" cellspacing=\"0\" cellpadding=\"0\">\n<tbody>\n<tr>\n<td valign=\"top\">\n<p style=\"text-align: center;\">$x$<\/p>\n<\/td>\n<td style=\"text-align: center;\" valign=\"top\">\u00a0$0.25$<\/td>\n<td style=\"text-align: center;\" valign=\"top\">$ \\dfrac{1}{3}$<\/td>\n<td style=\"text-align: center;\" valign=\"top\">$0.5$<\/td>\n<td style=\"text-align: center;\" valign=\"top\">$1$<\/td>\n<td style=\"text-align: center;\" valign=\"top\">$2$<\/td>\n<td style=\"text-align: center;\" valign=\"top\">$3$<\/td>\n<td style=\"text-align: center;\" valign=\"top\">$4$<\/td>\n<\/tr>\n<tr>\n<td style=\"text-align: center;\" valign=\"top\">\u00a0 \u00a0 $\\dfrac{1}{x}$<\/td>\n<td style=\"text-align: center;\" valign=\"top\"><\/td>\n<td style=\"text-align: center;\" valign=\"top\"><\/td>\n<td style=\"text-align: center;\" valign=\"top\"><\/td>\n<td style=\"text-align: center;\" valign=\"top\"><\/td>\n<td style=\"text-align: center;\" valign=\"top\"><\/td>\n<td style=\"text-align: center;\" valign=\"top\"><\/td>\n<td valign=\"top\"><\/td>\n<\/tr>\n<\/tbody>\n<\/table>\n<p>&nbsp;<\/p>\n<p>2\u00b0) Placer les points de coordonn\u00e9es $( x\u00a0 ; \\dfrac{1}{x}\u00a0)$ du tableau pr\u00e9c\u00e9dent dans un rep\u00e8re orthogonal.<\/p>\n<p>3\u00b0) Relier ces points \u00e0 main lev\u00e9e.<br \/>\nEn d\u00e9duire le trac\u00e9 complet de la courbe d\u2019\u00e9quation $y =\u00a0\\dfrac{1}{x}$<\/p>\n<p><span style=\"color: #ff0000;\"><b>R\u00e9sum\u00e9 de cours<\/b><\/span><\/p>\n<p><span style=\"color: #008000;\"><strong>Soit $f$ d\u00e9finie sur $R^*$ par $f(x) =\u00a0\\dfrac{1}{x}$<\/strong><\/span><br \/>\n<span style=\"color: #008000;\"><strong> Elle admet le tableau de variations suivant\u00a0:<\/strong><\/span><\/p>\n<p><span style=\"color: #000000;\"><span class='MathJax_Preview'><img src='https:\/\/www.mathnique.com\/site\/wp-content\/plugins\/latex\/cache\/tex_cac8e27545ff129e41d2bb165b2e5142.gif' style='vertical-align: middle; border: none; padding-bottom:2px;' class='tex' alt=\"\" \/><\/span><script type='math\/tex'><\/script>\u00a0<\/span><\/p>\n<p><span style=\"color: #008000;\"><strong>La courbe d\u2019\u00e9quation $y = \\dfrac{1}{x}$ s\u2019appelle une hyperbole admettant $O$ comme centre de sym\u00e9trie.<\/strong><\/span><\/p>\n<p><span style=\"color: #008000;\"><strong>Les inverses de 2 nombres positifs sont rang\u00e9s dans l\u2019ordre inverse de celui de ces nombres.<br \/>\n<span style=\"color: #ff0000;\">Auteurs : Christian CYRILLE (Lyc\u00e9e Schoelcher) et Patrick JEAN-BAPTISTE(Lyc\u00e9e Schoelcher)<\/span><\/strong><\/span><\/p>\n","protected":false},"excerpt":{"rendered":"<p>Activit\u00e9 1 Soit un rep\u00e8re orthonorm\u00e9 de centre $O$. Soit $A$ le point de coordonn\u00e9es $(1\u00a0; 0)$ et $B$ le point de coordonn\u00e9es $(0\u00a0; 1)$. Soit un point $M$ distinct de $O$ et situ\u00e9 sur l\u2019axe des abscisses. On notera $x$ la mesure alg\u00e9brique du bipoint $(O ; M)$. La droite parall\u00e8le \u00e0 $(MB)$ passant &hellip; <a href=\"https:\/\/www.mathnique.com\/site\/la-fonction-inverse\/\" class=\"more-link\">Continuer la lecture<span class=\"screen-reader-text\"> de &laquo;&nbsp;La fonction inverse&nbsp;&raquo;<\/span><\/a><\/p>\n","protected":false},"author":1,"featured_media":0,"parent":0,"menu_order":0,"comment_status":"closed","ping_status":"closed","template":"","meta":{"_monsterinsights_skip_tracking":false,"_monsterinsights_sitenote_active":false,"_monsterinsights_sitenote_note":"","_monsterinsights_sitenote_category":0,"footnotes":""},"class_list":["post-1236","page","type-page","status-publish","hentry"],"_links":{"self":[{"href":"https:\/\/www.mathnique.com\/site\/wp-json\/wp\/v2\/pages\/1236","targetHints":{"allow":["GET"]}}],"collection":[{"href":"https:\/\/www.mathnique.com\/site\/wp-json\/wp\/v2\/pages"}],"about":[{"href":"https:\/\/www.mathnique.com\/site\/wp-json\/wp\/v2\/types\/page"}],"author":[{"embeddable":true,"href":"https:\/\/www.mathnique.com\/site\/wp-json\/wp\/v2\/users\/1"}],"replies":[{"embeddable":true,"href":"https:\/\/www.mathnique.com\/site\/wp-json\/wp\/v2\/comments?post=1236"}],"version-history":[{"count":8,"href":"https:\/\/www.mathnique.com\/site\/wp-json\/wp\/v2\/pages\/1236\/revisions"}],"predecessor-version":[{"id":1505,"href":"https:\/\/www.mathnique.com\/site\/wp-json\/wp\/v2\/pages\/1236\/revisions\/1505"}],"wp:attachment":[{"href":"https:\/\/www.mathnique.com\/site\/wp-json\/wp\/v2\/media?parent=1236"}],"curies":[{"name":"wp","href":"https:\/\/api.w.org\/{rel}","templated":true}]}}