{"id":1238,"date":"2017-04-14T21:54:06","date_gmt":"2017-04-14T19:54:06","guid":{"rendered":"http:\/\/www2.mathnique.com\/site\/?page_id=1238"},"modified":"2017-04-15T01:02:51","modified_gmt":"2017-04-14T23:02:51","slug":"la-fonction-cube","status":"publish","type":"page","link":"https:\/\/www.mathnique.com\/site\/la-fonction-cube\/","title":{"rendered":"La fonction cube"},"content":{"rendered":"<p>Soit un rep\u00e8re orthonorm\u00e9 de centre $O$. Soit $A$ le point de coordonn\u00e9es $(0\u00a0;-1)$.<br \/>\nSoit $I$ le point de coordonn\u00e9es $(1\u00a0;0)$. Soit $M$ le point de coordonn\u00e9es $(x\u00a0; 0)$ o\u00f9 $x$ est un nombre r\u00e9el.<br \/>\nSoit $B$ le point d\u2019intersection de l\u2019axe des ordonn\u00e9es et de la perpendiculaire en $M$ au segment $[AM]$.<\/p>\n<p><img loading=\"lazy\" decoding=\"async\" class=\"size-medium wp-image-1283 aligncenter\" src=\"http:\/\/www2.mathnique.com\/site\/wp-content\/uploads\/2017\/04\/cube1-230x300.png\" alt=\"\" width=\"230\" height=\"300\" srcset=\"https:\/\/www.mathnique.com\/site\/wp-content\/uploads\/2017\/04\/cube1-230x300.png 230w, https:\/\/www.mathnique.com\/site\/wp-content\/uploads\/2017\/04\/cube1.png 736w\" sizes=\"auto, (max-width: 230px) 85vw, 230px\" \/><\/p>\n<p>On a d\u00e9montr\u00e9 dans la s\u00e9quence sur la fonction carr\u00e9 que $OB = x^2$.<\/p>\n<p><span style=\"color: #ff0000;\"><b>Activit\u00e9 1<\/b><\/span><\/p>\n<p>1\u00b0) En utilisant le logiciel Cabri-G\u00e9om\u00e8tre<br \/>\na) Construire $C$ le point d\u2019intersection de l\u2019axe des ordonn\u00e9es et de la droite parall\u00e8le \u00e0 $(BI)$ passant par $M$.<br \/>\nb) Quelles sont les coordonn\u00e9es du point $C$ ?<br \/>\nc) Construire $M\u2019\u2019$ le point d\u2019intersection de la perpendiculaire en $M$ \u00e0 l\u2019axe des abscisses et de la perpendiculaire en $C$ \u00e0 l\u2019axe des ordonn\u00e9es.<br \/>\nd) Construire le lieu g\u00e9om\u00e9trique de $M\u2019\u2019$ lorsque $M$ d\u00e9crit l\u2019axe des ordonn\u00e9es.<br \/>\n<img loading=\"lazy\" decoding=\"async\" class=\"size-medium wp-image-1279 aligncenter\" src=\"http:\/\/www2.mathnique.com\/site\/wp-content\/uploads\/2017\/04\/cube3-248x300.png\" alt=\"\" width=\"248\" height=\"300\" srcset=\"https:\/\/www.mathnique.com\/site\/wp-content\/uploads\/2017\/04\/cube3-248x300.png 248w, https:\/\/www.mathnique.com\/site\/wp-content\/uploads\/2017\/04\/cube3-768x930.png 768w, https:\/\/www.mathnique.com\/site\/wp-content\/uploads\/2017\/04\/cube3.png 808w\" sizes=\"auto, (max-width: 248px) 85vw, 248px\" \/>4\u00b0) Observez la courbe ainsi obtenue et qui a donc pour \u00e9quation $y = x^3$.<br \/>\na) Que peut-on conjecturer sur la parit\u00e9 de $f$? Justifier.<br \/>\nb) V\u00e9rifier que $a^3 \u00a0\u2013 b^3\u00a0= (a \u2013 b)(\u00a0a^2 + ab + b^2)$<br \/>\nc) D\u00e9montrer que si $0 &lt; x &lt; x\u2019$ alors\u00a0$x^3 &lt; x'^3$<sup><br \/>\n<\/sup>d) D\u00e9duire du a ) et du c) le tableau de variations de $f$.<br \/>\ne) Compl\u00e9ter le tableau de variations suivant\u00a0:<\/p>\n<table style=\"height: 209px;\" width=\"837\" cellspacing=\"0\" cellpadding=\"0\">\n<tbody>\n<tr>\n<td valign=\"top\">\n<p style=\"text-align: center;\">$x$<\/p>\n<\/td>\n<td style=\"text-align: center;\" valign=\"top\">$10^0$<\/td>\n<td style=\"text-align: center;\" valign=\"top\">$10^1$<\/td>\n<td style=\"text-align: center;\" valign=\"top\">$10^2$<\/td>\n<td style=\"text-align: center;\" valign=\"top\">$10^3$<\/td>\n<td valign=\"top\">\n<p style=\"text-align: center;\">$10^4$<\/p>\n<\/td>\n<\/tr>\n<tr>\n<td valign=\"top\">\n<p style=\"text-align: center;\">$f(x)$<\/p>\n<\/td>\n<td valign=\"top\"><\/td>\n<td valign=\"top\"><\/td>\n<td valign=\"top\"><\/td>\n<td valign=\"top\"><\/td>\n<td valign=\"top\">&nbsp;<\/p>\n<p>&nbsp;<\/td>\n<\/tr>\n<\/tbody>\n<\/table>\n<p>a) Pour quelles valeurs de $x$ a-t-on $x^3 &gt; 10^3$ ?<\/p>\n<p>b)\u00a0Pour quelles valeurs de $x$ a-t-on $x^3 &gt; 10^9$ ?<\/p>\n<p><span style=\"color: #ff0000;\"><b>Activit\u00e9 2\u00a0<\/b><\/span><\/p>\n<p>1\u00b0) On voudrait comparer les positions relatives des courbes d\u2019\u00e9quation $y = x^3$\u00a0et $y = x^2$.<br \/>\na)\u00a0R\u00e9soudre l\u2019\u00e9quation d\u2019inconnue $x$ r\u00e9elle\u00a0: $x^2 =x^3$<br \/>\nb) R\u00e9soudre les in\u00e9quations d\u2019inconnue $x$ r\u00e9elle\u00a0:\u00a0$x^2 &lt;\u00a0x^3$ et\u00a0$x^2 &gt;\u00a0x^3$<br \/>\n2\u00b0) En utilisant la question pr\u00e9c\u00e9dente et le 5\u00b0) de l\u2019activit\u00e9 2 de la s\u00e9quence sur la fonction carr\u00e9, d\u00e9terminer les positions relatives des courbes d\u2019\u00e9quation $y = x, y = x^2$\u00a0et $y = x^3$.<\/p>\n<p>3\u00b0) Compl\u00e9ter le tableau suivant\u00a0:<\/p>\n<table width=\"611.0\" cellspacing=\"0\" cellpadding=\"0\">\n<tbody>\n<tr>\n<td valign=\"top\">\n<p style=\"text-align: center;\">$x$<\/p>\n<\/td>\n<td style=\"text-align: center;\" valign=\"top\">$0$<\/td>\n<td style=\"text-align: center;\" valign=\"top\">$0.5$<\/td>\n<td style=\"text-align: center;\" valign=\"top\">$1$<\/td>\n<td style=\"text-align: center;\" valign=\"top\">$1.5$<\/td>\n<td style=\"text-align: center;\" valign=\"top\">$2$<\/td>\n<td valign=\"top\">\n<p style=\"text-align: center;\">$3$<\/p>\n<\/td>\n<\/tr>\n<tr>\n<td valign=\"top\">\n<p style=\"text-align: center;\">$f(x)$<\/p>\n<\/td>\n<td valign=\"top\"><\/td>\n<td valign=\"top\"><\/td>\n<td valign=\"top\"><\/td>\n<td valign=\"top\"><\/td>\n<td valign=\"top\"><\/td>\n<td valign=\"top\"><\/td>\n<\/tr>\n<\/tbody>\n<\/table>\n<p>4\u00b0) Placer les points de coordonn\u00e9es $(x ; x^3)$\u00a0du tableau pr\u00e9c\u00e9dent dans un rep\u00e8re orthogonal.<\/p>\n<p>5\u00b0) Relier ces points \u00e0 main lev\u00e9e.<br \/>\nEn d\u00e9duire le trac\u00e9 complet de la courbe d\u2019\u00e9quation $y = x^3$.<\/p>\n<p>Tracer dans le m\u00eame rep\u00e8re les courbes d\u2019\u00e9quation $y = x$ et $y = x^2$.<\/p>\n<p><span style=\"color: #ff0000;\"><b>R\u00e9sum\u00e9 de cours<\/b><\/span><\/p>\n<p><strong><span style=\"color: #008000;\">Soit $f$ d\u00e9finie sur $R$ par $f(x) = x^3$<\/span><\/strong><\/p>\n<p><strong><span style=\"color: #008000;\">Elle admet le tableau de variations suivant\u00a0:<\/span><\/strong><\/p>\n<p><span class='MathJax_Preview'><img src='https:\/\/www.mathnique.com\/site\/wp-content\/plugins\/latex\/cache\/tex_b94f8a53c8bffc0c328b8c5fef8306ed.gif' style='vertical-align: middle; border: none; padding-bottom:2px;' class='tex' alt=\"\" \/><\/span><script type='math\/tex'><\/script><\/p>\n<p>&nbsp;<\/p>\n<p><span style=\"color: #ff0000;\"><b>Auteurs : Christian CYRILLE (Lyc\u00e9e Schoelcher) et Patrick JEAN-BAPTISTE (Lyc\u00e9e Schoelcher)<\/b><\/span><\/p>\n","protected":false},"excerpt":{"rendered":"<p>Soit un rep\u00e8re orthonorm\u00e9 de centre $O$. Soit $A$ le point de coordonn\u00e9es $(0\u00a0;-1)$. Soit $I$ le point de coordonn\u00e9es $(1\u00a0;0)$. Soit $M$ le point de coordonn\u00e9es $(x\u00a0; 0)$ o\u00f9 $x$ est un nombre r\u00e9el. Soit $B$ le point d\u2019intersection de l\u2019axe des ordonn\u00e9es et de la perpendiculaire en $M$ au segment $[AM]$. On a &hellip; <a href=\"https:\/\/www.mathnique.com\/site\/la-fonction-cube\/\" class=\"more-link\">Continuer la lecture<span class=\"screen-reader-text\"> de &laquo;&nbsp;La fonction cube&nbsp;&raquo;<\/span><\/a><\/p>\n","protected":false},"author":1,"featured_media":0,"parent":0,"menu_order":0,"comment_status":"closed","ping_status":"closed","template":"","meta":{"_monsterinsights_skip_tracking":false,"_monsterinsights_sitenote_active":false,"_monsterinsights_sitenote_note":"","_monsterinsights_sitenote_category":0,"footnotes":""},"class_list":["post-1238","page","type-page","status-publish","hentry"],"_links":{"self":[{"href":"https:\/\/www.mathnique.com\/site\/wp-json\/wp\/v2\/pages\/1238","targetHints":{"allow":["GET"]}}],"collection":[{"href":"https:\/\/www.mathnique.com\/site\/wp-json\/wp\/v2\/pages"}],"about":[{"href":"https:\/\/www.mathnique.com\/site\/wp-json\/wp\/v2\/types\/page"}],"author":[{"embeddable":true,"href":"https:\/\/www.mathnique.com\/site\/wp-json\/wp\/v2\/users\/1"}],"replies":[{"embeddable":true,"href":"https:\/\/www.mathnique.com\/site\/wp-json\/wp\/v2\/comments?post=1238"}],"version-history":[{"count":8,"href":"https:\/\/www.mathnique.com\/site\/wp-json\/wp\/v2\/pages\/1238\/revisions"}],"predecessor-version":[{"id":1285,"href":"https:\/\/www.mathnique.com\/site\/wp-json\/wp\/v2\/pages\/1238\/revisions\/1285"}],"wp:attachment":[{"href":"https:\/\/www.mathnique.com\/site\/wp-json\/wp\/v2\/media?parent=1238"}],"curies":[{"name":"wp","href":"https:\/\/api.w.org\/{rel}","templated":true}]}}