{"id":1244,"date":"2017-04-14T21:57:58","date_gmt":"2017-04-14T19:57:58","guid":{"rendered":"http:\/\/www2.mathnique.com\/site\/?page_id=1244"},"modified":"2017-04-15T15:16:21","modified_gmt":"2017-04-15T13:16:21","slug":"construction-parabole","status":"publish","type":"page","link":"https:\/\/www.mathnique.com\/site\/construction-parabole\/","title":{"rendered":"Construction Parabole"},"content":{"rendered":"<p><img loading=\"lazy\" decoding=\"async\" class=\" wp-image-1303 aligncenter\" src=\"http:\/\/www2.mathnique.com\/site\/wp-content\/uploads\/2017\/04\/kabritbwa.png\" alt=\"\" width=\"140\" height=\"147\" \/><\/p>\n<p><span style=\"color: #ff0000;\"><b>Th\u00e8me<\/b> : <b>Construction g\u00e9om\u00e9trique d'une parabole<\/b><\/span><\/p>\n<p><span style=\"color: #ff0000;\"><b>Objectifs<\/b><\/span> : apprendre \u00e0 construire une parabole en tant que lieu g\u00e9om\u00e9trique et \u00e0 r\u00e9diger les diff\u00e9rentes \u00e9tapes de la construction<\/p>\n<p><span style=\"color: #ff0000;\"><b>Niveau<\/b><\/span> : Post-Bac<\/p>\n<p><span style=\"color: #ff0000;\"><b>Pr\u00e9requis<\/b><\/span> :D\u00e9finition monofocale d'une parabole<\/p>\n<p><span style=\"color: #ff0000;\"><b>Mat\u00e9riels n\u00e9cessaires<\/b><\/span> : Une salle informatique ( 2 \u00e9l\u00e8ves par machine)<\/p>\n<p><span style=\"color: #ff0000;\"><b>Logiciels n\u00e9cessaires<\/b><\/span> : un logiciel de g\u00e9om\u00e9trie dynamique (G\u00e9og\u00e9bra, Cabri-G\u00e9om\u00e8tre,...)<\/p>\n<p><span style=\"color: #ff0000;\"><b>DESCRIPTION DE LA SEQUENCE :<\/b><\/span><\/p>\n<p>1\u00b0) L'\u00e9tudiant lit l'\u00e9nonc\u00e9<\/p>\n<p>2\u00b0) cherche sur papier<\/p>\n<p>3\u00b0) r\u00e9alise sa construction sur machine<\/p>\n<p>4\u00b0) se sert de la fonctionnalit\u00e9 \"Historique\" pour r\u00e9diger sur papier un compte-rendu pr\u00e9cis et d\u00e9taill\u00e9 des diff\u00e9rentes \u00e9tapes de la construction.<\/p>\n<p><b>Enonc\u00e9<\/b><\/p>\n<p>D\u00e9finition monofocale de la parabole:<\/p>\n<p><i>La parabole est l'ensemble des points M situ\u00e9s \u00e0 m\u00eame distance d'une droite (D)) et d'un point F non situ\u00e9 sur (D)<\/i>.<\/p>\n<p>A l'aide du logiciel Cabri-G\u00e9om\u00e8tre, nous allons r\u00e9aliser la construction de cette parabole de foyer F et de directrice (D).<\/p>\n<p>&nbsp;<\/p>\n<p><span style=\"color: #ff0000;\"><b>Construction 1 bas\u00e9e sur la d\u00e9finition monofocale<\/b><\/span><\/p>\n<p><img loading=\"lazy\" decoding=\"async\" class=\"size-medium wp-image-1302 aligncenter\" src=\"http:\/\/www2.mathnique.com\/site\/wp-content\/uploads\/2017\/04\/parabole1-293x300.png\" alt=\"\" width=\"293\" height=\"300\" srcset=\"https:\/\/www.mathnique.com\/site\/wp-content\/uploads\/2017\/04\/parabole1-293x300.png 293w, https:\/\/www.mathnique.com\/site\/wp-content\/uploads\/2017\/04\/parabole1-768x786.png 768w, https:\/\/www.mathnique.com\/site\/wp-content\/uploads\/2017\/04\/parabole1-1000x1024.png 1000w, https:\/\/www.mathnique.com\/site\/wp-content\/uploads\/2017\/04\/parabole1.png 1092w\" sizes=\"auto, (max-width: 293px) 85vw, 293px\" \/><\/p>\n<p><b>Etapes de la construction <\/b>:<\/p>\n<ol>\n<li>Placer le point $F$<\/li>\n<li>Construire la directrice $(D)$<\/li>\n<li>Construire l'axe focal $(D')$ perpendiculaire \u00e0 $(D)$<\/li>\n<li>Placer $H$ point mobile sur la directrice $(D)$<\/li>\n<li>Construire le segment $[HF]$ puis la m\u00e9diatrice de ce segment<\/li>\n<li>Cr\u00e9er le point $M$ intersection de cette m\u00e9diatrice et de la droite perpendiculaire en $H$ \u00e0 la directrice.<br \/>\nAlors $MF = MH$ donc la distance de $M$ \u00e0 $F$ = la distance de $M$ \u00e0 la directrice\u00a0$(D)$<\/li>\n<li>Cr\u00e9er la parabole comme lieu du point $M$ quand $H$ varie sur la directrice $(D)$<span style=\"color: #ff0000;\"><b><br \/>\nConstruction 2 bas\u00e9e sur la d\u00e9finition monofocale<\/b><\/span><\/li>\n<\/ol>\n<p>Observez<b> <\/b>cette construction qui est correcte.<\/p>\n<p><img loading=\"lazy\" decoding=\"async\" class=\"wp-image-1305 aligncenter\" src=\"http:\/\/www2.mathnique.com\/site\/wp-content\/uploads\/2017\/04\/parabole2-300x200.png\" alt=\"\" width=\"584\" height=\"389\" srcset=\"https:\/\/www.mathnique.com\/site\/wp-content\/uploads\/2017\/04\/parabole2-300x200.png 300w, https:\/\/www.mathnique.com\/site\/wp-content\/uploads\/2017\/04\/parabole2-768x513.png 768w, https:\/\/www.mathnique.com\/site\/wp-content\/uploads\/2017\/04\/parabole2-1024x684.png 1024w, https:\/\/www.mathnique.com\/site\/wp-content\/uploads\/2017\/04\/parabole2-1200x802.png 1200w, https:\/\/www.mathnique.com\/site\/wp-content\/uploads\/2017\/04\/parabole2.png 1506w\" sizes=\"auto, (max-width: 584px) 85vw, 584px\" \/>Pouvez-vous retrouver l'id\u00e9e directrice de cette construction ? Expliquez.<\/p>\n<p>a) Que peut-on dire des points $M$ et $N$ par rapport \u00e0 la directrice et au foyer F ?<\/p>\n<p>b) R\u00e9aliser cette construction.<\/p>\n<p>c) G\u00e9n\u00e9rer les lieux des points $M$ et $N$ lorsque le \"point sur objet\" R se d\u00e9place sur la droite perpendiculaire \u00e0 la directrice.<\/p>\n<p><i><strong><span style=\"color: #ff0000;\">\u00a0Auteurs : Christian CYRILLE (Lyc\u00e9e Schoelcher), Roger NOMIS (Coll\u00e8ge Vert Pr\u00e9) et Serge ROY-LEDOUX (Lyc\u00e9e de la Pointe des N\u00e8gres) du Groupe IREM Kabrit Bwa de Martinique<\/span><\/strong><\/i><\/p>\n<p>&nbsp;<\/p>\n","protected":false},"excerpt":{"rendered":"<p>Th\u00e8me : Construction g\u00e9om\u00e9trique d'une parabole Objectifs : apprendre \u00e0 construire une parabole en tant que lieu g\u00e9om\u00e9trique et \u00e0 r\u00e9diger les diff\u00e9rentes \u00e9tapes de la construction Niveau : Post-Bac Pr\u00e9requis :D\u00e9finition monofocale d'une parabole Mat\u00e9riels n\u00e9cessaires : Une salle informatique ( 2 \u00e9l\u00e8ves par machine) Logiciels n\u00e9cessaires : un logiciel de g\u00e9om\u00e9trie dynamique (G\u00e9og\u00e9bra, &hellip; <a href=\"https:\/\/www.mathnique.com\/site\/construction-parabole\/\" class=\"more-link\">Continuer la lecture<span class=\"screen-reader-text\"> de &laquo;&nbsp;Construction Parabole&nbsp;&raquo;<\/span><\/a><\/p>\n","protected":false},"author":1,"featured_media":0,"parent":0,"menu_order":0,"comment_status":"closed","ping_status":"closed","template":"","meta":{"_monsterinsights_skip_tracking":false,"_monsterinsights_sitenote_active":false,"_monsterinsights_sitenote_note":"","_monsterinsights_sitenote_category":0,"footnotes":""},"class_list":["post-1244","page","type-page","status-publish","hentry"],"_links":{"self":[{"href":"https:\/\/www.mathnique.com\/site\/wp-json\/wp\/v2\/pages\/1244","targetHints":{"allow":["GET"]}}],"collection":[{"href":"https:\/\/www.mathnique.com\/site\/wp-json\/wp\/v2\/pages"}],"about":[{"href":"https:\/\/www.mathnique.com\/site\/wp-json\/wp\/v2\/types\/page"}],"author":[{"embeddable":true,"href":"https:\/\/www.mathnique.com\/site\/wp-json\/wp\/v2\/users\/1"}],"replies":[{"embeddable":true,"href":"https:\/\/www.mathnique.com\/site\/wp-json\/wp\/v2\/comments?post=1244"}],"version-history":[{"count":4,"href":"https:\/\/www.mathnique.com\/site\/wp-json\/wp\/v2\/pages\/1244\/revisions"}],"predecessor-version":[{"id":1306,"href":"https:\/\/www.mathnique.com\/site\/wp-json\/wp\/v2\/pages\/1244\/revisions\/1306"}],"wp:attachment":[{"href":"https:\/\/www.mathnique.com\/site\/wp-json\/wp\/v2\/media?parent=1244"}],"curies":[{"name":"wp","href":"https:\/\/api.w.org\/{rel}","templated":true}]}}