{"id":1246,"date":"2017-04-14T21:58:14","date_gmt":"2017-04-14T19:58:14","guid":{"rendered":"http:\/\/www2.mathnique.com\/site\/?page_id=1246"},"modified":"2018-04-07T23:25:22","modified_gmt":"2018-04-07T21:25:22","slug":"construction-ellipse","status":"publish","type":"page","link":"https:\/\/www.mathnique.com\/site\/construction-ellipse\/","title":{"rendered":"Construction Ellipse"},"content":{"rendered":"<p><img loading=\"lazy\" decoding=\"async\" class=\"wp-image-1303 aligncenter\" src=\"http:\/\/www2.mathnique.com\/site\/wp-content\/uploads\/2017\/04\/kabritbwa.png\" alt=\"\" width=\"126\" height=\"132\" \/><\/p>\n<p><span style=\"color: #ff0000;\"><b>Th\u00e8me<\/b> <\/span>: Construction g\u00e9om\u00e9trique de l'ellipse<\/p>\n<p><span style=\"color: #ff0000;\"><b>Objectif<\/b><\/span> : Apprendre \u00e0 utiliser un th\u00e9or\u00e8me du cours pour apprendre \u00e0 construire une ellipse.<\/p>\n<p><span style=\"color: #ff0000;\"><b>Niveau<\/b><\/span> : Enseignement sup\u00e9rieur<\/p>\n<p><span style=\"color: #ff0000;\"><b>Mat\u00e9riel n\u00e9cessaire<\/b> <\/span>: une salle informatique (2 \u00e9l\u00e8ves par machine)<\/p>\n<p><span style=\"color: #ff0000;\"><b>Logiciel n\u00e9cessaire<\/b><\/span> : Un logiciel de g\u00e9om\u00e9trie dynamique (G\u00e9ogebra, Cabri-G\u00e9om\u00e8tre,...)<\/p>\n<p><span style=\"color: #ff0000;\"><b>Description de la s\u00e9ance<\/b> :<\/span><\/p>\n<p>1\u00b0) L'\u00e9tudiant lit l'\u00e9nonc\u00e9<\/p>\n<p>2\u00b0) cherche sur papier<\/p>\n<p>3\u00b0) r\u00e9alise sa construction sur machine<\/p>\n<p>4\u00b0) se sert de la fonctionnalit\u00e9 \"Historique\" pour r\u00e9diger sur papier un compte-rendu pr\u00e9cis et d\u00e9taill\u00e9 des diff\u00e9rentes \u00e9tapes de la construction.<\/p>\n<p><span style=\"color: #ff0000;\"><b>Enonc\u00e9<\/b> :<\/span><\/p>\n<p><span style=\"color: #ff0000;\"><b>Construction 1<\/b> :<\/span><\/p>\n<p>Sachant que l'ellipse d'axe focal $(D)$, de demi-grand axe $a$ et de demi-petit axe $b$ a pour syst\u00e8me d'\u00e9quations param\u00e9triques $x = a \\ cos(t)$ et $y = b \\ sin(t)$<\/p>\n<p>1\u00b0) Construire les cercles de centre $O$ et de rayons respectifs \u00a0$a$ et $b$.<br \/>\n<img loading=\"lazy\" decoding=\"async\" class=\"size-medium wp-image-1309 aligncenter\" src=\"http:\/\/www2.mathnique.com\/site\/wp-content\/uploads\/2017\/04\/ellipse1-300x281.png\" alt=\"\" width=\"300\" height=\"281\" srcset=\"https:\/\/www.mathnique.com\/site\/wp-content\/uploads\/2017\/04\/ellipse1-300x281.png 300w, https:\/\/www.mathnique.com\/site\/wp-content\/uploads\/2017\/04\/ellipse1-768x720.png 768w, https:\/\/www.mathnique.com\/site\/wp-content\/uploads\/2017\/04\/ellipse1-1024x960.png 1024w, https:\/\/www.mathnique.com\/site\/wp-content\/uploads\/2017\/04\/ellipse1.png 1050w\" sizes=\"auto, (max-width: 300px) 85vw, 300px\" \/><\/p>\n<p>2\u00b0) Construire ensuite l'ellipse. Expliquez votre d\u00e9marche.<\/p>\n<p><img loading=\"lazy\" decoding=\"async\" class=\"size-medium wp-image-1310 aligncenter\" src=\"http:\/\/www2.mathnique.com\/site\/wp-content\/uploads\/2017\/04\/ellipse2-300x267.png\" alt=\"\" width=\"300\" height=\"267\" srcset=\"https:\/\/www.mathnique.com\/site\/wp-content\/uploads\/2017\/04\/ellipse2-300x267.png 300w, https:\/\/www.mathnique.com\/site\/wp-content\/uploads\/2017\/04\/ellipse2-768x684.png 768w, https:\/\/www.mathnique.com\/site\/wp-content\/uploads\/2017\/04\/ellipse2-1024x912.png 1024w, https:\/\/www.mathnique.com\/site\/wp-content\/uploads\/2017\/04\/ellipse2.png 1100w\" sizes=\"auto, (max-width: 300px) 85vw, 300px\" \/><\/p>\n<p>&nbsp;<\/p>\n<p><span style=\"color: #ff0000;\"><b>Construction 2 bas\u00e9e sur la d\u00e9finition bifocale<\/b> :<\/span><\/p>\n<p><strong><span style=\"color: #008000;\"><em>D\u00e9finition bifocale\u00a0<\/em><\/span><\/strong><\/p>\n<p><strong><span style=\"color: #008000;\"><em>L'ellipse est l'ensemble des points $M$ tels que $MF + MF' = Constante$.<\/em><\/span><\/strong><\/p>\n<p>C'est cette d\u00e9finition qui est utilis\u00e9e par les jardiniers.<\/p>\n<p>1\u00b0) Soit $O$ le centre de l'ellipse, $F$ et $F'$ ses foyers, $A$ et $A'$ ses points d'intersection avec l'axe focal.<\/p>\n<p>Placer correctement $O, F, F' , A$ et $A'$.<\/p>\n<p>2\u00b0) Construire l'axe non focal.<\/p>\n<p>Construire un point $B$ de cet axe non focal.<\/p>\n<p>Construire le parall\u00e9logramme $A'BWA$.<\/p>\n<p>Construire le point $D$ de la demi-droite $[OF)$ tel que $FD = AA' = 2 a$.<\/p>\n<p>3\u00b0) Construire alors le cercle directeur $( C )$ de centre $F$ et de rayon $2 a$.<\/p>\n<p>Soit $N$ un point de $( C )$. Soit $M$ le point d'intersection de $(FN)$ et de la m\u00e9diatrice de $[F'N]$.<\/p>\n<p>Que vaut alors $MF + MF'$ ?<\/p>\n<p><img loading=\"lazy\" decoding=\"async\" class=\"size-medium wp-image-1311 aligncenter\" src=\"http:\/\/www2.mathnique.com\/site\/wp-content\/uploads\/2017\/04\/ellipse3-300x258.png\" alt=\"\" width=\"300\" height=\"258\" srcset=\"https:\/\/www.mathnique.com\/site\/wp-content\/uploads\/2017\/04\/ellipse3-300x258.png 300w, https:\/\/www.mathnique.com\/site\/wp-content\/uploads\/2017\/04\/ellipse3-768x661.png 768w, https:\/\/www.mathnique.com\/site\/wp-content\/uploads\/2017\/04\/ellipse3-1024x881.png 1024w, https:\/\/www.mathnique.com\/site\/wp-content\/uploads\/2017\/04\/ellipse3.png 1090w\" sizes=\"auto, (max-width: 300px) 85vw, 300px\" \/><\/p>\n<p>&nbsp;<\/p>\n<p>4\u00b0) En d\u00e9duire une construction de l'ellipse de foyers $F$ et $F'$ :<\/p>\n<p><img loading=\"lazy\" decoding=\"async\" class=\"size-medium wp-image-1312 aligncenter\" src=\"http:\/\/www2.mathnique.com\/site\/wp-content\/uploads\/2017\/04\/ellipse4-300x245.png\" alt=\"\" width=\"300\" height=\"245\" srcset=\"https:\/\/www.mathnique.com\/site\/wp-content\/uploads\/2017\/04\/ellipse4-300x245.png 300w, https:\/\/www.mathnique.com\/site\/wp-content\/uploads\/2017\/04\/ellipse4-768x628.png 768w, https:\/\/www.mathnique.com\/site\/wp-content\/uploads\/2017\/04\/ellipse4-1024x837.png 1024w, https:\/\/www.mathnique.com\/site\/wp-content\/uploads\/2017\/04\/ellipse4.png 1084w\" sizes=\"auto, (max-width: 300px) 85vw, 300px\" \/><\/p>\n<p><i><strong><span style=\"color: #ff0000;\">\u00a0Auteurs : Christian CYRILLE (Lyc\u00e9e Schoelcher), Roger NOMIS (Coll\u00e8ge Vert Pr\u00e9) et Serge ROY-LEDOUX (Lyc\u00e9e de la Pointe des N\u00e8gres) du Groupe IREM Kabrit Bwa de Martinique<\/span><\/strong><\/i><\/p>\n","protected":false},"excerpt":{"rendered":"<p>Th\u00e8me : Construction g\u00e9om\u00e9trique de l'ellipse Objectif : Apprendre \u00e0 utiliser un th\u00e9or\u00e8me du cours pour apprendre \u00e0 construire une ellipse. Niveau : Enseignement sup\u00e9rieur Mat\u00e9riel n\u00e9cessaire : une salle informatique (2 \u00e9l\u00e8ves par machine) Logiciel n\u00e9cessaire : Un logiciel de g\u00e9om\u00e9trie dynamique (G\u00e9ogebra, Cabri-G\u00e9om\u00e8tre,...) Description de la s\u00e9ance : 1\u00b0) L'\u00e9tudiant lit l'\u00e9nonc\u00e9 2\u00b0) &hellip; <a href=\"https:\/\/www.mathnique.com\/site\/construction-ellipse\/\" class=\"more-link\">Continuer la lecture<span class=\"screen-reader-text\"> de &laquo;&nbsp;Construction Ellipse&nbsp;&raquo;<\/span><\/a><\/p>\n","protected":false},"author":1,"featured_media":0,"parent":0,"menu_order":0,"comment_status":"closed","ping_status":"closed","template":"","meta":{"_monsterinsights_skip_tracking":false,"_monsterinsights_sitenote_active":false,"_monsterinsights_sitenote_note":"","_monsterinsights_sitenote_category":0,"footnotes":""},"class_list":["post-1246","page","type-page","status-publish","hentry"],"_links":{"self":[{"href":"https:\/\/www.mathnique.com\/site\/wp-json\/wp\/v2\/pages\/1246","targetHints":{"allow":["GET"]}}],"collection":[{"href":"https:\/\/www.mathnique.com\/site\/wp-json\/wp\/v2\/pages"}],"about":[{"href":"https:\/\/www.mathnique.com\/site\/wp-json\/wp\/v2\/types\/page"}],"author":[{"embeddable":true,"href":"https:\/\/www.mathnique.com\/site\/wp-json\/wp\/v2\/users\/1"}],"replies":[{"embeddable":true,"href":"https:\/\/www.mathnique.com\/site\/wp-json\/wp\/v2\/comments?post=1246"}],"version-history":[{"count":6,"href":"https:\/\/www.mathnique.com\/site\/wp-json\/wp\/v2\/pages\/1246\/revisions"}],"predecessor-version":[{"id":2341,"href":"https:\/\/www.mathnique.com\/site\/wp-json\/wp\/v2\/pages\/1246\/revisions\/2341"}],"wp:attachment":[{"href":"https:\/\/www.mathnique.com\/site\/wp-json\/wp\/v2\/media?parent=1246"}],"curies":[{"name":"wp","href":"https:\/\/api.w.org\/{rel}","templated":true}]}}