{"id":1319,"date":"2017-04-15T15:47:04","date_gmt":"2017-04-15T13:47:04","guid":{"rendered":"http:\/\/www2.mathnique.com\/site\/?page_id=1319"},"modified":"2019-12-15T00:17:35","modified_gmt":"2019-12-14T23:17:35","slug":"utilisation-dun-tableur-en-4eme","status":"publish","type":"page","link":"https:\/\/www.mathnique.com\/site\/utilisation-dun-tableur-en-4eme\/","title":{"rendered":"Utilisation d'un tableur en 4\u00e8me"},"content":{"rendered":"<p><strong><span style=\"color: #ff0000;\">Activit\u00e9 1 : \u00a0<span style=\"caret-color: #ff0000;\">Tableur\u00a0<\/span>\u00a0\u00a0 \u00a0 \u00a0 \u00a0 \u00a0 \u00a0 \u00a0 \u00a0 \u00a0 \u00a0 \u00a0 \u00a0 \u00a0 \u00a0 \u00a0 \u00a0\u00a0<\/span><\/strong><\/p>\n<p><span style=\"color: #008000;\"><strong>Objectif : prise en main technique.<\/strong><\/span><\/p>\n<p>Sur l'ordinateur, dans cette feuille de calcul, on consid\u00e8re le tableau suivant<\/p>\n<table width=\"767.0\" cellspacing=\"0\" cellpadding=\"0\">\n<tbody>\n<tr>\n<td valign=\"middle\"><\/td>\n<td valign=\"middle\">A<\/td>\n<td valign=\"middle\">B<\/td>\n<td valign=\"middle\">C<\/td>\n<td valign=\"middle\">D<\/td>\n<td valign=\"middle\">E<\/td>\n<td valign=\"middle\">F<\/td>\n<td valign=\"middle\">G<\/td>\n<td valign=\"middle\">H<\/td>\n<\/tr>\n<tr>\n<td valign=\"middle\">1<\/td>\n<td valign=\"middle\">Devoirs<\/td>\n<td valign=\"middle\">n\u00b01<\/td>\n<td valign=\"middle\">n\u00b02<\/td>\n<td valign=\"middle\">n\u00b03<\/td>\n<td valign=\"middle\">n\u00b04<\/td>\n<td valign=\"middle\">n\u00b05<\/td>\n<td valign=\"middle\">Moyenne<\/td>\n<td valign=\"middle\"><\/td>\n<\/tr>\n<tr>\n<td valign=\"middle\">2<\/td>\n<td valign=\"middle\">El\u00e8ve A<\/td>\n<td valign=\"middle\">20<\/td>\n<td valign=\"middle\">15<\/td>\n<td valign=\"middle\">11<\/td>\n<td valign=\"middle\">17<\/td>\n<td valign=\"middle\">13<\/td>\n<td valign=\"middle\"><\/td>\n<td valign=\"middle\"><\/td>\n<\/tr>\n<tr>\n<td valign=\"middle\">3<\/td>\n<td valign=\"middle\">El\u00e8ve B<\/td>\n<td valign=\"middle\">3<\/td>\n<td valign=\"middle\">11<\/td>\n<td valign=\"middle\">7<\/td>\n<td valign=\"middle\">8<\/td>\n<td valign=\"middle\">12<\/td>\n<td valign=\"middle\"><\/td>\n<td valign=\"middle\"><\/td>\n<\/tr>\n<tr>\n<td valign=\"middle\">4<\/td>\n<td valign=\"middle\">El\u00e8ve C<\/td>\n<td valign=\"middle\">7<\/td>\n<td valign=\"middle\">12<\/td>\n<td valign=\"middle\">4<\/td>\n<td valign=\"middle\">10<\/td>\n<td valign=\"middle\">8<\/td>\n<td valign=\"middle\"><\/td>\n<td valign=\"middle\"><\/td>\n<\/tr>\n<\/tbody>\n<\/table>\n<ul>\n<li>Comment rep\u00e8re-t-on la cellule qui contient la note 17 ?<\/li>\n<li>Dans quelle cellule pourra-t-on lire la moyenne de l'\u00e9l\u00e8ve A ?<\/li>\n<li>Quelle formule faut-il \u00e9crire dans cette cellule pour obtenir la moyenne de l'\u00e9l\u00e8ve A ?<\/li>\n<li>Comment proc\u00e9der pour obtenir la moyenne des autres \u00e9l\u00e8ves ?<\/li>\n<\/ul>\n<p>Chaque case est appell\u00e9e une cellule qui peut contenir est rep\u00e9r\u00e9e par des coordonn\u00e9es du type \"lettre, nombre\" ex :B3<\/p>\n<p>R\u00e9ponses attendues : E2\u00a0 G2<\/p>\n<p><span style=\"color: #008000;\"><strong>Une cellule peut contenir :<\/strong><\/span><br \/>\n<span style=\"color: #008000;\"><strong>- soit du texte (par exemple A1,A2,A3,A4 , B1,C1,D1,...) <\/strong><\/span><br \/>\n<span style=\"color: #008000;\"><strong>- soit un nombre (par exemple B2,B3,B4,...)<\/strong><\/span><br \/>\n<span style=\"color: #008000;\"><strong>- soit une formule commen\u00e7ant par = (par exemple G2)<\/strong><\/span><\/p>\n<p>La formule sera $=(B2 + C2 + D2 + E2 + F2)\/5$ ou $=moyenne(B2:F2)$<\/p>\n<p>On peut taper la formule correspondante dans les cellules G3 et G4 ou copier le contenu de la cellule G2 dans G3 et G4.<\/p>\n<p>(pour cela, s\u00e9lectionner la zone de G3 \u00e0 G4 et utiliser la commande \" recopier vers le bas\")<\/p>\n<p>On peut aussi mettre la souris au coin bas droit\u00a0 de la case G2, elle se transforme en petite croix noire et on peut alors en tirant cette croix recopier la formule situ\u00e9e dans G2 en G3 et G4<\/p>\n<p><strong><span style=\"color: #ff0000;\">Application 1 :<\/span><\/strong><\/p>\n<p>Sur la ligne 5 du tableau, calculer la moyenne des devoirs n\u00b0 1 \u00e0 n\u00b0 5.<br \/>\n\n<table id=\"tablepress-4\" class=\"tablepress tablepress-id-4\">\n<thead>\n<tr class=\"row-1\">\n\t<td class=\"column-1\"><\/td><th class=\"column-2\">A<\/th><th class=\"column-3\">B<\/th><th class=\"column-4\">C<\/th><th class=\"column-5\">D<\/th><th class=\"column-6\">E<\/th><th class=\"column-7\">F<\/th><th class=\"column-8\">G<\/th>\n<\/tr>\n<\/thead>\n<tbody class=\"row-striping row-hover\">\n<tr class=\"row-2\">\n\t<td class=\"column-1\">1<\/td><td class=\"column-2\">Coefficient<\/td><td class=\"column-3\"><\/td><td class=\"column-4\"><\/td><td class=\"column-5\"><\/td><td class=\"column-6\"><\/td><td class=\"column-7\"><\/td><td class=\"column-8\"><\/td>\n<\/tr>\n<tr class=\"row-3\">\n\t<td class=\"column-1\">2<\/td><td class=\"column-2\">Devoirs<\/td><td class=\"column-3\">n\u00b01<\/td><td class=\"column-4\">n\u00b02<\/td><td class=\"column-5\">n\u00b03<\/td><td class=\"column-6\">n\u00b04<\/td><td class=\"column-7\">n\u00b05<\/td><td class=\"column-8\">Moyenne<\/td>\n<\/tr>\n<tr class=\"row-4\">\n\t<td class=\"column-1\">3<\/td><td class=\"column-2\">El\u00e8ve A<\/td><td class=\"column-3\">20<\/td><td class=\"column-4\">15<\/td><td class=\"column-5\">11<\/td><td class=\"column-6\">17<\/td><td class=\"column-7\">13<\/td><td class=\"column-8\"><\/td>\n<\/tr>\n<tr class=\"row-5\">\n\t<td class=\"column-1\">4<\/td><td class=\"column-2\">El\u00e8ve B<\/td><td class=\"column-3\">3<\/td><td class=\"column-4\">11<\/td><td class=\"column-5\">7<\/td><td class=\"column-6\">8<\/td><td class=\"column-7\">12<\/td><td class=\"column-8\"><\/td>\n<\/tr>\n<tr class=\"row-6\">\n\t<td class=\"column-1\">5<\/td><td class=\"column-2\">El\u00e8ve C<\/td><td class=\"column-3\">7<\/td><td class=\"column-4\">12<\/td><td class=\"column-5\">4<\/td><td class=\"column-6\">10<\/td><td class=\"column-7\">8<\/td><td class=\"column-8\"><\/td>\n<\/tr>\n<\/tbody>\n<\/table>\n<!-- #tablepress-4 from cache --><\/p>\n<p><span style=\"color: #ff0000;\"><strong>Application 2 :<\/strong><\/span><\/p>\n<p>Le professeur fera ins\u00e9rer une ligne et y introduire des coefficients. Il fera calculer des moyennes pond\u00e9r\u00e9es.<\/p>\n<p><strong><span style=\"color: #ff0000;\"><em>Extrait Brochure 4\u00e8me IPR Acad\u00e9mie de Martinique<\/em><\/span><\/strong><\/p>\n<p><span style=\"color: #ff0000;\"><strong>Activit\u00e9 2 : \u00a0Tableur<br \/>\n<span style=\"color: #008000;\">Objectif : Savoir analyser et repr\u00e9senter au mieux des r\u00e9sultats statistiques<\/span><\/strong><\/span><\/p>\n<p>On donne dans le tableau suivant une s\u00e9rie de notes :<\/p>\n<p>\n<table id=\"tablepress-21\" class=\"tablepress tablepress-id-21\">\n<thead>\n<tr class=\"row-1\">\n\t<th class=\"column-1\">Notes<\/th><th class=\"column-2\">8<\/th><th class=\"column-3\">9<\/th><th class=\"column-4\">10<\/th><th class=\"column-5\">11<\/th><th class=\"column-6\">15<\/th>\n<\/tr>\n<\/thead>\n<tbody class=\"row-striping row-hover\">\n<tr class=\"row-2\">\n\t<td class=\"column-1\">Effectif<\/td><td class=\"column-2\">2<\/td><td class=\"column-3\">2<\/td><td class=\"column-4\">1<\/td><td class=\"column-5\">2<\/td><td class=\"column-6\">3<\/td>\n<\/tr>\n<\/tbody>\n<\/table>\n<!-- #tablepress-21 from cache --><br \/>\nEn utilisant uniquement le tableur et en gardant toujours l'effectif total \u00e9gal \u00e0 $10$<\/p>\n<ol>\n<li>Calculer la moyenne et donner une note m\u00e9diane.<\/li>\n<li>Changer la ligne des effectifs pour avoir une note m\u00e9diane de $9,5$. Lire alors la nouvelle moyenne.<\/li>\n<li>Changer la ligne des effectifs pour avoir une note moyenne de $13$.<br \/>\nDonner $2$ cas.<\/li>\n<li>Changer la ligne des effectifs pour avoir une note moyenne entre $9,5$ et $10$<\/li>\n<li>Changer la ligne des effectifs pour avoir une note m\u00e9diane de $10,5$ et une note moyenne de $11,4$<\/li>\n<\/ol>\n","protected":false},"excerpt":{"rendered":"<p>Activit\u00e9 1 : \u00a0Tableur\u00a0\u00a0\u00a0 \u00a0 \u00a0 \u00a0 \u00a0 \u00a0 \u00a0 \u00a0 \u00a0 \u00a0 \u00a0 \u00a0 \u00a0 \u00a0 \u00a0 \u00a0\u00a0 Objectif : prise en main technique. Sur l'ordinateur, dans cette feuille de calcul, on consid\u00e8re le tableau suivant A B C D E F G H 1 Devoirs n\u00b01 n\u00b02 n\u00b03 n\u00b04 n\u00b05 Moyenne 2 El\u00e8ve &hellip; <a href=\"https:\/\/www.mathnique.com\/site\/utilisation-dun-tableur-en-4eme\/\" class=\"more-link\">Continuer la lecture<span class=\"screen-reader-text\"> de &laquo;&nbsp;Utilisation d'un tableur en 4\u00e8me&nbsp;&raquo;<\/span><\/a><\/p>\n","protected":false},"author":1,"featured_media":0,"parent":0,"menu_order":0,"comment_status":"closed","ping_status":"closed","template":"","meta":{"_monsterinsights_skip_tracking":false,"_monsterinsights_sitenote_active":false,"_monsterinsights_sitenote_note":"","_monsterinsights_sitenote_category":0,"footnotes":""},"class_list":["post-1319","page","type-page","status-publish","hentry"],"_links":{"self":[{"href":"https:\/\/www.mathnique.com\/site\/wp-json\/wp\/v2\/pages\/1319","targetHints":{"allow":["GET"]}}],"collection":[{"href":"https:\/\/www.mathnique.com\/site\/wp-json\/wp\/v2\/pages"}],"about":[{"href":"https:\/\/www.mathnique.com\/site\/wp-json\/wp\/v2\/types\/page"}],"author":[{"embeddable":true,"href":"https:\/\/www.mathnique.com\/site\/wp-json\/wp\/v2\/users\/1"}],"replies":[{"embeddable":true,"href":"https:\/\/www.mathnique.com\/site\/wp-json\/wp\/v2\/comments?post=1319"}],"version-history":[{"count":9,"href":"https:\/\/www.mathnique.com\/site\/wp-json\/wp\/v2\/pages\/1319\/revisions"}],"predecessor-version":[{"id":2877,"href":"https:\/\/www.mathnique.com\/site\/wp-json\/wp\/v2\/pages\/1319\/revisions\/2877"}],"wp:attachment":[{"href":"https:\/\/www.mathnique.com\/site\/wp-json\/wp\/v2\/media?parent=1319"}],"curies":[{"name":"wp","href":"https:\/\/api.w.org\/{rel}","templated":true}]}}