{"id":1323,"date":"2017-04-15T15:48:39","date_gmt":"2017-04-15T13:48:39","guid":{"rendered":"http:\/\/www2.mathnique.com\/site\/?page_id=1323"},"modified":"2017-04-15T17:02:11","modified_gmt":"2017-04-15T15:02:11","slug":"utilisation-du-grapher","status":"publish","type":"page","link":"https:\/\/www.mathnique.com\/site\/utilisation-du-grapher\/","title":{"rendered":"Utilisation du grapheur"},"content":{"rendered":"<ul>\n<li><span style=\"color: #ff0000;\"><strong>Diagramme en b\u00e2tons<\/strong><\/span><br \/>\nSur l'ordinateur, dans cette feuille de calcul, on consid\u00e8re le tableau suivant :<\/p>\n<table width=\"767.0\" cellspacing=\"0\" cellpadding=\"0\">\n<tbody>\n<tr>\n<td valign=\"middle\"><\/td>\n<td valign=\"middle\">A<\/td>\n<td valign=\"middle\">B<\/td>\n<td valign=\"middle\">C<\/td>\n<td valign=\"middle\">D<\/td>\n<td valign=\"middle\">E<\/td>\n<td valign=\"middle\">F<\/td>\n<td valign=\"middle\">G<\/td>\n<td valign=\"middle\">H<\/td>\n<\/tr>\n<tr>\n<td valign=\"middle\">1<\/td>\n<td valign=\"middle\">Devoirs<\/td>\n<td valign=\"middle\">n\u00b01<\/td>\n<td valign=\"middle\">n\u00b02<\/td>\n<td valign=\"middle\">n\u00b03<\/td>\n<td valign=\"middle\">n\u00b04<\/td>\n<td valign=\"middle\">n\u00b05<\/td>\n<td valign=\"middle\"><\/td>\n<td valign=\"middle\"><\/td>\n<\/tr>\n<tr>\n<td valign=\"middle\">2<\/td>\n<td valign=\"middle\">El\u00e8ve A<\/td>\n<td valign=\"middle\">20<\/td>\n<td valign=\"middle\">15<\/td>\n<td valign=\"middle\">11<\/td>\n<td valign=\"middle\">17<\/td>\n<td valign=\"middle\">13<\/td>\n<td valign=\"middle\"><\/td>\n<td valign=\"middle\"><\/td>\n<\/tr>\n<tr>\n<td valign=\"middle\">3<\/td>\n<td valign=\"middle\">El\u00e8ve B<\/td>\n<td valign=\"middle\">3<\/td>\n<td valign=\"middle\">11<\/td>\n<td valign=\"middle\">7<\/td>\n<td valign=\"middle\">8<\/td>\n<td valign=\"middle\">12<\/td>\n<td valign=\"middle\"><\/td>\n<td valign=\"middle\"><\/td>\n<\/tr>\n<tr>\n<td valign=\"middle\">4<\/td>\n<td valign=\"middle\">El\u00e8ve C<\/td>\n<td valign=\"middle\">7<\/td>\n<td valign=\"middle\">12<\/td>\n<td valign=\"middle\">4<\/td>\n<td valign=\"middle\">10<\/td>\n<td valign=\"middle\">8<\/td>\n<td valign=\"middle\"><\/td>\n<td valign=\"middle\"><\/td>\n<\/tr>\n<\/tbody>\n<\/table>\n<p>&nbsp;<\/p>\n<p>En utilisant un grapheur, r\u00e9aliser un diagramme en b\u00e2tons repr\u00e9sentant les notes de l'\u00e9l\u00e8ve A.<\/p>\n<p>Par exemple, en utilisant Microsoft Excel 97, suivez les indications suivantes :<\/p>\n<p>S\u00e9lectionner la zone rectangulaire A1:F2<\/p>\n<p>Cliquer sur le bouton Assistant graphique ou passer par le menu Insertion Graphique<\/p>\n<p><span style=\"color: #ff0000;\"><em>Etape 1 :<\/em><\/span><\/p>\n<p>Choisir le format graphique histogramme<\/p>\n<p>Suivant<\/p>\n<p><em><span style=\"color: #ff0000;\">Etape 2 :<\/span><\/em><\/p>\n<p>V\u00e9rifier que la plage des donn\u00e9es est bien $\\$A\\$1:\\$F\\$2$ et que la s\u00e9rie des donn\u00e9es est en ligne.<\/p>\n<p>Suivant<\/p>\n<p><em><span style=\"color: #ff0000;\">Etape 3 :<\/span><\/em><\/p>\n<p>Titre du graphique : Diagramme en b\u00e2tons de l'\u00e9l\u00e8ve A<\/p>\n<p>Axe des abscisses(X) : Num\u00e9ros des devoirs<\/p>\n<p>Axe des ordonn\u00e9es(Y) : Notes<\/p>\n<p>Suivant<\/p>\n<p><span style=\"color: #ff0000;\"><em>Etape 4 :<\/em><\/span><\/p>\n<p>Ins\u00e9rer le graphique en tant qu'objet dans la feuille de calcul<\/p>\n<p>Le professeur fera l'\u00e9l\u00e8ve \u00e9tudier la pertinence d'autres formats graphiques en revenant \u00e0 l'\u00e9tape 1<\/p>\n<p><span style=\"color: #ff0000;\">Application n\u00b01 :<\/span><\/p>\n<p>Faire un diagramme en b\u00e2tons des notes de l'\u00e9l\u00e8ve B<\/li>\n<li><span style=\"color: #ff0000;\"><strong>Diagramme circulaire<\/strong><\/span><br \/>\n1\u00b0) R\u00e9aliser \u00e0 l'aide d'un grapheur, un diagramme circulaire concernant le recensement des DOM en 1982 et 1990 \u00e0 partir de la feuille de calcul suivante :<\/p>\n<table cellspacing=\"0\" cellpadding=\"0\">\n<tbody>\n<tr>\n<td valign=\"middle\"><\/td>\n<td valign=\"middle\">A<\/td>\n<td valign=\"middle\">B<\/td>\n<td valign=\"middle\">C<\/td>\n<td valign=\"middle\">D<\/td>\n<\/tr>\n<tr>\n<td valign=\"middle\">1<\/td>\n<td valign=\"middle\">Recensement<\/td>\n<td valign=\"middle\">1982<\/td>\n<td valign=\"middle\">1990<\/td>\n<td valign=\"middle\">1998<\/td>\n<\/tr>\n<tr>\n<td valign=\"middle\">2<\/td>\n<td valign=\"middle\">Guadeloupe<\/td>\n<td valign=\"middle\">328 400<\/td>\n<td valign=\"middle\">386 600<\/td>\n<td valign=\"middle\">421 632<\/td>\n<\/tr>\n<tr>\n<td valign=\"middle\">3<\/td>\n<td valign=\"middle\">Guyane<\/td>\n<td valign=\"middle\">73 000<\/td>\n<td valign=\"middle\">114 900<\/td>\n<td valign=\"middle\">157 274<\/td>\n<\/tr>\n<tr>\n<td valign=\"middle\">4<\/td>\n<td valign=\"middle\">Martinique<\/td>\n<td valign=\"middle\">328 600<\/td>\n<td valign=\"middle\">359 800<\/td>\n<td valign=\"middle\">381 500<\/td>\n<\/tr>\n<tr>\n<td valign=\"middle\">5<\/td>\n<td valign=\"middle\">R\u00e9union<\/td>\n<td valign=\"middle\">515 800<\/td>\n<td valign=\"middle\">596 600<\/td>\n<td valign=\"middle\">705 000<\/td>\n<\/tr>\n<\/tbody>\n<\/table>\n<p>Par exemple, en utilisant Microsoft Excel , suivez les indications suivantes :<\/p>\n<p>S\u00e9lectionner la zone rectangulaire A2:B5<\/p>\n<p>Cliquer sur le bouton Assistant Graphique ou passer par le menu Insertion Graphique<\/p>\n<p><em><span style=\"color: #ff0000;\">Etape 1 :<\/span><\/em><\/p>\n<p>Choisir le format graphique Secteurs<\/p>\n<p>Suivant<\/p>\n<p><em><span style=\"color: #ff0000;\">Etape 2 :<\/span><\/em><\/p>\n<p>V\u00e9rifier que la plage des donn\u00e9es est bien $A$2:$B$5 et que la s\u00e9rie des donn\u00e9es est en colonne<\/p>\n<p>Suivant<\/p>\n<p><em><span style=\"color: #ff0000;\">Etape 3 :<\/span><\/em><\/p>\n<p>Titre du graphique : Recensement DOM 1982<\/p>\n<p>L\u00e9gende : afficher la l\u00e9gende<\/p>\n<p>Etiquette de donn\u00e9es : afficher \u00e9tiquette et pourcentage.<\/p>\n<p>Suivant<\/p>\n<p><span style=\"color: #ff0000;\"><em>Etape 4 :<\/em><\/span><\/p>\n<p>Ins\u00e9rer le graphique en tant qu'objet dans la feuille de calcul.<\/p>\n<p><img loading=\"lazy\" decoding=\"async\" class=\"size-medium wp-image-1347 aligncenter\" src=\"http:\/\/www2.mathnique.com\/site\/wp-content\/uploads\/2017\/04\/grapheur2-1-300x178.png\" alt=\"\" width=\"300\" height=\"178\" srcset=\"https:\/\/www.mathnique.com\/site\/wp-content\/uploads\/2017\/04\/grapheur2-1-300x178.png 300w, https:\/\/www.mathnique.com\/site\/wp-content\/uploads\/2017\/04\/grapheur2-1-768x456.png 768w, https:\/\/www.mathnique.com\/site\/wp-content\/uploads\/2017\/04\/grapheur2-1.png 872w\" sizes=\"auto, (max-width: 300px) 85vw, 300px\" \/><\/p>\n<p>2\u00b0) R\u00e9aliser un autre diagramme circulaire concernant cette fois le recensement des DOM en 1990.<\/p>\n<p>Vous devriez obtenir le diagramme circulaire suivant :<br \/>\n<img loading=\"lazy\" decoding=\"async\" class=\"size-medium wp-image-1343 aligncenter\" src=\"http:\/\/www2.mathnique.com\/site\/wp-content\/uploads\/2017\/04\/grapheur3-300x179.png\" alt=\"\" width=\"300\" height=\"179\" srcset=\"https:\/\/www.mathnique.com\/site\/wp-content\/uploads\/2017\/04\/grapheur3-300x179.png 300w, https:\/\/www.mathnique.com\/site\/wp-content\/uploads\/2017\/04\/grapheur3-768x458.png 768w, https:\/\/www.mathnique.com\/site\/wp-content\/uploads\/2017\/04\/grapheur3.png 872w\" sizes=\"auto, (max-width: 300px) 85vw, 300px\" \/><\/p>\n<p>Attention, il faudra s\u00e9lectionner uniquement la zone A2:A5 puis la zone C2:C5 en appuyant sur la touche CRTL afin de s\u00e9lectionner la plage de donn\u00e9es ad\u00e9quate.<\/p>\n<p>3\u00b0) R\u00e9aliser un autre diagramme circulaire concernant cette fois le recensement des DOM en 1998.<\/p>\n<p>4\u00b0) Quelles conclusions peut-on tirer de l'observation de ces trois diagrammes circulaires ?<i>\u00a0<\/i><\/li>\n<li><strong><span style=\"color: #ff0000;\">Diagramme semi-circulaire<\/span><\/strong><br \/>\nA partir de la feuille de calcul suivante, \u00e0 l'aide d'un grapheur, r\u00e9aliser un diagramme semi-circulaire o\u00f9 l'on voit de la gauche vers la droite les formations suivantes :<\/p>\n<p>MIM, BPM, PPM, PS et UNION<\/p>\n<table width=\"767.0\" cellspacing=\"0\" cellpadding=\"0\">\n<tbody>\n<tr>\n<td valign=\"middle\">&nbsp;<\/td>\n<td valign=\"middle\">A<\/td>\n<td valign=\"middle\">B<\/td>\n<\/tr>\n<tr>\n<td valign=\"middle\">1<\/td>\n<td valign=\"middle\">Elections R\u00e9gionales Martinique 1998<\/td>\n<td valign=\"middle\">Nombre de si\u00e8ges<\/td>\n<\/tr>\n<tr>\n<td valign=\"middle\">2<\/td>\n<td valign=\"middle\">MIM<\/td>\n<td valign=\"middle\">13<\/td>\n<\/tr>\n<tr>\n<td valign=\"middle\">3<\/td>\n<td valign=\"middle\">BPM<\/td>\n<td valign=\"middle\">4<\/td>\n<\/tr>\n<tr>\n<td valign=\"middle\">4<\/td>\n<td valign=\"middle\">PPM<\/td>\n<td valign=\"middle\">7<\/td>\n<\/tr>\n<tr>\n<td valign=\"middle\">5<\/td>\n<td valign=\"middle\">PS<\/td>\n<td valign=\"middle\">4<\/td>\n<\/tr>\n<tr>\n<td valign=\"middle\">6<\/td>\n<td valign=\"middle\">UNION<\/td>\n<td valign=\"middle\">14<\/td>\n<\/tr>\n<tr>\n<td valign=\"middle\">7<\/td>\n<td valign=\"middle\">Total des si\u00e8ges<\/td>\n<td valign=\"middle\">42<\/td>\n<\/tr>\n<\/tbody>\n<\/table>\n<p>&nbsp;<\/p>\n<p>Pour tracer un diagramme semi-circulaire avec un grapheur qui n'offre que le type secteurs, il suffit de mettre dans la cellule A7 un intitul\u00e9 \"Total des si\u00e8ges \"\u00a0 et en B7 le nombre total. L'id\u00e9e est de construire un diagramme circulaire o\u00f9 le secteur repr\u00e9sentant le total est transparent.<\/p>\n<p>On proc\u00e8de comme pr\u00e9c\u00e9demment avec le type secteurs.<\/p>\n<p><img loading=\"lazy\" decoding=\"async\" class=\"size-medium wp-image-1348 aligncenter\" src=\"http:\/\/www2.mathnique.com\/site\/wp-content\/uploads\/2017\/04\/grapheur4-300x179.png\" alt=\"\" width=\"300\" height=\"179\" srcset=\"https:\/\/www.mathnique.com\/site\/wp-content\/uploads\/2017\/04\/grapheur4-300x179.png 300w, https:\/\/www.mathnique.com\/site\/wp-content\/uploads\/2017\/04\/grapheur4-768x457.png 768w, https:\/\/www.mathnique.com\/site\/wp-content\/uploads\/2017\/04\/grapheur4.png 870w\" sizes=\"auto, (max-width: 300px) 85vw, 300px\" \/><\/p>\n<p>Une fois le graphique inclus dans la feuille, il faut d'abord positionner le secteur total \"en bas\" puis rendre transparent ce secteur en proc\u00e9dant comme suit :<\/p>\n<p>1\u00b0) S\u00e9lectionner uniquement le camembert et cliquer deux fois dessus.<\/p>\n<p>Dans la fen\u00eatre Format de s\u00e9ries de donn\u00e9es, choisir l'onglet Options : mettre l'angle du 1er secteur \u00e0 270\u00b0 (ce qui positionne la partie \"total\" au bas du camembert)<\/p>\n<p>Choisir l'onglet Etiquettes de donn\u00e9es : afficher les \u00e9tiquettes.<\/p>\n<p>Fermer cette fen\u00eatre.<\/p>\n<p><img loading=\"lazy\" decoding=\"async\" class=\"size-medium wp-image-1349 aligncenter\" src=\"http:\/\/www2.mathnique.com\/site\/wp-content\/uploads\/2017\/04\/grapheur5-300x178.png\" alt=\"\" width=\"300\" height=\"178\" srcset=\"https:\/\/www.mathnique.com\/site\/wp-content\/uploads\/2017\/04\/grapheur5-300x178.png 300w, https:\/\/www.mathnique.com\/site\/wp-content\/uploads\/2017\/04\/grapheur5-768x454.png 768w, https:\/\/www.mathnique.com\/site\/wp-content\/uploads\/2017\/04\/grapheur5.png 872w\" sizes=\"auto, (max-width: 300px) 85vw, 300px\" \/><\/p>\n<p>2\u00b0) Double-Cliquer ensuite uniquement sur le secteur repr\u00e9sentant le total des si\u00e8ges.<\/p>\n<p>Une fen\u00eatre s'ouvre :<\/p>\n<p>Choisir l'onglet Motifs et mettre : aucune bordure et aucune aire.<\/p>\n<p>Choisir l'onglet Etiquette de donn\u00e9es et mettre : aucune<\/p>\n<p><img loading=\"lazy\" decoding=\"async\" class=\"size-medium wp-image-1350 aligncenter\" src=\"http:\/\/www2.mathnique.com\/site\/wp-content\/uploads\/2017\/04\/grapheur6-300x297.png\" alt=\"\" width=\"300\" height=\"297\" srcset=\"https:\/\/www.mathnique.com\/site\/wp-content\/uploads\/2017\/04\/grapheur6-300x297.png 300w, https:\/\/www.mathnique.com\/site\/wp-content\/uploads\/2017\/04\/grapheur6-150x150.png 150w, https:\/\/www.mathnique.com\/site\/wp-content\/uploads\/2017\/04\/grapheur6-768x760.png 768w, https:\/\/www.mathnique.com\/site\/wp-content\/uploads\/2017\/04\/grapheur6-1024x1013.png 1024w, https:\/\/www.mathnique.com\/site\/wp-content\/uploads\/2017\/04\/grapheur6.png 1134w\" sizes=\"auto, (max-width: 300px) 85vw, 300px\" \/><\/li>\n<\/ul>\n","protected":false},"excerpt":{"rendered":"<p>Diagramme en b\u00e2tons Sur l'ordinateur, dans cette feuille de calcul, on consid\u00e8re le tableau suivant : A B C D E F G H 1 Devoirs n\u00b01 n\u00b02 n\u00b03 n\u00b04 n\u00b05 2 El\u00e8ve A 20 15 11 17 13 3 El\u00e8ve B 3 11 7 8 12 4 El\u00e8ve C 7 12 4 10 8 &hellip; <a href=\"https:\/\/www.mathnique.com\/site\/utilisation-du-grapher\/\" class=\"more-link\">Continuer la lecture<span class=\"screen-reader-text\"> de &laquo;&nbsp;Utilisation du grapheur&nbsp;&raquo;<\/span><\/a><\/p>\n","protected":false},"author":1,"featured_media":0,"parent":0,"menu_order":0,"comment_status":"closed","ping_status":"closed","template":"","meta":{"_monsterinsights_skip_tracking":false,"_monsterinsights_sitenote_active":false,"_monsterinsights_sitenote_note":"","_monsterinsights_sitenote_category":0,"footnotes":""},"class_list":["post-1323","page","type-page","status-publish","hentry"],"_links":{"self":[{"href":"https:\/\/www.mathnique.com\/site\/wp-json\/wp\/v2\/pages\/1323","targetHints":{"allow":["GET"]}}],"collection":[{"href":"https:\/\/www.mathnique.com\/site\/wp-json\/wp\/v2\/pages"}],"about":[{"href":"https:\/\/www.mathnique.com\/site\/wp-json\/wp\/v2\/types\/page"}],"author":[{"embeddable":true,"href":"https:\/\/www.mathnique.com\/site\/wp-json\/wp\/v2\/users\/1"}],"replies":[{"embeddable":true,"href":"https:\/\/www.mathnique.com\/site\/wp-json\/wp\/v2\/comments?post=1323"}],"version-history":[{"count":7,"href":"https:\/\/www.mathnique.com\/site\/wp-json\/wp\/v2\/pages\/1323\/revisions"}],"predecessor-version":[{"id":1351,"href":"https:\/\/www.mathnique.com\/site\/wp-json\/wp\/v2\/pages\/1323\/revisions\/1351"}],"wp:attachment":[{"href":"https:\/\/www.mathnique.com\/site\/wp-json\/wp\/v2\/media?parent=1323"}],"curies":[{"name":"wp","href":"https:\/\/api.w.org\/{rel}","templated":true}]}}