{"id":1372,"date":"2017-04-15T18:07:25","date_gmt":"2017-04-15T16:07:25","guid":{"rendered":"http:\/\/www2.mathnique.com\/site\/?page_id=1372"},"modified":"2021-02-27T17:17:13","modified_gmt":"2021-02-27T16:17:13","slug":"la-basilique-de-balata","status":"publish","type":"page","link":"https:\/\/www.mathnique.com\/site\/la-basilique-de-balata\/","title":{"rendered":"La Basilique de Balata"},"content":{"rendered":"\n<p>La Basilique de Balata est une \u00e9glise qui a \u00e9t\u00e9 construite .  <br><strong><span class=\"has-inline-color has-bright-red-color\">Qu'y a -t-il de commun avec la Basilique de Montmartre ?<\/span><\/strong><\/p>\n\n\n\n<ul class=\"wp-block-list\"><li><strong>Une id\u00e9e fausse est qu'elle serait une r\u00e9plique de la Basilique de Montmartre.<\/strong><ul><li>Ce n'est pas juste : Regardez bien : Elles ont l'air de se ressembler mais l'une n'est pas l'homoth\u00e9tique de l'autre !!!<\/li><li>La Basilique de Balata<br><img loading=\"lazy\" decoding=\"async\" width=\"600\" height=\"453\" class=\"wp-image-3411\" style=\"width: 600px;\" src=\"http:\/\/www.mathnique.com\/site\/wp-content\/uploads\/2021\/02\/basiliquebalata.png\" alt=\"\" srcset=\"https:\/\/www.mathnique.com\/site\/wp-content\/uploads\/2021\/02\/basiliquebalata.png 1094w, https:\/\/www.mathnique.com\/site\/wp-content\/uploads\/2021\/02\/basiliquebalata-300x227.png 300w, https:\/\/www.mathnique.com\/site\/wp-content\/uploads\/2021\/02\/basiliquebalata-1024x773.png 1024w, https:\/\/www.mathnique.com\/site\/wp-content\/uploads\/2021\/02\/basiliquebalata-768x580.png 768w\" sizes=\"auto, (max-width: 600px) 85vw, 600px\" \/><br><\/li><li> La maquette de la Basilique de Balata<br><br><img loading=\"lazy\" decoding=\"async\" width=\"600\" height=\"431\" class=\"wp-image-3412\" style=\"width: 600px;\" src=\"http:\/\/www.mathnique.com\/site\/wp-content\/uploads\/2021\/02\/basiliquebalatamaquette.png\" alt=\"\" srcset=\"https:\/\/www.mathnique.com\/site\/wp-content\/uploads\/2021\/02\/basiliquebalatamaquette.png 1290w, https:\/\/www.mathnique.com\/site\/wp-content\/uploads\/2021\/02\/basiliquebalatamaquette-300x215.png 300w, https:\/\/www.mathnique.com\/site\/wp-content\/uploads\/2021\/02\/basiliquebalatamaquette-1024x735.png 1024w, https:\/\/www.mathnique.com\/site\/wp-content\/uploads\/2021\/02\/basiliquebalatamaquette-768x551.png 768w, https:\/\/www.mathnique.com\/site\/wp-content\/uploads\/2021\/02\/basiliquebalatamaquette-1200x861.png 1200w\" sizes=\"auto, (max-width: 600px) 85vw, 600px\" \/><br><\/li><li>La Basilique de Montmartre \u00e0 Paris<br><br><img loading=\"lazy\" decoding=\"async\" width=\"600\" height=\"449\" class=\"wp-image-3415\" style=\"width: 600px;\" src=\"http:\/\/www.mathnique.com\/site\/wp-content\/uploads\/2021\/02\/basiliquemontmartre.jpg\" alt=\"\" srcset=\"https:\/\/www.mathnique.com\/site\/wp-content\/uploads\/2021\/02\/basiliquemontmartre.jpg 1100w, https:\/\/www.mathnique.com\/site\/wp-content\/uploads\/2021\/02\/basiliquemontmartre-300x225.jpg 300w, https:\/\/www.mathnique.com\/site\/wp-content\/uploads\/2021\/02\/basiliquemontmartre-1024x767.jpg 1024w, https:\/\/www.mathnique.com\/site\/wp-content\/uploads\/2021\/02\/basiliquemontmartre-768x575.jpg 768w\" sizes=\"auto, (max-width: 600px) 85vw, 600px\" \/><br><\/li><li>La maquette de la Basilique de Montmartre<br><img loading=\"lazy\" decoding=\"async\" width=\"600\" height=\"448\" class=\"wp-image-3413\" style=\"width: 600px;\" src=\"http:\/\/www.mathnique.com\/site\/wp-content\/uploads\/2021\/02\/basiliquemontmartremaquette.png\" alt=\"\" srcset=\"https:\/\/www.mathnique.com\/site\/wp-content\/uploads\/2021\/02\/basiliquemontmartremaquette.png 1102w, https:\/\/www.mathnique.com\/site\/wp-content\/uploads\/2021\/02\/basiliquemontmartremaquette-300x224.png 300w, https:\/\/www.mathnique.com\/site\/wp-content\/uploads\/2021\/02\/basiliquemontmartremaquette-1024x764.png 1024w, https:\/\/www.mathnique.com\/site\/wp-content\/uploads\/2021\/02\/basiliquemontmartremaquette-768x573.png 768w\" sizes=\"auto, (max-width: 600px) 85vw, 600px\" \/><\/li><\/ul><\/li><li><\/li><li><\/li><\/ul>\n\n\n\n<p>Tous nos remerciements au Chanoine de la Basilique  Balata : Le P\u00e8re Coulanges qui a permis de photographier certains documents.<\/p>\n","protected":false},"excerpt":{"rendered":"<p>La Basilique de Balata est une \u00e9glise qui a \u00e9t\u00e9 construite . Qu'y a -t-il de commun avec la Basilique de Montmartre ? Une id\u00e9e fausse est qu'elle serait une r\u00e9plique de la Basilique de Montmartre. Ce n'est pas juste : Regardez bien : Elles ont l'air de se ressembler mais l'une n'est pas l'homoth\u00e9tique &hellip; <a href=\"https:\/\/www.mathnique.com\/site\/la-basilique-de-balata\/\" class=\"more-link\">Continuer la lecture<span class=\"screen-reader-text\"> de &laquo;&nbsp;La Basilique de Balata&nbsp;&raquo;<\/span><\/a><\/p>\n","protected":false},"author":1,"featured_media":0,"parent":0,"menu_order":0,"comment_status":"closed","ping_status":"closed","template":"","meta":{"_monsterinsights_skip_tracking":false,"_monsterinsights_sitenote_active":false,"_monsterinsights_sitenote_note":"","_monsterinsights_sitenote_category":0,"footnotes":""},"class_list":["post-1372","page","type-page","status-publish","hentry"],"_links":{"self":[{"href":"https:\/\/www.mathnique.com\/site\/wp-json\/wp\/v2\/pages\/1372","targetHints":{"allow":["GET"]}}],"collection":[{"href":"https:\/\/www.mathnique.com\/site\/wp-json\/wp\/v2\/pages"}],"about":[{"href":"https:\/\/www.mathnique.com\/site\/wp-json\/wp\/v2\/types\/page"}],"author":[{"embeddable":true,"href":"https:\/\/www.mathnique.com\/site\/wp-json\/wp\/v2\/users\/1"}],"replies":[{"embeddable":true,"href":"https:\/\/www.mathnique.com\/site\/wp-json\/wp\/v2\/comments?post=1372"}],"version-history":[{"count":4,"href":"https:\/\/www.mathnique.com\/site\/wp-json\/wp\/v2\/pages\/1372\/revisions"}],"predecessor-version":[{"id":3416,"href":"https:\/\/www.mathnique.com\/site\/wp-json\/wp\/v2\/pages\/1372\/revisions\/3416"}],"wp:attachment":[{"href":"https:\/\/www.mathnique.com\/site\/wp-json\/wp\/v2\/media?parent=1372"}],"curies":[{"name":"wp","href":"https:\/\/api.w.org\/{rel}","templated":true}]}}