{"id":1419,"date":"2017-04-21T17:59:41","date_gmt":"2017-04-21T15:59:41","guid":{"rendered":"http:\/\/www2.mathnique.com\/site\/?page_id=1419"},"modified":"2018-06-23T22:41:14","modified_gmt":"2018-06-23T20:41:14","slug":"annales-bac","status":"publish","type":"page","link":"https:\/\/www.mathnique.com\/site\/annales-bac\/","title":{"rendered":"Annales Bac"},"content":{"rendered":"<p><img loading=\"lazy\" decoding=\"async\" class=\" wp-image-1425 aligncenter\" src=\"http:\/\/www2.mathnique.com\/site\/wp-content\/uploads\/2017\/04\/laureat-300x286.png\" alt=\"\" width=\"163\" height=\"155\" srcset=\"https:\/\/www.mathnique.com\/site\/wp-content\/uploads\/2017\/04\/laureat-300x286.png 300w, https:\/\/www.mathnique.com\/site\/wp-content\/uploads\/2017\/04\/laureat.png 480w\" sizes=\"auto, (max-width: 163px) 85vw, 163px\" \/><\/p>\n<ul>\n<li><strong><span style=\"color: #ff0000;\">Bac C 76 Antilles -Guyane\u00a0<\/span><\/strong>\n<ul>\n<li>Probl\u00e8me (espace vectoriel des polyn\u00f4mes de degr\u00e9 inf\u00e9rieur ou \u00e9gal \u00e0 3, sym\u00e9trie vectorielle, projection vectorielle, cin\u00e9matique, conique) :\u00a0<a href=\"http:\/\/www2.mathnique.com\/site\/wp-content\/uploads\/2017\/04\/bacagC76.pdf\">bacagC76<\/a><\/li>\n<\/ul>\n<\/li>\n<li><span style=\"color: #ff0000;\"><strong>Annales de 1999 \u00e0 2017 :<\/strong><\/span><br \/>\nVous pouvez vous entrainer sur des sujets corrig\u00e9s \u00e0 partir des annales de l'APMEP (Association des Professeurs de Math\u00e9matiques de l'Enseignement Public) :<br \/>\n<a href=\"http:\/\/www.apmep.fr\/-Annales-examens-concours\">http:\/\/www.apmep.fr\/-Annales-examens-concours<\/a><\/li>\n<li><span style=\"color: #ff0000;\"><strong>Bac S 18 - Antilles Guyane<\/strong><\/span>\n<ul>\n<li>Sujet tap\u00e9 par Vincent Tolleron(source www.amep.fr) :\u00a0<a href=\"http:\/\/www.mathnique.com\/site\/wp-content\/uploads\/2018\/06\/S_Antilles_Guyane_19_juin_2018.pdf\">S_Antilles_Guyane_19_juin_2018<\/a><\/li>\n<li>Mon corrig\u00e9 personnel (enseignement obligatoire) :\u00a0<a href=\"http:\/\/www.mathnique.com\/site\/wp-content\/uploads\/2018\/06\/bacSantilles18.pdf\">bacSantilles18<\/a><\/li>\n<\/ul>\n<\/li>\n<li>Bac ES 18 - Antilles Guyane\n<ul>\n<li>Sujet\u00a0tap\u00e9 par Vincent Tolleron(source www.amep.fr) :<a href=\"http:\/\/www.mathnique.com\/site\/wp-content\/uploads\/2018\/06\/ES_Antilles_Guyane_19_juin_2018.pdf\">ES_Antilles_Guyane_19_juin_2018<\/a><\/li>\n<\/ul>\n<\/li>\n<\/ul>\n","protected":false},"excerpt":{"rendered":"<p>Bac C 76 Antilles -Guyane\u00a0 Probl\u00e8me (espace vectoriel des polyn\u00f4mes de degr\u00e9 inf\u00e9rieur ou \u00e9gal \u00e0 3, sym\u00e9trie vectorielle, projection vectorielle, cin\u00e9matique, conique) :\u00a0bacagC76 Annales de 1999 \u00e0 2017 : Vous pouvez vous entrainer sur des sujets corrig\u00e9s \u00e0 partir des annales de l'APMEP (Association des Professeurs de Math\u00e9matiques de l'Enseignement Public) : http:\/\/www.apmep.fr\/-Annales-examens-concours Bac &hellip; <a href=\"https:\/\/www.mathnique.com\/site\/annales-bac\/\" class=\"more-link\">Continuer la lecture<span class=\"screen-reader-text\"> de &laquo;&nbsp;Annales Bac&nbsp;&raquo;<\/span><\/a><\/p>\n","protected":false},"author":1,"featured_media":0,"parent":0,"menu_order":0,"comment_status":"closed","ping_status":"closed","template":"","meta":{"_monsterinsights_skip_tracking":false,"_monsterinsights_sitenote_active":false,"_monsterinsights_sitenote_note":"","_monsterinsights_sitenote_category":0,"footnotes":""},"class_list":["post-1419","page","type-page","status-publish","hentry"],"_links":{"self":[{"href":"https:\/\/www.mathnique.com\/site\/wp-json\/wp\/v2\/pages\/1419","targetHints":{"allow":["GET"]}}],"collection":[{"href":"https:\/\/www.mathnique.com\/site\/wp-json\/wp\/v2\/pages"}],"about":[{"href":"https:\/\/www.mathnique.com\/site\/wp-json\/wp\/v2\/types\/page"}],"author":[{"embeddable":true,"href":"https:\/\/www.mathnique.com\/site\/wp-json\/wp\/v2\/users\/1"}],"replies":[{"embeddable":true,"href":"https:\/\/www.mathnique.com\/site\/wp-json\/wp\/v2\/comments?post=1419"}],"version-history":[{"count":10,"href":"https:\/\/www.mathnique.com\/site\/wp-json\/wp\/v2\/pages\/1419\/revisions"}],"predecessor-version":[{"id":2455,"href":"https:\/\/www.mathnique.com\/site\/wp-json\/wp\/v2\/pages\/1419\/revisions\/2455"}],"wp:attachment":[{"href":"https:\/\/www.mathnique.com\/site\/wp-json\/wp\/v2\/media?parent=1419"}],"curies":[{"name":"wp","href":"https:\/\/api.w.org\/{rel}","templated":true}]}}