{"id":1767,"date":"2017-05-23T23:43:04","date_gmt":"2017-05-23T21:43:04","guid":{"rendered":"http:\/\/www.mathnique.com\/site\/?page_id=1767"},"modified":"2020-11-09T20:58:15","modified_gmt":"2020-11-09T19:58:15","slug":"films","status":"publish","type":"page","link":"https:\/\/www.mathnique.com\/site\/films\/","title":{"rendered":"Films"},"content":{"rendered":"<p><img loading=\"lazy\" decoding=\"async\" class=\"alignnone wp-image-1773 aligncenter\" src=\"http:\/\/www.mathnique.com\/site\/wp-content\/uploads\/2017\/05\/cinema-300x246.png\" alt=\"\" width=\"168\" height=\"138\" srcset=\"https:\/\/www.mathnique.com\/site\/wp-content\/uploads\/2017\/05\/cinema-300x246.png 300w, https:\/\/www.mathnique.com\/site\/wp-content\/uploads\/2017\/05\/cinema.png 346w\" sizes=\"auto, (max-width: 168px) 85vw, 168px\" \/><\/p>\n<ul>\n<li><span style=\"color: #ff0000;\"><strong>L'extraordinaire aventure \u00a0du chiffre\u00a01 :<\/strong><\/span> (film de Plan\u00e8te)<br \/>\n<a href=\"https:\/\/www.youtube.com\/watch?v=kjxPNH8CYVA\">https:\/\/www.youtube.com\/watch?v=kjxPNH8CYVA<\/a><\/li>\n<li>L'histoire tragique du math\u00e9maticien franco-allemand <span style=\"color: #ff0000;\"><strong>Vincent Wolfgang Doblin<\/strong><\/span> fils d'Alfred Doblin \u00e9crivain allemand juif antinazi tr\u00e8s connu pour son c\u00e9l\u00e8bre roman <em>Alexander Platz<\/em>.<br \/>\nVincent Doblin est l'un des trois plus grands probabilistes du 20\u00e8me si\u00e8cle avec Kolmogorov.<\/p>\n<ul>\n<li>Film documentaire <em>La marche al\u00e9atoire du soldat Doblin, parcours d'un combattant (France Culture)<\/em>\u00a0:<br \/>\n<a href=\"https:\/\/www.youtube.com\/watch?v=2id6KyTEpYk\">https:\/\/www.youtube.com\/watch?v=2id6KyTEpYk<\/a><\/li>\n<li><span style=\"color: #000000;\">Film <em>La lettre scell\u00e9e du soldat Doblin<\/em> :<\/span><br \/>\nWolfgang D\u00f6blin, math\u00e9maticien de g\u00e9nie, fils du c\u00e9l\u00e8bre \u00e9crivain Alfred D\u00f6blin (auteur de <em>\"Berlin Alexanderplatz\"<\/em>) avait d\u00fb fuir l'Allemagne en 1933 avec sa famille. Puis, naturalis\u00e9 fran\u00e7ais, il vivra la \"dr\u00f4le de guerre\" comme simple soldat sous le nom de \"Vincent Doblin\" tout en poursuivant ses recherches sur les \"mouvements al\u00e9atoires\" en probabilit\u00e9s. Lors de la capitulation fran\u00e7aise de juin 1940, il pr\u00e9f\u00e9rera se donner la mort \u00e0 la captivit\u00e9 allemande. Un pli cachet\u00e9 avec ses derniers manuscrits ne sera red\u00e9couvert que 60 ans plus tard. Tr\u00e8s en avance sur leur temps, ces travaux ont valeur de testament scientifique. Ils placent Wolfgang D\u00f6blin parmi les grands innovateurs des probabilit\u00e9s modernes<br \/>\n<img loading=\"lazy\" decoding=\"async\" class=\"size-medium wp-image-1776 aligncenter\" src=\"http:\/\/www.mathnique.com\/site\/wp-content\/uploads\/2017\/05\/filmvincentdoblin-208x300.png\" alt=\"\" width=\"208\" height=\"300\" srcset=\"https:\/\/www.mathnique.com\/site\/wp-content\/uploads\/2017\/05\/filmvincentdoblin-208x300.png 208w, https:\/\/www.mathnique.com\/site\/wp-content\/uploads\/2017\/05\/filmvincentdoblin.png 458w\" sizes=\"auto, (max-width: 208px) 85vw, 208px\" \/>Film de 86' sur dvd qui peut \u00eatre achet\u00e9 \u00e0\u00a0<a href=\"http:\/\/www.adav-assoc.com\/\">http:\/\/www.adav-assoc.com\/<\/a><\/li>\n<li><strong><span style=\"color: #ff0000;\">Alan Turing<\/span><\/strong> est, sans aucun doute, l\u2019un des grands esprits scientifiques du XX\u00e8me si\u00e8cle.<br \/>\n<img loading=\"lazy\" decoding=\"async\" class=\"size-full wp-image-1783 aligncenter\" src=\"http:\/\/www.mathnique.com\/site\/wp-content\/uploads\/2017\/05\/AlanTuring.png\" alt=\"\" width=\"178\" height=\"166\" \/>Math\u00e9maticien, h\u00e9ros (longtemps oubli\u00e9) de la Seconde Guerre mondiale, il contribue \u00e0 la victoire des Alli\u00e9s en cassant les codes allemands\u2026 Pionnier de l\u2019informatique, il \u00e9crit quelques uns des premiers programmes informatiques et invente l\u2019id\u00e9e d\u2019intelligence artificielle.<\/p>\n<ul>\n<li>Le documentaire <em>La Dr\u00f4le de guerre d'Alan Turing ou comment les maths ont vaincu Hitler<\/em> :<br \/>\n<a href=\"http:\/\/www.universcience.tv\/video-la-drole-de-guerre-d-alan-turing-7813.html\">http:\/\/www.universcience.tv\/video-la-drole-de-guerre-d-alan-turing-7813.html<br \/>\n<\/a>a obtenu le prix Discovery Award au Science Film Festival 2015 de l'Institut Goethe en Tha\u00eflande.<\/li>\n<li>Le livre <em>Ind\u00e9cence manifeste<\/em> du romancier su\u00e9dois \u00a0David Lagercrantz relate la fin de sa vie :<\/li>\n<\/ul>\n<\/li>\n<li><span style=\"color: #ff0000;\"><strong>Les figures de l'ombre (Hidden figures)<\/strong><\/span><br \/>\nJe vous recommande de\u00a0voir\u00a0ce\u00a0film qui relate le destin extraordinaire de trois scientifiques afro-am\u00e9ricaines qui ont permis aux Etats-Unis de prendre la t\u00eate de la conqu\u00eate spatiale, gr\u00e2ce \u00e0 la mise en orbite de l\u2019astronaute John Glenn.<br \/>\n<img loading=\"lazy\" decoding=\"async\" class=\"size-full wp-image-1625 aligncenter\" src=\"http:\/\/www.mathnique.com\/site\/wp-content\/uploads\/2017\/05\/lesfiguresdelombre.png\" alt=\"\" width=\"264\" height=\"128\" \/><\/p>\n<p>Maintenues dans l\u2019ombre de leurs coll\u00e8gues masculins et dans celle d\u2019un pays en proie \u00e0 de profondes in\u00e9galit\u00e9s au d\u00e9but des ann\u00e9es 1960, leur histoire longtemps rest\u00e9e m\u00e9connue est enfin port\u00e9e \u00e0 l\u2019\u00e9cran.<br \/>\nCes 3\u00a0scientifiques sont interpr\u00e9t\u00e9es par le trio suivant :<br \/>\n-Janelle MONAE( Mary JACKSON)<br \/>\n- Taraji P.HENSON(Katherine G.JOHNSON)<br \/>\n- Octavai SPENCER (Dorothy Vaughan)<\/p>\n<p><img loading=\"lazy\" decoding=\"async\" class=\"size-full wp-image-1626 aligncenter\" src=\"http:\/\/www.mathnique.com\/site\/wp-content\/uploads\/2017\/05\/triolfo.png\" alt=\"\" width=\"123\" height=\"150\" \/><\/p>\n<p><strong><span style=\"color: #008000;\">La math\u00e9maticienne afro-am\u00e9ricaine Katherine Coleman Goble \u00a0 JOHNSON<\/span><\/strong><br \/>\n(26 Ao\u00fbt 1918 - 24 F\u00e9vrier 2020) est d\u00e9c\u00e9d\u00e9e \u00a0\u00e0 l'\u00e2ge de 101 ans.<\/p>\n<p><img loading=\"lazy\" decoding=\"async\" class=\"size-medium wp-image-3041 aligncenter\" src=\"http:\/\/www.mathnique.com\/site\/wp-content\/uploads\/2020\/02\/katherinejohnson-300x158.png\" alt=\"\" width=\"300\" height=\"158\" srcset=\"https:\/\/www.mathnique.com\/site\/wp-content\/uploads\/2020\/02\/katherinejohnson-300x158.png 300w, https:\/\/www.mathnique.com\/site\/wp-content\/uploads\/2020\/02\/katherinejohnson-1024x540.png 1024w, https:\/\/www.mathnique.com\/site\/wp-content\/uploads\/2020\/02\/katherinejohnson-768x405.png 768w, https:\/\/www.mathnique.com\/site\/wp-content\/uploads\/2020\/02\/katherinejohnson-1200x633.png 1200w, https:\/\/www.mathnique.com\/site\/wp-content\/uploads\/2020\/02\/katherinejohnson.png 1244w\" sizes=\"auto, (max-width: 300px) 85vw, 300px\" \/><br \/>\nElle \u00e9tait surnomm\u00e9e l'ordinateur humain.<\/p>\n<p>Elle a eu une carri\u00e8re exceptionnelle et a particip\u00e9 avec toute l'\u00e9quipe des \"femmes calculatrices noires\" aux r\u00e9ussites de la NASA dans les programmes scientifiques concernant les trajectoires des vols spatiaux en particulier la mission Apollo 11 qui d\u00e9posera les deux premiers hommes sur le surface lunaire.<\/p>\n<p>Avec Dorothy VAUGHAN programmatrice informatique et \u00a0Mary JACKSON ing\u00e9nieure en a\u00e9rospatiale, elle a r\u00e9ussi \u00a0non seulement \u00e0 faire int\u00e9grer des femmes et dans le milieu masculin des ing\u00e9nieurs de la NSA, elle a \u00a0aussi fait reculer la s\u00e9gr\u00e9gation \u00e0 l'int\u00e9rieur de cet organisme et a bris\u00e9 les pr\u00e9jug\u00e9s dominants de l'\u00e9poque qui affirmaient que les femmes n'avaient pas d'aptitudes en sciences.<\/p>\n<p>Le film <em>Les figures de l'ombre (Hidden figures)<\/em> retrace cette formidable aventure scientifique.<br \/>\n<img loading=\"lazy\" decoding=\"async\" class=\"size-full wp-image-1626 aligncenter\" src=\"http:\/\/www.mathnique.com\/site\/wp-content\/uploads\/2017\/05\/triolfo.png\" alt=\"\" width=\"123\" height=\"150\" \/>Vous pouvez \u00e9galement trouver une biographie romanc\u00e9e de Mme Katherine JOHNSON par Carole TREBOR dans le livre \"Combien de pas jusqu'\u00e0 la lune\"<\/p>\n<p><img loading=\"lazy\" decoding=\"async\" class=\"size-medium wp-image-3037 aligncenter\" src=\"http:\/\/www.mathnique.com\/site\/wp-content\/uploads\/2020\/02\/katherinejohnson1-218x300.jpg\" alt=\"\" width=\"218\" height=\"300\" srcset=\"https:\/\/www.mathnique.com\/site\/wp-content\/uploads\/2020\/02\/katherinejohnson1-218x300.jpg 218w, https:\/\/www.mathnique.com\/site\/wp-content\/uploads\/2020\/02\/katherinejohnson1-744x1024.jpg 744w, https:\/\/www.mathnique.com\/site\/wp-content\/uploads\/2020\/02\/katherinejohnson1-768x1057.jpg 768w, https:\/\/www.mathnique.com\/site\/wp-content\/uploads\/2020\/02\/katherinejohnson1-1116x1536.jpg 1116w, https:\/\/www.mathnique.com\/site\/wp-content\/uploads\/2020\/02\/katherinejohnson1-1488x2048.jpg 1488w, https:\/\/www.mathnique.com\/site\/wp-content\/uploads\/2020\/02\/katherinejohnson1-1200x1651.jpg 1200w, https:\/\/www.mathnique.com\/site\/wp-content\/uploads\/2020\/02\/katherinejohnson1.jpg 1696w\" sizes=\"auto, (max-width: 218px) 85vw, 218px\" \/><\/p>\n<p>Sources :<\/p>\n<ul>\n<li><em>Reaching for the Moon : The Autobiography of NASA Mathematician Katherine Johnson<\/em><\/li>\n<li><em>Article Katherine Johnson, une femme d'exception - par Anne Bertrand - revue \u00a0Tangente n\u00b0193 - Avril-mai 2020.<\/em><\/li>\n<\/ul>\n<\/li>\n<\/ul>\n<\/li>\n<\/ul>\n","protected":false},"excerpt":{"rendered":"<p>L'extraordinaire aventure \u00a0du chiffre\u00a01 : (film de Plan\u00e8te) https:\/\/www.youtube.com\/watch?v=kjxPNH8CYVA L'histoire tragique du math\u00e9maticien franco-allemand Vincent Wolfgang Doblin fils d'Alfred Doblin \u00e9crivain allemand juif antinazi tr\u00e8s connu pour son c\u00e9l\u00e8bre roman Alexander Platz. Vincent Doblin est l'un des trois plus grands probabilistes du 20\u00e8me si\u00e8cle avec Kolmogorov. Film documentaire La marche al\u00e9atoire du soldat Doblin, parcours &hellip; <a href=\"https:\/\/www.mathnique.com\/site\/films\/\" class=\"more-link\">Continuer la lecture<span class=\"screen-reader-text\"> de &laquo;&nbsp;Films&nbsp;&raquo;<\/span><\/a><\/p>\n","protected":false},"author":1,"featured_media":0,"parent":0,"menu_order":0,"comment_status":"closed","ping_status":"closed","template":"","meta":{"_monsterinsights_skip_tracking":false,"_monsterinsights_sitenote_active":false,"_monsterinsights_sitenote_note":"","_monsterinsights_sitenote_category":0,"footnotes":""},"class_list":["post-1767","page","type-page","status-publish","hentry"],"_links":{"self":[{"href":"https:\/\/www.mathnique.com\/site\/wp-json\/wp\/v2\/pages\/1767","targetHints":{"allow":["GET"]}}],"collection":[{"href":"https:\/\/www.mathnique.com\/site\/wp-json\/wp\/v2\/pages"}],"about":[{"href":"https:\/\/www.mathnique.com\/site\/wp-json\/wp\/v2\/types\/page"}],"author":[{"embeddable":true,"href":"https:\/\/www.mathnique.com\/site\/wp-json\/wp\/v2\/users\/1"}],"replies":[{"embeddable":true,"href":"https:\/\/www.mathnique.com\/site\/wp-json\/wp\/v2\/comments?post=1767"}],"version-history":[{"count":20,"href":"https:\/\/www.mathnique.com\/site\/wp-json\/wp\/v2\/pages\/1767\/revisions"}],"predecessor-version":[{"id":3193,"href":"https:\/\/www.mathnique.com\/site\/wp-json\/wp\/v2\/pages\/1767\/revisions\/3193"}],"wp:attachment":[{"href":"https:\/\/www.mathnique.com\/site\/wp-json\/wp\/v2\/media?parent=1767"}],"curies":[{"name":"wp","href":"https:\/\/api.w.org\/{rel}","templated":true}]}}