{"id":2045,"date":"2017-07-28T00:27:12","date_gmt":"2017-07-27T22:27:12","guid":{"rendered":"http:\/\/www.mathnique.com\/site\/?page_id=2045"},"modified":"2017-07-29T14:12:04","modified_gmt":"2017-07-29T12:12:04","slug":"lage-de-man-tine","status":"publish","type":"page","link":"https:\/\/www.mathnique.com\/site\/lage-de-man-tine\/","title":{"rendered":"L'Age de Man Tine"},"content":{"rendered":"<p><img loading=\"lazy\" decoding=\"async\" class=\" wp-image-2049 aligncenter\" src=\"http:\/\/www.mathnique.com\/site\/wp-content\/uploads\/2017\/07\/CyrilleMarieSainte-218x300.png\" alt=\"\" width=\"115\" height=\"158\" srcset=\"https:\/\/www.mathnique.com\/site\/wp-content\/uploads\/2017\/07\/CyrilleMarieSainte-218x300.png 218w, https:\/\/www.mathnique.com\/site\/wp-content\/uploads\/2017\/07\/CyrilleMarieSainte-768x1056.png 768w, https:\/\/www.mathnique.com\/site\/wp-content\/uploads\/2017\/07\/CyrilleMarieSainte-745x1024.png 745w, https:\/\/www.mathnique.com\/site\/wp-content\/uploads\/2017\/07\/CyrilleMarieSainte.png 1018w\" sizes=\"auto, (max-width: 115px) 85vw, 115px\" \/><em>(En m\u00e9moire de ma grand-m\u00e8re paternelle Mme Marie-Sainte CYRILLE surnomm\u00e9e Man Cicine)<\/em><br \/>\n<span style=\"color: #ff0000;\"><strong>Extraits des num\u00e9ros 1,2,3,4 de la revue \"La feuille scientifique\" de la section Martinique de l'IREM Antilles-Guyane :<\/strong><\/span><\/p>\n<p><em>Man-Tine n'a pas d'\u00e2ge. mais la curiosit\u00e9 sans limite de l'esprit nous fera lui trouver un \u00e2ge diff\u00e9rent \u00e0 chaque \u00e9nigme. Bonne Chance !<\/em><\/p>\n<ul>\n<li>Man-Tine a connu la jeunesse insouciante pendant $14$ ans. Elle a ensuite vendu sn poisson pendant $30$ ans, sa voiture l'a aid\u00e9 pendant $10$ ans. Voil\u00e0 d\u00e9j\u00e0 $25$ans qu'elle poss\u00e8de cette voiture.<br \/>\n<strong>Quel est l'\u00e2ge de Man-Tine ?<\/strong><\/li>\n<li>Man-Tine a eu son premier enfant \u00e0 $30$ ans, le second $2$ ans plus tard. Maintenant la somme des \u00e2ges de ses enfants atteint le sien.<br \/>\n<strong>Quel est l'\u00e2ge de Man-Tine ?<\/strong><\/li>\n<li>Man-Tine m\u00e9rite de prendre sa retraite. Elle est d\u00e9j\u00e0 $4$ fois plus \u00e2g\u00e9e que Pierre et $6$ fois plus que Paul. Il y'a $2$ ans, elle avait $14$ fois l'\u00e2ge du petit Jacques.<br \/>\n<strong>Quel est l'\u00e2ge de Man-Tine ?<\/strong><\/li>\n<li>- J'ai $8$ fois l'\u00e2ge d'un de mes enfants dit le facteur au voisin de Man-Tine.<br \/>\n- Mais quel \u00e2ge ont tes enfants ?<br \/>\n- Je ne m'en souviens pas mais je remarquais l'autre jour que le produit des $3$ est $36$ et la somme le num\u00e9ro de la poissonnerie d'en face.<br \/>\n- Mais il manque une donn\u00e9e !<br \/>\n- C'est exact ! Mon a\u00een\u00e9 p\u00eache d\u00e9j\u00e0 .<br \/>\n<strong>Quel est l'\u00e2ge de Man-Tine ?<\/strong><\/li>\n<li>Si je divise l'ann\u00e9e de naissance de Man-Tine par la moiti\u00e9 de son \u00e2ge, j'obtiens l'\u00e2ge de son fils.<br \/>\n<strong>Quel est l'\u00e2ge de Man-Tine ?<\/strong><\/li>\n<li>Man-Tine est extraordinaire : elle monte encore au cocotier. Bien cal\u00e9e sur l'arbre, elle compte les tiges (\"b\u00fbchette-coco\" et nervure principale). les palmes ont toutes le m\u00eame nombre de tiges : c'est l'\u00e2ge de Man-tine. Au total, il y a $732$ tiges.<br \/>\n<img loading=\"lazy\" decoding=\"async\" class=\"wp-image-2051 aligncenter\" src=\"http:\/\/www.mathnique.com\/site\/wp-content\/uploads\/2017\/07\/cocotier-206x300.png\" alt=\"\" width=\"111\" height=\"162\" srcset=\"https:\/\/www.mathnique.com\/site\/wp-content\/uploads\/2017\/07\/cocotier-206x300.png 206w, https:\/\/www.mathnique.com\/site\/wp-content\/uploads\/2017\/07\/cocotier.png 262w\" sizes=\"auto, (max-width: 111px) 85vw, 111px\" \/><strong>Quel est l'\u00e2ge de Man-Tine ?<\/strong><\/li>\n<li>Mon lyc\u00e9e est fait de b\u00e2timents identiques num\u00e9rot\u00e9s \u00e0 partir de $1$. Les \u00e9tages sont num\u00e9rot\u00e9s \u00e0 partir de $0$(rez de chauss\u00e9e). Chaque \u00e9tage comporte des salles portant des num\u00e9ros dont le chiffre des centaines est le num\u00e9ro du b\u00e2timent, celui des dizaines le num\u00e9ro de l'\u00e9tage; Quant \u00e0 celui des unit\u00e9s il correspond au rang dans l'\u00e9tage \u00e0 partir de $1$. Et moi, depuis la derni\u00e8re salle num\u00e9rot\u00e9e $535$, je vous affirme que ce lyc\u00e9e comporte autant de salles que Man-Tine d'ann\u00e9es.<br \/>\n<strong>Quel est l'\u00e2ge de Man-Tine ?<\/strong><\/li>\n<li>-Si je divise la surface bleue par la surface blanche, j'obtiens l'\u00e2ge de Man-Tine !<br \/>\n- Comment \u00e7a ?<br \/>\n- Oui, j'ai pris une feuille de papier blanche que j'ai pli\u00e9e en deux et pos\u00e9e sur la table, j'ai donc colori\u00e9 la face visible.<br \/>\n- Ca ne fera que un an ! (il y a autant de surface colori\u00e9e que de non colori\u00e9e)<br \/>\n- Non car j'ai fait $6$ fois l'op\u00e9ration.<br \/>\n<strong>Quel est l'\u00e2ge de Man-Tine ?<\/strong><\/li>\n<li>Man-Tine lit avec attention la Bible, et note surtout les num\u00e9ros des pages qu'elle lit. Sa petite manie est de compter le nombre de chiffres $1$ qu'elle a d\u00e9j\u00e0 rencontr\u00e9s. Aujourd'hui elle est dans tous ses \u00e9tats(BonDi\u00e9 la Vi\u00e8g Marie !) : \u00e7a co\u00efncide avec son \u00e2ge \u00e0 la page $177$.<br \/>\n<img loading=\"lazy\" decoding=\"async\" class=\"wp-image-2069 aligncenter\" src=\"http:\/\/www.mathnique.com\/site\/wp-content\/uploads\/2017\/07\/bible-300x214.png\" alt=\"\" width=\"123\" height=\"88\" srcset=\"https:\/\/www.mathnique.com\/site\/wp-content\/uploads\/2017\/07\/bible-300x214.png 300w, https:\/\/www.mathnique.com\/site\/wp-content\/uploads\/2017\/07\/bible.png 508w\" sizes=\"auto, (max-width: 123px) 85vw, 123px\" \/><strong>Quel est l'\u00e2ge de Man-Tine ?<\/strong><\/li>\n<li>Man-Tine a offert autant de livres de cat\u00e9chisme qu'elle a d'ann\u00e9es paires \u00e0 chacun de ses enfants et de ses petits enfants. Claire lui a donn\u00e9 $2$ enfants de plus que Paul et Marie autant que les $2$ r\u00e9unis. On ne comprend pas comment Pierre a pu en avoir $13$. A pas plus de $50$ ans Man-Tine est vraiment tr\u00e8s fi\u00e8re !<br \/>\n<strong>Quel est l'\u00e2ge de Man-Tine ?<\/strong><\/li>\n<li>Man-Tine fait son march\u00e9 avec son petit-fils Roger qui l'attire vers les oranges. Elles sont dispos\u00e9es dans un caissette rectangulaire de la hauteur d'une orange, de la \u00a0largeur de $4$ oranges, de la longueur de $9$ oranges. la marchande a d'abord rempli la caissette puis empiler les oranges dans ls trous jusqu'\u00e0 ce qu'il n'y en ait plus (de trous).<br \/>\n\"Tu vois Man-Tine\" dit Roger, \"\u00e7a fait ton \u00e2ge en oranges\"<br \/>\n<strong>Quel est l'\u00e2ge de Man-Tine ?<\/strong><\/li>\n<li>Man Tine a travaill\u00e9 \u00e0 Fort de France pendant $20$ ans, maintenant Man-Tine est \u00e0 Trinit\u00e9 depuis $15$ ans.<br \/>\n<img loading=\"lazy\" decoding=\"async\" class=\"size-medium wp-image-2070 aligncenter\" src=\"http:\/\/www.mathnique.com\/site\/wp-content\/uploads\/2017\/07\/mantine-300x162.jpg\" alt=\"\" width=\"300\" height=\"162\" srcset=\"https:\/\/www.mathnique.com\/site\/wp-content\/uploads\/2017\/07\/mantine-300x162.jpg 300w, https:\/\/www.mathnique.com\/site\/wp-content\/uploads\/2017\/07\/mantine.jpg 436w\" sizes=\"auto, (max-width: 300px) 85vw, 300px\" \/><strong>Quel est l'\u00e2ge de Man-Tine ?<\/strong><\/li>\n<li>C'est le d\u00e9but de la saison des mangues et Man-Tine f\u00eate son anniversaire. exerc\u00e9e par compte de ses mangues pour le march\u00e9, elle se livre \u00e0 de savants calculs : si je multiplie mon \u00e2ge par lui-m\u00eame et que j'ajoute l'ann\u00e9e o\u00f9 j'ai \u00e9t\u00e9 con\u00e7ue, j'obtiens $100$ fois l'\u00e2ge que j'avais l'an dernier.<br \/>\nLe plus extraordinaire c'est que c'est pareil pour ma petite fille.<br \/>\n<strong>Quel est l'\u00e2ge de Man-Tine ?<\/strong><\/li>\n<li>Si je divise l'ann\u00e9e de naissance de Man-Tine par le quart de son \u00e2ge, j'obtiens la somme de son \u00e2ge et de celui de son fils qu'elle a eu \u00e0 $23$ ans.<br \/>\n<strong>Quel est l'\u00e2ge de Man-Tine ?<\/strong><\/li>\n<li>Quand le petit-fils de Man-Tine est n\u00e9, elle \u00e9tait $2$ fois plus \u00e2g\u00e9e que sa fille. Cette ann\u00e9e $20$ fois l'\u00e2ge de Man-Tine augment\u00e9 de $10$ fois l'\u00e2ge de sa fille et de $8$ fois l'\u00e2ge de son petit-fils nous donnent l'ann\u00e9e de naissance de Man-Tine.<br \/>\nL'ann\u00e9e prochaine , Man-Tine aura $6$ fois l'\u00e2ge de son petit-fils.<br \/>\n<strong>Quel est l'\u00e2ge de Man-Tine ?<\/strong><\/li>\n<li><\/li>\n<\/ul>\n","protected":false},"excerpt":{"rendered":"<p>(En m\u00e9moire de ma grand-m\u00e8re paternelle Mme Marie-Sainte CYRILLE surnomm\u00e9e Man Cicine) Extraits des num\u00e9ros 1,2,3,4 de la revue \"La feuille scientifique\" de la section Martinique de l'IREM Antilles-Guyane : Man-Tine n'a pas d'\u00e2ge. mais la curiosit\u00e9 sans limite de l'esprit nous fera lui trouver un \u00e2ge diff\u00e9rent \u00e0 chaque \u00e9nigme. Bonne Chance ! Man-Tine &hellip; <a href=\"https:\/\/www.mathnique.com\/site\/lage-de-man-tine\/\" class=\"more-link\">Continuer la lecture<span class=\"screen-reader-text\"> de &laquo;&nbsp;L'Age de Man Tine&nbsp;&raquo;<\/span><\/a><\/p>\n","protected":false},"author":1,"featured_media":0,"parent":0,"menu_order":0,"comment_status":"closed","ping_status":"closed","template":"","meta":{"_monsterinsights_skip_tracking":false,"_monsterinsights_sitenote_active":false,"_monsterinsights_sitenote_note":"","_monsterinsights_sitenote_category":0,"footnotes":""},"class_list":["post-2045","page","type-page","status-publish","hentry"],"_links":{"self":[{"href":"https:\/\/www.mathnique.com\/site\/wp-json\/wp\/v2\/pages\/2045","targetHints":{"allow":["GET"]}}],"collection":[{"href":"https:\/\/www.mathnique.com\/site\/wp-json\/wp\/v2\/pages"}],"about":[{"href":"https:\/\/www.mathnique.com\/site\/wp-json\/wp\/v2\/types\/page"}],"author":[{"embeddable":true,"href":"https:\/\/www.mathnique.com\/site\/wp-json\/wp\/v2\/users\/1"}],"replies":[{"embeddable":true,"href":"https:\/\/www.mathnique.com\/site\/wp-json\/wp\/v2\/comments?post=2045"}],"version-history":[{"count":10,"href":"https:\/\/www.mathnique.com\/site\/wp-json\/wp\/v2\/pages\/2045\/revisions"}],"predecessor-version":[{"id":2073,"href":"https:\/\/www.mathnique.com\/site\/wp-json\/wp\/v2\/pages\/2045\/revisions\/2073"}],"wp:attachment":[{"href":"https:\/\/www.mathnique.com\/site\/wp-json\/wp\/v2\/media?parent=2045"}],"curies":[{"name":"wp","href":"https:\/\/api.w.org\/{rel}","templated":true}]}}