{"id":2104,"date":"2017-08-21T18:08:20","date_gmt":"2017-08-21T16:08:20","guid":{"rendered":"http:\/\/www.mathnique.com\/site\/?page_id=2104"},"modified":"2017-08-21T18:47:32","modified_gmt":"2017-08-21T16:47:32","slug":"constructions-a-la-regle-et-au-compas","status":"publish","type":"page","link":"https:\/\/www.mathnique.com\/site\/constructions-a-la-regle-et-au-compas\/","title":{"rendered":"Constructions \u00e0 la r\u00e8gle et au compas"},"content":{"rendered":"<p><img loading=\"lazy\" decoding=\"async\" class=\"size-medium wp-image-2105 aligncenter\" src=\"http:\/\/www.mathnique.com\/site\/wp-content\/uploads\/2017\/08\/regleetcompas--300x300.png\" alt=\"\" width=\"300\" height=\"300\" srcset=\"https:\/\/www.mathnique.com\/site\/wp-content\/uploads\/2017\/08\/regleetcompas--300x300.png 300w, https:\/\/www.mathnique.com\/site\/wp-content\/uploads\/2017\/08\/regleetcompas--150x150.png 150w, https:\/\/www.mathnique.com\/site\/wp-content\/uploads\/2017\/08\/regleetcompas-.png 402w\" sizes=\"auto, (max-width: 300px) 85vw, 300px\" \/><\/p>\n<p>\"<em>La R\u00e8gle Droite , d'un grave port, pleine de majest\u00e9<\/em><br \/>\n<em>Inflexible, observant l'\u00e9quit\u00e9<\/em><br \/>\n<em>...<\/em><br \/>\n<em>Le Compas aussit\u00f4t sur un pied se dressa<\/em><br \/>\n<em>Et de l'autre, en tournant un grand cercle tra\u00e7a.\u00a0<\/em><br \/>\n<em>La r\u00e8gle en fut ravie, et soudain se vint mettre<\/em><br \/>\n<em>Dans le milieu du cercle, et fit le diam\u00e8tre.\u00a0<\/em><br \/>\n<em>Son amant l'embrassa, l'ayant \u00e0 sa merci.<\/em><br \/>\n<em>Tant\u00f4t s'\u00e9largissant, tant\u00f4t raccourci<\/em><br \/>\n<em>El l'on vit na\u00eetre alors de leurs doctes postures<\/em><br \/>\n<em>Triangles et carr\u00e9es et mille autres figures...<\/em>\"<br \/>\n<em><span style=\"color: #ff0000;\"><strong>Les Amours de la R\u00e8gle et du Compas(1641)<\/strong><\/span><\/em><br \/>\n<em><span style=\"color: #ff0000;\"><strong>Charles PERRAULT(1628-1703)<\/strong><\/span><\/em><\/p>\n<ul>\n<li><span style=\"color: #ff0000;\"><strong>Bibliographie :<\/strong><\/span>\n<ul>\n<li>G\u00e9om\u00e9tria del Compasso de l'Abb\u00e9 Lorenzo MASCHERONI (1750 - 1800)<br \/>\n<img loading=\"lazy\" decoding=\"async\" class=\"size-medium wp-image-2111 aligncenter\" src=\"http:\/\/www.mathnique.com\/site\/wp-content\/uploads\/2017\/08\/mascheroni-259x300.png\" alt=\"\" width=\"259\" height=\"300\" srcset=\"https:\/\/www.mathnique.com\/site\/wp-content\/uploads\/2017\/08\/mascheroni-259x300.png 259w, https:\/\/www.mathnique.com\/site\/wp-content\/uploads\/2017\/08\/mascheroni.png 312w\" sizes=\"auto, (max-width: 259px) 85vw, 259px\" \/><br \/>\nTh\u00e9or\u00e8me de Mohr-Mascheroni (1797) :<br \/>\nToute construction faite \u00e0 la r\u00e8gle et au compas peut \u00eatre ex\u00e9cut\u00e9e au compas seulement\u00a0pour peu que l'on convienne qu'une droite est d\u00e9termin\u00e9e une fois qu'on a construit deux de ses points<\/li>\n<li>Th\u00e9orie des Corps - La R\u00e8gle et le Compas - Jean Claude Carrera -Collection Formation des enseignants - Editions Hermann<br \/>\n<img loading=\"lazy\" decoding=\"async\" class=\"size-medium wp-image-2109 aligncenter\" src=\"http:\/\/www.mathnique.com\/site\/wp-content\/uploads\/2017\/08\/theoriedescorps-229x300.png\" alt=\"\" width=\"229\" height=\"300\" srcset=\"https:\/\/www.mathnique.com\/site\/wp-content\/uploads\/2017\/08\/theoriedescorps-229x300.png 229w, https:\/\/www.mathnique.com\/site\/wp-content\/uploads\/2017\/08\/theoriedescorps.png 292w\" sizes=\"auto, (max-width: 229px) 85vw, 229px\" \/><\/li>\n<\/ul>\n<\/li>\n<\/ul>\n","protected":false},"excerpt":{"rendered":"<p>\"La R\u00e8gle Droite , d'un grave port, pleine de majest\u00e9 Inflexible, observant l'\u00e9quit\u00e9 ... Le Compas aussit\u00f4t sur un pied se dressa Et de l'autre, en tournant un grand cercle tra\u00e7a.\u00a0 La r\u00e8gle en fut ravie, et soudain se vint mettre Dans le milieu du cercle, et fit le diam\u00e8tre.\u00a0 Son amant l'embrassa, l'ayant \u00e0 &hellip; <a href=\"https:\/\/www.mathnique.com\/site\/constructions-a-la-regle-et-au-compas\/\" class=\"more-link\">Continuer la lecture<span class=\"screen-reader-text\"> de &laquo;&nbsp;Constructions \u00e0 la r\u00e8gle et au compas&nbsp;&raquo;<\/span><\/a><\/p>\n","protected":false},"author":1,"featured_media":0,"parent":0,"menu_order":0,"comment_status":"closed","ping_status":"closed","template":"","meta":{"_monsterinsights_skip_tracking":false,"_monsterinsights_sitenote_active":false,"_monsterinsights_sitenote_note":"","_monsterinsights_sitenote_category":0,"footnotes":""},"class_list":["post-2104","page","type-page","status-publish","hentry"],"_links":{"self":[{"href":"https:\/\/www.mathnique.com\/site\/wp-json\/wp\/v2\/pages\/2104","targetHints":{"allow":["GET"]}}],"collection":[{"href":"https:\/\/www.mathnique.com\/site\/wp-json\/wp\/v2\/pages"}],"about":[{"href":"https:\/\/www.mathnique.com\/site\/wp-json\/wp\/v2\/types\/page"}],"author":[{"embeddable":true,"href":"https:\/\/www.mathnique.com\/site\/wp-json\/wp\/v2\/users\/1"}],"replies":[{"embeddable":true,"href":"https:\/\/www.mathnique.com\/site\/wp-json\/wp\/v2\/comments?post=2104"}],"version-history":[{"count":4,"href":"https:\/\/www.mathnique.com\/site\/wp-json\/wp\/v2\/pages\/2104\/revisions"}],"predecessor-version":[{"id":2112,"href":"https:\/\/www.mathnique.com\/site\/wp-json\/wp\/v2\/pages\/2104\/revisions\/2112"}],"wp:attachment":[{"href":"https:\/\/www.mathnique.com\/site\/wp-json\/wp\/v2\/media?parent=2104"}],"curies":[{"name":"wp","href":"https:\/\/api.w.org\/{rel}","templated":true}]}}