{"id":2116,"date":"2017-08-26T17:05:10","date_gmt":"2017-08-26T15:05:10","guid":{"rendered":"http:\/\/www.mathnique.com\/site\/?page_id=2116"},"modified":"2017-08-26T17:50:49","modified_gmt":"2017-08-26T15:50:49","slug":"fonctions-tableur","status":"publish","type":"page","link":"https:\/\/www.mathnique.com\/site\/fonctions-tableur\/","title":{"rendered":"Fonctions tableur"},"content":{"rendered":"<ul>\n<li>La Touche $F9$ sur un PC permet de recalculer toutes les feuilles de calcul de tous les classeurs ouverts.<\/li>\n<li>Les cellules sont r\u00e9f\u00e9renc\u00e9es $XN$ o\u00f9 $X$ est le num\u00e9ro de la colonne et $N$ le num\u00e9ro de la ligne, par exemple la cellule $A3$ se situe \u00e0 l'intersection de la colonne $A$ et de la ligne $1$.<\/li>\n<li>attention, lors des recopies de formules, \u00e0 bien distinguer l'adresse relative A3 et les adresses absolues $\\$A\\$3$;$\\$A3$ ;$A\\$3$<\/li>\n<li><span style=\"color: #ff0000;\"><strong>Les principales fonctions sont les suivantes<\/strong><\/span> :\n<ul>\n<li>ALEA() : renvoie un nombre r\u00e9el al\u00e9atoire de $[0;1[$.<\/li>\n<li>ALEAENTREBORNES(1..6) : renvoie un entier compris entre $1$ et $6$.<\/li>\n<li>CAR(entier) : renvoie le caract\u00e8re dont le code ASCII (American Standard Code for Information Interchange)est entr\u00e9 .<br \/>\nPar exemple CAR(65) \u00a0: A ; CAR(66) : B ... CAR(90) : Z ;CAR(49) :0 CAR(49) : b ; ...; CAR(47) : 9 ; CAR(97) : a CAR(98) :b ; ...;CAR(122) : z<\/li>\n<li>CODE(lettre) renvoie le code ASCII de la lettre.<br \/>\npar exemple, CODE(\"A\") renvoie 65<\/li>\n<li>COMBIN(n;p) : renvoie le nombre de combinaisons de $p$ \u00e9l\u00e9ments choisis parmi $n$ \u00e9l\u00e9ments.<\/li>\n<li>ECARTYPE($nombre_1$;$nombre_2$;$\\cdots$) renvoie l'\u00e9cart-type sous Excel ;\u00a0BDECARTYPE($n_1$,$n-2$,$\\cdots$) sous Open Office Calc.<br \/>\n$nombre_1$;$nombre_2$;$\\cdots$ repr\u00e9sentent de $1$ \u00e0 $255$ arguments num\u00e9riques correspondant \u00e0 un \u00e9chantillon de population. On peut aussi utiliser une matrice ou une r\u00e9f\u00e9rence \u00e0 une matrice plut\u00f4t que des arguments s\u00e9par\u00e9s par des points-virgules.<\/li>\n<li>ENT(nombre) arrondit un nombre r\u00e9el \u00e0 l'entier imm\u00e9diatement inf\u00e9rieur.<\/li>\n<li>FACT(nombre) : renvoie la factorielle d'un nombre entier naturel.<\/li>\n<li>GRANDE.VALEUR(plage;4) renvoie la 4\u00e8me plus grande valeur des nombres situ\u00e9s dans la plage.<\/li>\n<li>LOI.BINOMIALE(4;30;0,4;FAUX) sous Excel et\u00a0LOI.BINOMIALE(4;30;0,4;0) sous Open Office Calc renvoie $Pr([X =4])$ si $X$ suit la loi $\\mathcal{B}(30;0,4)$<\/li>\n<li>LOI.BINOMIALE(4;30;0,4;VRAI) sous Excel et\u00a0LOI.BINOMIALE(4;30;0,4;1) sous Open Office Calc renvoie $F_X({4}) = Pr([X \u00a0\\leq 4])$ si $X$ suit la loi $\\mathcal{B}(30;0,4)$<\/li>\n<li>LOI.NORMALE(x;m;$\\sigma$;FAUX) sous Excel et LOI.NORMALE(x;m;$\\sigma$;0) sous Open Office Calc renvoie $Pr([X =x])$ si $X$ suit la loi $\\mathcal{N}(m;\\sigma)$<\/li>\n<li>LOI.NORMALE(x;m;$\\sigma$;VRAI) sous Excel et LOI.NORMALE(x;m;$\\sigma$;1) sous Open Office Calc renvoie $F_X({x}) = Pr([X \u00a0\\leq x])$ si $X$ suit la loi $\\mathcal{N}(m;\\sigma)$<\/li>\n<li>MAX($nombre_1$;$nombre_2$;$\\cdots$) renvoie la valeur maximum des arguments.<\/li>\n<li>MIN($nombre_1$;$nombre_2$;$\\cdots$) renvoie la valeur minimum des arguments.<\/li>\n<li>MEDIANE(plage) renvoie la m\u00e9diane des donn\u00e9es situ\u00e9es dans la plage.<\/li>\n<li>MOD(A1;B1) renvoie le reste de la division euclidienne du nombre A1 par le nombre B1<\/li>\n<li>MOYENNE($nombre_1$;$nombre_2$;$\\cdots$) renvoie la moyenne arithm\u00e9tique des arguments.<\/li>\n<li>NB.SI(plage;crit\u00e8res) compte le nombre de cellules qui ne sont pas vides dans une plage.<br \/>\nplage repr\u00e9sente un certain nombre de cellules \u00e0 compter.<br \/>\ncrit\u00e9res : nombre,expression, r\u00e9f\u00e9rence de cellule ou cha\u00eene de texte qui d\u00e9termine les cellules \u00e0 compter. par exemple, les crit\u00e8res peuvent \u00eatre exprim\u00e9s sous la forme, 21 : \"&lt;21\",F8,\"cerises\",\"&gt;=\"&amp;E1 pour des nombres sup\u00e9rieurs ou \u00e9gaux au nombre situ\u00e9 en E1<\/li>\n<li>NBVAL ($valeur_1;valeur_2;\\cdots$) : renvoie le nombre de cellules qui ne sont pas vides dans une plage.<\/li>\n<li>PETITE.VALEUR(plage;4) renvoie la 4\u00e8me plus petite valeur des nombres situ\u00e9s dans la plage.<\/li>\n<li>PGCD(A1;B1) renvoie le pgcd des entiers A1 et B1<\/li>\n<li>QUARTILE(plage;1) : renvoie le premier quartile des donn\u00e9es situ\u00e9es dans la plage.<\/li>\n<li>MEDIANE(plage) renvoie la m\u00e9diane des donn\u00e9es situ\u00e9es dans la plage.<\/li>\n<li>QUARTILE(plage;3) renvoie le troisi\u00e8me quartile des donn\u00e9es situ\u00e9es dans la plage.<\/li>\n<li>RACINE(nombre positif) renvoie la racine carr\u00e9e de ce nombre positif<\/li>\n<li>SI(test_logique;valeur_si_test_vrai;valeur_si_test_faux) renvoie\u00a0la valeur : valeur_si_test_vrai sinon valeur_si_test_faux dans le cas contraire.<\/li>\n<li>SOMME($nombre_1$;$nombre_2$;$\\cdots$) additionne tous les bombes connus dans une plage de cellules<\/li>\n<\/ul>\n<\/li>\n<li><\/li>\n<\/ul>\n","protected":false},"excerpt":{"rendered":"<p>La Touche $F9$ sur un PC permet de recalculer toutes les feuilles de calcul de tous les classeurs ouverts. Les cellules sont r\u00e9f\u00e9renc\u00e9es $XN$ o\u00f9 $X$ est le num\u00e9ro de la colonne et $N$ le num\u00e9ro de la ligne, par exemple la cellule $A3$ se situe \u00e0 l'intersection de la colonne $A$ et de la &hellip; <a href=\"https:\/\/www.mathnique.com\/site\/fonctions-tableur\/\" class=\"more-link\">Continuer la lecture<span class=\"screen-reader-text\"> de &laquo;&nbsp;Fonctions tableur&nbsp;&raquo;<\/span><\/a><\/p>\n","protected":false},"author":1,"featured_media":0,"parent":0,"menu_order":0,"comment_status":"closed","ping_status":"closed","template":"","meta":{"_monsterinsights_skip_tracking":false,"_monsterinsights_sitenote_active":false,"_monsterinsights_sitenote_note":"","_monsterinsights_sitenote_category":0,"footnotes":""},"class_list":["post-2116","page","type-page","status-publish","hentry"],"_links":{"self":[{"href":"https:\/\/www.mathnique.com\/site\/wp-json\/wp\/v2\/pages\/2116","targetHints":{"allow":["GET"]}}],"collection":[{"href":"https:\/\/www.mathnique.com\/site\/wp-json\/wp\/v2\/pages"}],"about":[{"href":"https:\/\/www.mathnique.com\/site\/wp-json\/wp\/v2\/types\/page"}],"author":[{"embeddable":true,"href":"https:\/\/www.mathnique.com\/site\/wp-json\/wp\/v2\/users\/1"}],"replies":[{"embeddable":true,"href":"https:\/\/www.mathnique.com\/site\/wp-json\/wp\/v2\/comments?post=2116"}],"version-history":[{"count":10,"href":"https:\/\/www.mathnique.com\/site\/wp-json\/wp\/v2\/pages\/2116\/revisions"}],"predecessor-version":[{"id":2127,"href":"https:\/\/www.mathnique.com\/site\/wp-json\/wp\/v2\/pages\/2116\/revisions\/2127"}],"wp:attachment":[{"href":"https:\/\/www.mathnique.com\/site\/wp-json\/wp\/v2\/media?parent=2116"}],"curies":[{"name":"wp","href":"https:\/\/api.w.org\/{rel}","templated":true}]}}