{"id":212,"date":"2017-02-04T23:10:43","date_gmt":"2017-02-04T22:10:43","guid":{"rendered":"http:\/\/www2.mathnique.com\/site\/?page_id=212"},"modified":"2021-03-24T13:50:18","modified_gmt":"2021-03-24T12:50:18","slug":"algebre-lineaire","status":"publish","type":"page","link":"https:\/\/www.mathnique.com\/site\/algebre-lineaire\/","title":{"rendered":"Alg\u00e8bre Lin\u00e9aire"},"content":{"rendered":"<ul>\n<li><img loading=\"lazy\" decoding=\"async\" class=\"alignnone size-medium wp-image-1594 aligncenter\" src=\"http:\/\/www.mathnique.com\/site\/wp-content\/uploads\/2017\/02\/matrix-300x226.jpg\" alt=\"\" width=\"300\" height=\"226\" srcset=\"https:\/\/www.mathnique.com\/site\/wp-content\/uploads\/2017\/02\/matrix-300x226.jpg 300w, https:\/\/www.mathnique.com\/site\/wp-content\/uploads\/2017\/02\/matrix.jpg 506w\" sizes=\"auto, (max-width: 300px) 85vw, 300px\" \/><\/li>\n<li><strong><span style=\"color: #ff0000;\">Calcul matriciel<\/span><\/strong><br \/>\n<a href=\"http:\/\/www.mathnique.com\/site\/wp-content\/uploads\/2017\/02\/ch07ec1.pdf\">ch07ec1<\/a><\/li>\n<li><span style=\"color: #ff0000;\"><strong>Cours sur les espaces vectoriels<\/strong><\/span><br \/>\n<a href=\"http:\/\/www.mathnique.com\/site\/wp-content\/uploads\/2017\/02\/ch30ec1.pdf\">ch30ec1<\/a><\/li>\n<li><strong><span style=\"color: #ff0000;\">Cours et exercices sur les applications lin\u00e9aires :<\/span><\/strong><br \/>\n<a href=\"http:\/\/www.mathnique.com\/site\/wp-content\/uploads\/2021\/03\/ch31ec1.pdf\">ch31ec1<\/a><\/li>\n<li><span style=\"color: #ff0000;\"><strong>Exemples d'applications lin\u00e9aires remarquables<\/strong><\/span>\n<ul>\n<li><span style=\"color: #008000;\"><strong>Formes lin\u00e9aires<\/strong><\/span><\/li>\n<li><span style=\"color: #008000;\"><strong>Homoth\u00e9ties vectorielles<\/strong><\/span><\/li>\n<li><span style=\"color: #008000;\"><strong>Projecteurs ou projections vectorielles<\/strong><\/span><\/li>\n<li><span style=\"color: #008000;\"><strong>Sym\u00e9tries vectorielles<\/strong><\/span><\/li>\n<\/ul>\n<\/li>\n<li><span style=\"color: #ff0000;\"><strong>\u00a0Probl\u00e8mes classiques<br \/>\n<img loading=\"lazy\" decoding=\"async\" class=\"size-full wp-image-519 aligncenter\" src=\"http:\/\/www.mathnique.com\/site\/wp-content\/uploads\/2017\/03\/eleve2.gif\" alt=\"\" width=\"129\" height=\"190\" \/><br \/>\n<\/strong><\/span><\/p>\n<ul>\n<li>Commutant d'une matrice :\n<ul>\n<li>Ecricome 03 ece \u00a0ex 1<\/li>\n<\/ul>\n<\/li>\n<li>Matrice compagnon<\/li>\n<li>Commutateur d'endomorphisme<\/li>\n<li>Racine carr\u00e9e d'une matrice :\n<ul>\n<li>Ecricome 17 \u00a0ece<\/li>\n<\/ul>\n<\/li>\n<li>Matrices sym\u00e9triques<\/li>\n<li>Matrices antisym\u00e9triques :\n<ul>\n<li>ccp17 psi<\/li>\n<\/ul>\n<\/li>\n<\/ul>\n<\/li>\n<li><\/li>\n<\/ul>\n","protected":false},"excerpt":{"rendered":"<p>Calcul matriciel ch07ec1 Cours sur les espaces vectoriels ch30ec1 Cours et exercices sur les applications lin\u00e9aires : ch31ec1 Exemples d'applications lin\u00e9aires remarquables Formes lin\u00e9aires Homoth\u00e9ties vectorielles Projecteurs ou projections vectorielles Sym\u00e9tries vectorielles \u00a0Probl\u00e8mes classiques Commutant d'une matrice : Ecricome 03 ece \u00a0ex 1 Matrice compagnon Commutateur d'endomorphisme Racine carr\u00e9e d'une matrice : Ecricome 17 \u00a0ece &hellip; <a href=\"https:\/\/www.mathnique.com\/site\/algebre-lineaire\/\" class=\"more-link\">Continuer la lecture<span class=\"screen-reader-text\"> de &laquo;&nbsp;Alg\u00e8bre Lin\u00e9aire&nbsp;&raquo;<\/span><\/a><\/p>\n","protected":false},"author":1,"featured_media":0,"parent":0,"menu_order":0,"comment_status":"closed","ping_status":"closed","template":"","meta":{"_monsterinsights_skip_tracking":false,"_monsterinsights_sitenote_active":false,"_monsterinsights_sitenote_note":"","_monsterinsights_sitenote_category":0,"footnotes":""},"class_list":["post-212","page","type-page","status-publish","hentry"],"_links":{"self":[{"href":"https:\/\/www.mathnique.com\/site\/wp-json\/wp\/v2\/pages\/212","targetHints":{"allow":["GET"]}}],"collection":[{"href":"https:\/\/www.mathnique.com\/site\/wp-json\/wp\/v2\/pages"}],"about":[{"href":"https:\/\/www.mathnique.com\/site\/wp-json\/wp\/v2\/types\/page"}],"author":[{"embeddable":true,"href":"https:\/\/www.mathnique.com\/site\/wp-json\/wp\/v2\/users\/1"}],"replies":[{"embeddable":true,"href":"https:\/\/www.mathnique.com\/site\/wp-json\/wp\/v2\/comments?post=212"}],"version-history":[{"count":10,"href":"https:\/\/www.mathnique.com\/site\/wp-json\/wp\/v2\/pages\/212\/revisions"}],"predecessor-version":[{"id":3450,"href":"https:\/\/www.mathnique.com\/site\/wp-json\/wp\/v2\/pages\/212\/revisions\/3450"}],"wp:attachment":[{"href":"https:\/\/www.mathnique.com\/site\/wp-json\/wp\/v2\/media?parent=212"}],"curies":[{"name":"wp","href":"https:\/\/api.w.org\/{rel}","templated":true}]}}