{"id":2158,"date":"2017-10-19T15:42:59","date_gmt":"2017-10-19T13:42:59","guid":{"rendered":"http:\/\/www.mathnique.com\/site\/?page_id=2158"},"modified":"2021-01-09T11:52:32","modified_gmt":"2021-01-09T10:52:32","slug":"olympiades-et-concours-generaux","status":"publish","type":"page","link":"https:\/\/www.mathnique.com\/site\/olympiades-et-concours-generaux\/","title":{"rendered":"Olympiades et Concours g\u00e9n\u00e9raux"},"content":{"rendered":"<p><img loading=\"lazy\" decoding=\"async\" class=\" wp-image-1629 aligncenter\" src=\"http:\/\/www.mathnique.com\/site\/wp-content\/uploads\/2017\/03\/travaux3-300x252.png\" alt=\"\" width=\"115\" height=\"97\" srcset=\"https:\/\/www.mathnique.com\/site\/wp-content\/uploads\/2017\/03\/travaux3-300x252.png 300w, https:\/\/www.mathnique.com\/site\/wp-content\/uploads\/2017\/03\/travaux3.png 718w\" sizes=\"auto, (max-width: 115px) 85vw, 115px\" \/><\/p>\n<p><img loading=\"lazy\" decoding=\"async\" class=\"size-full wp-image-521 aligncenter\" src=\"http:\/\/www.mathnique.com\/site\/wp-content\/uploads\/2017\/03\/genie.gif\" alt=\"\" width=\"128\" height=\"128\" \/><\/p>\n<ul>\n<li><strong><span style=\"color: #ff0000;\">Concours g\u00e9n\u00e9raux<\/span><\/strong>\n<ul>\n<li>1991 : Terminales C et E :\u00a0<a href=\"http:\/\/www.mathnique.com\/site\/wp-content\/uploads\/2017\/10\/concoursgeneral.pdf\">concoursgeneral<\/a><\/li>\n<\/ul>\n<\/li>\n<li><strong><span style=\"color: #ff0000;\">Olympiades<\/span><\/strong>\n<ul>\n<li style=\"text-align: center;\"><span style=\"color: #ff0000;\">Ann\u00e9e 2018 <\/span><br \/>\n<span style=\"color: #008000;\"><span style=\"color: #008000;\"><strong>Palmar\u00e9s Acad\u00e9mie de Martinique<\/strong><\/span><\/span><img loading=\"lazy\" decoding=\"async\" class=\"alignnone wp-image-2357\" src=\"http:\/\/www.mathnique.com\/site\/wp-content\/uploads\/2018\/04\/palmes.png\" alt=\"\" width=\"94\" height=\"85\" \/><\/p>\n<p>1 - Emmanuelle Hasler (1S Lyc\u00e9e Bellevue - Fort de France)<br \/>\n2 - H\u00e9l\u00e8ne Huang(1s - Lyc\u00e9e Joseph Pernock - Lorrain)<br \/>\n3 - Guillaume Buquet (1S - S\u00e9minaire Coll\u00e8ge - Fort de France)<\/li>\n<li>Ann\u00e9e ?\n<ul>\n<li>Exercice : Soit $p \\in R$. Soit l'\u00e9quation $\\sqrt{x^2 - p} + 2 \\sqrt{x^2 - 1} = x$ d'inconnue r\u00e9elle x.<br \/>\nD\u00e9montrer que si $p \\leq 0$ alors l'\u00e9quation n'a pas de solution.<br \/>\nD\u00e9montrer que $x =\\dfrac{4 - p}{\\sqrt{8(2 - p)}}$ est la seule solution de cette \u00e9quation.<\/li>\n<\/ul>\n<\/li>\n<\/ul>\n<\/li>\n<li style=\"text-align: center;\">\n<span style=\"color: #ff0000;\"><strong>Ann\u00e9e 2011<\/strong><\/span><\/li>\n<li style=\"text-align: left;\">\n<strong><span style=\"color: #ff0000;\">Palmar\u00e8s<\/span><\/strong><br \/>\n<span style=\"color: #339966;\"><strong>S\u00e9rie S<br \/>\n<\/strong><\/span>1 - VALENTIN Nathanael - Lyc\u00e9e S\u00e9minaire Coll\u00e8ge - Fort de France<br \/>\n2ex - BRITHMER Estelle - Lyc\u00e9e S\u00e9minaire Coll\u00e8ge - Fort de France<br \/>\nLIN Lyvio - - Lyc\u00e9e S\u00e9minaire Coll\u00e8ge - Fort de France<br \/>\n4ex - HILLION Florian - Lyc\u00e9e Montgerald - Le Marin<br \/>\nMODESTINE Mickael - Lyc\u00e9e Montgerald - Le Marin<br \/>\n6 - BOYER Clara -Lyc\u00e9e Montgerald - Le Marin<br \/>\n7 - COMTE Lucile - Lyc\u00e9e Montgerald - Le Marin<br \/>\n8 - DUPE Greg - Lyc\u00e9e Centre Sud<br \/>\n9 - BANDIN Soline - Lyc\u00e9e Nord Caraibe - Bellefontaine<\/p>\n<p><strong><span style=\"color: #339966;\">S\u00e9rie L,ES,STI,STG<\/span><\/strong><br \/>\n1 - CHARLOTTE Rachel -ES - Lyc\u00e9e Victor schoelcher<\/li>\n<\/ul>\n","protected":false},"excerpt":{"rendered":"<p>Concours g\u00e9n\u00e9raux 1991 : Terminales C et E :\u00a0concoursgeneral Olympiades Ann\u00e9e 2018 Palmar\u00e9s Acad\u00e9mie de Martinique 1 - Emmanuelle Hasler (1S Lyc\u00e9e Bellevue - Fort de France) 2 - H\u00e9l\u00e8ne Huang(1s - Lyc\u00e9e Joseph Pernock - Lorrain) 3 - Guillaume Buquet (1S - S\u00e9minaire Coll\u00e8ge - Fort de France) Ann\u00e9e ? Exercice : Soit $p &hellip; <a href=\"https:\/\/www.mathnique.com\/site\/olympiades-et-concours-generaux\/\" class=\"more-link\">Continuer la lecture<span class=\"screen-reader-text\"> de &laquo;&nbsp;Olympiades et Concours g\u00e9n\u00e9raux&nbsp;&raquo;<\/span><\/a><\/p>\n","protected":false},"author":1,"featured_media":0,"parent":0,"menu_order":0,"comment_status":"closed","ping_status":"closed","template":"","meta":{"_monsterinsights_skip_tracking":false,"_monsterinsights_sitenote_active":false,"_monsterinsights_sitenote_note":"","_monsterinsights_sitenote_category":0,"footnotes":""},"class_list":["post-2158","page","type-page","status-publish","hentry"],"_links":{"self":[{"href":"https:\/\/www.mathnique.com\/site\/wp-json\/wp\/v2\/pages\/2158","targetHints":{"allow":["GET"]}}],"collection":[{"href":"https:\/\/www.mathnique.com\/site\/wp-json\/wp\/v2\/pages"}],"about":[{"href":"https:\/\/www.mathnique.com\/site\/wp-json\/wp\/v2\/types\/page"}],"author":[{"embeddable":true,"href":"https:\/\/www.mathnique.com\/site\/wp-json\/wp\/v2\/users\/1"}],"replies":[{"embeddable":true,"href":"https:\/\/www.mathnique.com\/site\/wp-json\/wp\/v2\/comments?post=2158"}],"version-history":[{"count":8,"href":"https:\/\/www.mathnique.com\/site\/wp-json\/wp\/v2\/pages\/2158\/revisions"}],"predecessor-version":[{"id":3240,"href":"https:\/\/www.mathnique.com\/site\/wp-json\/wp\/v2\/pages\/2158\/revisions\/3240"}],"wp:attachment":[{"href":"https:\/\/www.mathnique.com\/site\/wp-json\/wp\/v2\/media?parent=2158"}],"curies":[{"name":"wp","href":"https:\/\/api.w.org\/{rel}","templated":true}]}}