{"id":2169,"date":"2017-11-03T22:27:05","date_gmt":"2017-11-03T21:27:05","guid":{"rendered":"http:\/\/www.mathnique.com\/site\/?page_id=2169"},"modified":"2017-11-04T12:36:06","modified_gmt":"2017-11-04T11:36:06","slug":"evaluation","status":"publish","type":"page","link":"https:\/\/www.mathnique.com\/site\/evaluation\/","title":{"rendered":"Evaluation"},"content":{"rendered":"<ul>\n<li>3 types d'\u00e9valuation :\n<ul>\n<li>Diagnostique :<\/li>\n<li>Formative : celle qui est pratiqu\u00e9e en cours d'apprentissage.<\/li>\n<li>Sommative :<\/li>\n<\/ul>\n<\/li>\n<li>Progression spiral\u00e9e :\n<ul>\n<li>Objectif : Am\u00e9liorer la capitalisation des acquis et lutter contre la fragmentions des connaissances<\/li>\n<\/ul>\n<\/li>\n<li><\/li>\n<\/ul>\n","protected":false},"excerpt":{"rendered":"<p>3 types d'\u00e9valuation : Diagnostique : Formative : celle qui est pratiqu\u00e9e en cours d'apprentissage. Sommative : Progression spiral\u00e9e : Objectif : Am\u00e9liorer la capitalisation des acquis et lutter contre la fragmentions des connaissances<\/p>\n","protected":false},"author":1,"featured_media":0,"parent":0,"menu_order":0,"comment_status":"closed","ping_status":"closed","template":"","meta":{"_monsterinsights_skip_tracking":false,"_monsterinsights_sitenote_active":false,"_monsterinsights_sitenote_note":"","_monsterinsights_sitenote_category":0,"footnotes":""},"class_list":["post-2169","page","type-page","status-publish","hentry"],"_links":{"self":[{"href":"https:\/\/www.mathnique.com\/site\/wp-json\/wp\/v2\/pages\/2169","targetHints":{"allow":["GET"]}}],"collection":[{"href":"https:\/\/www.mathnique.com\/site\/wp-json\/wp\/v2\/pages"}],"about":[{"href":"https:\/\/www.mathnique.com\/site\/wp-json\/wp\/v2\/types\/page"}],"author":[{"embeddable":true,"href":"https:\/\/www.mathnique.com\/site\/wp-json\/wp\/v2\/users\/1"}],"replies":[{"embeddable":true,"href":"https:\/\/www.mathnique.com\/site\/wp-json\/wp\/v2\/comments?post=2169"}],"version-history":[{"count":3,"href":"https:\/\/www.mathnique.com\/site\/wp-json\/wp\/v2\/pages\/2169\/revisions"}],"predecessor-version":[{"id":2173,"href":"https:\/\/www.mathnique.com\/site\/wp-json\/wp\/v2\/pages\/2169\/revisions\/2173"}],"wp:attachment":[{"href":"https:\/\/www.mathnique.com\/site\/wp-json\/wp\/v2\/media?parent=2169"}],"curies":[{"name":"wp","href":"https:\/\/api.w.org\/{rel}","templated":true}]}}