{"id":22,"date":"2017-01-29T14:14:28","date_gmt":"2017-01-29T13:14:28","guid":{"rendered":"http:\/\/www2.mathnique.com\/site\/?page_id=22"},"modified":"2019-03-20T19:33:52","modified_gmt":"2019-03-20T18:33:52","slug":"mathematique-et-patrimoine-martiniquais","status":"publish","type":"page","link":"https:\/\/www.mathnique.com\/site\/mathematique-et-patrimoine-martiniquais\/","title":{"rendered":"Math\u00e9matiques et Patrimoine Martiniquais"},"content":{"rendered":"\n<p><em>\"C'est en partant de leurs cultures que les apprenants peuvent d\u00e9couvrir et s'approprier d'autres univers culturels, bien davantage qu'en leur imposant un patrimoine \u00e9tabli dont ils se sentent \u00e0 priori fort \u00e9loign\u00e9s.<br>En ce sens, la culture est une d\u00e9marche, toujours en train de se faire. <\/em><br><em>Elle ouvre des fen\u00eatres sur le monde, permettant de le voir sous des angles diff\u00e9rents et donc de mieux pouvoir l'appr\u00e9hender et le comprendre.<br>Elle permet la connaissance et la reconnaissance de l'autre et rend possible le mieux vivre ensemble.<br>L'Education, c'est la culture en construction...\"<\/em><br><strong>Extrait du Manifeste Oxyg\u00e8nes(Page 49)<br><\/strong><br><\/p>\n","protected":false},"excerpt":{"rendered":"<p>\"C'est en partant de leurs cultures que les apprenants peuvent d\u00e9couvrir et s'approprier d'autres univers culturels, bien davantage qu'en leur imposant un patrimoine \u00e9tabli dont ils se sentent \u00e0 priori fort \u00e9loign\u00e9s.En ce sens, la culture est une d\u00e9marche, toujours en train de se faire. Elle ouvre des fen\u00eatres sur le monde, permettant de le &hellip; <a href=\"https:\/\/www.mathnique.com\/site\/mathematique-et-patrimoine-martiniquais\/\" class=\"more-link\">Continuer la lecture<span class=\"screen-reader-text\"> de &laquo;&nbsp;Math\u00e9matiques et Patrimoine Martiniquais&nbsp;&raquo;<\/span><\/a><\/p>\n","protected":false},"author":1,"featured_media":0,"parent":0,"menu_order":0,"comment_status":"closed","ping_status":"closed","template":"","meta":{"_monsterinsights_skip_tracking":false,"_monsterinsights_sitenote_active":false,"_monsterinsights_sitenote_note":"","_monsterinsights_sitenote_category":0,"footnotes":""},"class_list":["post-22","page","type-page","status-publish","hentry"],"_links":{"self":[{"href":"https:\/\/www.mathnique.com\/site\/wp-json\/wp\/v2\/pages\/22","targetHints":{"allow":["GET"]}}],"collection":[{"href":"https:\/\/www.mathnique.com\/site\/wp-json\/wp\/v2\/pages"}],"about":[{"href":"https:\/\/www.mathnique.com\/site\/wp-json\/wp\/v2\/types\/page"}],"author":[{"embeddable":true,"href":"https:\/\/www.mathnique.com\/site\/wp-json\/wp\/v2\/users\/1"}],"replies":[{"embeddable":true,"href":"https:\/\/www.mathnique.com\/site\/wp-json\/wp\/v2\/comments?post=22"}],"version-history":[{"count":3,"href":"https:\/\/www.mathnique.com\/site\/wp-json\/wp\/v2\/pages\/22\/revisions"}],"predecessor-version":[{"id":2638,"href":"https:\/\/www.mathnique.com\/site\/wp-json\/wp\/v2\/pages\/22\/revisions\/2638"}],"wp:attachment":[{"href":"https:\/\/www.mathnique.com\/site\/wp-json\/wp\/v2\/media?parent=22"}],"curies":[{"name":"wp","href":"https:\/\/api.w.org\/{rel}","templated":true}]}}