{"id":2201,"date":"2017-12-01T20:47:50","date_gmt":"2017-12-01T19:47:50","guid":{"rendered":"http:\/\/www.mathnique.com\/site\/?page_id=2201"},"modified":"2017-12-19T19:17:48","modified_gmt":"2017-12-19T18:17:48","slug":"informatique-et-enseignement","status":"publish","type":"page","link":"https:\/\/www.mathnique.com\/site\/informatique-et-enseignement\/","title":{"rendered":"Informatique et Enseignement"},"content":{"rendered":"<p>&nbsp;<\/p>\n<p><img loading=\"lazy\" decoding=\"async\" class=\"wp-image-1629 aligncenter\" src=\"http:\/\/www.mathnique.com\/site\/wp-content\/uploads\/2017\/03\/travaux3-300x252.png\" alt=\"\" width=\"140\" height=\"118\" srcset=\"https:\/\/www.mathnique.com\/site\/wp-content\/uploads\/2017\/03\/travaux3-300x252.png 300w, https:\/\/www.mathnique.com\/site\/wp-content\/uploads\/2017\/03\/travaux3.png 718w\" sizes=\"auto, (max-width: 140px) 85vw, 140px\" \/><\/p>\n<p>La soci\u00e9t\u00e9 fran\u00e7aise a \u00e9norm\u00e9ment \u00e9volu\u00e9 technologiquement depuis 1950 surtout en Informatique.<br \/>\nL'Informatique a p\u00e9n\u00e9tr\u00e9 petit \u00e0 petit la plupart des secteurs professionnels et en particulier l'Enseignement.<br \/>\nDans le monde des entreprises (Assurances, RATP, SNCF,...) cela s'est fait tr\u00e8s t\u00f4t.<br \/>\nA cause de la n\u00e9cessit\u00e9 de former leur personnel , on y a d'abord investi dans L'Enseignement Programm\u00e9 puis on s'est tourn\u00e9 vers l'EAO(Enseignement Assist\u00e9 par Ordinateur).<\/p>\n<p>L'Education Nationale qui est rest\u00e9e longtemps en dehors de cette \u00e9volution ne pouvait le faire ind\u00e9finiment :<br \/>\n- <strong>1970<\/strong> : Exp\u00e9rience dite des 58 lyc\u00e9es (minis avec 8 terminaux) ; \u00e9criture de 400 didacticiels contr\u00f4l\u00e9s par le CNDP (Centre Natoional de documentation P\u00e9dagogique) devenu aujourd'hui CANOPE.<br \/>\n- <strong>1978<\/strong> : Livraison de 10 000 micros 8 bits dans 1200 lyc\u00e9es et coll\u00e8ges.<br \/>\n- <strong>1980<\/strong> : Cr\u00e9ation des premiers CFAIAP (Centres de Formation \u00e0 l'Informatique et \u00e0 ses Applications P\u00e9dagogiques) \u00e0 destination des professeurs qui recevaient une formation \"lourd\" de 600 \u00e0 700h sur une ann\u00e9e.<br \/>\n- <strong>1985<\/strong> : Op\u00e9ration IPT (Informatique pour Tous) livraison de nano-r\u00e9seaux Thomson TO5 et de logiciels aux \u00e9coles, coll\u00e8ges et lyc\u00e9es.<br \/>\n- <strong>1985<\/strong> : Cr\u00e9ation officielle de l'Option informatique des lyc\u00e9es (2 heures par semaine en 2de, 1\u00e8re et Tale d\u00e9bouchant sur un projet en Terminale et une \u00e9preuve not\u00e9e optionnelle au Baccalaur\u00e9at en 1988) sous la tutelle p\u00e9dagogique de Jacques ARSAC.<br \/>\n- <strong>1987<\/strong> : 1\u00e8re vague de logiciels surtout des outils et des langages en licences mixtes.<br \/>\n- <strong>1988<\/strong> : 2\u00e8me vague de logiciels surtout \u00e0 vis\u00e9e p\u00e9dagogique.<br \/>\n- <strong>1989<\/strong> : premi\u00e8re recommandations officielles d'insertion p\u00e9dagogique de l'informatique dans les diff\u00e9rents disciplines afin que les enseignants choisissent l'outil informatique chaque fois que celui-ci leur am\u00e8ne un plus par rapport aux autres outils d'enseignement.<br \/>\n-<strong>1994<\/strong> : Fin de \u00a0l'option informatique en lyc\u00e9e.<br \/>\n- <strong>2012<\/strong> : Option ISN (Informatique et Sciences du Num\u00e9rique) en Terminale de lyc\u00e9e avec une \u00e9preuve au baccalaur\u00e9at.<br \/>\n- <strong>2016<\/strong> : Algorithmique en cycle 4 (4\u00e8me - 3\u00e8me) avec interpr\u00e9tation d'un algorithme \u00e9crit en Scratch au Brevet des Coll\u00e8ges.<br \/>\n<img loading=\"lazy\" decoding=\"async\" class=\"wp-image-1869 aligncenter\" src=\"http:\/\/www.mathnique.com\/site\/wp-content\/uploads\/2017\/02\/scratch.png\" alt=\"\" width=\"113\" height=\"105\" \/><\/p>\n<ul>\n<li><span style=\"color: #ff0000;\"><strong>Utilisation de L'Informatique dans l'Enseignement<\/strong><\/span>\n<ul>\n<li><span style=\"color: #008000;\"><em>L'Enseignement de l'Informatique :<\/em><\/span>\n<ul>\n<li>\u00a0Enseignement de la programmation en LOGO dans les \u00e9coles dans les ann\u00e9es 1980<\/li>\n<li>En Option Informatique des Lyc\u00e9es (2de, 1\u00e8re, Tale, Baccalaur\u00e9at) de 1985 \u00e0 1995 :<br \/>\n- Enseignement de l'algorithmique avec comme support un langage structur\u00e9 (PASCAL, LSE,..).<br \/>\n- Architecture et fonctionnement des ordinateurs.<br \/>\n- Aspects culturels et sociaux de l'Informatique<\/li>\n<li>Enseignement d'Informatique en BTS, IUT, Unversit\u00e9, en Classes pr\u00e9paratoires des grandes \u00e9coles, en Ecoles d'Ing\u00e9nieurs.<\/li>\n<\/ul>\n<\/li>\n<li><span style=\"color: #008000;\"><em>L'utilisation de l'Informatique dans d'autres disciplines :<\/em><\/span>\n<ul>\n<li>Utilisation de logiciels outils pour une aide didactique :<br \/>\n- traitements de textes<br \/>\n- tableurs ou feuilles de calcul \u00e9lectroniques<br \/>\n- gestionnaires de fichiers.<br \/>\n- logiciels int\u00e9gr\u00e9s.<br \/>\n- Dessin assist\u00e9 par Ordinateur<br \/>\n- grapheurs ou traceurs de courbes<br \/>\n- r\u00e9solveurs d'\u00e9quations.<br \/>\n- imagiciels<br \/>\n- interfaces de saisie de donn\u00e9es en sciences Physiques et en Sciences et Vie de la Terre.<\/li>\n<li>Utilisation de logiciels p\u00e9dagogiques ou didacticiels :<br \/>\n- exerciseurs ou r\u00e9p\u00e9titeurs , en soutien ou en approfondissement; assez directifs surtout sous forme de QCM consultables sur place ou \u00e0 distance<br \/>\n- simulateurs<br \/>\n- apprenticiels interactifs \u00e9crits \u00e0 l'aide de langages auteurs(Arlequin, Diane, Enspi, Aeiou,..)<\/li>\n<li>Utilsation de banques de donn\u00e9es textes, images, sons :L'utilisation p\u00e9dagogique de l'ordinateur est tr\u00e8s souple et tr\u00e8s vari\u00e9e.<\/li>\n<li><span style=\"color: #008000;\"><strong>L'Ordinateur \u00e9tant utilis\u00e9 soit<\/strong><\/span> :<br \/>\n- en libre-service par exemple dans les Centres de documentation.<br \/>\n- en \"tableau noir\" reli\u00e9 \u00e0 un vid\u00e9o-projecteur.<br \/>\n- en salle informatique (ordinateurs autonomes ou en r\u00e9seau)<\/p>\n<p><img loading=\"lazy\" decoding=\"async\" class=\"size-full wp-image-517 aligncenter\" src=\"http:\/\/www.mathnique.com\/site\/wp-content\/uploads\/2017\/03\/AN712.gif\" alt=\"\" width=\"86\" height=\"100\" \/><\/li>\n<li><span style=\"color: #008000;\"><strong>Voici par exemple 6 types d'utilisation<\/strong> <\/span>:<br \/>\n- L'ordinateur r\u00e9p\u00e9titeur inlassable.<br \/>\n-L'ordinateur tuteur interactif.<br \/>\n-L'ordinateur outil de laboratoire dynamique.<br \/>\n- L'ordinateur encyclop\u00e9die interactive.<br \/>\n- L'ordinateur affiche \u00e9volutive.<br \/>\n- L'ordinateur \u00e9vacuateur instantan\u00e9.<\/li>\n<\/ul>\n<\/li>\n<\/ul>\n<\/li>\n<li><\/li>\n<\/ul>\n","protected":false},"excerpt":{"rendered":"<p>&nbsp; La soci\u00e9t\u00e9 fran\u00e7aise a \u00e9norm\u00e9ment \u00e9volu\u00e9 technologiquement depuis 1950 surtout en Informatique. L'Informatique a p\u00e9n\u00e9tr\u00e9 petit \u00e0 petit la plupart des secteurs professionnels et en particulier l'Enseignement. Dans le monde des entreprises (Assurances, RATP, SNCF,...) cela s'est fait tr\u00e8s t\u00f4t. A cause de la n\u00e9cessit\u00e9 de former leur personnel , on y a d'abord &hellip; <a href=\"https:\/\/www.mathnique.com\/site\/informatique-et-enseignement\/\" class=\"more-link\">Continuer la lecture<span class=\"screen-reader-text\"> de &laquo;&nbsp;Informatique et Enseignement&nbsp;&raquo;<\/span><\/a><\/p>\n","protected":false},"author":1,"featured_media":0,"parent":0,"menu_order":0,"comment_status":"closed","ping_status":"closed","template":"","meta":{"_monsterinsights_skip_tracking":false,"_monsterinsights_sitenote_active":false,"_monsterinsights_sitenote_note":"","_monsterinsights_sitenote_category":0,"footnotes":""},"class_list":["post-2201","page","type-page","status-publish","hentry"],"_links":{"self":[{"href":"https:\/\/www.mathnique.com\/site\/wp-json\/wp\/v2\/pages\/2201","targetHints":{"allow":["GET"]}}],"collection":[{"href":"https:\/\/www.mathnique.com\/site\/wp-json\/wp\/v2\/pages"}],"about":[{"href":"https:\/\/www.mathnique.com\/site\/wp-json\/wp\/v2\/types\/page"}],"author":[{"embeddable":true,"href":"https:\/\/www.mathnique.com\/site\/wp-json\/wp\/v2\/users\/1"}],"replies":[{"embeddable":true,"href":"https:\/\/www.mathnique.com\/site\/wp-json\/wp\/v2\/comments?post=2201"}],"version-history":[{"count":6,"href":"https:\/\/www.mathnique.com\/site\/wp-json\/wp\/v2\/pages\/2201\/revisions"}],"predecessor-version":[{"id":2221,"href":"https:\/\/www.mathnique.com\/site\/wp-json\/wp\/v2\/pages\/2201\/revisions\/2221"}],"wp:attachment":[{"href":"https:\/\/www.mathnique.com\/site\/wp-json\/wp\/v2\/media?parent=2201"}],"curies":[{"name":"wp","href":"https:\/\/api.w.org\/{rel}","templated":true}]}}