{"id":2214,"date":"2017-12-13T23:43:08","date_gmt":"2017-12-13T22:43:08","guid":{"rendered":"http:\/\/www.mathnique.com\/site\/?page_id=2214"},"modified":"2021-03-22T15:16:42","modified_gmt":"2021-03-22T14:16:42","slug":"resolution-de-problemes","status":"publish","type":"page","link":"https:\/\/www.mathnique.com\/site\/resolution-de-problemes\/","title":{"rendered":"R\u00e9solution de probl\u00e8mes"},"content":{"rendered":"<p>\"<i>Tout probl\u00e8me math\u00e9matique d\u00e9fini doit pouvoir \u00eatre r\u00e9solu, soit qu'on en trouve une solution exacte, soit que l'on prouve qu'il est impossible de le r\u00e9soudre et donc qu'il est impossible de le r\u00e9soudre et donc que toute tentative dans ce sens soit vou\u00e9e \u00e0 l'\u00e9chec...<\/i><br \/>\n<i>M\u00eame si les probl\u00e8mes nous semblent intraitables et si nous nous sentons d\u00e9sempar\u00e9s, nous n'en avons pas moins la ferme\u00a0conviction que leur solution doit r\u00e9sulter d'un nombre fini de processus logiques...\"<\/i><\/p>\n<p><img loading=\"lazy\" decoding=\"async\" class=\"alignnone size-full wp-image-2219 aligncenter\" src=\"http:\/\/www.mathnique.com\/site\/wp-content\/uploads\/2017\/12\/davidhilbert.png\" alt=\"\" width=\"168\" height=\"166\" \/><\/p>\n<p style=\"text-align: center;\"><em>(David HILBERT 1862 K\u00f6nigsberg - 1943 G\u00f6ttingen)<\/em><br \/>\n<em>Wir m\u00fcssen wissen, wir werden wissen.<\/em><br \/>\n<em>Nous devons savoir, nous saurons.<\/em><\/p>\n<ul>\n<li><strong>Un probl\u00e8me<\/strong> se pr\u00e9sente sous la forme d'un <strong>\u00e9nonc\u00e9<\/strong> qui contient des<strong> informations<\/strong> et une ou plusieurs <strong>questions<\/strong>.<br \/>\nIl faut combiner ces informations, parfois en faisant un calcul , pour r\u00e9pondre aux questions pos\u00e9es.<br \/>\n<span style=\"font-size: inherit;\">Un probl\u00e8me comporte toujours une <\/span><strong style=\"font-size: inherit;\">difficult\u00e9<\/strong><span style=\"font-size: inherit;\"> qu'il faut r\u00e9soudre.<\/span><\/li>\n<\/ul>\n<ul>\n<li>\"<em>Un des objectifs de la didactique des math\u00e9matiques est de proposer des outils d'analyse aux enseignants en leur permettant d'une part de comprendre les difficult\u00e9s que rencontrent leurs \u00e9l\u00e8ves et d'autre part de leur donner des crit\u00e8res pour l'\u00e9valuation des apprentissages et des pistes de rem\u00e9diation.<\/em><br \/>\n<em>Une des hypoth\u00e8ses de la didactique est que l'\u00e9l\u00e8ve aborde une concept math\u00e9matique en s'appuyant sur ses propres repr\u00e9sentations, qu'il doit adapter et remettre en question.<br \/>\nCes concepts ne se construisent pas seulement \u00e0 partir de leurs d\u00e9finitions et de propri\u00e9t\u00e9s mais aussi par l'exploration de ces derni\u00e8res dans les situations qui les utilisent.<br \/>\nLeur sens est alors li\u00e9 aux types de probl\u00e8mes o\u00f9 on les a rencontr\u00e9.<br \/>\n<strong>La r\u00e9solution de probl\u00e8mes est un moyen privil\u00e9gi\u00e9 pour r\u00e9aliser cette exploration<\/strong>.<\/em><br \/>\n<em>Pour r\u00e9soudre un probl\u00e8me, un \u00e9l\u00e8ve va mettre en oeuvre ses propres sch\u00e8mes (propri\u00e9t\u00e9s, r\u00e8gles, repr\u00e9sentations mentales et langagi\u00e8res) dont certains sont corrects et d'autres erron\u00e9s.<\/em><br \/>\n<em>Sur cette base, il met en oeuvre des r\u00e8gles de fonctionnement - on parle alors de r\u00e8gles-en-acte.<\/em><br \/>\n<em>De nombreux travaux didactiques ont montr\u00e9 que tr\u00e8s souvent une erreur survient lors de l'application d'une r\u00e8gle-en-acte hors de son domaine de validit\u00e9 c'et-\u00e0-dire sur des cas o\u00f9 elle ne marche pas.<\/em><br \/>\n<em>Elle donne alors une r\u00e9ponse fausse alors que dans d'autres cas elle a donn\u00e9 des r\u00e9ponses justes.\u00a0<\/em><br \/>\n<em>Certaines de ces r\u00e8gles r\u00e9sistent \u00e0 tout enseignement et peuvent resurgir longtemps apr\u00e8s que le concept est sens\u00e9 avoir \u00e9t\u00e9 acquis. Il est donc n\u00e9cessaire de leur accorder une vraie place en classe.<\/em>\"<br \/>\nExtrait d'un article Tangente Education n\u00b041 - septembre 2017<em><br \/>\n<\/em><em>Analyser les erreurs des \u00e9l\u00e8ves<\/em> - Denise GRENIER<\/li>\n<li><strong><strong><span style=\"color: #ff0000;\">Vous\u00a0pouvez \u00e9galement vous r\u00e9f\u00e9rer aux travaux du math\u00e9maticien am\u00e9ricain d'origine hongroise Georges POLYA, n\u00e9 \u00e0 Budapest en Hongrie le 13 d\u00e9cembre 1887 et mort \u00e0 Palo Alto aux Etats Unis le 7 septembre 1985<br \/>\n<\/span><br \/>\n<img loading=\"lazy\" decoding=\"async\" class=\"size-full wp-image-2405 aligncenter\" src=\"http:\/\/www.mathnique.com\/site\/wp-content\/uploads\/2018\/06\/georgespolya.png\" alt=\"\" width=\"184\" height=\"197\" \/><strong><strong><em style=\"font-weight: 400;\">\"R\u00e9soudre les probl\u00e8mes est un art qui s'apprend , comme on apprend \u00e0 nager ou \u00e0 jouer au piano\" -\u00a0<\/em><\/strong><\/strong><\/strong><\/strong>La d\u00e9couverte des math\u00e9matiques.<\/p>\n<p><strong><strong><strong> <em style=\"font-weight: 400;\">- Tome 1 : Les mod\u00e8les<\/em><span style=\"font-weight: 400;\"> - Georges POLYA -Editions Dunod - 1967<br \/>\n<\/span><\/strong><em style=\"font-weight: 400;\">La d\u00e9couverte des math\u00e9matiques<br \/>\n- Tome 2 : Une m\u00e9thode g\u00e9n\u00e9rale<\/em><span style=\"font-weight: 400;\">\u00a0- Georges POLYA - Editions Dunod - 1967<\/span><\/strong><\/strong><\/li>\n<li><strong>Une situation-probl\u00e8me<\/strong> est un dispositif p\u00e9dagogique dont le coeur est une t\u00e2che \"consistante\"(les \u00e9l\u00e8ves n'ont pas de r\u00e9ponse \u00e0 priori) dans laquelle les \u00e9l\u00e8ves vont pouvoir s'engager et faire des essais-erreurs, dont la proc\u00e9dure la plus efficace met en jeu la connaissance nouvelle vis\u00e9e , et dont les r\u00e9troactions du milieu permettent une validation par les \u00e9l\u00e8ves.<img loading=\"lazy\" decoding=\"async\" class=\"size-medium wp-image-363 aligncenter\" src=\"http:\/\/www.mathnique.com\/site\/wp-content\/uploads\/2017\/02\/etudiant1-300x110.jpg\" alt=\"\" width=\"300\" height=\"110\" srcset=\"https:\/\/www.mathnique.com\/site\/wp-content\/uploads\/2017\/02\/etudiant1-300x110.jpg 300w, https:\/\/www.mathnique.com\/site\/wp-content\/uploads\/2017\/02\/etudiant1.jpg 368w\" sizes=\"auto, (max-width: 300px) 85vw, 300px\" \/><br \/>\n<strong>Bibliographie<\/strong> :<\/p>\n<ul>\n<li><em>Donner du sens aux Math\u00e9matiques<\/em> - Muriel FENICHEL et Nathalie PFAFF - Editions Bordas - 2004-2005<br \/>\nTome 1 : Espace et g\u00e9om\u00e9trie<br \/>\nTome 2 : Nombres, op\u00e9rations et grandeurs<\/li>\n<li><em>Analyser les erreurs des \u00e9l\u00e8ves<\/em> - Denise GRENIER -<br \/>\nArticle Tangente Education n\u00b041 - septembre 2017<\/li>\n<\/ul>\n<\/li>\n<li><\/li>\n<\/ul>\n","protected":false},"excerpt":{"rendered":"<p>\"Tout probl\u00e8me math\u00e9matique d\u00e9fini doit pouvoir \u00eatre r\u00e9solu, soit qu'on en trouve une solution exacte, soit que l'on prouve qu'il est impossible de le r\u00e9soudre et donc qu'il est impossible de le r\u00e9soudre et donc que toute tentative dans ce sens soit vou\u00e9e \u00e0 l'\u00e9chec... M\u00eame si les probl\u00e8mes nous semblent intraitables et si nous &hellip; <a href=\"https:\/\/www.mathnique.com\/site\/resolution-de-problemes\/\" class=\"more-link\">Continuer la lecture<span class=\"screen-reader-text\"> de &laquo;&nbsp;R\u00e9solution de probl\u00e8mes&nbsp;&raquo;<\/span><\/a><\/p>\n","protected":false},"author":1,"featured_media":0,"parent":0,"menu_order":0,"comment_status":"closed","ping_status":"closed","template":"","meta":{"_monsterinsights_skip_tracking":false,"_monsterinsights_sitenote_active":false,"_monsterinsights_sitenote_note":"","_monsterinsights_sitenote_category":0,"footnotes":""},"class_list":["post-2214","page","type-page","status-publish","hentry"],"_links":{"self":[{"href":"https:\/\/www.mathnique.com\/site\/wp-json\/wp\/v2\/pages\/2214","targetHints":{"allow":["GET"]}}],"collection":[{"href":"https:\/\/www.mathnique.com\/site\/wp-json\/wp\/v2\/pages"}],"about":[{"href":"https:\/\/www.mathnique.com\/site\/wp-json\/wp\/v2\/types\/page"}],"author":[{"embeddable":true,"href":"https:\/\/www.mathnique.com\/site\/wp-json\/wp\/v2\/users\/1"}],"replies":[{"embeddable":true,"href":"https:\/\/www.mathnique.com\/site\/wp-json\/wp\/v2\/comments?post=2214"}],"version-history":[{"count":10,"href":"https:\/\/www.mathnique.com\/site\/wp-json\/wp\/v2\/pages\/2214\/revisions"}],"predecessor-version":[{"id":3439,"href":"https:\/\/www.mathnique.com\/site\/wp-json\/wp\/v2\/pages\/2214\/revisions\/3439"}],"wp:attachment":[{"href":"https:\/\/www.mathnique.com\/site\/wp-json\/wp\/v2\/media?parent=2214"}],"curies":[{"name":"wp","href":"https:\/\/api.w.org\/{rel}","templated":true}]}}