{"id":233,"date":"2017-02-05T14:35:13","date_gmt":"2017-02-05T13:35:13","guid":{"rendered":"http:\/\/www2.mathnique.com\/site\/?page_id=233"},"modified":"2019-11-01T15:44:38","modified_gmt":"2019-11-01T14:44:38","slug":"maths-financieres","status":"publish","type":"page","link":"https:\/\/www.mathnique.com\/site\/maths-financieres\/","title":{"rendered":"Maths Financi\u00e8res"},"content":{"rendered":"<p><img loading=\"lazy\" decoding=\"async\" class=\"wp-image-176 aligncenter\" src=\"http:\/\/www2.mathnique.com\/site\/wp-content\/uploads\/2017\/01\/logomaths-300x243.png\" alt=\"\" width=\"106\" height=\"86\" srcset=\"https:\/\/www.mathnique.com\/site\/wp-content\/uploads\/2017\/01\/logomaths-300x243.png 300w, https:\/\/www.mathnique.com\/site\/wp-content\/uploads\/2017\/01\/logomaths.png 304w\" sizes=\"auto, (max-width: 106px) 85vw, 106px\" \/><\/p>\n<ul>\n<li><span style=\"color: #ff0000;\"><span style=\"color: #ff0000;\"><strong>Programmation lin\u00e9aire<br \/>\n<\/strong><span style=\"color: #000000;\">Cours, exercice corrig\u00e9 :\u00a0<a href=\"http:\/\/www2.mathnique.com\/site\/wp-content\/uploads\/2017\/02\/proglineaire.pdf\">proglineaire<\/a><\/span><\/span><\/span><\/li>\n<li><span style=\"color: #ff0000;\"><strong>Elasticit\u00e9 et \u00e9lasticit\u00e9 instantan\u00e9e (une application de la d\u00e9riv\u00e9e logarithmique)<\/strong><\/span><br \/>\n<a href=\"http:\/\/www2.mathnique.com\/site\/wp-content\/uploads\/2017\/02\/T2elasticite.pdf\"><br \/>\n<\/a>L\u2019<b>\u00e9lasticit\u00e9 de la demande<\/b> est un concept \u00e9conomique qui permet de mesurer le degr\u00e9 de sensibilit\u00e9 de la demande aux variations de prix\u00a0 (\u00ab\u00a0\u00e9lasticit\u00e9-prix\u00a0\u00bb) ou des revenus\u00a0 (\u00ab\u00a0\u00e9lasticit\u00e9-revenu\u00a0\u00bb).<\/p>\n<ul>\n<li><span style=\"color: #008000;\"><strong><em>\u00c9lasticit\u00e9-prix<\/em><\/strong><\/span><\/li>\n<\/ul>\n<\/li>\n<\/ul>\n<p>L'<i>\u00e9lasticit\u00e9-prix<\/i> est d\u00e9finie comme le rapport entre la variation relative de la demande d'un bien\u00a0\u00a0et la variation relative du prix de ce bien. Ce rapport <b>est g\u00e9n\u00e9ralement n\u00e9gatif<\/b> car lorsque le prix augmente, la quantit\u00e9 demand\u00e9e diminue et r\u00e9ciproquement. (Q = Quantit\u00e9, P = Prix)<\/p>\n<p>$ e = \\dfrac{\u00a0\\dfrac{\\Delta Q}{Q}}{\u00a0\\dfrac{\\Delta P}{ P}} = \\dfrac{\\Delta Q}{\\Delta P} \\times \\dfrac{P}{Q} $<\/p>\n<p>Sujet :\u00a0<a href=\"http:\/\/www2.mathnique.com\/site\/wp-content\/uploads\/2017\/02\/elasticite.pdf\">elasticite<\/a><br \/>\nCorrig\u00e9 :<\/p>\n<ul>\n<li><strong><span style=\"color: #ff0000;\">Propension marginale \u00e0 consommer\u00a0<\/span><\/strong><br \/>\n<a href=\"http:\/\/www2.mathnique.com\/site\/wp-content\/uploads\/2017\/02\/T1propension.pdf\">T1propension<\/a><\/li>\n<li><span style=\"color: #ff0000;\"><strong>Co\u00fbt marginal, co\u00fbt moyen<\/strong><\/span><br \/>\nSujet :\u00a0<a href=\"http:\/\/www2.mathnique.com\/site\/wp-content\/uploads\/2017\/02\/coutmarginal.pdf\">coutmarginal<\/a><br \/>\nCorrig\u00e9 :\u00a0<a href=\"http:\/\/www2.mathnique.com\/site\/wp-content\/uploads\/2017\/02\/coutmarginalcor.pdf\">coutmarginalcor<\/a><\/li>\n<\/ul>\n","protected":false},"excerpt":{"rendered":"<p>Programmation lin\u00e9aire Cours, exercice corrig\u00e9 :\u00a0proglineaire Elasticit\u00e9 et \u00e9lasticit\u00e9 instantan\u00e9e (une application de la d\u00e9riv\u00e9e logarithmique) L\u2019\u00e9lasticit\u00e9 de la demande est un concept \u00e9conomique qui permet de mesurer le degr\u00e9 de sensibilit\u00e9 de la demande aux variations de prix\u00a0 (\u00ab\u00a0\u00e9lasticit\u00e9-prix\u00a0\u00bb) ou des revenus\u00a0 (\u00ab\u00a0\u00e9lasticit\u00e9-revenu\u00a0\u00bb). \u00c9lasticit\u00e9-prix L'\u00e9lasticit\u00e9-prix est d\u00e9finie comme le rapport entre la variation relative &hellip; <a href=\"https:\/\/www.mathnique.com\/site\/maths-financieres\/\" class=\"more-link\">Continuer la lecture<span class=\"screen-reader-text\"> de &laquo;&nbsp;Maths Financi\u00e8res&nbsp;&raquo;<\/span><\/a><\/p>\n","protected":false},"author":1,"featured_media":0,"parent":0,"menu_order":0,"comment_status":"closed","ping_status":"closed","template":"","meta":{"_monsterinsights_skip_tracking":false,"_monsterinsights_sitenote_active":false,"_monsterinsights_sitenote_note":"","_monsterinsights_sitenote_category":0,"footnotes":""},"class_list":["post-233","page","type-page","status-publish","hentry"],"_links":{"self":[{"href":"https:\/\/www.mathnique.com\/site\/wp-json\/wp\/v2\/pages\/233","targetHints":{"allow":["GET"]}}],"collection":[{"href":"https:\/\/www.mathnique.com\/site\/wp-json\/wp\/v2\/pages"}],"about":[{"href":"https:\/\/www.mathnique.com\/site\/wp-json\/wp\/v2\/types\/page"}],"author":[{"embeddable":true,"href":"https:\/\/www.mathnique.com\/site\/wp-json\/wp\/v2\/users\/1"}],"replies":[{"embeddable":true,"href":"https:\/\/www.mathnique.com\/site\/wp-json\/wp\/v2\/comments?post=233"}],"version-history":[{"count":7,"href":"https:\/\/www.mathnique.com\/site\/wp-json\/wp\/v2\/pages\/233\/revisions"}],"predecessor-version":[{"id":2804,"href":"https:\/\/www.mathnique.com\/site\/wp-json\/wp\/v2\/pages\/233\/revisions\/2804"}],"wp:attachment":[{"href":"https:\/\/www.mathnique.com\/site\/wp-json\/wp\/v2\/media?parent=233"}],"curies":[{"name":"wp","href":"https:\/\/api.w.org\/{rel}","templated":true}]}}