{"id":2511,"date":"2018-07-14T22:47:39","date_gmt":"2018-07-14T20:47:39","guid":{"rendered":"http:\/\/www.mathnique.com\/site\/?page_id=2511"},"modified":"2018-07-14T23:02:17","modified_gmt":"2018-07-14T21:02:17","slug":"calcul-mental","status":"publish","type":"page","link":"https:\/\/www.mathnique.com\/site\/calcul-mental\/","title":{"rendered":"Calcul mental"},"content":{"rendered":"<p>&nbsp;<\/p>\n<p><img loading=\"lazy\" decoding=\"async\" class=\"alignnone  wp-image-2517 aligncenter\" src=\"http:\/\/www.mathnique.com\/site\/wp-content\/uploads\/2018\/07\/calculmental2-217x300.png\" alt=\"\" width=\"113\" height=\"156\" srcset=\"https:\/\/www.mathnique.com\/site\/wp-content\/uploads\/2018\/07\/calculmental2-217x300.png 217w, https:\/\/www.mathnique.com\/site\/wp-content\/uploads\/2018\/07\/calculmental2.png 434w\" sizes=\"auto, (max-width: 113px) 85vw, 113px\" \/><br \/>\nBien que nous disposons en ce d\u00e9but du 21\u00e8me si\u00e8cle de calculatrices hypersophistiqu\u00e9es \u00a0et \u00e0 la port\u00e9e du grand public, le calcul mental reste d'actualit\u00e9 pour au moins deux fa\u00e7ons:<\/p>\n<ol>\n<li>Dans les examens et concours (PACES, CPGE,...) la calculatrice est interdite\u00a0pour \u00e9viter les fraudes.<\/li>\n<li>Le calcul mental a des vertus que l'on ne saurait ignorer.<br \/>\nC'est un sport c\u00e9r\u00e9bral qui s'appuie \u00e0 la fois sur la m\u00e9morisation et aussi sur des astuces de raisonnement utiles dans d'autres branches des math\u00e9matiques.<br \/>\n<img loading=\"lazy\" decoding=\"async\" class=\"size-full wp-image-2516 aligncenter\" src=\"http:\/\/www.mathnique.com\/site\/wp-content\/uploads\/2018\/07\/calculmental.png\" alt=\"\" width=\"194\" height=\"177\" \/>Bibliographie :<br \/>\n- &lt;les secrets du calcul mental - Tangente n\u00b0 163.<\/li>\n<\/ol>\n","protected":false},"excerpt":{"rendered":"<p>&nbsp; Bien que nous disposons en ce d\u00e9but du 21\u00e8me si\u00e8cle de calculatrices hypersophistiqu\u00e9es \u00a0et \u00e0 la port\u00e9e du grand public, le calcul mental reste d'actualit\u00e9 pour au moins deux fa\u00e7ons: Dans les examens et concours (PACES, CPGE,...) la calculatrice est interdite\u00a0pour \u00e9viter les fraudes. Le calcul mental a des vertus que l'on ne saurait &hellip; <a href=\"https:\/\/www.mathnique.com\/site\/calcul-mental\/\" class=\"more-link\">Continuer la lecture<span class=\"screen-reader-text\"> de &laquo;&nbsp;Calcul mental&nbsp;&raquo;<\/span><\/a><\/p>\n","protected":false},"author":1,"featured_media":0,"parent":0,"menu_order":0,"comment_status":"closed","ping_status":"closed","template":"","meta":{"_monsterinsights_skip_tracking":false,"_monsterinsights_sitenote_active":false,"_monsterinsights_sitenote_note":"","_monsterinsights_sitenote_category":0,"footnotes":""},"class_list":["post-2511","page","type-page","status-publish","hentry"],"_links":{"self":[{"href":"https:\/\/www.mathnique.com\/site\/wp-json\/wp\/v2\/pages\/2511","targetHints":{"allow":["GET"]}}],"collection":[{"href":"https:\/\/www.mathnique.com\/site\/wp-json\/wp\/v2\/pages"}],"about":[{"href":"https:\/\/www.mathnique.com\/site\/wp-json\/wp\/v2\/types\/page"}],"author":[{"embeddable":true,"href":"https:\/\/www.mathnique.com\/site\/wp-json\/wp\/v2\/users\/1"}],"replies":[{"embeddable":true,"href":"https:\/\/www.mathnique.com\/site\/wp-json\/wp\/v2\/comments?post=2511"}],"version-history":[{"count":4,"href":"https:\/\/www.mathnique.com\/site\/wp-json\/wp\/v2\/pages\/2511\/revisions"}],"predecessor-version":[{"id":2518,"href":"https:\/\/www.mathnique.com\/site\/wp-json\/wp\/v2\/pages\/2511\/revisions\/2518"}],"wp:attachment":[{"href":"https:\/\/www.mathnique.com\/site\/wp-json\/wp\/v2\/media?parent=2511"}],"curies":[{"name":"wp","href":"https:\/\/api.w.org\/{rel}","templated":true}]}}