{"id":262,"date":"2017-02-06T20:44:14","date_gmt":"2017-02-06T19:44:14","guid":{"rendered":"http:\/\/www2.mathnique.com\/site\/?page_id=262"},"modified":"2017-12-23T00:46:48","modified_gmt":"2017-12-22T23:46:48","slug":"droit-et-informatique","status":"publish","type":"page","link":"https:\/\/www.mathnique.com\/site\/droit-et-informatique\/","title":{"rendered":"Informatique et Soci\u00e9t\u00e9"},"content":{"rendered":"<p><b> <\/b><span style=\"color: #ff0000;\"><b>1 - L'information est de plus en plus informatis\u00e9e<\/b><\/span><br \/>\nL'information , quelque soit sa forme :<br \/>\n- alphanum\u00e9rique<br \/>\n- sonore<br \/>\n- image<br \/>\npeut \u00eatre, \u00e0 l'aide d'un ordinateur :<br \/>\n- trait\u00e9e automatiquement<br \/>\n- transmise automatiquement<br \/>\n- stock\u00e9e dans des bases de donn\u00e9es(CD-ROM, DVD-ROM, serveurs en ligne, ...)<br \/>\nBien entendu, elle doit mod\u00e9lis\u00e9e et formalis\u00e9e.<br \/>\n<span style=\"color: #ff0000;\"><b>2 -\u00a0 La communication s'informatise<\/b><\/span><br \/>\naussi bien la communication entre personnes qui peut se faire :<br \/>\n- par courrier \u00e9lectronique<br \/>\n- dans des forums de discussion<br \/>\nque la communication personne\/machine gr\u00e2ce \u00e0 des syst\u00e8mes homme\/machine interactifs :<br \/>\n- acc\u00e8s \u00e0 diff\u00e9rents services<br \/>\n-acc\u00e8s \u00e0 diff\u00e9rents types d'information<\/p>\n<p><span style=\"color: #ff0000;\"><b>3 - Le multim\u00e9dia et les autoroutes de l'information<\/b><\/span><\/p>\n<p><img loading=\"lazy\" decoding=\"async\" class=\"alignnone size-medium wp-image-2224 aligncenter\" src=\"http:\/\/www.mathnique.com\/site\/wp-content\/uploads\/2017\/12\/autoroutesinformation-300x151.jpg\" alt=\"\" width=\"300\" height=\"151\" srcset=\"https:\/\/www.mathnique.com\/site\/wp-content\/uploads\/2017\/12\/autoroutesinformation-300x151.jpg 300w, https:\/\/www.mathnique.com\/site\/wp-content\/uploads\/2017\/12\/autoroutesinformation-768x386.jpg 768w, https:\/\/www.mathnique.com\/site\/wp-content\/uploads\/2017\/12\/autoroutesinformation-1024x515.jpg 1024w, https:\/\/www.mathnique.com\/site\/wp-content\/uploads\/2017\/12\/autoroutesinformation-1200x603.jpg 1200w, https:\/\/www.mathnique.com\/site\/wp-content\/uploads\/2017\/12\/autoroutesinformation.jpg 1572w\" sizes=\"auto, (max-width: 300px) 85vw, 300px\" \/>Depuis 1990, on assiste \u00e0 des innovations spectaculaires :<br \/>\n- d\u00e9mocratisation du multim\u00e9dia(CD-ROM, DVD-ROM,...)<br \/>\n- d\u00e9veloppement des r\u00e9seaux<br \/>\n- acc\u00e8s \u00e0 Internet depuis son domicile<br \/>\nLe monde politique, en particulier aux USA, n'est pas rest\u00e9 insensible \u00e0 ce d\u00e9veloppement spectaculaire \u00e0 cause des enjeux surtout \u00e9conomiques qui apparaissent.<br \/>\nOn assiste alors \u00e0 des fusions entre les soci\u00e9t\u00e9s de t\u00e9l\u00e9communications et les soci\u00e9t\u00e9s de t\u00e9l\u00e9vision et de cin\u00e9ma\u00a0 .<br \/>\nAl Gore, vice-pr\u00e9sident des USA durant la pr\u00e9sidence de Bill Clinton (1992-2000), d\u00e9veloppe alors en 1993 le concept d'autoroutes de l'information.<br \/>\nEn janvier 1998 en France, Lionel Jospin alors premier ministre d\u00e9finit les grandes lignes d'un plan TIC (Technologies de l'Information et de la Communication)<\/p>\n<p><b><span style=\"color: #ff0000;\">4\u00a0- Les enjeux \u00e9conomiques, politiques, sociaux et culturels<\/span> <\/b><br \/>\n<b>\u00a0- <em>Les enjeux \u00e9conomiques<\/em><\/b><br \/>\nL'information est consid\u00e9r\u00e9e comme une marchandise.<br \/>\n<b>- <em>Les enjeux politiques<\/em><\/b><br \/>\nLa mise en place progressive d'un r\u00e9seau mondial d'informations commence \u00e0 \u00eatre pris en charge par le monde politique \u00e0 c\u00f4t\u00e9 de la guerre et de l'argent appara\u00eet un nouveau pouvoir : l'information (cf les ouvrages de Toffler)<br \/>\n-<em><b> Les enjeux sociaux<\/b><\/em><br \/>\nLe monde du travail s'informatise ce qui soul\u00e8ve une s\u00e9rie d'enjeux sociaux. Il y a un changement du contenu et des proc\u00e9dures de travail d'o\u00f9 :<br \/>\n- de nouvelles conditions de travail<br \/>\n- une nouvelle organisation du travail<br \/>\nIl y a un changement du march\u00e9 de l'emploi donc de nouvelles qualifications et de nouveaux emplois :<br \/>\n- des qualifications nouvelles sont donc n\u00e9cessaires<br \/>\n- des actions nouvelles de formation sont indispensables<br \/>\n-<em> <b>Les enjeux culturels<\/b><\/em><br \/>\nParall\u00e8lement au ph\u00e9nom\u00e8ne \u00e9conomique de mondialisation, une culture \"mondiale\" s'\u00e9labore \u00e0 travers Internet gr\u00e2ce \u00e0 de nouvelles formes de dialogue et d'\u00e9changes.<br \/>\nMais face \u00e0 cette informatisation croissante domin\u00e9e par le monde anglophone, la r\u00e9flexion sur la n\u00e9cessit\u00e9 de respecter les \u00e9quilibres culturels s'organise.<\/p>\n<p><span style=\"color: #ff0000;\"><b>5 - Les protections juridiques<\/b><\/span><br \/>\n<img loading=\"lazy\" decoding=\"async\" class=\"size-medium wp-image-274 aligncenter\" src=\"http:\/\/www2.mathnique.com\/site\/wp-content\/uploads\/2017\/02\/justice-300x183.png\" alt=\"\" width=\"300\" height=\"183\" srcset=\"https:\/\/www.mathnique.com\/site\/wp-content\/uploads\/2017\/02\/justice-300x183.png 300w, https:\/\/www.mathnique.com\/site\/wp-content\/uploads\/2017\/02\/justice.png 506w\" sizes=\"auto, (max-width: 300px) 85vw, 300px\" \/><\/p>\n<p>Lors de la mise en oeuvre de syst\u00e8mes automatis\u00e9s, il est apparu successivement deux ph\u00e9nom\u00e8nes :<br \/>\n- d'abord dans les ann\u00e9es 70, <strong><em>l'informatique est per\u00e7ue comme une menace<\/em><\/strong> contre les droits des citoyens. (Projet SAFARI sous la pr\u00e9sidence de Giscard d'Estaing,...)<br \/>\n- dans une deuxi\u00e8me \u00e9tape, dans les ann\u00e9es 80,<em><strong> il y aura un renversement de situation : ce sont les citoyens qui vont commencer \u00e0 constituer une menace<\/strong><\/em> pour les syst\u00e8mes automatis\u00e9s (piratage, virus, intrusion dans les r\u00e9seaux par les hackers, ...)<\/p>\n<p>Le droit a du s'adapter \u00e0 ces deux situations :<\/p>\n<p><b>-<span style=\"color: #008000;\"><em> Protection des personnes contre l'informatique<\/em><\/span><\/b><br \/>\nLoi Informatique et Libert\u00e9s (LIL) est vot\u00e9e en Juin 1978.<br \/>\nCette loi cr\u00e9e la CNIL (Commission Nationale Informatique et Libert\u00e9s) , entit\u00e9 administrative hors hi\u00e9rarchie donc ind\u00e9pendante dont le r\u00f4le est de contr\u00f4ler la cr\u00e9ation des fichiers manuels et informatis\u00e9s.<br \/>\nUn droit d'acc\u00e8s aux fichiers le concernant est pr\u00e9vu pour le citoyen.<br \/>\nIl est interdit de faire figurer certaines informations (religion, opinion politique, ...) dans ces fichiers.<br \/>\nLa cr\u00e9ation d'un identifiant unique est interdite par cette LIL<br \/>\nLa CNIL \u00e9met des recommandations et peut saisir la justice.<\/p>\n<p>- <em><span style=\"color: #008000;\"><b>Protection des logiciels et des mat\u00e9riels contre les personnes<\/b><\/span><\/em><\/p>\n<p><span style=\"color: #008000;\"><em><b>Protection des mat\u00e9riels :<\/b><\/em><\/span><br \/>\nd\u00e9p\u00f4t de brevets (dur\u00e9e 20 ans)<\/p>\n<p><em><span style=\"color: #008000;\"><b>Protection des Logiciels<\/b> :<\/span><\/em><br \/>\na) <b>Loi sur la propri\u00e9t\u00e9 artistique et litt\u00e9raire<\/b> (11 mars <b>1957<\/b>)<br \/>\nb) <b>Loi sur le logiciel <\/b>qui est consid\u00e9r\u00e9 comme une oeuvre de l'esprit(<b>Juillet 1985<\/b>)\u00a0\u00a0\u00a0 l'acheteur a le droit d'usus mais pas ceux de fructus et d'abusus sur un logiciel qui appartient toujours au concepteur.<br \/>\nUne et une seule copie de sauvegarde est autoris\u00e9e.<br \/>\nc) La copie frauduleuse ou contrefa\u00e7on de logiciel fait partie de ce que l'on appelle le piratage informatique.<br \/>\nLa loi stipule que :<br \/>\n\"<em>Toute repr\u00e9sentation ou reproduction int\u00e9grale ou partielle faite sans le consentement de l'auteur ou de ses ayants droits est illicite. <\/em><br \/>\n<em>Il en est de m\u00eame pour la traduction , l'adaptation ou la transformation, l'arrangement ou la reproduction par un art ou un proc\u00e9d\u00e9 quelconque<\/em>\"<br \/>\n(Article 1-122-4 du Code de la Propri\u00e9t\u00e9 Intellectuelle)<br \/>\nLes peines encourues par une personne physique pour une personne physique pour contrefa\u00e7on de logiciel vont jusqu'\u00e0 2 ans d'emprisonnement et une amende de 1 000 000 F) (Loi du 5 f\u00e9vrier 1994)<\/p>\n<p>d) Une <b>directive europ\u00e9enne<\/b> emp\u00eache la d\u00e9compilation de programmes<br \/>\ne) La <b>loi du 5 janvier 1988<\/b> pr\u00e9voit des peines de prison :<br \/>\n- 1 an de prison et\/ou 100 000 F d'amende pour acc\u00e8s ou maintien frauduleux dans un\u00a0syst\u00e8me informatique<br \/>\n- 3 ans de prison et\/ou 300 000 F d'amende pour entrave au fonctionnement d'un<br \/>\nsyst\u00e8me informatique<\/p>\n<p>f) En juin 2006, La protection des oeuvres audiovisuelles sur les nouveaux r\u00e9seaux est renforc\u00e9e par la <b>loi DADVSI<\/b>(Droits d'Auteurs et Droits Voisins dans la Soci\u00e9t\u00e9 de l'Information) .<br \/>\nCette loi est bas\u00e9e sur une directive europ\u00e9enne (EUCD : European Union Copyright Directive) de 2001. Une autorit\u00e9 de r\u00e9gulation est pr\u00e9vue.<\/p>\n<p>Parall\u00e8lement aux sanctions pr\u00e9vues par cette loi, Le rapport Olivennes de novembre 2007 sur le piratage des oeuvres intellectuelles sur Internet propose des mesures pour m\u00e9nager la libert\u00e9 des consommateurs et le droit des cr\u00e9ateurs.<br \/>\nUne des mesures les plus marquantes de ce rapport est le fait que l'autorit\u00e9 de r\u00e9gulation peut demander \u00e0 un FAI (fournisseur d'acc\u00e8s internet ) de suspendre l'abonnement d'un internaute fautif apr\u00e8s deux avertissements.<br \/>\nLes FAI acceptent de mettre en place des filtrages de contenus illicites sur leurs serveurs.<br \/>\nEn contre-partie les ayants-droits de la musique s'engagent \u00e0 mettre en ligne d'ici \u00e0 un an en t\u00e9l\u00e9chargement des chansons fran\u00e7aises sans verrous num\u00e9riques (DRM :Digital Rights Management ).<br \/>\nLes ayants-droits du cin\u00e9ma r\u00e9duisent de 7 mois et demi \u00e0 6 mois la mise \u00e0 disposition apr\u00e8s leur date de sortie des films sur Internet.<\/p>\n<p>De plus, La SACEM (Soci\u00e9t\u00e9 des auteurs, compositeurs et \u00e9diteurs de musique) vient de recevoir le 7 d\u00e9cembre 2007 de la CNIL l'autorisation de constater les infractions aux droits d'auteurs, de relever les adresses IP des internautes fautifs et de saisir la justice.<\/p>\n<p>HADOPI (Haute Autorit\u00e9 pour la Diffusion des \u0152uvres et la Protection des droits sur Internet) est une institution fran\u00e7aises a \u00e9t\u00e9 cr\u00e9e par la loi Hadopi 1.<br \/>\nLa loi relative \u00e0 la protection p\u00e9nale de la propri\u00e9t\u00e9 litt\u00e9raire et artistique sur internet dite loi HADOPI 2 (septembre 2009) est une loi fran\u00e7aise compl\u00e9mentaire \u00e0 la loi favorisant la diffusion et la protection de la cr\u00e9ation sur internet, dite loi HADOPI 1. Elle a pour but de r\u00e9introduire le volet r\u00e9pressif de la premi\u00e8re loi qui a \u00e9t\u00e9 d\u00e9clar\u00e9 partiellement non conforme \u00e0 la constitution par le Conseil constitutionnel<\/p>\n<ul>\n<li><span style=\"color: #ff0000;\"><strong>Types de logiciels :<\/strong><\/span>\n<ul>\n<li><span style=\"color: #008000;\"><span style=\"color: #008000;\"><strong>Logiciels du domaine public \"Open Source\":<\/strong><\/span><\/span><img loading=\"lazy\" decoding=\"async\" class=\"size-medium wp-image-2232 aligncenter\" src=\"http:\/\/www.mathnique.com\/site\/wp-content\/uploads\/2017\/12\/logiciellibre-300x211.png\" alt=\"\" width=\"300\" height=\"211\" srcset=\"https:\/\/www.mathnique.com\/site\/wp-content\/uploads\/2017\/12\/logiciellibre-300x211.png 300w, https:\/\/www.mathnique.com\/site\/wp-content\/uploads\/2017\/12\/logiciellibre-768x539.png 768w, https:\/\/www.mathnique.com\/site\/wp-content\/uploads\/2017\/12\/logiciellibre-1024x719.png 1024w, https:\/\/www.mathnique.com\/site\/wp-content\/uploads\/2017\/12\/logiciellibre-1200x843.png 1200w, https:\/\/www.mathnique.com\/site\/wp-content\/uploads\/2017\/12\/logiciellibre.png 1458w\" sizes=\"auto, (max-width: 300px) 85vw, 300px\" \/><span style=\"color: #1a1a1a; font-weight: 400;\">Ce sont des logiciels gratuits dont tout le monde peut disposer.<\/span>\n<p>Les auteurs d\u00e9clinent la paternit\u00e9 du produit. Ils mettent parfois les programmes sources \u00e0 disposition afin que l'on puisse les adapter ou les modifier.<\/li>\n<li><strong><span style=\"color: #008000;\">Logiciels \"freeware\" ou libres de droit :<br \/>\n<img loading=\"lazy\" decoding=\"async\" class=\" wp-image-2230 aligncenter\" src=\"http:\/\/www.mathnique.com\/site\/wp-content\/uploads\/2017\/12\/logicielslibres1-300x287.png\" alt=\"\" width=\"141\" height=\"135\" srcset=\"https:\/\/www.mathnique.com\/site\/wp-content\/uploads\/2017\/12\/logicielslibres1-300x287.png 300w, https:\/\/www.mathnique.com\/site\/wp-content\/uploads\/2017\/12\/logicielslibres1-768x734.png 768w, https:\/\/www.mathnique.com\/site\/wp-content\/uploads\/2017\/12\/logicielslibres1-1024x978.png 1024w, https:\/\/www.mathnique.com\/site\/wp-content\/uploads\/2017\/12\/logicielslibres1.png 1074w\" sizes=\"auto, (max-width: 141px) 85vw, 141px\" \/><\/span><\/strong><br \/>\nCe sont des logiciels gratuits dont tout le monde peut disposer.<br \/>\nLes auteurs revendiquent leur paternit\u00e9 en y apposant un copyright.<br \/>\nIls peuvent \u00eatre utilis\u00e9s, copi\u00e9s, diffus\u00e9s de mani\u00e8re gratuite mais ne peuvent \u00eatre modifi\u00e9s sans le consentement des auteurs ou de leurs ayants-droits.<\/li>\n<li><strong><span style=\"color: #008000;\">Logiciels \"shareware\" ou contributif :<br \/>\n<img loading=\"lazy\" decoding=\"async\" class=\"size-medium wp-image-2233 aligncenter\" src=\"http:\/\/www.mathnique.com\/site\/wp-content\/uploads\/2017\/12\/freeware-300x183.png\" alt=\"\" width=\"300\" height=\"183\" srcset=\"https:\/\/www.mathnique.com\/site\/wp-content\/uploads\/2017\/12\/freeware-300x183.png 300w, https:\/\/www.mathnique.com\/site\/wp-content\/uploads\/2017\/12\/freeware.png 610w\" sizes=\"auto, (max-width: 300px) 85vw, 300px\" \/><\/span><\/strong><span style=\"color: #008000;\"><span style=\"color: #000000;\">Ce sont des logiciels payants. On peut se les procurer le plus souvent gratuitement par l'interm\u00e9diaire d'associations, de revues, par \u00e9change de disquettes de \u00a0CD, par t\u00e9l\u00e9chargement ou par des distributeurs.<br \/>\n<\/span><\/span><span style=\"color: #008000;\"><span style=\"color: #000000;\">\"Share\" veut dire partage en anglais. Le mot \"Shareware\" a \u00e9t\u00e9 invent\u00e9 en 1983 pour ce type de sitribution particulier au domaine informatique.<br \/>\nIl est demand\u00e9 \u00e0 l'utilisateur d'envoyer \u00e0 l'auteur une somme mentionn\u00e9e dans le logiciel lui-m\u00eame.<br \/>\nEn \u00e9change, l'auteur envoie une licence d'utilisation officielle et parfois une documentation sur papier et la derni\u00e8re version.<br \/>\nLa somme est \u00e0 verser en cas d'utilisation prolong\u00e9e, au del\u00e0 de la p\u00e9riode d'essai mentionn\u00e9e(un mois, par exemple). Les prix sont souvent modiques , bien inf\u00e9rieurs aux prix pratiqu\u00e9s dans le commerce.<br \/>\nUn shareware \u00a0n'est pas forc\u00e9ment un logiciel libre, car il peut \u00eatre livr\u00e9 sans son code source.<br \/>\nDe plus, lorsque celui-ci est fourni, le droit de le redistribuer n'est pas automatiquement accord\u00e9. Enfin, la distribution du logiciel lui-m\u00eame n'est pas forc\u00e9ment libre.<br \/>\n<\/span><\/span><\/li>\n<li><strong><span style=\"color: #008000;\">Logiciels commerciaux :<br \/>\n<img loading=\"lazy\" decoding=\"async\" class=\"wp-image-2231 aligncenter\" src=\"http:\/\/www.mathnique.com\/site\/wp-content\/uploads\/2017\/12\/logicielscommerciaux1-293x300.png\" alt=\"\" width=\"105\" height=\"108\" srcset=\"https:\/\/www.mathnique.com\/site\/wp-content\/uploads\/2017\/12\/logicielscommerciaux1-293x300.png 293w, https:\/\/www.mathnique.com\/site\/wp-content\/uploads\/2017\/12\/logicielscommerciaux1.png 472w\" sizes=\"auto, (max-width: 105px) 85vw, 105px\" \/><\/span><\/strong>Ils s'ach\u00e8taient avant chez des distributeurs, selon un circuit commercial traditionnel(magasin, vente par correspondance, )<br \/>\nLa tendance actuelle est l'achat d'un droit d'utilisation d'un logiciel pour une dur\u00e9e d\u00e9termin\u00e9e. Le t\u00e9l\u00e9chargement a lieu par internet.(Sources : Article de Florence PETIT - Revue de l'EPI)<\/li>\n<\/ul>\n<\/li>\n<\/ul>\n","protected":false},"excerpt":{"rendered":"<p>1 - L'information est de plus en plus informatis\u00e9e L'information , quelque soit sa forme : - alphanum\u00e9rique - sonore - image peut \u00eatre, \u00e0 l'aide d'un ordinateur : - trait\u00e9e automatiquement - transmise automatiquement - stock\u00e9e dans des bases de donn\u00e9es(CD-ROM, DVD-ROM, serveurs en ligne, ...) Bien entendu, elle doit mod\u00e9lis\u00e9e et formalis\u00e9e. 2 &hellip; <a href=\"https:\/\/www.mathnique.com\/site\/droit-et-informatique\/\" class=\"more-link\">Continuer la lecture<span class=\"screen-reader-text\"> de &laquo;&nbsp;Informatique et Soci\u00e9t\u00e9&nbsp;&raquo;<\/span><\/a><\/p>\n","protected":false},"author":1,"featured_media":0,"parent":0,"menu_order":0,"comment_status":"closed","ping_status":"closed","template":"","meta":{"_monsterinsights_skip_tracking":false,"_monsterinsights_sitenote_active":false,"_monsterinsights_sitenote_note":"","_monsterinsights_sitenote_category":0,"footnotes":""},"class_list":["post-262","page","type-page","status-publish","hentry"],"_links":{"self":[{"href":"https:\/\/www.mathnique.com\/site\/wp-json\/wp\/v2\/pages\/262","targetHints":{"allow":["GET"]}}],"collection":[{"href":"https:\/\/www.mathnique.com\/site\/wp-json\/wp\/v2\/pages"}],"about":[{"href":"https:\/\/www.mathnique.com\/site\/wp-json\/wp\/v2\/types\/page"}],"author":[{"embeddable":true,"href":"https:\/\/www.mathnique.com\/site\/wp-json\/wp\/v2\/users\/1"}],"replies":[{"embeddable":true,"href":"https:\/\/www.mathnique.com\/site\/wp-json\/wp\/v2\/comments?post=262"}],"version-history":[{"count":9,"href":"https:\/\/www.mathnique.com\/site\/wp-json\/wp\/v2\/pages\/262\/revisions"}],"predecessor-version":[{"id":2235,"href":"https:\/\/www.mathnique.com\/site\/wp-json\/wp\/v2\/pages\/262\/revisions\/2235"}],"wp:attachment":[{"href":"https:\/\/www.mathnique.com\/site\/wp-json\/wp\/v2\/media?parent=262"}],"curies":[{"name":"wp","href":"https:\/\/api.w.org\/{rel}","templated":true}]}}