{"id":278,"date":"2017-02-09T20:37:10","date_gmt":"2017-02-09T19:37:10","guid":{"rendered":"http:\/\/www2.mathnique.com\/site\/?page_id=278"},"modified":"2021-03-01T10:58:12","modified_gmt":"2021-03-01T09:58:12","slug":"option-info-bac","status":"publish","type":"page","link":"https:\/\/www.mathnique.com\/site\/option-info-bac\/","title":{"rendered":"Option Informatique Bac(1985 - 1994)"},"content":{"rendered":"<p style=\"text-align: center;\"><span style=\"color: #ff0000;\"><strong>Th\u00e8me \u00a0\"Protection de la cr\u00e9ation informatique \u00a0: Probl\u00e8mes pos\u00e9s par la fraude et la malveillance.\"<br \/>\nTh\u00e8me \u00a0\" Aspects juridiques et \u00e9thiques de l'Informatique\"<\/strong><\/span><\/p>\n<ul>\n<li><span style=\"color: #008000;\"><strong>Sujet France m\u00e9tropolitaine 1988<\/strong> <\/span>:<br \/>\nD\u00e9crivez bri\u00e8vement, en citant des faits, les principales \u00e9tapes qui ont marqu\u00e9 le d\u00e9veloppement des mat\u00e9riels informatiques et des logiciels.<\/li>\n<li><strong><span style=\"color: #008000;\">Sujet Polyn\u00e9sie 1989 :<\/span><\/strong><br \/>\nLa copie de logiciels peut poser des probl\u00e8mes s\u00e9rieux : on a parl\u00e9 de \"piratage\".<br \/>\nSavez-vous pourquoi ? Quelles dispositions l\u00e9gales r\u00e8glementent les copies de logiciels ?<\/li>\n<li><strong><span style=\"color: #008000;\">Sujet Antilles-Guyane 1991 :<\/span><\/strong><br \/>\nRappelez la l\u00e9gislation en vigueur sur l'utilisation frauduleuse des logiciels.<br \/>\nOutre ces mesures l\u00e9gislatives, d\u00e9crivez quelques strat\u00e9gies mises en place par les distributeurs de logiciels pour enrayer le piratage.<\/li>\n<li><span style=\"color: #000000;\"><strong><span style=\"color: #008000;\">Sujet Ha\u00efti-Caracas -Lima-Bogota - Mexico 1991 :<\/span><\/strong><br \/>\nDonnez de fa\u00e7on succincte un exemple des aspects que peut prendre la fraude informatique.<br \/>\nIndiquez les dangers qu'il pr\u00e9sente ainsi que les rem\u00e8des pr\u00e9ventifs et r\u00e9pressifs actuellement utilis\u00e9s.<\/span><\/li>\n<li><strong><span style=\"color: #008000;\">Sujet France Ga2 - 1991 :<\/span><\/strong><br \/>\nClaire a pr\u00eat\u00e9 pour quelques jours \u00e0 George une disquette de jeu qu'elle a achet\u00e9.<br \/>\nGeorges qui trouve le logiciel \u00e0 son go\u00fbt en fait une copie pour pouvoir y jouer quand il aura rendu l'original \u00e0 Claire.<br \/>\nCette pratique est-elle \u00a0l\u00e9gale ? Quels r\u00e9flexions vous sugg\u00e8re cette situation ?<br \/>\nArgumentez.<\/li>\n<li><strong><span style=\"color: #008000;\">Sujet Polyn\u00e9sie 1991 :<\/span><\/strong><br \/>\nVous \u00eates l'auteur d'un logiciel susceptible d'\u00eatre commercialis\u00e9;<br \/>\nQuels sont les pr\u00e9judices que vous risquez de subir ?<br \/>\nCitez et commentez un ou deux recours techniques et juridiques qui sont \u00e0 votre disposition.<\/li>\n<li><strong><span style=\"color: #008000;\">Sujet Asie 1991 :<\/span><\/strong><br \/>\nComment la loi prot\u00e8ge-t-elle une soci\u00e9t\u00e9 de logiciels informatiques contre le piratage ?<\/li>\n<li><strong><span style=\"color: #008000;\">Sujet Antilles-Guyane 1992 :<\/span><\/strong><br \/>\nUn individu X cr\u00e9e un logiciel informatique A.<br \/>\nUn individu Y cr\u00e9 un mat\u00e9riel informatique Y.<br \/>\nQuels distinctions y-a-t-il entre la protection de A et celle de B ?<br \/>\nCitez une loi concernant le droit de propri\u00e9t\u00e9 des logiciels.<br \/>\nMettez en \u00e9vidence les risques de litige.<\/li>\n<li><strong><span style=\"color: #008000;\">Sujet France Ga2 - 1992 :<\/span><\/strong><br \/>\nMr SUPER passionn\u00e9 d'informatique a mis au point un logiciel qui est \u00e9dit\u00e9 par la soci\u00e9t\u00e9 TOUTESTBON.<br \/>\nLa soci\u00e9t\u00e9 ASTUCE a achet\u00e9 un exemplaire de ce logiciel.<br \/>\nPeut-elle en commercialiser des copies ?<br \/>\nVotre lyc\u00e9e a achet\u00e9 \u00e0 la soci\u00e9t\u00e9 TOUTESTBON ce logiciel et en a fait une copie de sauvegarde. Est-ce l\u00e9gal ?<br \/>\nJustifier vos r\u00e9ponses.<\/li>\n<li><strong><span style=\"color: #008000;\">Sujet R\u00e9union 1992 :<\/span><\/strong><br \/>\nIl existe un cadre l\u00e9gislatif prot\u00e9geant le droit des concepteurs et des \u00e9diteurs de logiciels. Pr\u00e9cisez lequel.<br \/>\nCependant certains \u00e9diteurs de logiciels utilisent des syst\u00e8mes de protection cens\u00e9s rendre toute copie de leurs logiciels impossible. Pourquoi et qu'en pensez-vous ?<\/li>\n<\/ul>\n<p style=\"text-align: center;\"><span style=\"color: #ff0000;\"><strong>Th\u00e8me \u00a0\"Apports de l'Informatique \u00e0 l'Enseignement\"<\/strong><\/span><\/p>\n<ul>\n<li><span style=\"color: #008000;\"><strong>Sujet France M\u00e9tropolitaine 1990<\/strong><\/span><br \/>\nEn vous appuyant \u00e9ventuellement sur votre exp\u00e9rience personnelle, d\u00e9crivez bri\u00e8vement un exemple de logiciel destin\u00e9 \u00e0 l'enseignement.<br \/>\nPr\u00e9cisez quels sont, d'apr\u00e8s vous, les avantages de l'informatique par rapport \u00e0 une pr\u00e9sentation plus traditionnelle.<br \/>\nQuelles sont, \u00e0 votre avis, les limites de l'informatique dans ce domaine ?<\/li>\n<\/ul>\n<p style=\"text-align: center;\"><span style=\"color: #ff0000;\"><strong>Th\u00e8me \u00a0\"L'Informatique, ph\u00e9nom\u00e8ne culturel : Apport de l'Informatique \u00e0 la documentation\"<\/strong><\/span><\/p>\n<ul>\n<li>Sujet :<br \/>\nLe CDI(Centre de documentation et d'Information) de votre \u00e9tablissement scolaire vient d'\u00eatre dot\u00e9 :<br \/>\n- d'un micro-ordinateur avec disque dur de 100 Mo<br \/>\n- d'une imprimante<br \/>\n- d'une carte de communication munie d'un Modem(modulateur -d\u00e9modulateur)<br \/>\n- d'une ligne t\u00e9l\u00e9phonique<br \/>\n- d'un lecteur de CD-ROM<br \/>\n- d'un vid\u00e9o-lecteur<br \/>\n- de logiciels de gestion documentaire.<br \/>\nD'apr\u00e8s ce que vous connaissez ou ce que vous imaginez de l'informatisation d'un CDI, d\u00e9crivez les avantages et le inconv\u00e9nients , pour le personnel du CDI (documentalistes) et les autres personnels de l'\u00e9tablissement (\u00e9l\u00e8ves, professeurs, agents, administration) de cemode d'informatisation.<\/li>\n<\/ul>\n<p style=\"text-align: center;\"><strong><span style=\"color: #ff0000;\"><span style=\"caret-color: #ff0000;\">Th\u00e8me \u00a0\" Histoire et \u00e9volution de l'Informatique \"<\/span><\/span><\/strong><\/p>\n<p style=\"text-align: center;\"><strong><br \/>\n<span style=\"color: #ff0000;\"><span style=\"caret-color: #ff0000;\">Th\u00e8me \u00a0\"Les m\u00e9tiers et les\u00a0qualifications de l'Informatique\"<\/span><\/span><\/strong><\/p>\n<ul>\n<li style=\"text-align: left;\"><strong><span style=\"color: #008000;\">Sujet Asie 1988<\/span><br \/>\n<\/strong>Citez deux ou trois m\u00e9tiers de l'informatique en pr\u00e9cisant leurs fonctions dans l'entreprise.<\/li>\n<li><\/li>\n<li style=\"text-align: center;\"><strong><span style=\"color: #ff0000;\">Th\u00e8me \"L'informatique st la communication\"<\/span><\/strong><span style=\"color: #ff0000;\">\u00a0Th\u00e8me \"L'Informatique-outil\"<\/span><\/li>\n<li style=\"text-align: left;\"><strong><span style=\"color: #008000;\">Sujet Asie 1988<\/span><br \/>\n<\/strong>Vous avez utilis\u00e9 un logiciel traitement de texte. d\u00e9veloppez les avantages qu'apporte un tel logiciel par rapport \u00e0 une machine \u00e0 \u00e9crire.<\/li>\n<li style=\"text-align: center;\"><strong><strong><br \/>\n<span style=\"color: #ff0000;\">Quelques Sujets complets et quelques corrig\u00e9s<\/span><\/strong><\/strong><\/li>\n<li>T\u00e9l\u00e9chargez le document suivant :<a href=\"http:\/\/www.mathnique.com\/site\/wp-content\/uploads\/2021\/03\/sujetsoptioninfolycees-1.pdf\">sujetsoptioninfolycees<\/a><\/li>\n<\/ul>\n","protected":false},"excerpt":{"rendered":"<p>Th\u00e8me \u00a0\"Protection de la cr\u00e9ation informatique \u00a0: Probl\u00e8mes pos\u00e9s par la fraude et la malveillance.\" Th\u00e8me \u00a0\" Aspects juridiques et \u00e9thiques de l'Informatique\" Sujet France m\u00e9tropolitaine 1988 : D\u00e9crivez bri\u00e8vement, en citant des faits, les principales \u00e9tapes qui ont marqu\u00e9 le d\u00e9veloppement des mat\u00e9riels informatiques et des logiciels. Sujet Polyn\u00e9sie 1989 : La copie de &hellip; <a href=\"https:\/\/www.mathnique.com\/site\/option-info-bac\/\" class=\"more-link\">Continuer la lecture<span class=\"screen-reader-text\"> de &laquo;&nbsp;Option Informatique Bac(1985 - 1994)&nbsp;&raquo;<\/span><\/a><\/p>\n","protected":false},"author":1,"featured_media":0,"parent":0,"menu_order":0,"comment_status":"closed","ping_status":"closed","template":"","meta":{"_monsterinsights_skip_tracking":false,"_monsterinsights_sitenote_active":false,"_monsterinsights_sitenote_note":"","_monsterinsights_sitenote_category":0,"footnotes":""},"class_list":["post-278","page","type-page","status-publish","hentry"],"_links":{"self":[{"href":"https:\/\/www.mathnique.com\/site\/wp-json\/wp\/v2\/pages\/278","targetHints":{"allow":["GET"]}}],"collection":[{"href":"https:\/\/www.mathnique.com\/site\/wp-json\/wp\/v2\/pages"}],"about":[{"href":"https:\/\/www.mathnique.com\/site\/wp-json\/wp\/v2\/types\/page"}],"author":[{"embeddable":true,"href":"https:\/\/www.mathnique.com\/site\/wp-json\/wp\/v2\/users\/1"}],"replies":[{"embeddable":true,"href":"https:\/\/www.mathnique.com\/site\/wp-json\/wp\/v2\/comments?post=278"}],"version-history":[{"count":18,"href":"https:\/\/www.mathnique.com\/site\/wp-json\/wp\/v2\/pages\/278\/revisions"}],"predecessor-version":[{"id":3422,"href":"https:\/\/www.mathnique.com\/site\/wp-json\/wp\/v2\/pages\/278\/revisions\/3422"}],"wp:attachment":[{"href":"https:\/\/www.mathnique.com\/site\/wp-json\/wp\/v2\/media?parent=278"}],"curies":[{"name":"wp","href":"https:\/\/api.w.org\/{rel}","templated":true}]}}