{"id":295,"date":"2017-02-09T21:18:52","date_gmt":"2017-02-09T20:18:52","guid":{"rendered":"http:\/\/www2.mathnique.com\/site\/?page_id=295"},"modified":"2020-03-19T15:39:25","modified_gmt":"2020-03-19T14:39:25","slug":"systemes-experts","status":"publish","type":"page","link":"https:\/\/www.mathnique.com\/site\/systemes-experts\/","title":{"rendered":"Syst\u00e8mes experts"},"content":{"rendered":"<ul>\n<li><span style=\"color: #ff0000;\"><strong>D\u00e9finition :<\/strong><\/span><br \/>\nA partir de la d\u00e9finition de Edouard FEIBENBAUM on peut dire qu'un syst\u00e8me expert est un programme con\u00e7u pour raisonner habilement \u00e0 propos de t\u00e2ches dont on pense qu'ils requi\u00e8rent une expertise humaine consid\u00e9rable.<\/li>\n<\/ul>\n<p><img loading=\"lazy\" decoding=\"async\" class=\" wp-image-570 aligncenter\" src=\"http:\/\/www2.mathnique.com\/site\/wp-content\/uploads\/2017\/02\/sytemeexpert-223x300.png\" alt=\"\" width=\"316\" height=\"425\" srcset=\"https:\/\/www.mathnique.com\/site\/wp-content\/uploads\/2017\/02\/sytemeexpert-223x300.png 223w, https:\/\/www.mathnique.com\/site\/wp-content\/uploads\/2017\/02\/sytemeexpert-768x1033.png 768w, https:\/\/www.mathnique.com\/site\/wp-content\/uploads\/2017\/02\/sytemeexpert-762x1024.png 762w, https:\/\/www.mathnique.com\/site\/wp-content\/uploads\/2017\/02\/sytemeexpert.png 894w\" sizes=\"auto, (max-width: 316px) 85vw, 316px\" \/><\/p>\n<p>En fait, un syst\u00e8me expert est plus restreint car il y a 2 grandes classes qui requi\u00e8rent une expertise humaine consid\u00e9rable :<\/p>\n<ol>\n<li>comptabilit\u00e9, calcul num\u00e9rique, commandes de machines-outils... en fait tous les domaines o\u00f9 les processus intellectuels sont mod\u00e9lis\u00e9s avec pr\u00e9cision.<\/li>\n<li>diagnostic m\u00e9dical, prospection mini\u00e8re, pr\u00e9vision m\u00e9t\u00e9orologique,... en fait tous les domaines o\u00f9 il y a au moins une partie des processus intellectuels qui est mal d\u00e9finie. l'expertise y est insuffisamment structur\u00e9e pour donner lieu \u00e0 des algorithmes parfaitement identifi\u00e9s.<\/li>\n<\/ol>\n<ul>\n<li><strong><span style=\"color: #ff0000;\">Exemples de syst\u00e8mes experts :\u00a0<\/span><\/strong><\/li>\n<\/ul>\n<p>Les SE qui ont le plus de succ\u00e8s sont MYCIN, DENDRAL, PROSPECTOR.<br \/>\nOn les a \"compar\u00e9\" \u00e0 des experts.<br \/>\nIls ont \u00e9t\u00e9 pr\u00e9sent\u00e9s pr\u00e9cautionneusement avec un caract\u00e8re non d\u00e9finitif, pouvant \u00e9voluer \u00e0 partir des critiques.<\/p>\n<table width=\"644.0\" cellspacing=\"0\" cellpadding=\"0\">\n<tbody>\n<tr>\n<td valign=\"middle\">MYCIN<\/td>\n<td valign=\"middle\">Maladies bact\u00e9riennes du sang, traitement de la m\u00e9ningite<\/td>\n<td valign=\"middle\">200 r\u00e8gles en 1974<\/p>\n<p>500 r\u00e8gles en 1985<\/td>\n<\/tr>\n<tr>\n<td valign=\"middle\">PROSPECTOR<\/td>\n<td valign=\"middle\"><\/td>\n<td valign=\"middle\">1600 r\u00e8gles<\/td>\n<\/tr>\n<tr>\n<td valign=\"middle\">RI<\/td>\n<td valign=\"middle\">commerce<\/td>\n<td valign=\"middle\">3200 r\u00e8gles<\/td>\n<\/tr>\n<tr>\n<td valign=\"middle\">LITHO<\/td>\n<td valign=\"middle\">G\u00e9ologie SLUMBERGER<\/td>\n<td valign=\"middle\">500 r\u00e8gles<\/td>\n<\/tr>\n<tr>\n<td valign=\"middle\">SPHINX<\/td>\n<td valign=\"middle\">m\u00e9decine Marseille<\/td>\n<td valign=\"middle\">400 r\u00e8gles<\/td>\n<\/tr>\n<tr>\n<td valign=\"middle\">TOM<\/td>\n<td valign=\"middle\">INRA : maladies tomates<\/td>\n<td valign=\"middle\">200 r\u00e8gles<\/td>\n<\/tr>\n<\/tbody>\n<\/table>\n<p>Il y en a d'autres en chimie, biologie, g\u00e9ologie, math\u00e9matiques, \u00e9lectricit\u00e9, administration, gestion, m\u00e9decine, informatique, conception m\u00e9canique, production semi-manufacturi\u00e8re, r\u00e9paration automobile, contr\u00f4le de processus, agronomie, g\u00e9nie civil, reconnaissance de la parole, risques naturels.<\/p>\n<ul>\n<li>\u00a0<strong><span style=\"color: #ff0000;\">Objectifs des Syst\u00e8mes experts :<\/span><\/strong><br \/>\n1 - Capturer \"ais\u00e9ment des unit\u00e9s de savoir-faire.<br \/>\n2 - Exploiter des unit\u00e9s (jugements, plans, preuves, d\u00e9cisions, pr\u00e9dictions, nouvelles r\u00e8gles, rendre compte des inf\u00e9rences...)<br \/>\n3 - Supporter ais\u00e9ment la r\u00e9vision des unit\u00e9s de savoir-faire.<\/li>\n<\/ul>\n","protected":false},"excerpt":{"rendered":"<p>D\u00e9finition : A partir de la d\u00e9finition de Edouard FEIBENBAUM on peut dire qu'un syst\u00e8me expert est un programme con\u00e7u pour raisonner habilement \u00e0 propos de t\u00e2ches dont on pense qu'ils requi\u00e8rent une expertise humaine consid\u00e9rable. En fait, un syst\u00e8me expert est plus restreint car il y a 2 grandes classes qui requi\u00e8rent une expertise &hellip; <a href=\"https:\/\/www.mathnique.com\/site\/systemes-experts\/\" class=\"more-link\">Continuer la lecture<span class=\"screen-reader-text\"> de &laquo;&nbsp;Syst\u00e8mes experts&nbsp;&raquo;<\/span><\/a><\/p>\n","protected":false},"author":1,"featured_media":0,"parent":0,"menu_order":0,"comment_status":"closed","ping_status":"closed","template":"","meta":{"_monsterinsights_skip_tracking":false,"_monsterinsights_sitenote_active":false,"_monsterinsights_sitenote_note":"","_monsterinsights_sitenote_category":0,"footnotes":""},"class_list":["post-295","page","type-page","status-publish","hentry"],"_links":{"self":[{"href":"https:\/\/www.mathnique.com\/site\/wp-json\/wp\/v2\/pages\/295","targetHints":{"allow":["GET"]}}],"collection":[{"href":"https:\/\/www.mathnique.com\/site\/wp-json\/wp\/v2\/pages"}],"about":[{"href":"https:\/\/www.mathnique.com\/site\/wp-json\/wp\/v2\/types\/page"}],"author":[{"embeddable":true,"href":"https:\/\/www.mathnique.com\/site\/wp-json\/wp\/v2\/users\/1"}],"replies":[{"embeddable":true,"href":"https:\/\/www.mathnique.com\/site\/wp-json\/wp\/v2\/comments?post=295"}],"version-history":[{"count":3,"href":"https:\/\/www.mathnique.com\/site\/wp-json\/wp\/v2\/pages\/295\/revisions"}],"predecessor-version":[{"id":3077,"href":"https:\/\/www.mathnique.com\/site\/wp-json\/wp\/v2\/pages\/295\/revisions\/3077"}],"wp:attachment":[{"href":"https:\/\/www.mathnique.com\/site\/wp-json\/wp\/v2\/media?parent=295"}],"curies":[{"name":"wp","href":"https:\/\/api.w.org\/{rel}","templated":true}]}}