{"id":3112,"date":"2020-03-21T15:59:06","date_gmt":"2020-03-21T14:59:06","guid":{"rendered":"http:\/\/www.mathnique.com\/site\/?page_id=3112"},"modified":"2021-04-09T17:32:53","modified_gmt":"2021-04-09T15:32:53","slug":"historique-dinternet","status":"publish","type":"page","link":"https:\/\/www.mathnique.com\/site\/historique-dinternet\/","title":{"rendered":"Historique d'Internet"},"content":{"rendered":"<ul>\n<li>1969 : Dans le contexte de la guerre froide avec l'URSS le d\u00e9partement am\u00e9ricain de la D\u00e9fense (DOD) d\u00e9cide de construire un r\u00e9seau appel\u00e9 ARPANET. \u00a0Le but \u00e9tait\u00a0de ne pas avoir un r\u00e9seau de t\u00e9l\u00e9communications paralys\u00e9 en cas d\u2019attaque nucl\u00e9aire massive.<br \/>\nUne dizaine de sites sont alors connect\u00e9s par un r\u00e9seau maill\u00e9 , non hi\u00e9rarchique, bas\u00e9 sur le protocole IP(Internet Protocol).<\/p>\n<p><img loading=\"lazy\" decoding=\"async\" class=\" wp-image-3138 aligncenter\" src=\"http:\/\/www.mathnique.com\/site\/wp-content\/uploads\/2020\/03\/arpanet-300x199.png\" alt=\"\" width=\"383\" height=\"254\" srcset=\"https:\/\/www.mathnique.com\/site\/wp-content\/uploads\/2020\/03\/arpanet-300x199.png 300w, https:\/\/www.mathnique.com\/site\/wp-content\/uploads\/2020\/03\/arpanet.png 624w\" sizes=\"auto, (max-width: 383px) 85vw, 383px\" \/>La premi\u00e8re utilisation de ce r\u00e9seau est le courrier \u00e9lectronique(mail).<\/li>\n<li>1972 : ARPANET rassemble une quarantaine d'ordinateurs militaires et universitaires.<\/li>\n<li>1979 : En parall\u00e8le est cr\u00e9e le r\u00e9seau civil USENET utilis\u00e9 pour les discussions th\u00e9matiques, les news et forums.<\/li>\n<li>1982 : l'acc\u00e8s au r\u00e9seau est accord\u00e9 gratuitement.<\/li>\n<li>1983 :La NSF(National Science fondation) \u00e9quivalent du Minist\u00e8re de la Recherche finance la mise en r\u00e9seau de 60 universit\u00e9s am\u00e9ricaines et de 3 europ\u00e9ennes.<br \/>\nLes stations de travail apparaissent.<br \/>\nLe premier serveur de noms (DNS : Domain Name System) appara\u00eet.<\/li>\n<li>1984 : Scission d'ARPANET en deux r\u00e9seaux :\n<ul>\n<li>MILNET(r\u00e9seau militaire)<br \/>\n<img loading=\"lazy\" decoding=\"async\" class=\"size-medium wp-image-3143 aligncenter\" src=\"http:\/\/www.mathnique.com\/site\/wp-content\/uploads\/2020\/03\/milnet-300x210.png\" alt=\"\" width=\"300\" height=\"210\" srcset=\"https:\/\/www.mathnique.com\/site\/wp-content\/uploads\/2020\/03\/milnet-300x210.png 300w, https:\/\/www.mathnique.com\/site\/wp-content\/uploads\/2020\/03\/milnet.png 520w\" sizes=\"auto, (max-width: 300px) 85vw, 300px\" \/><br \/>\n<span class=\"notranslate\">Au cours des ann\u00e9es 1980, le MILNET s'est d\u00e9velopp\u00e9 dans le cadre du Defense Data Work\u00a0un ensemble mondial de r\u00e9seaux militaires fonctionnant \u00e0 diff\u00e9rents niveaux de s\u00e9curit\u00e9.<\/span><br \/>\n<span class=\"notranslate\">Dans les ann\u00e9es 1990, MILNET est devenu le NIPRNET. \u00a0<\/span><\/li>\n<li>ARPANET (r\u00e9seau civil) deviendra plus tard le support d'INTERNET<br \/>\n<img loading=\"lazy\" decoding=\"async\" class=\"size-medium wp-image-3140 aligncenter\" src=\"http:\/\/www.mathnique.com\/site\/wp-content\/uploads\/2020\/03\/internet1-300x179.png\" alt=\"\" width=\"300\" height=\"179\" srcset=\"https:\/\/www.mathnique.com\/site\/wp-content\/uploads\/2020\/03\/internet1-300x179.png 300w, https:\/\/www.mathnique.com\/site\/wp-content\/uploads\/2020\/03\/internet1.png 616w\" sizes=\"auto, (max-width: 300px) 85vw, 300px\" \/>Des passerelles relayent le courrier \u00e9lectronique entre les 2 r\u00e9seaux.<br \/>\nBBN Technologies <span class=\"notranslate\">construit et g\u00e9re le MILNET et l'ARPANET d\u00e9militaris\u00e9 \u00a0et les deux r\u00e9seaux utilisent une technologie tr\u00e8s similaire.<\/span><br \/>\nLa NSF prend le relais d'ARPANET et assure le d\u00e9veloppement d'Internet qui int\u00e8gre le NSFNet.<br \/>\nUne conjonction entre le r\u00e9seau ARPANET, le r\u00e9seau fran\u00e7ais de commutation de paquets CYCLADES, le protocole de communication de paquets X25 d\u00e9veleopp\u00e9 par l'Union Internationale des Communications ainsi que l'utilisation du protocole UUCP (Unix to Unix Protocole) va aboutir au lancement d'INTERNET.<br \/>\nLa demande de connexion va s'amplifier :<br \/>\nInternet va connecter alors de plus en \u00a0plus d'ordinateurs :<br \/>\n1984 : 1000 ;<br \/>\n1987 : 10 000;<br \/>\n1989 : 100 000 ;<br \/>\n1992 : 1 000 000<\/li>\n<\/ul>\n<\/li>\n<li>1986 : Le r\u00e9seau est connect\u00e9 sur les lignes publiques de transmission.<\/li>\n<li>1989 : EUnet(Europe) et AUSSIENET(Australie) rejoignent NSFNet.<br \/>\nLes entreprises commencent \u00e0 se brancher sur Internet.<\/li>\n<li>1991 : Apparition des premiers fournisseurs d'acc\u00e8s(providers commerciaux)<\/li>\n<li>1992 : Apparition du WWW(Word Wide Web) d\u00e9velop\u00e9 par le CERN de Gen\u00e8ve. Il constitue un moyen simple d'organiser l'information et la navigation sur Internet \u00e0 partir d'hyperliens, en utilisant le langage de description HTML (Hyper Text Markup Language)<br \/>\n<img loading=\"lazy\" decoding=\"async\" class=\" wp-image-3144 aligncenter\" src=\"http:\/\/www.mathnique.com\/site\/wp-content\/uploads\/2020\/03\/adresseweb-300x245.png\" alt=\"\" width=\"147\" height=\"120\" srcset=\"https:\/\/www.mathnique.com\/site\/wp-content\/uploads\/2020\/03\/adresseweb-300x245.png 300w, https:\/\/www.mathnique.com\/site\/wp-content\/uploads\/2020\/03\/adresseweb.png 418w\" sizes=\"auto, (max-width: 147px) 85vw, 147px\" \/><\/li>\n<li>1994 :\u00a0 le NSFNet, renomm\u00e9 ANSNET (<i>Advanced Networks and Service<\/i> pour R\u00e9seaux avanc\u00e9s et service) et qui permettait l'acc\u00e8s aux soci\u00e9t\u00e9s \u00e0 but non lucratif, perdit sa place d'\u00e9pine dorsale d\u2019Internet.<br \/>\n\u00c0 la fois les institutions gouvernementales et les fournisseurs cr\u00e9\u00e8rent leurs propres \u00e9pines dorsales et liaisons.<br \/>\nLes points d'acc\u00e8s r\u00e9gionaux (NAP) au r\u00e9seau\u00a0devinrent les liens principaux entre les nombreux r\u00e9seaux<\/li>\n<li>1995 : Explosion m\u00e9diatique d'Internet qui s'ouvre alors au monde du commerce..<br \/>\nInternet offre alors diff\u00e9rents services :<\/p>\n<ul>\n<li>Le Web pour la lecture de pages au protocole HTTP (Hyper Text Transfer Protocole)<\/li>\n<li>Le courrier \u00e9lectronique ou e-mail bas\u00e9 sur des protocoles comme POP (Post Office Protocole : courrier entrant ) et SMTP( Service Mail Transfer Protocole : courrier sortant)<\/li>\n<li>Les news<\/li>\n<li>Les forums de discussion ou \u00a0chats<\/li>\n<\/ul>\n<\/li>\n<li>1995 : En France, sous la pr\u00e9sidence de Fran\u00e7ois MITTERAND, le premier ministre Lionel FABIUS lance le plan Informatique pour tous afin d'\u00e9quiper et de connecter de nombreux \u00e9tablissements scolaires au r\u00e9seau Internet.<br \/>\nC'est l'\u00e9poque des nano-r\u00e9seaux : 1 serveur Micral Bull et des stations MO5 de Thomson.<\/li>\n<li>1996 : De plus en plus de logiciels d'\u00e9dition proposent l'enregistrement de fichiers au format HTML.<\/li>\n<li><\/li>\n<\/ul>\n","protected":false},"excerpt":{"rendered":"<p>1969 : Dans le contexte de la guerre froide avec l'URSS le d\u00e9partement am\u00e9ricain de la D\u00e9fense (DOD) d\u00e9cide de construire un r\u00e9seau appel\u00e9 ARPANET. \u00a0Le but \u00e9tait\u00a0de ne pas avoir un r\u00e9seau de t\u00e9l\u00e9communications paralys\u00e9 en cas d\u2019attaque nucl\u00e9aire massive. Une dizaine de sites sont alors connect\u00e9s par un r\u00e9seau maill\u00e9 , non hi\u00e9rarchique, &hellip; <a href=\"https:\/\/www.mathnique.com\/site\/historique-dinternet\/\" class=\"more-link\">Continuer la lecture<span class=\"screen-reader-text\"> de &laquo;&nbsp;Historique d'Internet&nbsp;&raquo;<\/span><\/a><\/p>\n","protected":false},"author":1,"featured_media":0,"parent":0,"menu_order":0,"comment_status":"closed","ping_status":"closed","template":"","meta":{"_monsterinsights_skip_tracking":false,"_monsterinsights_sitenote_active":false,"_monsterinsights_sitenote_note":"","_monsterinsights_sitenote_category":0,"footnotes":""},"class_list":["post-3112","page","type-page","status-publish","hentry"],"_links":{"self":[{"href":"https:\/\/www.mathnique.com\/site\/wp-json\/wp\/v2\/pages\/3112","targetHints":{"allow":["GET"]}}],"collection":[{"href":"https:\/\/www.mathnique.com\/site\/wp-json\/wp\/v2\/pages"}],"about":[{"href":"https:\/\/www.mathnique.com\/site\/wp-json\/wp\/v2\/types\/page"}],"author":[{"embeddable":true,"href":"https:\/\/www.mathnique.com\/site\/wp-json\/wp\/v2\/users\/1"}],"replies":[{"embeddable":true,"href":"https:\/\/www.mathnique.com\/site\/wp-json\/wp\/v2\/comments?post=3112"}],"version-history":[{"count":17,"href":"https:\/\/www.mathnique.com\/site\/wp-json\/wp\/v2\/pages\/3112\/revisions"}],"predecessor-version":[{"id":3455,"href":"https:\/\/www.mathnique.com\/site\/wp-json\/wp\/v2\/pages\/3112\/revisions\/3455"}],"wp:attachment":[{"href":"https:\/\/www.mathnique.com\/site\/wp-json\/wp\/v2\/media?parent=3112"}],"curies":[{"name":"wp","href":"https:\/\/api.w.org\/{rel}","templated":true}]}}