{"id":3289,"date":"2021-02-12T15:35:50","date_gmt":"2021-02-12T14:35:50","guid":{"rendered":"http:\/\/www.mathnique.com\/site\/?page_id=3289"},"modified":"2025-12-20T15:07:20","modified_gmt":"2025-12-20T14:07:20","slug":"comment-debuter-en-astronomie","status":"publish","type":"page","link":"https:\/\/www.mathnique.com\/site\/comment-debuter-en-astronomie\/","title":{"rendered":"Comment d\u00e9buter en Astronomie ?"},"content":{"rendered":"\n<p><em>Document du club d'astronomie du Lyc\u00e9e Schoelcher :<br>Mme Yvonne LECLERCQ, Professeur de Sciences Physiques<br>Mme CONSEIL Marie-Laure, Professeur de Math\u00e9matiques<br>Mme VROUST, Professeur de Math\u00e9matiques.<\/em><br> <strong><span class=\"has-inline-color has-bright-red-color\">Comment se rep\u00e9rer parmi ces milliers d'\u00e9toiles ?<\/span><\/strong><br>C'est une question qui pr\u00e9occupe tous ceux que la beaut\u00e9 du ciel int\u00e9resse.<br>Il faut reconna\u00eetre qu'en Martinique, le climat se pr\u00eate particuli\u00e8rement \u00e0 l'observation du ciel.<br>Pour profiter de ce spectacle \u00e9tonnant, il suffit de conna\u00eetre les dessins des constellations remarquables, de construire une petite carte c\u00e9leste mobile et surtout de s'entrainer \u00e0 utiliser les quelques rep\u00e8res fondamentaux qui permettent de situer les \u00e9toiles les unes par rapport aux autres.<br>La principale difficult\u00e9 r\u00e9side, en effet, dans le fait que notre ciel n'est pas le m\u00eame \u00e0 toute heure de la nuit : continuellement, des \u00e9toiles se couchent \u00e0 l'Ouest tandis que d'autres se l\u00e8vent \u00e0 l'Est et que d'un jour \u00e0 l'autre, \u00e0 la m\u00eame heure, il a l\u00e9g\u00e8rement vari\u00e9 \u00e9galement.<br>Inutile de chercher la Grande Ourse, le soir, au moment de No\u00ebl, ou Orion comme Alphonse DAUDET dans  \"Les Etoiles\"  \u00e0 minuit en Juillet.<\/p>\n\n\n\n<p class=\"has-text-align-left\"><strong><span class=\"has-inline-color has-bright-red-color\">4 constellations remarquables :<\/span><\/strong><br><em><strong>La Grande Ourse <\/strong><\/em>a la forme d'une casserole :<br><img loading=\"lazy\" decoding=\"async\" width=\"286\" height=\"167\" class=\"wp-image-3304\" style=\"width: 286px;\" src=\"http:\/\/www.mathnique.com\/site\/wp-content\/uploads\/2021\/02\/astrograndeourse.png\" alt=\"\" srcset=\"https:\/\/www.mathnique.com\/site\/wp-content\/uploads\/2021\/02\/astrograndeourse.png 786w, https:\/\/www.mathnique.com\/site\/wp-content\/uploads\/2021\/02\/astrograndeourse-300x176.png 300w, https:\/\/www.mathnique.com\/site\/wp-content\/uploads\/2021\/02\/astrograndeourse-768x449.png 768w\" sizes=\"auto, (max-width: 286px) 85vw, 286px\" \/><br><br><strong><em>Cassiop\u00e9e<\/em><\/strong> appara\u00eet , tant\u00f4t comme un W, tant\u00f4t comme un M aux jambes \u00e9cart\u00e9es.<br><img loading=\"lazy\" decoding=\"async\" width=\"250\" height=\"127\" class=\"wp-image-3305\" style=\"width: 250px;\" src=\"http:\/\/www.mathnique.com\/site\/wp-content\/uploads\/2021\/02\/astrocassiopee.png\" alt=\"\" srcset=\"https:\/\/www.mathnique.com\/site\/wp-content\/uploads\/2021\/02\/astrocassiopee.png 836w, https:\/\/www.mathnique.com\/site\/wp-content\/uploads\/2021\/02\/astrocassiopee-300x152.png 300w, https:\/\/www.mathnique.com\/site\/wp-content\/uploads\/2021\/02\/astrocassiopee-768x390.png 768w\" sizes=\"auto, (max-width: 250px) 85vw, 250px\" \/><br>Il est \u00e0 noter que ces deux constellations ont des positions sensiblement sym\u00e9triques par rapport \u00e0 la polaire et sont peu \u00e9loign\u00e9es de celle-ci.<br>En cons\u00e9quence, \u00e0 la latitude de la Martinique, elles ne sont jamais vues simultan\u00e9ment ou alors l'une se l\u00e8ve tandis que l'autre se couche.<br><br><em><strong>Le Lion<\/strong><\/em> est assis.<br>sa crini\u00e8re forme un point d'interrogation renvers\u00e9. R\u00e9gulus est le coeur du Lion tandis que D\u00e9n\u00e9bola repr\u00e9sente sa queue.<br><img loading=\"lazy\" decoding=\"async\" width=\"250\" height=\"148\" class=\"wp-image-3306\" src=\"http:\/\/www.mathnique.com\/site\/wp-content\/uploads\/2021\/02\/astrolelion.png\" alt=\"\" style=\"width: 250px;\" srcset=\"https:\/\/www.mathnique.com\/site\/wp-content\/uploads\/2021\/02\/astrolelion.png 1198w, https:\/\/www.mathnique.com\/site\/wp-content\/uploads\/2021\/02\/astrolelion-300x178.png 300w, https:\/\/www.mathnique.com\/site\/wp-content\/uploads\/2021\/02\/astrolelion-1024x607.png 1024w, https:\/\/www.mathnique.com\/site\/wp-content\/uploads\/2021\/02\/astrolelion-768x455.png 768w\" sizes=\"auto, (max-width: 250px) 85vw, 250px\" \/><br><\/p>\n\n\n\n<p class=\"has-text-align-left\"><strong><em>La grue<\/em><\/strong> vole, l'aile basse et le cou tendu.<br><img loading=\"lazy\" decoding=\"async\" width=\"250\" height=\"112\" class=\"wp-image-3307\" style=\"width: 250px;\" src=\"http:\/\/www.mathnique.com\/site\/wp-content\/uploads\/2021\/02\/astrolagrue.png\" alt=\"\" srcset=\"https:\/\/www.mathnique.com\/site\/wp-content\/uploads\/2021\/02\/astrolagrue.png 1192w, https:\/\/www.mathnique.com\/site\/wp-content\/uploads\/2021\/02\/astrolagrue-300x134.png 300w, https:\/\/www.mathnique.com\/site\/wp-content\/uploads\/2021\/02\/astrolagrue-1024x457.png 1024w, https:\/\/www.mathnique.com\/site\/wp-content\/uploads\/2021\/02\/astrolagrue-768x343.png 768w\" sizes=\"auto, (max-width: 250px) 85vw, 250px\" \/><br><strong><span class=\"has-inline-color has-bright-red-color\">Autres constellations remarquables <\/span>:<\/strong><br>Orion<br>La Grande Casserole de P\u00e9gase<br>Scorpion<br>Le Centaure<br>La Croix du Sud<br><br><span class=\"has-inline-color has-bright-red-color\"><strong>Quelques \u00e9toiles remarquables<\/strong><\/span><br><em>Capella<\/em><br><img loading=\"lazy\" decoding=\"async\" width=\"250\" height=\"192\" class=\"wp-image-3310\" style=\"width: 250px;\" src=\"http:\/\/www.mathnique.com\/site\/wp-content\/uploads\/2021\/02\/astrocapella.png\" alt=\"\" srcset=\"https:\/\/www.mathnique.com\/site\/wp-content\/uploads\/2021\/02\/astrocapella.png 582w, https:\/\/www.mathnique.com\/site\/wp-content\/uploads\/2021\/02\/astrocapella-300x231.png 300w\" sizes=\"auto, (max-width: 250px) 85vw, 250px\" \/><br>La \"ch\u00e8vre\" se reconna\u00eet au voisinage de $3$ petits chevreaux, en forme de triangle.<br>C'est l'\u00e9toile principale du \"Cocher\" (elle est situ\u00e9e sur un m\u00eame arc de cercle que les $3$ \u00e9toiles principales de Pers\u00e9e)<br><br><em>V\u00e9ga<\/em><br>C'est l'\u00e9toile principale de la Lyre .<br>Elle est reconnaissable au petit parall\u00e9logramme qui l'avoisine.<br><img loading=\"lazy\" decoding=\"async\" width=\"250\" height=\"120\" class=\"wp-image-3311\" style=\"width: 250px;\" src=\"http:\/\/www.mathnique.com\/site\/wp-content\/uploads\/2021\/02\/astrovega.png\" alt=\"\" srcset=\"https:\/\/www.mathnique.com\/site\/wp-content\/uploads\/2021\/02\/astrovega.png 788w, https:\/\/www.mathnique.com\/site\/wp-content\/uploads\/2021\/02\/astrovega-300x144.png 300w, https:\/\/www.mathnique.com\/site\/wp-content\/uploads\/2021\/02\/astrovega-768x368.png 768w\" sizes=\"auto, (max-width: 250px) 85vw, 250px\" \/><br><em>Ald\u00e9baram<\/em><br>l'\u00e9toile rouge est situ\u00e9e \u00e0 l'un des pieds de l'A form\u00e9 par les Pliages. C'est l'\u00e9toile principale du Taureau.<br>Observ\u00e9e \u00e0 la jumelle, cette r\u00e9gion du Ciel est tr\u00e8s riche.<br><img loading=\"lazy\" decoding=\"async\" width=\"250\" height=\"230\" class=\"wp-image-3312\" src=\"http:\/\/www.mathnique.com\/site\/wp-content\/uploads\/2021\/02\/stroaldebaran.png\" alt=\"\" style=\"width: 250px;\" srcset=\"https:\/\/www.mathnique.com\/site\/wp-content\/uploads\/2021\/02\/stroaldebaran.png 696w, https:\/\/www.mathnique.com\/site\/wp-content\/uploads\/2021\/02\/stroaldebaran-300x276.png 300w\" sizes=\"auto, (max-width: 250px) 85vw, 250px\" \/><br><br><em>Alta\u00efr<\/em><br>C'est l'\u00e9toile principale de l'aigle. De couleur blanche, elle est le milieu du segment form\u00e9 par $2$ \u00e9toiles brillantes qui l'entourent.<br><br><img loading=\"lazy\" decoding=\"async\" width=\"250\" height=\"188\" class=\"wp-image-3313\" src=\"http:\/\/www.mathnique.com\/site\/wp-content\/uploads\/2021\/02\/astroaltair.png\" alt=\"\" style=\"width: 250px;\" srcset=\"https:\/\/www.mathnique.com\/site\/wp-content\/uploads\/2021\/02\/astroaltair.png 562w, https:\/\/www.mathnique.com\/site\/wp-content\/uploads\/2021\/02\/astroaltair-300x225.png 300w\" sizes=\"auto, (max-width: 250px) 85vw, 250px\" \/><br><br><span class=\"has-inline-color has-bright-red-color\"><strong>Principaux rep\u00e8res<\/strong><\/span><br><strong><em><span style=\"color:#22a300\" class=\"has-inline-color\">A partir de la Grande Ourse<\/span><\/em><\/strong><br>Le prolongement de la ligne $\\alpha\\beta$ de la Grande Ourse donne la polaire (prolong\u00e9 de $5$ fois) et dans l'autre sens d\u00e9signe la constellation du Lion.<br>Un arc de cercle form\u00e9 \u00e0 partir de la \"queue\" de la Grande Ourse d\u00e9signa Acteurs du Bouvier et son parachute puis l'Epi de la Vierge.<br>Un arc de cercle trac\u00e9 de Vega \u00e0 Acturus traverse les constellations d'Herciule et de la Couronne Bor\u00e9ale.<\/p>\n\n\n\n<p class=\"has-text-align-center\"><img loading=\"lazy\" decoding=\"async\" width=\"450\" height=\"479\" class=\"wp-image-3317\" style=\"width: 450px;\" src=\"http:\/\/www.mathnique.com\/site\/wp-content\/uploads\/2021\/02\/astrorepere1.jpg\" alt=\"\" srcset=\"https:\/\/www.mathnique.com\/site\/wp-content\/uploads\/2021\/02\/astrorepere1.jpg 1438w, https:\/\/www.mathnique.com\/site\/wp-content\/uploads\/2021\/02\/astrorepere1-282x300.jpg 282w, https:\/\/www.mathnique.com\/site\/wp-content\/uploads\/2021\/02\/astrorepere1-962x1024.jpg 962w, https:\/\/www.mathnique.com\/site\/wp-content\/uploads\/2021\/02\/astrorepere1-768x817.jpg 768w, https:\/\/www.mathnique.com\/site\/wp-content\/uploads\/2021\/02\/astrorepere1-1200x1277.jpg 1200w\" sizes=\"auto, (max-width: 450px) 85vw, 450px\" \/><\/p>\n\n\n\n<p class=\"has-text-align-left\"><span style=\"color:#38a704\" class=\"has-inline-color\"><strong>A partir de la Croix du Cygne<\/strong><\/span><\/p>\n\n\n\n<p class=\"has-text-align-center\"><br><img loading=\"lazy\" decoding=\"async\" width=\"450\" height=\"338\" class=\"wp-image-3319\" style=\"width: 450px;\" src=\"http:\/\/www.mathnique.com\/site\/wp-content\/uploads\/2021\/02\/astrocroixcygne-scaled.jpg\" alt=\"\" srcset=\"https:\/\/www.mathnique.com\/site\/wp-content\/uploads\/2021\/02\/astrocroixcygne-scaled.jpg 2560w, https:\/\/www.mathnique.com\/site\/wp-content\/uploads\/2021\/02\/astrocroixcygne-300x225.jpg 300w, https:\/\/www.mathnique.com\/site\/wp-content\/uploads\/2021\/02\/astrocroixcygne-1024x768.jpg 1024w, https:\/\/www.mathnique.com\/site\/wp-content\/uploads\/2021\/02\/astrocroixcygne-768x576.jpg 768w, https:\/\/www.mathnique.com\/site\/wp-content\/uploads\/2021\/02\/astrocroixcygne-1536x1152.jpg 1536w, https:\/\/www.mathnique.com\/site\/wp-content\/uploads\/2021\/02\/astrocroixcygne-2048x1536.jpg 2048w, https:\/\/www.mathnique.com\/site\/wp-content\/uploads\/2021\/02\/astrocroixcygne-1200x900.jpg 1200w\" sizes=\"auto, (max-width: 450px) 85vw, 450px\" \/><\/p>\n\n\n\n<p>Les $3$  \u00e9toiles de premi\u00e8re grandeur D\u00e9nb (du Cygne), Alta\u00efr (de l'Aigle) et V\u00e9ga (de la Lyre) forment dans le ciel un vaste triangle appel\u00e9 triangle des $3$ belles d'\u00e9t\u00e9, observable , d\u00e8s le coucher du soleil, pendant toutes les grandes vacances. La constellation du Cygne a la forme d'une gendre croix, dont le pied, Albir\u00e9o, est une belle \u00e9toile double.<br>Ce triangle travers\u00e9 par la Voie Lact\u00e9e, est tr\u00e8s beau \u00e0 la jumelle.<br>Il contient \u00e9galement plusieurs objets int\u00e9ressants mais assez difficiles \u00e0 rep\u00e9rer :<br>- la <strong>n\u00e9buleuse Am\u00e9rica<\/strong> dont la forme rappelle celle d'Am\u00e9rique du Nord.<br>Elle est constitu\u00e9e par une nuage stellaire, des n\u00e9bulosit\u00e9 diffusante et des voiles absorbants.<br>- la<strong> n\u00e9buleuse annulaire de la Lyre $M 57$<\/strong> <br>- la <strong>n\u00e9buleuse Dumbell $M 27$<\/strong> rep\u00e9r\u00e9e \u00e0 partir de a constellation de la Fl\u00e8che.<br>- L'identification de la jolie c<strong>onstellation du Dauphin<\/strong> ne pose par contre aucun probl\u00e8me. De plus, cette constellation contient une tr\u00e8s belle <strong>\u00e9toile double $\\gamma$.<\/strong><\/p>\n\n\n\n<p>A partir du Grand Y des constellations australes<\/p>\n\n\n\n<p>A partir d'Orion<\/p>\n\n\n\n<p><strong><span class=\"has-inline-color has-bright-red-color\">Ou trouver des n\u00e9buleuses, des amas et des galaxies<\/span><\/strong><br><strong><span style=\"color:#38a704\" class=\"has-inline-color\">La grande n\u00e9buleuse d'Orion M 42<\/span><\/strong><br>L'amas ouvert des Pl\u00e9iades M 45<\/p>\n\n\n\n<p>L'amas ouvert de la Cr\u00e8che (Fresepe) ou amas du Cancer M 44<br>Le Cancer<br>Les amas du Cocher<br>Le double amas de Pers\u00e9e $\\chi$ et $h$<br>L'amas ouvert du Grand Chien M 41 et l'amas des G\u00e9meaux M 35<br>L'amas globulaire d'Hercule M 13<br>La galaxie d'andro\u00efde M 31<\/p>\n\n\n\n<p>En s'aidant du grand carr\u00e9 de P\u00e9gase on la localise facilement car elle est visible \u00e0 l'oeil nu. Sa forme est d\u00e9j\u00e0 bien reconnaissable \u00e0 la jumelle.<br>Presque sym\u00e9trique de $M 31$ par rapport \u00e0 $\\beta$ d'Androm\u00e9de, se trouve $M 33$ galaxie du Triangle beaucoup plus difficile \u00e0 observer.<\/p>\n\n\n\n<p class=\"has-text-align-left\">a<br><\/p>\n","protected":false},"excerpt":{"rendered":"<p>Document du club d'astronomie du Lyc\u00e9e Schoelcher :Mme Yvonne LECLERCQ, Professeur de Sciences PhysiquesMme CONSEIL Marie-Laure, Professeur de Math\u00e9matiquesMme VROUST, Professeur de Math\u00e9matiques. Comment se rep\u00e9rer parmi ces milliers d'\u00e9toiles ?C'est une question qui pr\u00e9occupe tous ceux que la beaut\u00e9 du ciel int\u00e9resse.Il faut reconna\u00eetre qu'en Martinique, le climat se pr\u00eate particuli\u00e8rement \u00e0 l'observation du &hellip; <a href=\"https:\/\/www.mathnique.com\/site\/comment-debuter-en-astronomie\/\" class=\"more-link\">Continuer la lecture<span class=\"screen-reader-text\"> de &laquo;&nbsp;Comment d\u00e9buter en Astronomie ?&nbsp;&raquo;<\/span><\/a><\/p>\n","protected":false},"author":1,"featured_media":0,"parent":0,"menu_order":0,"comment_status":"closed","ping_status":"closed","template":"","meta":{"_monsterinsights_skip_tracking":false,"_monsterinsights_sitenote_active":false,"_monsterinsights_sitenote_note":"","_monsterinsights_sitenote_category":0,"footnotes":""},"class_list":["post-3289","page","type-page","status-publish","hentry"],"_links":{"self":[{"href":"https:\/\/www.mathnique.com\/site\/wp-json\/wp\/v2\/pages\/3289","targetHints":{"allow":["GET"]}}],"collection":[{"href":"https:\/\/www.mathnique.com\/site\/wp-json\/wp\/v2\/pages"}],"about":[{"href":"https:\/\/www.mathnique.com\/site\/wp-json\/wp\/v2\/types\/page"}],"author":[{"embeddable":true,"href":"https:\/\/www.mathnique.com\/site\/wp-json\/wp\/v2\/users\/1"}],"replies":[{"embeddable":true,"href":"https:\/\/www.mathnique.com\/site\/wp-json\/wp\/v2\/comments?post=3289"}],"version-history":[{"count":10,"href":"https:\/\/www.mathnique.com\/site\/wp-json\/wp\/v2\/pages\/3289\/revisions"}],"predecessor-version":[{"id":3637,"href":"https:\/\/www.mathnique.com\/site\/wp-json\/wp\/v2\/pages\/3289\/revisions\/3637"}],"wp:attachment":[{"href":"https:\/\/www.mathnique.com\/site\/wp-json\/wp\/v2\/media?parent=3289"}],"curies":[{"name":"wp","href":"https:\/\/api.w.org\/{rel}","templated":true}]}}