{"id":3296,"date":"2021-02-12T15:50:34","date_gmt":"2021-02-12T14:50:34","guid":{"rendered":"http:\/\/www.mathnique.com\/site\/?page_id=3296"},"modified":"2021-02-12T16:05:51","modified_gmt":"2021-02-12T15:05:51","slug":"debuter-en-astrophotographie","status":"publish","type":"page","link":"https:\/\/www.mathnique.com\/site\/debuter-en-astrophotographie\/","title":{"rendered":"D\u00e9buter en astrophotographie"},"content":{"rendered":"\n<p>(Source : Club d'astronomie du Lyc\u00e9e Schoelcher  <br> Mme Yvonne LECLERCQ, Professeur de Sciences Physiques<br>Mme CONSEIL Marie-Laure, Professeur de Math\u00e9matiques<br>Mme VROUST, Professeur de Math\u00e9matiques<br><strong>Train\u00e9e d'Etoiles<\/strong><br>Lors d'une pose de quelques minutes, en raison de la rotation de la terre, les \u00e9toiles sont enregistr\u00e9es non par un point mais par une tra\u00een\u00e9e.<\/p>\n","protected":false},"excerpt":{"rendered":"<p>(Source : Club d'astronomie du Lyc\u00e9e Schoelcher Mme Yvonne LECLERCQ, Professeur de Sciences PhysiquesMme CONSEIL Marie-Laure, Professeur de Math\u00e9matiquesMme VROUST, Professeur de Math\u00e9matiquesTrain\u00e9e d'EtoilesLors d'une pose de quelques minutes, en raison de la rotation de la terre, les \u00e9toiles sont enregistr\u00e9es non par un point mais par une tra\u00een\u00e9e.<\/p>\n","protected":false},"author":1,"featured_media":0,"parent":0,"menu_order":0,"comment_status":"closed","ping_status":"closed","template":"","meta":{"_monsterinsights_skip_tracking":false,"_monsterinsights_sitenote_active":false,"_monsterinsights_sitenote_note":"","_monsterinsights_sitenote_category":0,"footnotes":""},"class_list":["post-3296","page","type-page","status-publish","hentry"],"_links":{"self":[{"href":"https:\/\/www.mathnique.com\/site\/wp-json\/wp\/v2\/pages\/3296","targetHints":{"allow":["GET"]}}],"collection":[{"href":"https:\/\/www.mathnique.com\/site\/wp-json\/wp\/v2\/pages"}],"about":[{"href":"https:\/\/www.mathnique.com\/site\/wp-json\/wp\/v2\/types\/page"}],"author":[{"embeddable":true,"href":"https:\/\/www.mathnique.com\/site\/wp-json\/wp\/v2\/users\/1"}],"replies":[{"embeddable":true,"href":"https:\/\/www.mathnique.com\/site\/wp-json\/wp\/v2\/comments?post=3296"}],"version-history":[{"count":2,"href":"https:\/\/www.mathnique.com\/site\/wp-json\/wp\/v2\/pages\/3296\/revisions"}],"predecessor-version":[{"id":3299,"href":"https:\/\/www.mathnique.com\/site\/wp-json\/wp\/v2\/pages\/3296\/revisions\/3299"}],"wp:attachment":[{"href":"https:\/\/www.mathnique.com\/site\/wp-json\/wp\/v2\/media?parent=3296"}],"curies":[{"name":"wp","href":"https:\/\/api.w.org\/{rel}","templated":true}]}}