{"id":356,"date":"2017-02-10T01:01:14","date_gmt":"2017-02-10T00:01:14","guid":{"rendered":"http:\/\/www2.mathnique.com\/site\/?page_id=356"},"modified":"2020-11-09T21:44:07","modified_gmt":"2020-11-09T20:44:07","slug":"conseils-pour-progresser","status":"publish","type":"page","link":"https:\/\/www.mathnique.com\/site\/conseils-pour-progresser\/","title":{"rendered":"Conseils pour progresser"},"content":{"rendered":"<p><img loading=\"lazy\" decoding=\"async\" class=\"size-full wp-image-9 aligncenter\" src=\"http:\/\/www2.mathnique.com\/site\/wp-content\/uploads\/2017\/01\/kabrit.gif\" alt=\"\" width=\"103\" height=\"126\" \/><\/p>\n<p><b>Le groupe KABRIT BWA de l'IREM section Martinique se propose de vous donner un certain nombre de conseils, m\u00e9thodes et d'outils afin de d\u00e9velopper vos savoir-faire et votre aptitude \u00e0 raisonner en Math\u00e9matiques.<br \/>\n<img loading=\"lazy\" decoding=\"async\" class=\"size-medium wp-image-363 aligncenter\" src=\"http:\/\/www2.mathnique.com\/site\/wp-content\/uploads\/2017\/02\/etudiant1-300x110.jpg\" alt=\"\" width=\"300\" height=\"110\" srcset=\"https:\/\/www.mathnique.com\/site\/wp-content\/uploads\/2017\/02\/etudiant1-300x110.jpg 300w, https:\/\/www.mathnique.com\/site\/wp-content\/uploads\/2017\/02\/etudiant1.jpg 368w\" sizes=\"auto, (max-width: 300px) 85vw, 300px\" \/><\/b><b>Tout d'abord, Pour apprendre et progresser en Math\u00e9matiques, il est important de s'astreindre \u00e0 suivre la proc\u00e9dure suivante dans l'ordre :<\/b><\/p>\n<ol>\n<li><b><\/b><b><span style=\"color: #ff0000;\">Apprendre intelligemment votre cours afin de ma\u00eetriser convenablement les concepts :<\/span> <\/b><br \/>\nApprendre par coeur les d\u00e9finitions et les th\u00e9or\u00e8mes.<br \/>\nRefaire les d\u00e9monstrations du cours, autant de fois que n\u00e9cessaire, afin d'assimiler et de ma\u00eetriser les m\u00e9thodes et les techniques qui s'y trouvent.<\/li>\n<li><b><\/b><span style=\"color: #ff0000;\"><b>R\u00e9soudre d'abord des exercices d'application imm\u00e9diate<\/b><\/span><br \/>\nafin de mieux ma\u00eetriser les connaissances de base et d'apprendre \u00e0 les mettre en oeuvre.<\/li>\n<li><b><span style=\"color: #ff0000;\">R\u00e9soudre ensuite des exercices d'approfondissement, les ROC (Restitution Organis\u00e9e deconnaissances) ainsi que des probl\u00e8mes plus synth\u00e9tiques <\/span><\/b><span style=\"color: #ff0000;\"><strong>afin d'apprendre \u00e0 mobiliser ses connaissances.<\/strong><\/span><br \/>\nCe qui est important au niveau des exercices, m\u00eame si l'on ne les r\u00e9soud pas enti\u00e8rement ou facilement, <em>c'est la r\u00e9flexion et la recherche.<\/em><br \/>\nN'oubliez pas ce pr\u00e9cepte :<br \/>\n\" <strong>Soyez patients<\/strong>, a<b>vant de trouver sans chercher, il faut d'abord chercher longtemps \u00a0sans trouver<\/b>\".<img loading=\"lazy\" decoding=\"async\" class=\" wp-image-364 aligncenter\" src=\"http:\/\/www2.mathnique.com\/site\/wp-content\/uploads\/2017\/02\/etudiante2.jpg\" alt=\"\" width=\"179\" height=\"149\" \/><br \/>\n<span style=\"color: #ff0000;\"><span style=\"color: #ff0000;\"><b>Aussi nous vous proposons quelques outils :\u00a0<\/b><b>Techniques du travail intellectuel<\/b><\/span><\/span><img loading=\"lazy\" decoding=\"async\" class=\"size-full wp-image-366 aligncenter\" src=\"http:\/\/www2.mathnique.com\/site\/wp-content\/uploads\/2017\/02\/oldprof.gif\" alt=\"\" width=\"95\" height=\"90\" \/><\/li>\n<\/ol>\n<ul>\n<li><span style=\"color: #ff0000;\"><strong>Apprendre une le\u00e7on<\/strong><\/span>\n<ul>\n<li><strong><span style=\"color: #339966;\">Aborder<\/span><\/strong><br \/>\n- Bien se concentrer, suivre attentivement le cours et le copier correctement.<br \/>\n- Relire les notes prises en classe.<br \/>\n- Am\u00e9liorer la pr\u00e9sentation mat\u00e9rielle.<br \/>\n- Souligner le plan.<br \/>\n- Trouver dans le manuel la le\u00e7on correspondante.<br \/>\n- Sortir du papier brouillon.<\/li>\n<li><strong><span style=\"color: #339966;\">S'organiser<\/span><\/strong><br \/>\n- Etablir le lien entre le cours et les pr\u00e9c\u00e9dents.<br \/>\n- Ouvrir le livre et le comparer avec ses notes.<br \/>\n- Chercher le vocabulaire significatif ou nouveau.<br \/>\n- Situer les notions essentielles (d\u00e9finitions, th\u00e9or\u00e8mes,...)<\/li>\n<li><strong><span style=\"color: #339966;\">Agir<\/span><\/strong><br \/>\n- Refaire les d\u00e9monstrations, rechercher les id\u00e9es.<br \/>\n- Reprendre les devoirs rendus et corrig\u00e9s, identifier, analyser et comprendre les erreurs commises.<br \/>\n- Faire au brouillon les exercices demand\u00e9s.<br \/>\n- Apprendre \u00a0les notions essentielles(d\u00e9finitions, th\u00e9or\u00e8mes,...)<br \/>\n- Etre capable de les restituer int\u00e9gralement : savoir les r\u00e9citer, les reformuler autrement ou savoir, les r\u00e9\u00e9crire sur une feuille de papier vierge.<br \/>\nTout cela pour acqu\u00e9rir des automatismes, conditions n\u00e9cessaires (mais non suffisantes) pour savoir r\u00e9soudre des probl\u00e8mes.<\/li>\n<li><strong><span style=\"color: #339966;\">V\u00e9rifier\/Ajuster<\/span><\/strong><br \/>\n- Analyser la construction des raisonnements.<br \/>\n- Rep\u00e9rer la pr\u00e9sentation.<br \/>\n- B\u00e2tir des fiches.<br \/>\n- V\u00e9rifier la vraisemblance ou la justesse du travail r\u00e9alis\u00e9.<br \/>\n- Refaire les activit\u00e9s, d\u00e9monstrations et les exercices d'application propos\u00e9s par le professeur.<br \/>\n- Reprendre les points obscurs pour tenter de les clarifier.<\/li>\n<li><strong><span style=\"color: #339966;\">Communiquer<\/span><\/strong><br \/>\n-\u00a0S'entrainer \u00e0 l'expression \u00e9crite : \u00eatre capable de montrer que l'on a bien compris son cours.<br \/>\nR\u00e9diger les exercices propos\u00e9s par le professeur<br \/>\n-\u00a0S'entrainer \u00e0 l'expression orale :\u00a0\u00eatre capable de montrer que l'on a bien compris son cours.<\/li>\n<\/ul>\n<\/li>\n<li><\/li>\n<\/ul>\n","protected":false},"excerpt":{"rendered":"<p>Le groupe KABRIT BWA de l'IREM section Martinique se propose de vous donner un certain nombre de conseils, m\u00e9thodes et d'outils afin de d\u00e9velopper vos savoir-faire et votre aptitude \u00e0 raisonner en Math\u00e9matiques. Tout d'abord, Pour apprendre et progresser en Math\u00e9matiques, il est important de s'astreindre \u00e0 suivre la proc\u00e9dure suivante dans l'ordre : Apprendre &hellip; <a href=\"https:\/\/www.mathnique.com\/site\/conseils-pour-progresser\/\" class=\"more-link\">Continuer la lecture<span class=\"screen-reader-text\"> de &laquo;&nbsp;Conseils pour progresser&nbsp;&raquo;<\/span><\/a><\/p>\n","protected":false},"author":1,"featured_media":0,"parent":0,"menu_order":0,"comment_status":"closed","ping_status":"closed","template":"","meta":{"_monsterinsights_skip_tracking":false,"_monsterinsights_sitenote_active":false,"_monsterinsights_sitenote_note":"","_monsterinsights_sitenote_category":0,"footnotes":""},"class_list":["post-356","page","type-page","status-publish","hentry"],"_links":{"self":[{"href":"https:\/\/www.mathnique.com\/site\/wp-json\/wp\/v2\/pages\/356","targetHints":{"allow":["GET"]}}],"collection":[{"href":"https:\/\/www.mathnique.com\/site\/wp-json\/wp\/v2\/pages"}],"about":[{"href":"https:\/\/www.mathnique.com\/site\/wp-json\/wp\/v2\/types\/page"}],"author":[{"embeddable":true,"href":"https:\/\/www.mathnique.com\/site\/wp-json\/wp\/v2\/users\/1"}],"replies":[{"embeddable":true,"href":"https:\/\/www.mathnique.com\/site\/wp-json\/wp\/v2\/comments?post=356"}],"version-history":[{"count":12,"href":"https:\/\/www.mathnique.com\/site\/wp-json\/wp\/v2\/pages\/356\/revisions"}],"predecessor-version":[{"id":3198,"href":"https:\/\/www.mathnique.com\/site\/wp-json\/wp\/v2\/pages\/356\/revisions\/3198"}],"wp:attachment":[{"href":"https:\/\/www.mathnique.com\/site\/wp-json\/wp\/v2\/media?parent=356"}],"curies":[{"name":"wp","href":"https:\/\/api.w.org\/{rel}","templated":true}]}}