{"id":36,"date":"2017-01-29T14:20:08","date_gmt":"2017-01-29T13:20:08","guid":{"rendered":"http:\/\/www2.mathnique.com\/site\/?page_id=36"},"modified":"2018-06-09T00:09:25","modified_gmt":"2018-06-08T22:09:25","slug":"contacts","status":"publish","type":"page","link":"https:\/\/www.mathnique.com\/site\/contacts\/","title":{"rendered":"Contacts"},"content":{"rendered":"<p>Le responsable l\u00e9gal de ce site web est Christian CYRILLE que vous pouvez joindre \u00e0 l'adresse cyrille.christian@orange.fr<\/p>\n<p>Lorsque les documents \u00e9crits ou audiovisuels ne sont pas personnels, leurs sources sont cit\u00e9es.<br \/>\n<span style=\"color: #ff0000;\"><strong>Vous pouvez utiliser tous les documents de ce site \u00e0 condition de ne pas en faire une utilisation commerciale.<\/strong><\/span><\/p>\n","protected":false},"excerpt":{"rendered":"<p>Le responsable l\u00e9gal de ce site web est Christian CYRILLE que vous pouvez joindre \u00e0 l'adresse cyrille.christian@orange.fr Lorsque les documents \u00e9crits ou audiovisuels ne sont pas personnels, leurs sources sont cit\u00e9es. Vous pouvez utiliser tous les documents de ce site \u00e0 condition de ne pas en faire une utilisation commerciale.<\/p>\n","protected":false},"author":1,"featured_media":0,"parent":0,"menu_order":0,"comment_status":"closed","ping_status":"closed","template":"","meta":{"_monsterinsights_skip_tracking":false,"_monsterinsights_sitenote_active":false,"_monsterinsights_sitenote_note":"","_monsterinsights_sitenote_category":0,"footnotes":""},"class_list":["post-36","page","type-page","status-publish","hentry"],"_links":{"self":[{"href":"https:\/\/www.mathnique.com\/site\/wp-json\/wp\/v2\/pages\/36","targetHints":{"allow":["GET"]}}],"collection":[{"href":"https:\/\/www.mathnique.com\/site\/wp-json\/wp\/v2\/pages"}],"about":[{"href":"https:\/\/www.mathnique.com\/site\/wp-json\/wp\/v2\/types\/page"}],"author":[{"embeddable":true,"href":"https:\/\/www.mathnique.com\/site\/wp-json\/wp\/v2\/users\/1"}],"replies":[{"embeddable":true,"href":"https:\/\/www.mathnique.com\/site\/wp-json\/wp\/v2\/comments?post=36"}],"version-history":[{"count":7,"href":"https:\/\/www.mathnique.com\/site\/wp-json\/wp\/v2\/pages\/36\/revisions"}],"predecessor-version":[{"id":2396,"href":"https:\/\/www.mathnique.com\/site\/wp-json\/wp\/v2\/pages\/36\/revisions\/2396"}],"wp:attachment":[{"href":"https:\/\/www.mathnique.com\/site\/wp-json\/wp\/v2\/media?parent=36"}],"curies":[{"name":"wp","href":"https:\/\/api.w.org\/{rel}","templated":true}]}}