{"id":389,"date":"2017-02-10T14:38:19","date_gmt":"2017-02-10T13:38:19","guid":{"rendered":"http:\/\/www2.mathnique.com\/site\/?page_id=389"},"modified":"2020-03-16T14:37:10","modified_gmt":"2020-03-16T13:37:10","slug":"bibliographie","status":"publish","type":"page","link":"https:\/\/www.mathnique.com\/site\/bibliographie\/","title":{"rendered":"Bibliographie et Sitographie"},"content":{"rendered":"<p><img loading=\"lazy\" decoding=\"async\" class=\"size-full wp-image-9 aligncenter\" src=\"http:\/\/www2.mathnique.com\/site\/wp-content\/uploads\/2017\/01\/kabrit.gif\" alt=\"\" width=\"103\" height=\"126\" \/><\/p>\n<ul>\n<li><span style=\"color: #ff0000;\"><strong>Bibliographie<\/strong> <\/span>:<br \/>\n<img loading=\"lazy\" decoding=\"async\" class=\" wp-image-390 aligncenter\" src=\"http:\/\/www2.mathnique.com\/site\/wp-content\/uploads\/2017\/02\/livres-300x270.gif\" alt=\"\" width=\"131\" height=\"118\" \/><\/p>\n<ul>\n<li><em>La d\u00e9couverte des Math\u00e9matiques<\/em>\n<ul>\n<li>Tome 1 : les mod\u00e8les - G.POLYA - Editions DUNOD - Paris 1967<\/li>\n<li>Tome 2 :\u00a0- G.POLYA - Editions DUNOD\u00a0- Paris 1967<\/li>\n<\/ul>\n<\/li>\n<li><em>Le raisonnement par l'absurde<\/em> - Jean Louis GARDIES -Collection Histoire des Sciences - Editions PUF 1991<\/li>\n<li><em>Logique et Automates<\/em> - Jacques SAKAROVITCH -Editios ELLIPSES - 1998<\/li>\n<li><em>Logique, Informatique et Paradoxes<\/em> - Jean Luc DELAHAYE -Collection\u00a0Pour la Science -\u00a0Editions BELIN 1999<\/li>\n<li><em>Eloge des Math\u00e9matiques<\/em> - Alain Badiou et Gilles Haeri - Editions Flammarion -<\/li>\n<\/ul>\n<\/li>\n<\/ul>\n<ul>\n<li><span style=\"color: #ff0000;\"><strong>Sitographie :<br \/>\n<\/strong><\/span><img loading=\"lazy\" decoding=\"async\" class=\" wp-image-1401 aligncenter\" src=\"http:\/\/www2.mathnique.com\/site\/wp-content\/uploads\/2017\/02\/surfinternet-300x220.png\" alt=\"\" width=\"149\" height=\"109\" srcset=\"https:\/\/www.mathnique.com\/site\/wp-content\/uploads\/2017\/02\/surfinternet-300x220.png 300w, https:\/\/www.mathnique.com\/site\/wp-content\/uploads\/2017\/02\/surfinternet.png 522w\" sizes=\"auto, (max-width: 149px) 85vw, 149px\" \/><\/p>\n<ul>\n<li>Institut fran\u00e7ais de l'Education :\u00a0<a href=\"http:\/\/ife.ens-lyon.fr\/ife\">http:\/\/ife.ens-lyon.fr\/ife<\/a><\/li>\n<li>Site du magazine tangente :\u00a0<a href=\"http:\/\/tangente-mag.com\/\">http:\/\/tangente-mag.com\/<\/a><img loading=\"lazy\" decoding=\"async\" class=\"size-medium wp-image-2519 aligncenter\" src=\"http:\/\/www.mathnique.com\/site\/wp-content\/uploads\/2018\/07\/sitetangente-300x105.png\" alt=\"\" width=\"300\" height=\"105\" srcset=\"https:\/\/www.mathnique.com\/site\/wp-content\/uploads\/2018\/07\/sitetangente-300x105.png 300w, https:\/\/www.mathnique.com\/site\/wp-content\/uploads\/2018\/07\/sitetangente-768x269.png 768w, https:\/\/www.mathnique.com\/site\/wp-content\/uploads\/2018\/07\/sitetangente.png 903w\" sizes=\"auto, (max-width: 300px) 85vw, 300px\" \/><\/li>\n<li>Commission Fran\u00e7aise pour l'Enseignement des Math\u00e9matiques (CFEM) :<br \/>\n<img loading=\"lazy\" decoding=\"async\" class=\"size-medium wp-image-3061 aligncenter\" src=\"http:\/\/www.mathnique.com\/site\/wp-content\/uploads\/2020\/03\/cfem-300x119.png\" alt=\"\" width=\"300\" height=\"119\" srcset=\"https:\/\/www.mathnique.com\/site\/wp-content\/uploads\/2020\/03\/cfem-300x119.png 300w, https:\/\/www.mathnique.com\/site\/wp-content\/uploads\/2020\/03\/cfem.png 678w\" sizes=\"auto, (max-width: 300px) 85vw, 300px\" \/><span style=\"font-size: 1rem;\">Acad\u00e9mie des sciences - ADIREM - APMEP - ARDM - CNFM \u00a0Femmes et Math\u00e9matiques - IGEN - IHP - SFdS - SMAI - SMF - UPS<\/span><br \/>\n<a href=\"http:\/\/www.cfem.asso.fr\/\">http:\/\/www.cfem.asso.fr\/<\/a><\/li>\n<li>Floril\u00e8ge de la popularisation des Math\u00e9matiques :<br \/>\n<img loading=\"lazy\" decoding=\"async\" class=\"alignnone  wp-image-2747\" src=\"http:\/\/www.mathnique.com\/site\/wp-content\/uploads\/2019\/08\/florilege-300x31.png\" alt=\"\" width=\"629\" height=\"65\" srcset=\"https:\/\/www.mathnique.com\/site\/wp-content\/uploads\/2019\/08\/florilege-300x31.png 300w, https:\/\/www.mathnique.com\/site\/wp-content\/uploads\/2019\/08\/florilege-768x79.png 768w, https:\/\/www.mathnique.com\/site\/wp-content\/uploads\/2019\/08\/florilege-1024x105.png 1024w, https:\/\/www.mathnique.com\/site\/wp-content\/uploads\/2019\/08\/florilege-1200x123.png 1200w, https:\/\/www.mathnique.com\/site\/wp-content\/uploads\/2019\/08\/florilege.png 1770w\" sizes=\"auto, (max-width: 629px) 85vw, 629px\" \/><\/p>\n<p><a href=\"https:\/\/www.florilege-maths.fr\/\">https:\/\/www.florilege-maths.fr\/<\/a><\/li>\n<\/ul>\n<\/li>\n<\/ul>\n<p><!--more--><\/p>\n","protected":false},"excerpt":{"rendered":"<p>Bibliographie : La d\u00e9couverte des Math\u00e9matiques Tome 1 : les mod\u00e8les - G.POLYA - Editions DUNOD - Paris 1967 Tome 2 :\u00a0- G.POLYA - Editions DUNOD\u00a0- Paris 1967 Le raisonnement par l'absurde - Jean Louis GARDIES -Collection Histoire des Sciences - Editions PUF 1991 Logique et Automates - Jacques SAKAROVITCH -Editios ELLIPSES - 1998 Logique, &hellip; <a href=\"https:\/\/www.mathnique.com\/site\/bibliographie\/\" class=\"more-link\">Continuer la lecture<span class=\"screen-reader-text\"> de &laquo;&nbsp;Bibliographie et Sitographie&nbsp;&raquo;<\/span><\/a><\/p>\n","protected":false},"author":1,"featured_media":0,"parent":0,"menu_order":0,"comment_status":"closed","ping_status":"closed","template":"","meta":{"_monsterinsights_skip_tracking":false,"_monsterinsights_sitenote_active":false,"_monsterinsights_sitenote_note":"","_monsterinsights_sitenote_category":0,"footnotes":""},"class_list":["post-389","page","type-page","status-publish","hentry"],"_links":{"self":[{"href":"https:\/\/www.mathnique.com\/site\/wp-json\/wp\/v2\/pages\/389","targetHints":{"allow":["GET"]}}],"collection":[{"href":"https:\/\/www.mathnique.com\/site\/wp-json\/wp\/v2\/pages"}],"about":[{"href":"https:\/\/www.mathnique.com\/site\/wp-json\/wp\/v2\/types\/page"}],"author":[{"embeddable":true,"href":"https:\/\/www.mathnique.com\/site\/wp-json\/wp\/v2\/users\/1"}],"replies":[{"embeddable":true,"href":"https:\/\/www.mathnique.com\/site\/wp-json\/wp\/v2\/comments?post=389"}],"version-history":[{"count":8,"href":"https:\/\/www.mathnique.com\/site\/wp-json\/wp\/v2\/pages\/389\/revisions"}],"predecessor-version":[{"id":3062,"href":"https:\/\/www.mathnique.com\/site\/wp-json\/wp\/v2\/pages\/389\/revisions\/3062"}],"wp:attachment":[{"href":"https:\/\/www.mathnique.com\/site\/wp-json\/wp\/v2\/media?parent=389"}],"curies":[{"name":"wp","href":"https:\/\/api.w.org\/{rel}","templated":true}]}}