{"id":40,"date":"2017-01-29T14:21:29","date_gmt":"2017-01-29T13:21:29","guid":{"rendered":"http:\/\/www2.mathnique.com\/site\/?page_id=40"},"modified":"2023-03-27T16:49:08","modified_gmt":"2023-03-27T14:49:08","slug":"memorial-cap-110","status":"publish","type":"page","link":"https:\/\/www.mathnique.com\/site\/memorial-cap-110\/","title":{"rendered":"M\u00e9morial Cap 110"},"content":{"rendered":"<p>Les membres du Groupe KABRIT BWA de l'IREM(Institut de Recherche pour l'Enseignement des Math\u00e9matiques) section Martinique vous proposent de parcourir \u00a0les 3 sous-rubriques\u00a0 :<br \/>- Vision historique, <br \/>- Vision artistique, <br \/>- Exploitation p\u00e9dagogique en Math\u00e9matiques) <br \/>qui vous donneront beaucoup d'\u00e9l\u00e9ments sur cette oeuvre magnifique de Laurent VALERE.<\/p>\n<p><!--more--><\/p>\n\n\n<p><\/p>\n","protected":false},"excerpt":{"rendered":"<p>Les membres du Groupe KABRIT BWA de l'IREM(Institut de Recherche pour l'Enseignement des Math\u00e9matiques) section Martinique vous proposent de parcourir \u00a0les 3 sous-rubriques\u00a0 :- Vision historique, - Vision artistique, - Exploitation p\u00e9dagogique en Math\u00e9matiques) qui vous donneront beaucoup d'\u00e9l\u00e9ments sur cette oeuvre magnifique de Laurent VALERE.<\/p>\n","protected":false},"author":1,"featured_media":0,"parent":0,"menu_order":0,"comment_status":"closed","ping_status":"closed","template":"","meta":{"_monsterinsights_skip_tracking":false,"_monsterinsights_sitenote_active":false,"_monsterinsights_sitenote_note":"","_monsterinsights_sitenote_category":0,"footnotes":""},"class_list":["post-40","page","type-page","status-publish","hentry"],"_links":{"self":[{"href":"https:\/\/www.mathnique.com\/site\/wp-json\/wp\/v2\/pages\/40","targetHints":{"allow":["GET"]}}],"collection":[{"href":"https:\/\/www.mathnique.com\/site\/wp-json\/wp\/v2\/pages"}],"about":[{"href":"https:\/\/www.mathnique.com\/site\/wp-json\/wp\/v2\/types\/page"}],"author":[{"embeddable":true,"href":"https:\/\/www.mathnique.com\/site\/wp-json\/wp\/v2\/users\/1"}],"replies":[{"embeddable":true,"href":"https:\/\/www.mathnique.com\/site\/wp-json\/wp\/v2\/comments?post=40"}],"version-history":[{"count":9,"href":"https:\/\/www.mathnique.com\/site\/wp-json\/wp\/v2\/pages\/40\/revisions"}],"predecessor-version":[{"id":3522,"href":"https:\/\/www.mathnique.com\/site\/wp-json\/wp\/v2\/pages\/40\/revisions\/3522"}],"wp:attachment":[{"href":"https:\/\/www.mathnique.com\/site\/wp-json\/wp\/v2\/media?parent=40"}],"curies":[{"name":"wp","href":"https:\/\/api.w.org\/{rel}","templated":true}]}}