{"id":493,"date":"2017-02-27T00:47:51","date_gmt":"2017-02-26T23:47:51","guid":{"rendered":"http:\/\/www2.mathnique.com\/site\/?page_id=493"},"modified":"2025-12-09T12:33:31","modified_gmt":"2025-12-09T11:33:31","slug":"dedicace","status":"publish","type":"page","link":"https:\/\/www.mathnique.com\/site\/dedicace\/","title":{"rendered":"D\u00e9dicace"},"content":{"rendered":"<p><strong><i>Une d\u00e9dicace sp\u00e9ciale\u00a0\u00a0\u00e0 tous nos coll\u00e8gues amis pionniers et form\u00e9s lourds qui ont consacr\u00e9 des ann\u00e9es \u00e0 l'initiation \u00e0 la programmation des \u00e9l\u00e8ves de l'option informatique des lyc\u00e9es dans l'ancienne Acad\u00e9mie Antilles-Guyane de 1985 \u00e0 1997 ainsi qu'\u00e0 la formation des professeurs aux TICE.<\/i><br \/>\n<i>Toute une\u00a0g\u00e9n\u00e9ration d'actuels professeur(e)s et ing\u00e9nieur(e)s informatiques antillo-guyanais ont \u00e9t\u00e9\u00a0form\u00e9s\u00a0initialement\u00a0par eux dans leurs \u00e9coles, coll\u00e8ges et lyc\u00e9es.<\/i><br \/>\n<i>Veuillez m'excuser si j'ai oubli\u00e9 des noms. Ma m\u00e9moire me fait d\u00e9faut par moments. Vous pouvez me le signaler \u00e0 cyrille.christian@orange.fr.<\/i><\/strong><\/p>\n<ul>\n<li>\u00a0<strong><span style=\"color: #ff0000;\">GUYANE :<\/span><\/strong><br \/>\nG\u00e9rard GUSTO ; Florent NORESKAL ; Daniel SENECHAL ; CESAR ; Christophe HARE ; Alain LLAMAS ; Nicole MORAVIE ; Guy ROUVEYROL ; ...<\/li>\n<li>\u00a0<strong><span style=\"color: #ff0000;\">GUADELOUPE :<\/span><\/strong><br \/>\nMme Bertille ADELAIDE-MERLANDE (Responsable Universitaire \u00e0 l'UAG de l'Option Informatique Antilles Guyane) ; Christiane AZINCOURT ; Philippe BRUNEAU ; Vincent CATELIN ; F\u00e9lix CETOUT ; Audry CORNANO ; Claude DEJEAN ; \u00a0Andr\u00e9 EDMOND ; Guy EDOUARD ; Fran\u00e7ois GAUDUEL ; Sim\u00e9on SAINT-MARTIN ; Daniel BELLIER ; Didier MARCHISIO ; Gustave PIERRE-JEAN ; \u00a0Claude DEJEAN ; Bernard PHILIATTE ; Michel SOULARD ; Myriam THORIN ...<\/li>\n<li><span style=\"color: #ff0000;\"><strong>MARTINIQUE :<\/strong><\/span><br \/>\nFeu Bernard ALLAUD( Premier coordonnateur option informatique Antilles Guyane de 1985 \u00e0 1987); Daniel ALPHONSE ; Yves ANTOINE ; Gabrielle BARBE ; Victor BAUDIN ; \u00a0Ghislaine BIGUERD ; \u00a0Michel BOUCHITTE ; Marcel BRELEUR ; G\u00e9rard CABASSUT ; Georges CABAU ; Mr et Mme Claude CHOPIN ; Marie-Jos\u00e9e CIRBA ; Lucette CORANSON-BEAUDU ;Christian CYRILLE (deuxi\u00e8me coordonnateur option informatique Antilles Guyane de 1987 \u00e0 1995) ;\u00a0Claude DAVY ; Viviane DELBLOND ; Feu Victor DEVOUE ; Louis DI ROSA ;\u00a0Lucien FRANCESCHINI ; Philippe JAMMET ; Patrick JEAN-BAPTISTE ; Gilles JEANNE ; Joseph JEREMIE ; Dominique JORNAT ; \u00a0Fran\u00e7oise LABRIDY ; Robert LAMARTINIERE ; Francois LECOMTE ;\u00a0Jean-Claude LESTEE ; Michel LIBEROS ; Christian LINARES ; Patrick LOMBARD ; MARIE-OLIVE ; Daniel MONTLOUIS-CALIXTE ; Dominique METRIE ; Ricardo MERIDA ; Nicole MORAVIE ; Florence NEWTON; Roger NOMIS ; Max PAMPHILE ; G\u00e9rard PETITOT ; Christian PISELLI ; Martin PASTOUR ; Jean-Claude PORLON ; Louis RICHER ; \u00a0Anne RIPOCHE ; Mme Marie-Claude ROUSSEL ; Serge ROY-LEDOUX ; Michel ROSE-CLAIRE SANON ; Feu Lucien Philippe SABINE ; Francois SCARON ; \u00a0Feu Robin VAUTOR ; Frantz ZOZOR-TELGA ...<\/li>\n<li><span style=\"color: #ff0000;\"><strong>Un remerciement particulier<\/strong> \u00e0<\/span>\u00a0:<br \/>\n<strong>Georges STAMOND (1938 - 2022)\u00a0<\/strong> professeur \u00e9m\u00e9rite Universit\u00e9 Paris 5,<br \/>\n<img loading=\"lazy\" decoding=\"async\" class=\"size-medium wp-image-3558 aligncenter\" src=\"http:\/\/www.mathnique.com\/site\/wp-content\/uploads\/2025\/12\/stamon-270x300.png\" alt=\"\" width=\"270\" height=\"300\" srcset=\"https:\/\/www.mathnique.com\/site\/wp-content\/uploads\/2025\/12\/stamon-270x300.png 270w, https:\/\/www.mathnique.com\/site\/wp-content\/uploads\/2025\/12\/stamon-768x854.png 768w, https:\/\/www.mathnique.com\/site\/wp-content\/uploads\/2025\/12\/stamon.png 892w\" sizes=\"auto, (max-width: 270px) 85vw, 270px\" \/><br \/>\nqui a form\u00e9 avec les professeurs BERGER et Raymond DURAND, Jean-Pierre BRIOT, Jacques STERN, Marc LAURA la premi\u00e8re g\u00e9n\u00e9ration de professeurs antillo-guyanais en Informatique durant les ann\u00e9es 80.<\/li>\n<li><span style=\"font-size: inherit;\"><strong>Jacques ARSAC<\/strong> (1929 - 2014) professeur \u00e9m\u00e9rite Universit\u00e9 Pierre et Marie Curie, Membre de l'Acad\u00e9mie des Sciences, Responsable National de l'Option Informatique<br \/>\n<img loading=\"lazy\" decoding=\"async\" class=\"size-medium wp-image-3559 aligncenter\" src=\"http:\/\/www.mathnique.com\/site\/wp-content\/uploads\/2025\/12\/arsac-234x300.png\" alt=\"\" width=\"234\" height=\"300\" srcset=\"https:\/\/www.mathnique.com\/site\/wp-content\/uploads\/2025\/12\/arsac-234x300.png 234w, https:\/\/www.mathnique.com\/site\/wp-content\/uploads\/2025\/12\/arsac.png 282w\" sizes=\"auto, (max-width: 234px) 85vw, 234px\" \/><\/span><\/li>\n<\/ul>\n<ul>\n<li><strong><span style=\"color: #ff0000;\">Sans oublier\u00a0ceux qui nous ont d\u00e9j\u00e0 quitt\u00e9<\/span> <span style=\"color: #ff0000;\">et qui ont tant contribu\u00e9 au d\u00e9veloppement de l'informatique dans L'Education Nationale en Martinique :<\/span><\/strong><br \/>\n<strong>Bernard ALLAUD<\/strong> ( 1947 - 1987) Sciences Physiques, premier coordonnateur option informatique Antilles Guyane - Lyc\u00e9e Schoelcher.<strong>Robert LAMARTINIERE<\/strong>, Math\u00e9matiques - Option Informatique - Lyc\u00e9e Technique Joseph Gaillard.<br \/>\n<strong>Gustave MARIE-JEANNE<\/strong> (1939 - 2010) IPR Sciences Physiques, Fondateur de l'informatique p\u00e9dagogique et de l'option informatique des lyc\u00e9es aux Antilles et \u00e0 la Guyane - Proviseur Honoraire Lyc\u00e9e Schoelcher<br \/>\n<img loading=\"lazy\" decoding=\"async\" class=\"size-medium wp-image-500 aligncenter\" src=\"http:\/\/www.mathnique.com\/site\/wp-content\/uploads\/2017\/02\/gustavemariejeanne-195x300.png\" alt=\"\" width=\"195\" height=\"300\" srcset=\"https:\/\/www.mathnique.com\/site\/wp-content\/uploads\/2017\/02\/gustavemariejeanne-195x300.png 195w, https:\/\/www.mathnique.com\/site\/wp-content\/uploads\/2017\/02\/gustavemariejeanne.png 438w\" sizes=\"auto, (max-width: 195px) 85vw, 195px\" \/><\/p>\n<p><strong>Robin VAUTOR(1949-2006)<\/strong>\u00a0 Anglais - Option Informatique - Lyc\u00e9e Schoelcher - Musicien de Fal Frett. Pionnier de l'informatique musicale sur Atari.<br \/>\n<img loading=\"lazy\" decoding=\"async\" class=\"size-medium wp-image-3381 aligncenter\" src=\"http:\/\/www.mathnique.com\/site\/wp-content\/uploads\/2021\/02\/VautorRobin-242x300.png\" alt=\"\" width=\"242\" height=\"300\" srcset=\"https:\/\/www.mathnique.com\/site\/wp-content\/uploads\/2021\/02\/VautorRobin-242x300.png 242w, https:\/\/www.mathnique.com\/site\/wp-content\/uploads\/2021\/02\/VautorRobin.png 298w\" sizes=\"auto, (max-width: 242px) 85vw, 242px\" \/><br \/>\n<strong>Philippe Lucien SABINE<\/strong> (1943 - 2011) Sciences Physiques - Option informatique - Lyc\u00e9e Schoelcher<\/p>\n<p><strong>Emile SERALINE<\/strong>(1924 - 2015) Chef du Laboratoire de Sciences Physiques - Lyc\u00e9e Schoelcher). Pionnier de la radio amateur et de la programmation en assembleur sur les calculatrices TI 57,58.<\/p>\n<p><strong>Victor DEVOUE<\/strong>(1954-2021) Docteur Agr\u00e9g\u00e9 de Math\u00e9matiques - Option Informatique - Lyc\u00e9e Schoelcher<\/p>\n<p><img loading=\"lazy\" decoding=\"async\" class=\"size-medium wp-image-3374 aligncenter\" src=\"http:\/\/www.mathnique.com\/site\/wp-content\/uploads\/2021\/02\/victordevoue3-300x267.png\" alt=\"\" width=\"300\" height=\"267\" srcset=\"https:\/\/www.mathnique.com\/site\/wp-content\/uploads\/2021\/02\/victordevoue3-300x267.png 300w, https:\/\/www.mathnique.com\/site\/wp-content\/uploads\/2021\/02\/victordevoue3.png 588w\" sizes=\"auto, (max-width: 300px) 85vw, 300px\" \/><\/li>\n<\/ul>\n<p>Louis RICHER(1952 - 2024)<br \/>\n<img loading=\"lazy\" decoding=\"async\" class=\"size-medium wp-image-3549 aligncenter\" src=\"http:\/\/www.mathnique.com\/site\/wp-content\/uploads\/2025\/05\/LouisRICHER-300x300.png\" alt=\"\" width=\"300\" height=\"300\" srcset=\"https:\/\/www.mathnique.com\/site\/wp-content\/uploads\/2025\/05\/LouisRICHER-300x300.png 300w, https:\/\/www.mathnique.com\/site\/wp-content\/uploads\/2025\/05\/LouisRICHER-150x150.png 150w, https:\/\/www.mathnique.com\/site\/wp-content\/uploads\/2025\/05\/LouisRICHER.png 402w\" sizes=\"auto, (max-width: 300px) 85vw, 300px\" \/><\/p>\n<p><!--more--><\/p>\n","protected":false},"excerpt":{"rendered":"<p>Une d\u00e9dicace sp\u00e9ciale\u00a0\u00a0\u00e0 tous nos coll\u00e8gues amis pionniers et form\u00e9s lourds qui ont consacr\u00e9 des ann\u00e9es \u00e0 l'initiation \u00e0 la programmation des \u00e9l\u00e8ves de l'option informatique des lyc\u00e9es dans l'ancienne Acad\u00e9mie Antilles-Guyane de 1985 \u00e0 1997 ainsi qu'\u00e0 la formation des professeurs aux TICE. Toute une\u00a0g\u00e9n\u00e9ration d'actuels professeur(e)s et ing\u00e9nieur(e)s informatiques antillo-guyanais ont \u00e9t\u00e9\u00a0form\u00e9s\u00a0initialement\u00a0par eux &hellip; <a href=\"https:\/\/www.mathnique.com\/site\/dedicace\/\" class=\"more-link\">Continuer la lecture<span class=\"screen-reader-text\"> de &laquo;&nbsp;D\u00e9dicace&nbsp;&raquo;<\/span><\/a><\/p>\n","protected":false},"author":1,"featured_media":0,"parent":0,"menu_order":0,"comment_status":"closed","ping_status":"closed","template":"","meta":{"_monsterinsights_skip_tracking":false,"_monsterinsights_sitenote_active":false,"_monsterinsights_sitenote_note":"","_monsterinsights_sitenote_category":0,"footnotes":""},"class_list":["post-493","page","type-page","status-publish","hentry"],"_links":{"self":[{"href":"https:\/\/www.mathnique.com\/site\/wp-json\/wp\/v2\/pages\/493","targetHints":{"allow":["GET"]}}],"collection":[{"href":"https:\/\/www.mathnique.com\/site\/wp-json\/wp\/v2\/pages"}],"about":[{"href":"https:\/\/www.mathnique.com\/site\/wp-json\/wp\/v2\/types\/page"}],"author":[{"embeddable":true,"href":"https:\/\/www.mathnique.com\/site\/wp-json\/wp\/v2\/users\/1"}],"replies":[{"embeddable":true,"href":"https:\/\/www.mathnique.com\/site\/wp-json\/wp\/v2\/comments?post=493"}],"version-history":[{"count":25,"href":"https:\/\/www.mathnique.com\/site\/wp-json\/wp\/v2\/pages\/493\/revisions"}],"predecessor-version":[{"id":3560,"href":"https:\/\/www.mathnique.com\/site\/wp-json\/wp\/v2\/pages\/493\/revisions\/3560"}],"wp:attachment":[{"href":"https:\/\/www.mathnique.com\/site\/wp-json\/wp\/v2\/media?parent=493"}],"curies":[{"name":"wp","href":"https:\/\/api.w.org\/{rel}","templated":true}]}}