{"id":540,"date":"2017-03-02T16:37:21","date_gmt":"2017-03-02T15:37:21","guid":{"rendered":"http:\/\/www2.mathnique.com\/site\/?page_id=540"},"modified":"2017-03-02T16:58:25","modified_gmt":"2017-03-02T15:58:25","slug":"vocabulaire","status":"publish","type":"page","link":"https:\/\/www.mathnique.com\/site\/vocabulaire\/","title":{"rendered":"Vocabulaire"},"content":{"rendered":"<p>Le vocabulaire de base est issu en grande partie du premier domaine d'intervention des statistiques : la d\u00e9mographie.<\/p>\n<p><span style=\"color: #ff0000;\"><strong>Population :<\/strong><\/span><\/p>\n<p>Tout ensemble $W = \\{ w_1, w_2, \\cdots,w_p\\}$\u00a0soumis \u00e0 une \u00e9tude statistique.<\/p>\n<p><strong><span style=\"color: #ff0000;\">Individu ou unit\u00e9 statistique :<\/span><\/strong><\/p>\n<p>tout \u00e9l\u00e9ment $w_i$\u00a0de la population. Il peut \u00eatre abstrait ou concret.<\/p>\n<p><strong><span style=\"color: #ff0000;\">Caract\u00e8re :<\/span><\/strong><\/p>\n<p>Aspect ou modalit\u00e9 ou trait d\u00e9termin\u00e9 commun \u00e0 tous les individus. On le note C.<br \/>\nOn appelle E l'ensemble des modalit\u00e9s. Le caract\u00e8re peut \u00eatre\u00a0:<\/p>\n<ul>\n<li><strong><span style=\"color: #339966;\">soit qualitatif :<\/span><\/strong><br \/>\nIl n'est pas mesurable.<br \/>\nOn peut distinguer<br \/>\n<strong><span style=\"color: #339966;\"><em>- le caract\u00e8re qualitatif nominal<\/em><\/span><\/strong><br \/>\nExemples :<br \/>\nW ={population}, C = couleur des yeux, E = {Noir, Gris, Marron,Bleu, Vert, Autres}<br \/>\nW ={entreprises}, C = cat\u00e9gorie, E = {textile, sid\u00e9rurgique,travaux publics, Autres}<br \/>\nW ={population}, C = sexe, E = {f\u00e9minin, masculin}<br \/>\n- <em><strong><span style=\"color: #339966;\">le caract\u00e8re qualitatif ordinal<\/span> <\/strong><\/em>.<br \/>\nLes modalit\u00e9s sont ordonn\u00e9es.<br \/>\nExemples :<br \/>\nW ={produits arch\u00e9ologiques}, C = qualit\u00e9, E = {nulle, faible, moyenne, bonne, excellente}<br \/>\nW ={accus\u00e9s}, C = type de d\u00e9lit, E = {mineur, assez grave, grave, tr\u00e8s grave}<\/li>\n<li><strong><span style=\"color: #339966;\">soit quantitatif :<\/span><\/strong><br \/>\nOn peut le mesurer. On parle aussi de variable statistique.<br \/>\nOn distinguer :<br \/>\n<em><strong><span style=\"color: #339966;\">- le caract\u00e8re quantitatif discret<\/span> <\/strong><\/em>:<br \/>\nLe caract\u00e8re ne peut prendre que certaines valeurs particuli\u00e8res : des entiers relatifs.<br \/>\nPar exemple : le nombre d'enfants d'une famille (qui est un entier naturel)<br \/>\n-<em><strong><span style=\"color: #339966;\">le caract\u00e8re quantitatif continu<\/span> <\/strong><\/em>:<br \/>\nLe caract\u00e8re peut prendre des valeurs r\u00e9elles quelconques. Si nous prenons 2 valeurs quelconques de la variable aussi rapproch\u00e9es soient-elles, il existe toujours une infinit\u00e9 de valeurs comprises entre elles.<br \/>\nPar exemple : la taille, le poids,...<\/li>\n<\/ul>\n<p>Sur une population W, un caract\u00e8re qualitatif C a un ensemble E de modalit\u00e9s qu'on peut coder \u00e0 l'aide d'une application f et l'on obtient un caract\u00e8re quantitatif discret C' avec un esemble E' de modalit\u00e9s.<br \/>\nExemple :<br \/>\nW = {population}, C = sexe, E = {F(\u00e9minin), M(asculin)}. On code F par 1 et M par 2.<br \/>\nf(F) = 1 et f(M) = 2. Alors E' = {1, 2} et C' = sexe est devenu quantitatif discret.<\/p>\n<p><strong><span style=\"color: #ff0000;\">Effectif :<br \/>\n<\/span><\/strong>Le nombre $n_i<span style=\"font-size: 12px;\">$<\/span> d'individus correspondant \u00e0 une m\u00eame valeur (classe ou modalit\u00e9) d'un caract\u00e8re s'appelle l'effectif de la valeur.<\/p>\n<p><strong><span style=\"color: #ff0000;\">Effectif total :<br \/>\n<\/span><\/strong>$N = n_1 + n_2 + \\cdots \u00a0+ n_p$<\/p>\n<p><strong><span style=\"color: #ff0000;\">Fr\u00e9quence :<\/span><\/strong><br \/>\n$f_i = \\frac{n_i}{N}$<\/p>\n<p>&nbsp;<\/p>\n","protected":false},"excerpt":{"rendered":"<p>Le vocabulaire de base est issu en grande partie du premier domaine d'intervention des statistiques : la d\u00e9mographie. Population : Tout ensemble $W = \\{ w_1, w_2, \\cdots,w_p\\}$\u00a0soumis \u00e0 une \u00e9tude statistique. Individu ou unit\u00e9 statistique : tout \u00e9l\u00e9ment $w_i$\u00a0de la population. Il peut \u00eatre abstrait ou concret. Caract\u00e8re : Aspect ou modalit\u00e9 ou trait &hellip; <a href=\"https:\/\/www.mathnique.com\/site\/vocabulaire\/\" class=\"more-link\">Continuer la lecture<span class=\"screen-reader-text\"> de &laquo;&nbsp;Vocabulaire&nbsp;&raquo;<\/span><\/a><\/p>\n","protected":false},"author":1,"featured_media":0,"parent":0,"menu_order":0,"comment_status":"closed","ping_status":"closed","template":"","meta":{"_monsterinsights_skip_tracking":false,"_monsterinsights_sitenote_active":false,"_monsterinsights_sitenote_note":"","_monsterinsights_sitenote_category":0,"footnotes":""},"class_list":["post-540","page","type-page","status-publish","hentry"],"_links":{"self":[{"href":"https:\/\/www.mathnique.com\/site\/wp-json\/wp\/v2\/pages\/540","targetHints":{"allow":["GET"]}}],"collection":[{"href":"https:\/\/www.mathnique.com\/site\/wp-json\/wp\/v2\/pages"}],"about":[{"href":"https:\/\/www.mathnique.com\/site\/wp-json\/wp\/v2\/types\/page"}],"author":[{"embeddable":true,"href":"https:\/\/www.mathnique.com\/site\/wp-json\/wp\/v2\/users\/1"}],"replies":[{"embeddable":true,"href":"https:\/\/www.mathnique.com\/site\/wp-json\/wp\/v2\/comments?post=540"}],"version-history":[{"count":5,"href":"https:\/\/www.mathnique.com\/site\/wp-json\/wp\/v2\/pages\/540\/revisions"}],"predecessor-version":[{"id":565,"href":"https:\/\/www.mathnique.com\/site\/wp-json\/wp\/v2\/pages\/540\/revisions\/565"}],"wp:attachment":[{"href":"https:\/\/www.mathnique.com\/site\/wp-json\/wp\/v2\/media?parent=540"}],"curies":[{"name":"wp","href":"https:\/\/api.w.org\/{rel}","templated":true}]}}