{"id":546,"date":"2017-03-02T16:38:18","date_gmt":"2017-03-02T15:38:18","guid":{"rendered":"http:\/\/www2.mathnique.com\/site\/?page_id=546"},"modified":"2018-03-21T13:47:41","modified_gmt":"2018-03-21T12:47:41","slug":"parametres-de-dispersion","status":"publish","type":"page","link":"https:\/\/www.mathnique.com\/site\/parametres-de-dispersion\/","title":{"rendered":"Param\u00e8tres de dispersion"},"content":{"rendered":"<p>Pour caract\u00e9riser une s\u00e9rie statistique en plus des param\u00e8tres de position il faut disposer de param\u00e8tres de dispersion<\/p>\n<ul>\n<li><span style=\"color: #ff0000;\"><strong>L'\u00e9tendue ou l'amplitude $Max -Min$<\/strong><\/span> :<br \/>\nC'est la diff\u00e9rence entre la plus grande valeur et la plus petite valeur observ\u00e9e.<br \/>\nC'est une valeur facile \u00e0 calculer mais comme elle ne tient compte que des valeurs extr\u00eames , elle risque d'\u00eatre affect\u00e9e par une valeur exceptionnelle ou une valeur erron\u00e9e de ces observations.<\/li>\n<li><strong><span style=\"color: #ff0000;\">L'intervalle interquartiles $Q_3 - Q_1$ :<\/span><\/strong><br \/>\nIl est moins sensible que l'\u00e9tendue aux valeurs extr\u00eames.<br \/>\n<img loading=\"lazy\" decoding=\"async\" class=\"size-medium wp-image-1562 aligncenter\" src=\"http:\/\/www.mathnique.com\/site\/wp-content\/uploads\/2017\/03\/boiteamoustache-300x147.png\" alt=\"\" width=\"300\" height=\"147\" srcset=\"https:\/\/www.mathnique.com\/site\/wp-content\/uploads\/2017\/03\/boiteamoustache-300x147.png 300w, https:\/\/www.mathnique.com\/site\/wp-content\/uploads\/2017\/03\/boiteamoustache.png 330w\" sizes=\"auto, (max-width: 300px) 85vw, 300px\" \/><\/li>\n<li>Les $2$ param\u00e8tres pr\u00e9c\u00e9dents ont un handicap : ils ne nous renseignent pas sur la distribution des valeurs de la s\u00e9rie statistique par rapport \u00e0 la moyenne.<\/li>\n<li><strong><span style=\"color: #ff0000;\">L'\u00e9cart-absolu moyen eam:<\/span><\/strong><br \/>\nL'\u00e9cart absolu moyen\u00a0= $\\dfrac{\\sum_{i=1}^p n_i (x_i - \\overline{x})}{\\sum_{i=1}^p n_i }$<br \/>\nC'est la moyenne pond\u00e9r\u00e9e des \u00e9carts \u00e0 la moyenne.<br \/>\nIl est peu employ\u00e9 dans les calculs statistiques car les valeurs absolues pr\u00eatent mal aux calculs alg\u00e9briques.<\/li>\n<li><span style=\"color: #ff0000;\"><strong>L'\u00e9cart-type $\\sigma$ :<\/strong><\/span>\n<ul>\n<li>L'\u00e9cart-type est la racine carr\u00e9e de la variance, \u00a0la\u00a0variance $V =\\sigma^2$ \u00e9tant la moyenne des carr\u00e9s des \u00e9carts \u00e0 la moyenne.<br \/>\nLes carr\u00e9s des \u00e9carts \u00e0 la moyenne par contre, se plient plus facilement aux calculs d'o\u00f9 l'int\u00e9r\u00eat de l'\u00e9cart-type $\\sigma$ qui est la racine carr\u00e9e de la variance.<br \/>\n$V = \\dfrac{\\sum_{i=1}^p n_i(x_i - \\overline{x})^2}{\\sum_{i=1}^p n_i}$<br \/>\nPlus $\\sigma$ est faible, plus les \u00e9carts \u00e0 la moyenne le sont aussi et moins la s\u00e9rie statistique est dispers\u00e9e.<br \/>\n$\\sigma$ est un indicateur de dispersion tr\u00e8s fr\u00e9quemment utilis\u00e9 car il pr\u00e9sente l'avantage d'\u00eatre du m\u00eame ordre de grandeur que la s\u00e9rie observ\u00e9e.\u00a0Ce qui n'est pas le cas de la variance.<br \/>\nEnfin son calcul est n\u00e9cessaire pour d\u00e9terminer la pr\u00e9cision d'une estimation par la technique du sondage.<\/li>\n<li>$\\sigma$ ob\u00e9it aussi \u00e0 L'In\u00e9galit\u00e9 de BienAim\u00e9-Tchebychev :<br \/>\n$\\forall k &gt; 0 \\qquad P( [\\overline{x} - k \\sigma \\leq X \\leq\u00a0\\overline{x} +\u00a0k \\sigma]) \\leq \\dfrac{1}{k^2}$<br \/>\nPar exemple, pour $k = 2$<br \/>\n$ P( [\\overline{x} - 2\u00a0\\sigma \\leq X \\leq\u00a0\\overline{x} +\u00a02\\sigma]) \\leq \\dfrac{1}{4}$<br \/>\nPar exemple, pour $k = 3$<br \/>\n$ P( [\\overline{x} - 3\u00a0\\sigma \\leq X \\leq\u00a0\\overline{x} + 3\\sigma]) \\leq \\dfrac{1}{9}$<\/li>\n<li>Cas particulier d'une s\u00e9rie statistique suivant la loi normale de Laplace-Gauss<\/li>\n<\/ul>\n<\/li>\n<li><span style=\"color: #ff0000;\"><strong>Les coefficients de dispersion relative<\/strong><\/span>\n<ul>\n<li><span style=\"color: #ff0000;\"><strong>Le coefficient de variation $\\dfrac{\\sigma}{\\overline{x}}\\times 100$<\/strong><\/span><br \/>\nCe coefficient s'exprime en pourcentage. Il ne d\u00e9pend pas des unit\u00e9s de mesure employ\u00e9es ou par leur nature.<br \/>\n<em><span style=\"color: #ff0000;\">Exemple 1 :<\/span><\/em><br \/>\nDans une entreprise en 1975 le salaire annuel moyen des cadres et ing\u00e9nieurs \u00e9tait de 70 500 F avec un \u00e9cart-type de 17 000 F et la salaire horaire moyen des ouvriers \u00e9tait de 12,50 F avec un \u00e9cart-type de 2,30 F.<br \/>\nPour les cadres, \u00a0$\\dfrac{\\sigma}{\\overline{x}}\\times 100 = \\dfrac{17000}{70500}\\times 100 = 24,11 \\% $.<br \/>\nPour les ouvriers, \u00a0$\\dfrac{\\sigma}{\\overline{x}}\\times 100 = \\dfrac{2,30}{12,50}\\times 100 = 18,4\u00a0\\% $.<br \/>\n<em><span style=\"color: #ff0000;\">Exemple 2\u00a0:<\/span><\/em><br \/>\nDans un examen un correcteur 1 a donn\u00e9 une s\u00e9rie de\u00a0notes dont\u00a0\u00a0la moyenne est 8 et l'\u00e9cart-type 4,25 \u00a0et un correcteur 2\u00a0a donn\u00e9 une s\u00e9rie de\u00a0notes dont\u00a0\u00a0la moyenne est 10\u00a0et l'\u00e9cart-type 4,5\u00a0.<br \/>\nPour le correcteur 1, \u00a0$\\dfrac{\\sigma}{\\overline{x}}\\times 100 = \\dfrac{4,25}{8}\\times 100 = 53\u00a0\\% $.<br \/>\nPour le correcteur 2\u00a0 $\\dfrac{\\sigma}{\\overline{x}}\\times 100 = \\dfrac{4,5}{10}\\times 100 = 45\u00a0\\% $.<br \/>\nLe correcteur 2 a des notes plus \u00e9lev\u00e9es (2 points de plus en moyenne) et ses notes sont plus concentr\u00e9es autour de la moyenne que celles du correcteur 1.<\/li>\n<li><strong><span style=\"color: #ff0000;\">Le coefficient inter-quartile relatif $\\dfrac{Q_3 - Q_1}{Q_2}$<\/span><\/strong><br \/>\n$Q_1$ est le premier quartile, $Q_2$ est le deuxi\u00e8me quartile ou encore la m\u00e9diane $Me$, $Q_3$ est le 3\u00e8me quartile.<\/li>\n<\/ul>\n<\/li>\n<\/ul>\n<p>&nbsp;<\/p>\n<p>&nbsp;<\/p>\n<p>&nbsp;<\/p>\n<p>&nbsp;<\/p>\n","protected":false},"excerpt":{"rendered":"<p>Pour caract\u00e9riser une s\u00e9rie statistique en plus des param\u00e8tres de position il faut disposer de param\u00e8tres de dispersion L'\u00e9tendue ou l'amplitude $Max -Min$ : C'est la diff\u00e9rence entre la plus grande valeur et la plus petite valeur observ\u00e9e. C'est une valeur facile \u00e0 calculer mais comme elle ne tient compte que des valeurs extr\u00eames , &hellip; <a href=\"https:\/\/www.mathnique.com\/site\/parametres-de-dispersion\/\" class=\"more-link\">Continuer la lecture<span class=\"screen-reader-text\"> de &laquo;&nbsp;Param\u00e8tres de dispersion&nbsp;&raquo;<\/span><\/a><\/p>\n","protected":false},"author":1,"featured_media":0,"parent":0,"menu_order":0,"comment_status":"closed","ping_status":"closed","template":"","meta":{"_monsterinsights_skip_tracking":false,"_monsterinsights_sitenote_active":false,"_monsterinsights_sitenote_note":"","_monsterinsights_sitenote_category":0,"footnotes":""},"class_list":["post-546","page","type-page","status-publish","hentry"],"_links":{"self":[{"href":"https:\/\/www.mathnique.com\/site\/wp-json\/wp\/v2\/pages\/546","targetHints":{"allow":["GET"]}}],"collection":[{"href":"https:\/\/www.mathnique.com\/site\/wp-json\/wp\/v2\/pages"}],"about":[{"href":"https:\/\/www.mathnique.com\/site\/wp-json\/wp\/v2\/types\/page"}],"author":[{"embeddable":true,"href":"https:\/\/www.mathnique.com\/site\/wp-json\/wp\/v2\/users\/1"}],"replies":[{"embeddable":true,"href":"https:\/\/www.mathnique.com\/site\/wp-json\/wp\/v2\/comments?post=546"}],"version-history":[{"count":10,"href":"https:\/\/www.mathnique.com\/site\/wp-json\/wp\/v2\/pages\/546\/revisions"}],"predecessor-version":[{"id":2306,"href":"https:\/\/www.mathnique.com\/site\/wp-json\/wp\/v2\/pages\/546\/revisions\/2306"}],"wp:attachment":[{"href":"https:\/\/www.mathnique.com\/site\/wp-json\/wp\/v2\/media?parent=546"}],"curies":[{"name":"wp","href":"https:\/\/api.w.org\/{rel}","templated":true}]}}