{"id":591,"date":"2017-03-04T14:48:27","date_gmt":"2017-03-04T13:48:27","guid":{"rendered":"http:\/\/www2.mathnique.com\/site\/?page_id=591"},"modified":"2025-12-13T20:00:03","modified_gmt":"2025-12-13T19:00:03","slug":"trigonometrie","status":"publish","type":"page","link":"https:\/\/www.mathnique.com\/site\/trigonometrie\/","title":{"rendered":"Trigonom\u00e9trie"},"content":{"rendered":"<p><img loading=\"lazy\" decoding=\"async\" class=\"wp-image-1629 aligncenter\" src=\"http:\/\/www.mathnique.com\/site\/wp-content\/uploads\/2017\/03\/travaux3-300x252.png\" alt=\"\" width=\"99\" height=\"83\" srcset=\"https:\/\/www.mathnique.com\/site\/wp-content\/uploads\/2017\/03\/travaux3-300x252.png 300w, https:\/\/www.mathnique.com\/site\/wp-content\/uploads\/2017\/03\/travaux3.png 718w\" sizes=\"auto, (max-width: 99px) 85vw, 99px\" \/><\/p>\n<ul>\n<li><span style=\"color: #ff0000;\"><strong>Livret de trigonom\u00e9trie :<\/strong><\/span>\n<ul>\n<li>Angle de demi-droites concourantes , angles de vecteurs<\/li>\n<li>Ma\u00eetriser le cercle trigonom\u00e9trique\n<ul>\n<li>Enroulement de $R$ autour du cercle trigonom\u00e9trique<\/li>\n<li>Mesure en radians, en degr\u00e9s, en grades d'un angle de vecteurs.<br \/>\n<img loading=\"lazy\" decoding=\"async\" class=\"size-medium wp-image-1678 aligncenter\" src=\"http:\/\/www.mathnique.com\/site\/wp-content\/uploads\/2017\/03\/radiansfractions-300x282.png\" alt=\"\" width=\"300\" height=\"282\" srcset=\"https:\/\/www.mathnique.com\/site\/wp-content\/uploads\/2017\/03\/radiansfractions-300x282.png 300w, https:\/\/www.mathnique.com\/site\/wp-content\/uploads\/2017\/03\/radiansfractions.png 514w\" sizes=\"auto, (max-width: 300px) 85vw, 300px\" \/><\/li>\n<\/ul>\n<\/li>\n<li>Angles de droites concourantes<\/li>\n<li>D\u00e9finition des rapports trigonom\u00e9triques<\/li>\n<li>forme trigonom\u00e9trique des nombres complexes<\/li>\n<li>Vous trouverez tout ce qu'il vous faut en trigonom\u00e9trie dans mon livret \u00e0 t\u00e9l\u00e9charger : <a href=\"http:\/\/www.mathnique.com\/site\/wp-content\/uploads\/2025\/12\/trigo.pdf\">trigo<\/a><\/li>\n<\/ul>\n<\/li>\n<li><strong><span style=\"color: #ff0000;\">Ainsi que quelques exercices de trigonom\u00e9trie corrig\u00e9s<\/span> <\/strong>:<br \/>\n<a href=\"http:\/\/www.mathnique.com\/site\/wp-content\/uploads\/2025\/12\/trigoexoscor.pdf\">trigoexoscor<\/a><\/li>\n<li><strong><span style=\"color: #ff0000;\">Avec un suppl\u00e9ment sur les fonctions trigonom\u00e9triques inverses $arcsin,arccos,arctan$<br \/>\ndans\u00a0 les pages 20 \u00e0 26 du document suivant :<\/span><\/strong><br \/>\n<a href=\"http:\/\/www.mathnique.com\/site\/wp-content\/uploads\/2025\/12\/ch05ec1.pdf\">ch05ec1<\/a><\/li>\n<li><\/li>\n<\/ul>\n","protected":false},"excerpt":{"rendered":"<p>Livret de trigonom\u00e9trie : Angle de demi-droites concourantes , angles de vecteurs Ma\u00eetriser le cercle trigonom\u00e9trique Enroulement de $R$ autour du cercle trigonom\u00e9trique Mesure en radians, en degr\u00e9s, en grades d'un angle de vecteurs. Angles de droites concourantes D\u00e9finition des rapports trigonom\u00e9triques forme trigonom\u00e9trique des nombres complexes Vous trouverez tout ce qu'il vous faut en &hellip; <a href=\"https:\/\/www.mathnique.com\/site\/trigonometrie\/\" class=\"more-link\">Continuer la lecture<span class=\"screen-reader-text\"> de &laquo;&nbsp;Trigonom\u00e9trie&nbsp;&raquo;<\/span><\/a><\/p>\n","protected":false},"author":1,"featured_media":0,"parent":0,"menu_order":0,"comment_status":"closed","ping_status":"closed","template":"","meta":{"_monsterinsights_skip_tracking":false,"_monsterinsights_sitenote_active":false,"_monsterinsights_sitenote_note":"","_monsterinsights_sitenote_category":0,"footnotes":""},"class_list":["post-591","page","type-page","status-publish","hentry"],"_links":{"self":[{"href":"https:\/\/www.mathnique.com\/site\/wp-json\/wp\/v2\/pages\/591","targetHints":{"allow":["GET"]}}],"collection":[{"href":"https:\/\/www.mathnique.com\/site\/wp-json\/wp\/v2\/pages"}],"about":[{"href":"https:\/\/www.mathnique.com\/site\/wp-json\/wp\/v2\/types\/page"}],"author":[{"embeddable":true,"href":"https:\/\/www.mathnique.com\/site\/wp-json\/wp\/v2\/users\/1"}],"replies":[{"embeddable":true,"href":"https:\/\/www.mathnique.com\/site\/wp-json\/wp\/v2\/comments?post=591"}],"version-history":[{"count":8,"href":"https:\/\/www.mathnique.com\/site\/wp-json\/wp\/v2\/pages\/591\/revisions"}],"predecessor-version":[{"id":3589,"href":"https:\/\/www.mathnique.com\/site\/wp-json\/wp\/v2\/pages\/591\/revisions\/3589"}],"wp:attachment":[{"href":"https:\/\/www.mathnique.com\/site\/wp-json\/wp\/v2\/media?parent=591"}],"curies":[{"name":"wp","href":"https:\/\/api.w.org\/{rel}","templated":true}]}}