{"id":647,"date":"2017-03-13T23:45:04","date_gmt":"2017-03-13T22:45:04","guid":{"rendered":"http:\/\/www2.mathnique.com\/site\/?page_id=647"},"modified":"2019-03-07T23:27:24","modified_gmt":"2019-03-07T22:27:24","slug":"groupes","status":"publish","type":"page","link":"https:\/\/www.mathnique.com\/site\/groupes\/","title":{"rendered":"Groupes"},"content":{"rendered":"<p><img loading=\"lazy\" decoding=\"async\" class=\"size-medium wp-image-675 aligncenter\" src=\"http:\/\/www2.mathnique.com\/site\/wp-content\/uploads\/2017\/03\/galois-236x300.png\" alt=\"\" width=\"236\" height=\"300\" srcset=\"https:\/\/www.mathnique.com\/site\/wp-content\/uploads\/2017\/03\/galois-236x300.png 236w, https:\/\/www.mathnique.com\/site\/wp-content\/uploads\/2017\/03\/galois.png 290w\" sizes=\"auto, (max-width: 236px) 85vw, 236px\" \/><\/p>\n<p><b>\u00c9variste Galois<\/b> est un math\u00e9maticien fran\u00e7ais , n\u00e9 le 25 octobre 1811\u00a0 \u00e0 Bourg La Reine et mort le 31 mai 1832 en duel \u00e0 Paris.\u00a0Il a donn\u00e9 son nom \u00e0 une branche des math\u00e9matiques dont il a pos\u00e9 les pr\u00e9misses,, la Th\u00e9orie des Groupes de Galois.\u00a0 Il est un pr\u00e9curseur dans la notion de\u00a0 groupe\u00a0 et un des premiers \u00e0 mettre en \u00e9vidence la correspondance entre sym\u00e9tries et invariants.<br \/>\n<em>(Source : Wikip\u00e9dia)<br \/>\n<\/em>Les groupes sont partout dans la nature, les sciences et les arts, \u00e0 travers les invariances les sym\u00e9tries d'objets mat\u00e9riels ou math\u00e9matiques.<br \/>\nBien des ph\u00e9nom\u00e8nes math\u00e9matiques se d\u00e9montrent ou s'interpr\u00e8tent par la possibilit\u00e9 de passer d'une configuration \u00e0 une autre par l'action d'un groupe sp\u00e9cifique.<\/p>\n<p>Cours personnel sur les groupes en cours d'\u00e9laboration : <a href=\"http:\/\/www.mathnique.com\/site\/wp-content\/uploads\/2019\/03\/groupes.pdf\">groupes<\/a><\/p>\n","protected":false},"excerpt":{"rendered":"<p>\u00c9variste Galois est un math\u00e9maticien fran\u00e7ais , n\u00e9 le 25 octobre 1811\u00a0 \u00e0 Bourg La Reine et mort le 31 mai 1832 en duel \u00e0 Paris.\u00a0Il a donn\u00e9 son nom \u00e0 une branche des math\u00e9matiques dont il a pos\u00e9 les pr\u00e9misses,, la Th\u00e9orie des Groupes de Galois.\u00a0 Il est un pr\u00e9curseur dans la notion de\u00a0 &hellip; <a href=\"https:\/\/www.mathnique.com\/site\/groupes\/\" class=\"more-link\">Continuer la lecture<span class=\"screen-reader-text\"> de &laquo;&nbsp;Groupes&nbsp;&raquo;<\/span><\/a><\/p>\n","protected":false},"author":1,"featured_media":0,"parent":0,"menu_order":0,"comment_status":"closed","ping_status":"closed","template":"","meta":{"_monsterinsights_skip_tracking":false,"_monsterinsights_sitenote_active":false,"_monsterinsights_sitenote_note":"","_monsterinsights_sitenote_category":0,"footnotes":""},"class_list":["post-647","page","type-page","status-publish","hentry"],"_links":{"self":[{"href":"https:\/\/www.mathnique.com\/site\/wp-json\/wp\/v2\/pages\/647","targetHints":{"allow":["GET"]}}],"collection":[{"href":"https:\/\/www.mathnique.com\/site\/wp-json\/wp\/v2\/pages"}],"about":[{"href":"https:\/\/www.mathnique.com\/site\/wp-json\/wp\/v2\/types\/page"}],"author":[{"embeddable":true,"href":"https:\/\/www.mathnique.com\/site\/wp-json\/wp\/v2\/users\/1"}],"replies":[{"embeddable":true,"href":"https:\/\/www.mathnique.com\/site\/wp-json\/wp\/v2\/comments?post=647"}],"version-history":[{"count":7,"href":"https:\/\/www.mathnique.com\/site\/wp-json\/wp\/v2\/pages\/647\/revisions"}],"predecessor-version":[{"id":2632,"href":"https:\/\/www.mathnique.com\/site\/wp-json\/wp\/v2\/pages\/647\/revisions\/2632"}],"wp:attachment":[{"href":"https:\/\/www.mathnique.com\/site\/wp-json\/wp\/v2\/media?parent=647"}],"curies":[{"name":"wp","href":"https:\/\/api.w.org\/{rel}","templated":true}]}}