{"id":66,"date":"2017-01-29T15:28:17","date_gmt":"2017-01-29T14:28:17","guid":{"rendered":"http:\/\/www2.mathnique.com\/site\/?page_id=66"},"modified":"2020-01-30T15:24:13","modified_gmt":"2020-01-30T14:24:13","slug":"les-nombres-triangulaires","status":"publish","type":"page","link":"https:\/\/www.mathnique.com\/site\/les-nombres-triangulaires\/","title":{"rendered":"Les Nombres triangulaires"},"content":{"rendered":"<p><img loading=\"lazy\" decoding=\"async\" class=\"size-medium wp-image-100 aligncenter\" src=\"http:\/\/www2.mathnique.com\/site\/wp-content\/uploads\/2017\/01\/c110ciel--300x225.jpg\" alt=\"\" width=\"300\" height=\"225\" srcset=\"https:\/\/www.mathnique.com\/site\/wp-content\/uploads\/2017\/01\/c110ciel--300x225.jpg 300w, https:\/\/www.mathnique.com\/site\/wp-content\/uploads\/2017\/01\/c110ciel--768x576.jpg 768w, https:\/\/www.mathnique.com\/site\/wp-content\/uploads\/2017\/01\/c110ciel-.jpg 1024w\" sizes=\"auto, (max-width: 300px) 85vw, 300px\" \/>\u00a0 \u00a0 \u00a0 \u00a0 \u00a0 \u00a0 \u00a0 \u00a0 \u00a0 \u00a0 \u00a0 \u00a0 \u00a0 \u00a0 \u00a0 \u00a0 \u00a0 \u00a0 \u00a0 \u00a0 \u00a0 \u00a0 \u00a0 \u00a0<em>(photo : collection personnelle Laurent VALERE)<\/em><\/p>\n<p>Le citoyen lambda qui passe devant le m\u00e9morial du Cap 110 ne voit qu'un groupe de statues face \u00e0 la mer. S'il a la curiosit\u00e9 de lire les panneaux, il comprendra que cette oeuvre d'art s'\u00e9rige l\u00e0 en la m\u00e9moire de disparus.<br \/>\n<img loading=\"lazy\" decoding=\"async\" class=\"size-medium wp-image-1430 aligncenter\" src=\"http:\/\/www2.mathnique.com\/site\/wp-content\/uploads\/2017\/01\/cesairecap110-300x181.png\" alt=\"\" width=\"300\" height=\"181\" srcset=\"https:\/\/www.mathnique.com\/site\/wp-content\/uploads\/2017\/01\/cesairecap110-300x181.png 300w, https:\/\/www.mathnique.com\/site\/wp-content\/uploads\/2017\/01\/cesairecap110-768x463.png 768w, https:\/\/www.mathnique.com\/site\/wp-content\/uploads\/2017\/01\/cesairecap110.png 836w\" sizes=\"auto, (max-width: 300px) 85vw, 300px\" \/>\u00a0 \u00a0 \u00a0 \u00a0 \u00a0 \u00a0 \u00a0 \u00a0 \u00a0 \u00a0 \u00a0 \u00a0 \u00a0 \u00a0 \u00a0 \u00a0 \u00a0 \u00a0 \u00a0 \u00a0 \u00a0 \u00a0 \u00a0 \u00a0 \u00a0 \u00a0 \u00a0 \u00a0 \u00a0 \u00a0 \u00a0 \u00a0 \u00a0 \u00a0<em>Photo (Droits r\u00e9serv\u00e9s)<\/em><br \/>\nL'individu curieux et un tant soit peu sensibilis\u00e9 aux Math\u00e9matiques y voit une disposition g\u00e9om\u00e9trique particuli\u00e8re des statues.<br \/>\nLe professeur de Math\u00e9matiques lui, au del\u00e0 de cette disposition g\u00e9om\u00e9trique, voit mati\u00e8re \u00e0 faire d\u00e9couvrir aux \u00e9l\u00e8ves\u00a0les nombres triangulaires.<br \/>\nLa rencontre avec l'artiste Laurent VALERE, cr\u00e9ateur de l'oeuvre, avec Le S\u00e9nateur ex-Maire du Diamant Mr Serge LARCHER le commanditaire de l'oeuvre et l'historienne Elisabeth LANDI nous a encourag\u00e9 \u00e0 jeter un regard math\u00e9matique sur cette oeuvre \u00a0de L'anse Cafard.<\/p>\n<p><img loading=\"lazy\" decoding=\"async\" class=\"size-medium wp-image-99 aligncenter\" src=\"http:\/\/www2.mathnique.com\/site\/wp-content\/uploads\/2017\/01\/23-NBTRIANG-300x232.png\" alt=\"\" width=\"300\" height=\"232\" srcset=\"https:\/\/www.mathnique.com\/site\/wp-content\/uploads\/2017\/01\/23-NBTRIANG-300x232.png 300w, https:\/\/www.mathnique.com\/site\/wp-content\/uploads\/2017\/01\/23-NBTRIANG.png 309w\" sizes=\"auto, (max-width: 300px) 85vw, 300px\" \/><br \/>\nEt si le cr\u00e9ateur des statues avait continu\u00e9 : 6 statues au rang 6, 7 statues au rang 7, ..., n statues au rang n, combien y aurait-il en tout de statues, autrement dit que vaut la somme qu'on appelle le nombre triangulaire $T_n$<br \/>\n$ T_n\u00a0= 1 + 2 + 3 + \\cdots + (n \\ - 1) + n $<br \/>\nSerez-vous capable de d\u00e9terminer cette somme $T_n$ en utilisant 3 m\u00e9thodes diff\u00e9rentes ?<\/p>\n<p><strong>M\u00e9thode 1 (niveau CM2) : celle dite du Petit GAUSS du nom du g\u00e9nial math\u00e9maticien allemand Carl Friedrich GAUSS<br \/>\n<img loading=\"lazy\" decoding=\"async\" class=\"size-full wp-image-1884 aligncenter\" src=\"http:\/\/www.mathnique.com\/site\/wp-content\/uploads\/2017\/01\/gauss.jpg\" alt=\"\" width=\"220\" height=\"282\" \/><\/strong><\/p>\n<p><strong>On pose $ S = 1 + 2 + 3 + \\cdots + n$<\/strong><br \/>\n<strong> 1\u00b0) R\u00e9\u00e9crire cette m\u00eame somme dans l'autre sens<\/strong><br \/>\n<strong> $ S = 1 + 2 + 3 + \\cdots + n$<\/strong><br \/>\n<strong> 2\u00b0) Calculer alors $ 2S $<\/strong><br \/>\n<strong> 3\u00b0) En d\u00e9duire que $ S = \\dfrac{n( n + 1)}{2} $<\/strong><\/p>\n<p>Corrig\u00e9 :<br \/>\n$S = \\qquad 1 + \\qquad 2 \\ \u00a0 \\ \u00a0+ \\qquad \u00a0 3 \\ \u00a0\\ + \\cdots + \\qquad (n - 2) + (n - 1) + \\qquad n$<br \/>\n$S = \\qquad n + \\ \\ \\ (n - 1) + \\ \\ ( n - 2) + \\cdots + \\qquad \u00a03 \\ \u00a0\\ \\ + \u00a0\\qquad 2 \\ \u00a0\\ \u00a0\\ + \\qquad 1$<br \/>\nPar cons\u00e9quent,<br \/>\n$2S = (n + 1) \u00a0+ \u00a0(n + 1) + ( n + 1) + \\cdots + \u00a0 (n + 1) + \u00a0 (n + 1) \u00a0+ \u00a0(n + 1)$<br \/>\nDonc $2S = n(n + 1)$ d'o\u00f9 $S = \\dfrac{n(n + 1)}{2}$<\/p>\n<p><span style=\"color: #ff0000;\"><strong>M\u00e9thode 2 (Chou pou t\u00eat) - niveau CM2<\/strong><\/span><\/p>\n<p><span style=\"font-family: 'Comic Sans MS'; font-size: large;\"><img loading=\"lazy\" decoding=\"async\" class=\"size-medium wp-image-1886 aligncenter\" src=\"http:\/\/www.mathnique.com\/site\/wp-content\/uploads\/2017\/01\/tchoupoutet-300x180.gif\" alt=\"\" width=\"300\" height=\"180\" \/><\/span>Le nombre de jetons rouges est \u00e9gal au nombre de jetons verts.<br \/>\nIl y a 5 rang\u00e9es de 6 jetons. Le nombre total de jetons est \u00e9gal \u00e0 30 (soit $ 5 \\times 6 $)<br \/>\nLe nombre de jetons rouge est donc 15 soit $ \\dfrac{5 \\times 6}{2} $<br \/>\nEn g\u00e9n\u00e9ralisant \u00e0 $ n $ rang\u00e9es de $n + 1 $ jetons , le nombre total de jetons est\u00a0$ \\dfrac{n( n + 1)}{2} $<\/p>\n<p><span style=\"color: #ff0000;\"><strong>M\u00e9thode 3 - Par r\u00e9currence (niveau Terminale)<\/strong><\/span><br \/>\nNotons $pr(n)$ la propri\u00e9t\u00e9 suivante $1 + 2 + 3 + \\cdots + (n - 1) + n = \\dfrac{n(n + 1)}{2}$<br \/>\n<em><span style=\"color: #ff0000;\">Etape 1 . Initialisation<\/span><\/em><br \/>\na -t-on $pr(1)$ ? c'est-\u00e0-dire\u00a0a -t-on $1 = \\dfrac{1(1 + 1)}{2}$?<br \/>\nOui. Donc $pr(1)$ est vraie<br \/>\n<em><span style=\"color: #ff0000;\">Etape 2: H\u00e9r\u00e9dit\u00e9<\/span><\/em><br \/>\nSupposons que pour un certain entier naturel $n \\geq 1$ la propri\u00e9t\u00e9 $pr(n)$ est vraie donc supposons que $1 + 2 + 3 + \\cdots + (n - 1) + n = \\dfrac{n(n + 1)}{2}$<br \/>\nAlors $1 + 2 + 3 + \\cdots + (n - 1) + n + ( n + 1) = \\dfrac{n(n + 1)}{2} + n + 1 = \\dfrac{n(n + 1) + 2(n + 1)}{2} = \\dfrac{(n + 1)(n + 2)}{2} $ donc\u00a0$pr(n + 1)$ est vraie<\/p>\n<p><span style=\"color: #ff0000;\"><em>Conclusion<\/em><\/span><br \/>\nLa propri\u00e9t\u00e9 $pr$ est initialis\u00e9e en $n = 1$ et est h\u00e9r\u00e9ditaire donc est vraie pour tout entier naturel $n \\geq 1$.<\/p>\n<p><strong><span style=\"color: #ff0000;\">M\u00e9thode 4 - Niveau Premi\u00e8re - Utilisation des polyn\u00f4mes $P(x)$ de degr\u00e9 $2$ tels que\u00a0<\/span><\/strong><br \/>\n<strong><span style=\"color: #ff0000;\">$\\forall x \\in R \\quad P(x + 1) - P(x) = x$<br \/>\n<\/span><\/strong><span style=\"color: #000000;\"><strong>a) D\u00e9terminer un polyn\u00f4me $P(x)$ de degr\u00e9 $2$ tel que $\\forall x \\in R \\quad P(x + 1) - P(x) = x$<\/strong><br \/>\n<strong> b) En d\u00e9duire la valeur de $S_n = 1 + 2 + 3 + \\cdots + n$<\/strong><br \/>\nD\u00e9monstration<br \/>\n$\\forall x \\in R \\quad P(x + 1) - P(x) = x \\ iff a(x + 1)^2 + b(x + 1) + c = ax^2 + bx + c$<br \/>\n$\\iff ax^2 + 2ax + a + bx + b + c = ax^2 + 2ax + c \\iff 2ax + a + b = x \\iff 2a = 1 \\text{ et } a + b = 0$<br \/>\n(par identification des coefficients des mon\u00f4mes de m\u00eame degr\u00e9)<br \/>\n$\\iff a = \\dfrac{1}{2}\u00a0 \\text{ et }\u00a0\u00a0b = \\dfrac{-1}{2}$<br \/>\nL'ensemble des polyn\u00f4mes cherch\u00e9s est donc l'ensemble des polyn\u00f4mes de la forme<br \/>\n$P(x) =\u00a0 \\dfrac{1}{2} \u00a0x^2 -\u00a0 \\dfrac{1}{2} x \u00a0+ c$ o\u00f9 $c \\in R$<br \/>\nChoisissons donc un de ces polyn\u00f4mes par exemple\u00a0$P(x) =\u00a0 \\dfrac{1}{2} \u00a0x^2 -\u00a0 \\dfrac{1}{2} x$<br \/>\nComme $P(x + 1) - P(x) = x$ pour tout r\u00e9el $x$ alors cette propri\u00e9t\u00e9 est vraie pour tous les entiers naturels $1, 2, 3, \\cdots n$<\/span><\/p>\n<p><img loading=\"lazy\" decoding=\"async\" class=\"size-medium wp-image-1906 aligncenter\" src=\"http:\/\/www.mathnique.com\/site\/wp-content\/uploads\/2017\/01\/nombrestriangulaires-300x206.png\" alt=\"\" width=\"300\" height=\"206\" srcset=\"https:\/\/www.mathnique.com\/site\/wp-content\/uploads\/2017\/01\/nombrestriangulaires-300x206.png 300w, https:\/\/www.mathnique.com\/site\/wp-content\/uploads\/2017\/01\/nombrestriangulaires-768x527.png 768w, https:\/\/www.mathnique.com\/site\/wp-content\/uploads\/2017\/01\/nombrestriangulaires.png 924w\" sizes=\"auto, (max-width: 300px) 85vw, 300px\" \/>On obtient donc $P(n + 1) - P(1) = S$. or $P(1) = 0$<br \/>\ndonc $S_n = P(n + 1) =\u00a0 \\dfrac{1}{2} \u00a0(n + 1)^2 -\u00a0 \\dfrac{1}{2} (n + 1) = \u00a0 \\dfrac{1}{2} \u00a0(n + 1)[ n + 1 - 1]$<br \/>\nPar cons\u00e9quent $S_n =\u00a0\\dfrac{n(n + 1)}{2}$<\/p>\n<ul>\n<li><span style=\"color: #ff0000;\"><strong>Pour Aller plus loin :<\/strong><\/span><br \/>\nLes nombres triangulaires se retrouvent tr\u00e8s t\u00f4t dans les premiers travaux connus d'arithm\u00e9tique portant sur les nombres figur\u00e9s :<\/p>\n<ul>\n<li><em><strong><span style=\"color: #ff0000;\">Les nombres triangulaires<\/span><\/strong><\/em>\n<ul>\n<li>$T_1 = 1 $<\/li>\n<li>$T_2 = 1 + 2$<\/li>\n<li>$T_3 = 1+ 2 + 3$<\/li>\n<li>$T_4 = 1 + 2 +3 + 4 = 10 $ la c\u00e9l\u00e8bre Tentrakys ador\u00e9 par les Pythagoriciens :<br \/>\n<img loading=\"lazy\" decoding=\"async\" class=\" wp-image-3005 aligncenter\" src=\"http:\/\/www.mathnique.com\/site\/wp-content\/uploads\/2020\/01\/tetraktys-300x253.png\" alt=\"\" width=\"480\" height=\"404\" srcset=\"https:\/\/www.mathnique.com\/site\/wp-content\/uploads\/2020\/01\/tetraktys-300x253.png 300w, https:\/\/www.mathnique.com\/site\/wp-content\/uploads\/2020\/01\/tetraktys-768x647.png 768w, https:\/\/www.mathnique.com\/site\/wp-content\/uploads\/2020\/01\/tetraktys.png 936w\" sizes=\"auto, (max-width: 480px) 85vw, 480px\" \/><\/li>\n<li>$T_5 = 1 + 2 +3 + 4 + 5 = 15$ illustr\u00e9e par le Cap 110.<br \/>\nC'est aussi la somme magique intervenant dans les carr\u00e9s magiques d'ordre $3$.<br \/>\n<img loading=\"lazy\" decoding=\"async\" class=\"size-medium wp-image-3006 aligncenter\" src=\"http:\/\/www.mathnique.com\/site\/wp-content\/uploads\/2020\/01\/carremagique3-300x213.png\" alt=\"\" width=\"300\" height=\"213\" srcset=\"https:\/\/www.mathnique.com\/site\/wp-content\/uploads\/2020\/01\/carremagique3-300x213.png 300w, https:\/\/www.mathnique.com\/site\/wp-content\/uploads\/2020\/01\/carremagique3-1024x726.png 1024w, https:\/\/www.mathnique.com\/site\/wp-content\/uploads\/2020\/01\/carremagique3-768x545.png 768w, https:\/\/www.mathnique.com\/site\/wp-content\/uploads\/2020\/01\/carremagique3.png 1176w\" sizes=\"auto, (max-width: 300px) 85vw, 300px\" \/><\/li>\n<\/ul>\n<\/li>\n<li><em><strong><span style=\"color: #ff0000;\">Les nombres carr\u00e9s<\/span><\/strong><\/em><br \/>\n$1^2\u00a0\\ ; \\ 2^2\u00a0\\ ; \\ 3^2\u00a0\\ ; \\ \\cdots$<\/li>\n<li><em><strong><span style=\"color: #ff0000;\">Les nombres pyramidaux<\/span><\/strong><\/em><br \/>\nobtenus par empilement de carr\u00e9s d\u00e9croissants<br \/>\n$1^2 \\ ; \\ 1^2 + 2^2 \\ ; \\ 1^2 + 2^2 + 3^2 \\ ; \\ 1^2 + 2^2 + 3^2 + 4^2 \u00a0\\ ; \\ \\cdots$<\/li>\n<li><em><strong><span style=\"color: #ff0000;\">Les nombres t\u00e9tra\u00e9driques<\/span><\/strong><\/em><br \/>\nobtenus par empilement de nombres triangulaires cons\u00e9cutifs d\u00e9croissants<\/li>\n<li><span style=\"color: #ff0000;\"><em><strong>Les nombres cubes<\/strong><\/em><\/span><br \/>\n$1^2\u00a0\\ ; \\ 2^2\u00a0\\ ; \\ 3^2\u00a0\\ ; \\ \\cdots$<\/li>\n<li>Les entiers naturels ainsi que les nombres triangulaires et t\u00e9tra\u00e9driques se retrouvent dans les colonnes $3$ et $4$<br \/>\ndu <strong>triangle de SHU CHI YE<\/strong>\u00a0(1328) extrait du <em>Miroir de jade des quatre \u00e9l\u00e9ments:<\/em><br \/>\n<img loading=\"lazy\" decoding=\"async\" class=\"size-full wp-image-2994 aligncenter\" src=\"http:\/\/www.mathnique.com\/site\/wp-content\/uploads\/2020\/01\/trianglechinois.png\" alt=\"\" width=\"216\" height=\"254\" \/>On retrouve des manuscrits \u00a0plus anciens contenant ce tableau :<br \/>\n<strong>en Chine<\/strong> : Jia Xian(9\u00e8me si\u00e8cle) ; Yang Qui (1261)<br \/>\n<strong>en Inde<\/strong> :\u00a0<strong>BASKHARA II (1114-1185)<br \/>\nen Perse : \u00a0al-Karaji(953-1029) ; Omar \u00a0Khayyam(11\u00e8 si\u00e8cle) ;<br \/>\nau Maghreb : Ibn \u00a0al Banna\u00a0. <\/strong><br \/>\nCe tableau \u00a0est plus commun\u00e9ment\u00a0appel\u00e9 aussi <strong>triangle de Blaise PASCAL<\/strong>\u00a0qui l'a exploit\u00e9 au maximum en particulier lorsqu'il cr\u00e9e la th\u00e9orie des probabilit\u00e9s :<br \/>\n<img loading=\"lazy\" decoding=\"async\" class=\"size-medium wp-image-2995 aligncenter\" src=\"http:\/\/www.mathnique.com\/site\/wp-content\/uploads\/2020\/01\/trianglepascal1-300x300.png\" alt=\"\" width=\"300\" height=\"300\" srcset=\"https:\/\/www.mathnique.com\/site\/wp-content\/uploads\/2020\/01\/trianglepascal1-300x300.png 300w, https:\/\/www.mathnique.com\/site\/wp-content\/uploads\/2020\/01\/trianglepascal1-150x150.png 150w, https:\/\/www.mathnique.com\/site\/wp-content\/uploads\/2020\/01\/trianglepascal1.png 351w\" sizes=\"auto, (max-width: 300px) 85vw, 300px\" \/><br \/>\nCe triangle permet d'illustrer la <strong>formule dite du bin\u00f4me de Newton(1642-1727)<\/strong> :<br \/>\n$\\displaystyle{(a + b)^n = \\sum_{k = 1}^n \\ C_n^k \\ \u00a0a^k \\ b^{n - k}}$ .<\/p>\n<p><img loading=\"lazy\" decoding=\"async\" class=\" wp-image-2996 aligncenter\" src=\"http:\/\/www.mathnique.com\/site\/wp-content\/uploads\/2020\/01\/triapas-300x189.png\" alt=\"\" width=\"468\" height=\"295\" srcset=\"https:\/\/www.mathnique.com\/site\/wp-content\/uploads\/2020\/01\/triapas-300x189.png 300w, https:\/\/www.mathnique.com\/site\/wp-content\/uploads\/2020\/01\/triapas.png 546w\" sizes=\"auto, (max-width: 468px) 85vw, 468px\" \/><\/li>\n<\/ul>\n<\/li>\n<\/ul>\n<p style=\"text-align: left;\" align=\"center\">\nCette formule \u00e9tait d\u00e9j\u00e0 connue au 10\u00e8me si\u00e8cle en particulier par Ibn al Banna au Maghreb, Halayuda en Inde, Al Karaji en Perse et Yang Hui en Chine. Ce dernier la d\u00e9montra.<\/p>\n<p align=\"center\"><span style=\"font-family: 'Comic Sans MS'; font-size: large;\">\u00a0<\/span><\/p>\n<ul>\n<li><span style=\"color: #ff0000;\"><strong>Exercice 1<\/strong><\/span><br \/>\n<strong>D\u00e9montrer que pour tout entier naturel $n \\geq 1$ on a :<\/strong><br \/>\n<strong> $T_n =1^2 + 2^2 + 3^2 + \\cdots + n^2 = \\dfrac{n( n + 1)(2n + 1)}{6}$<\/strong><br \/>\n<strong> a) par r\u00e9currence<\/strong><br \/>\n<strong> b) en d\u00e9terminant un polyn\u00f4me\u00a0$P(x)$ de degr\u00e9 $3$ tel que $\\forall x \\in R \\quad P(x + 1) - P(x) = x^2$<\/strong><\/li>\n<\/ul>\n<p align=\"left\"><span style=\"color: #ff0000;\"><strong>Exercice 2<br \/>\n<\/strong><\/span><strong>D\u00e9montrer par r\u00e9currence que $\\forall n \\in N^* \\qquad U_n = 1^3 + 2^3 + \\cdots \/+n^3 = \\F{n(n + 1)}{2})^2 = S_n^2$<\/strong><\/p>\n<p align=\"left\"><span style=\"color: #ff0000;\"><strong>Exercice 3<br \/>\n<\/strong><\/span><strong>Retrouver les 4 sommes pr\u00e9c\u00e9dentes $S_n,T_n,U_n$ en utilisant des identit\u00e9s remarquables.<\/strong><\/p>\n<p align=\"left\"><span style=\"color: #ff0000;\"><strong>Exercice 4 (Rallye Math 2009 Lorraine)<\/strong><\/span><br \/>\nSylvain et Sylvette ont tous deux le m\u00eame nombre de pi\u00e8ces de 1 centime. Ce nombre est strictement sup\u00e9rieur \u00e0 1.<br \/>\nSylvain s'est amus\u00e9 \u00e0 les disposer en carr\u00e9 alors que Sylvette a pr\u00e9f\u00e9r\u00e9 construire un triangle comme sur le mod\u00e8le ci-dessus :<br \/>\n<img loading=\"lazy\" decoding=\"async\" class=\"size-medium wp-image-1428 aligncenter\" src=\"http:\/\/www2.mathnique.com\/site\/wp-content\/uploads\/2017\/01\/sylvainsylvette-300x184.png\" alt=\"\" width=\"300\" height=\"184\" srcset=\"https:\/\/www.mathnique.com\/site\/wp-content\/uploads\/2017\/01\/sylvainsylvette-300x184.png 300w, https:\/\/www.mathnique.com\/site\/wp-content\/uploads\/2017\/01\/sylvainsylvette-768x472.png 768w, https:\/\/www.mathnique.com\/site\/wp-content\/uploads\/2017\/01\/sylvainsylvette.png 924w\" sizes=\"auto, (max-width: 300px) 85vw, 300px\" \/>A la fin de leur construction, il ne reste plus de pi\u00e8ces ni \u00e0 l'un ni \u00e0 l'autre.<br \/>\n<strong>Combien avaient-ils de pi\u00e8ces chacun, sachant de plus, que ce nombre de pi\u00e8ces est le plus petit nombre qui permette cette double construction? Justifier.<\/strong><\/p>\n<p><span style=\"color: #ff0000;\">Exercice 6 (extrait Rallye FFJM)<\/span><br \/>\n<img loading=\"lazy\" decoding=\"async\" class=\"size-full wp-image-1459 aligncenter\" src=\"http:\/\/www2.mathnique.com\/site\/wp-content\/uploads\/2017\/01\/euro.png\" alt=\"\" width=\"84\" height=\"67\" \/>Jules, caissier dans un supemarch\u00e9 s'amuse tous les soirs \u00e0 disposer en triangle le plus grand nombre possibles de pi\u00e8ces de 1 \u20ac de sa recette :<\/p>\n<p><img loading=\"lazy\" decoding=\"async\" class=\"size-medium wp-image-1460 aligncenter\" src=\"http:\/\/www2.mathnique.com\/site\/wp-content\/uploads\/2017\/01\/jules1-300x174.png\" alt=\"\" width=\"300\" height=\"174\" srcset=\"https:\/\/www.mathnique.com\/site\/wp-content\/uploads\/2017\/01\/jules1-300x174.png 300w, https:\/\/www.mathnique.com\/site\/wp-content\/uploads\/2017\/01\/jules1.png 368w\" sizes=\"auto, (max-width: 300px) 85vw, 300px\" \/>Les pi\u00e8ces \u00e9ventuellement en exc\u00e8s sont laiss\u00e9es de c\u00f4t\u00e9. Ensuite, il cherche \u00e0 obtenir un triangle identique au premier triangle, mais avec la t\u00eate en bas, en d\u00e9placant le moins de pi\u00e8ces possible.<\/p>\n<p><img loading=\"lazy\" decoding=\"async\" class=\"size-medium wp-image-1461 aligncenter\" src=\"http:\/\/www2.mathnique.com\/site\/wp-content\/uploads\/2017\/01\/jules2-300x166.png\" alt=\"\" width=\"300\" height=\"166\" srcset=\"https:\/\/www.mathnique.com\/site\/wp-content\/uploads\/2017\/01\/jules2-300x166.png 300w, https:\/\/www.mathnique.com\/site\/wp-content\/uploads\/2017\/01\/jules2.png 344w\" sizes=\"auto, (max-width: 300px) 85vw, 300px\" \/>Hier soir, Jules a d\u00fb d\u00e9placer entre 99 et 109 pi\u00e8ces pour retourner son triangle.<br \/>\nIl a utilis\u00e9 toutes les pi\u00e8ces de sa recette et a trouv\u00e9 la solution minimale du probl\u00e8me.<\/p>\n<p><b>Quel \u00e9tait le montant en \u20ac de la recette de Jules ?<\/b><\/p>\n<p align=\"left\"><strong>\u00a0<\/strong><\/p>\n","protected":false},"excerpt":{"rendered":"<p>\u00a0 \u00a0 \u00a0 \u00a0 \u00a0 \u00a0 \u00a0 \u00a0 \u00a0 \u00a0 \u00a0 \u00a0 \u00a0 \u00a0 \u00a0 \u00a0 \u00a0 \u00a0 \u00a0 \u00a0 \u00a0 \u00a0 \u00a0 \u00a0(photo : collection personnelle Laurent VALERE) Le citoyen lambda qui passe devant le m\u00e9morial du Cap 110 ne voit qu'un groupe de statues face \u00e0 la mer. S'il a la curiosit\u00e9 de &hellip; <a href=\"https:\/\/www.mathnique.com\/site\/les-nombres-triangulaires\/\" class=\"more-link\">Continuer la lecture<span class=\"screen-reader-text\"> de &laquo;&nbsp;Les Nombres triangulaires&nbsp;&raquo;<\/span><\/a><\/p>\n","protected":false},"author":1,"featured_media":0,"parent":0,"menu_order":0,"comment_status":"closed","ping_status":"closed","template":"","meta":{"_monsterinsights_skip_tracking":false,"_monsterinsights_sitenote_active":false,"_monsterinsights_sitenote_note":"","_monsterinsights_sitenote_category":0,"footnotes":""},"class_list":["post-66","page","type-page","status-publish","hentry"],"_links":{"self":[{"href":"https:\/\/www.mathnique.com\/site\/wp-json\/wp\/v2\/pages\/66","targetHints":{"allow":["GET"]}}],"collection":[{"href":"https:\/\/www.mathnique.com\/site\/wp-json\/wp\/v2\/pages"}],"about":[{"href":"https:\/\/www.mathnique.com\/site\/wp-json\/wp\/v2\/types\/page"}],"author":[{"embeddable":true,"href":"https:\/\/www.mathnique.com\/site\/wp-json\/wp\/v2\/users\/1"}],"replies":[{"embeddable":true,"href":"https:\/\/www.mathnique.com\/site\/wp-json\/wp\/v2\/comments?post=66"}],"version-history":[{"count":48,"href":"https:\/\/www.mathnique.com\/site\/wp-json\/wp\/v2\/pages\/66\/revisions"}],"predecessor-version":[{"id":3009,"href":"https:\/\/www.mathnique.com\/site\/wp-json\/wp\/v2\/pages\/66\/revisions\/3009"}],"wp:attachment":[{"href":"https:\/\/www.mathnique.com\/site\/wp-json\/wp\/v2\/media?parent=66"}],"curies":[{"name":"wp","href":"https:\/\/api.w.org\/{rel}","templated":true}]}}