{"id":688,"date":"2017-03-14T01:52:08","date_gmt":"2017-03-14T00:52:08","guid":{"rendered":"http:\/\/www2.mathnique.com\/site\/?page_id=688"},"modified":"2017-04-23T17:08:16","modified_gmt":"2017-04-23T15:08:16","slug":"jeu-des-6-chevaux","status":"publish","type":"page","link":"https:\/\/www.mathnique.com\/site\/jeu-des-6-chevaux\/","title":{"rendered":"Tet'chouval moin douvan !!!"},"content":{"rendered":"<p style=\"text-align: center;\"><img loading=\"lazy\" decoding=\"async\" class=\"size-medium wp-image-691 aligncenter\" src=\"http:\/\/www2.mathnique.com\/site\/wp-content\/uploads\/2017\/03\/jeuchevaux-223x300.png\" alt=\"\" width=\"223\" height=\"300\" srcset=\"https:\/\/www.mathnique.com\/site\/wp-content\/uploads\/2017\/03\/jeuchevaux-223x300.png 223w, https:\/\/www.mathnique.com\/site\/wp-content\/uploads\/2017\/03\/jeuchevaux.png 580w\" sizes=\"auto, (max-width: 223px) 85vw, 223px\" \/><em>Le propri\u00e9taire\u00a0de la table de jeux<\/em>.<\/p>\n<p style=\"text-align: left;\">Voici un jeu tr\u00e8s pris\u00e9 lors des f\u00eates patronales de Martinique :le jeu des 6 chevaux.<br \/>\nLa piste est form\u00e9e de 6 couloirs. Chaque couloir comporte 5 \u00e9tapes.<br \/>\nDans chaque couloir est positionn\u00e9 un cheval.<br \/>\nChaque joueur mise \u00a0sur un des 6 chevaux.<br \/>\nLe propri\u00e9taire de la table de jeu lance 3 d\u00e9s.<br \/>\nSi le d\u00e9 marque par exemple 2,2 et 3. le cheval 2 avance de 2 \u00e9tapes et le cheval 3 avance d'une \u00e9tape.<br \/>\nOn relance \u00e0 nouveau les 3 d\u00e9s jusqu'\u00e0 ce qu'un cheval\u00a0arrive au bout des 5 \u00e9tapes.<br \/>\nBien entendu ,plusieurs chevaux peuvent gagner en m\u00eame temps.<br \/>\nLe propri\u00e9taire garde une partie du total des mises et redistribue \u00e9quitablement au (ou aux) gagnant(s) le reste.<br \/>\n<em><span style=\"color: #ff0000;\"><strong>Voici un algorithme cod\u00e9 en Turbo Pascal qui simule ce jeu :<\/strong><\/span><\/em><\/p>\n<p><img loading=\"lazy\" decoding=\"async\" class=\"size-medium wp-image-695 aligncenter\" src=\"http:\/\/www2.mathnique.com\/site\/wp-content\/uploads\/2017\/03\/sixchevaux1-1-300x265.png\" alt=\"\" width=\"300\" height=\"265\" srcset=\"https:\/\/www.mathnique.com\/site\/wp-content\/uploads\/2017\/03\/sixchevaux1-1-300x265.png 300w, https:\/\/www.mathnique.com\/site\/wp-content\/uploads\/2017\/03\/sixchevaux1-1-768x678.png 768w, https:\/\/www.mathnique.com\/site\/wp-content\/uploads\/2017\/03\/sixchevaux1-1-1024x905.png 1024w, https:\/\/www.mathnique.com\/site\/wp-content\/uploads\/2017\/03\/sixchevaux1-1-1200x1060.png 1200w, https:\/\/www.mathnique.com\/site\/wp-content\/uploads\/2017\/03\/sixchevaux1-1.png 1286w\" sizes=\"auto, (max-width: 300px) 85vw, 300px\" \/><strong>program<\/strong> chevaux;<br \/>\n<strong>uses<\/strong> WinCrt;<br \/>\n<strong>type<\/strong><br \/>\ncellule =0..1;<br \/>\nde =1..6;<br \/>\nposition =0..5;<br \/>\n<strong>var<\/strong><br \/>\nT :array[1..5,1..6] of cellule;<br \/>\nligne :array[1..5] of position;<br \/>\nI,J,compteur :word;<br \/>\ndrapeau : boolean;<br \/>\nde1,de2,de3 :de ;<br \/>\n<strong>begin<\/strong> <em>(* du programme principal *)<\/em><br \/>\nclrscr;<br \/>\n<em> (* entr\u00e9e des donn\u00e9es *)<\/em><br \/>\n<strong>for<\/strong> I := 1 <strong>to<\/strong> 5<br \/>\n<strong>do begin<\/strong><br \/>\n<strong>for<\/strong> J := 1 <strong>to<\/strong> 6 do <strong>begin<\/strong><br \/>\nT[I,J] := 0;<br \/>\n<strong>end;<\/strong><br \/>\n<strong>end;<\/strong><br \/>\n<strong>for<\/strong> I := 1 <strong>to<\/strong> 6 <strong>do<\/strong> ligne[I] :=0;<\/p>\n<p><em>(* traitement *)<\/em><br \/>\ncompteur :=0;<br \/>\nrandomize ;<br \/>\nrepeat<br \/>\ncompteur := compteur + 1;<br \/>\nwriteln('tirage num\u00e9ro ', compteur);<br \/>\nde1 :=random(6) + 1\u00a0;\u00a0writeln('de1 =',de1);<br \/>\nde2 :=random(6) + 1\u00a0;\u00a0writeln('de2 =',de2);<br \/>\nde3 :=random(6) + 1\u00a0;\u00a0writeln('de3 =',de3);<br \/>\nligne[de1] := ligne[de1] +1 ;T[ligne[de1],de1]:=1;<br \/>\nligne[de2] := ligne[de2] +1 ;T[ligne[de2],de2]:=1;<br \/>\nligne[de3] := ligne[de3] +1 ;T[ligne[de3],de3]:=1;<br \/>\ndrapeau:=((T[5,1]=1) <strong>or<\/strong>\u00a0T[5,2]=1) <strong>or<\/strong>\u00a0T[5,3]=1) <strong>or<\/strong>\u00a0T[5,4]=1) <strong>or\u00a0<\/strong>T[5,5]=1) <strong>or<\/strong>\u00a0T[5,6]=1) );<br \/>\n<strong>until<\/strong> drapeau =true;<\/p>\n<p><em>(* sortie des r\u00e9sultats *)<\/em><br \/>\nwriteln('Il y a eu ', compteur, ' tirages ');<br \/>\n<strong>for<\/strong> I := 1 <strong>to<\/strong> 6<br \/>\n<strong>do begin<\/strong><br \/>\n<strong>if<\/strong> \u00a0(T[I,5] =1) <strong>then<\/strong> writeln('le cheval num\u00e9ro ', I , ' a gagn\u00e9 !!!');<br \/>\n<strong>end;<\/strong><br \/>\n<strong>end.<\/strong><\/p>\n<p><em><strong><span style=\"color: #ff0000;\">Voici un exemple d'ex\u00e9cution.<\/span><\/strong><\/em><\/p>\n<p><img loading=\"lazy\" decoding=\"async\" class=\"size-medium wp-image-696 aligncenter\" src=\"http:\/\/www2.mathnique.com\/site\/wp-content\/uploads\/2017\/03\/sixchevaux2-300x189.png\" alt=\"\" width=\"300\" height=\"189\" srcset=\"https:\/\/www.mathnique.com\/site\/wp-content\/uploads\/2017\/03\/sixchevaux2-300x189.png 300w, https:\/\/www.mathnique.com\/site\/wp-content\/uploads\/2017\/03\/sixchevaux2-768x484.png 768w, https:\/\/www.mathnique.com\/site\/wp-content\/uploads\/2017\/03\/sixchevaux2-1024x645.png 1024w, https:\/\/www.mathnique.com\/site\/wp-content\/uploads\/2017\/03\/sixchevaux2-1200x756.png 1200w, https:\/\/www.mathnique.com\/site\/wp-content\/uploads\/2017\/03\/sixchevaux2.png 1408w\" sizes=\"auto, (max-width: 300px) 85vw, 300px\" \/><\/p>\n","protected":false},"excerpt":{"rendered":"<p>Le propri\u00e9taire\u00a0de la table de jeux. Voici un jeu tr\u00e8s pris\u00e9 lors des f\u00eates patronales de Martinique :le jeu des 6 chevaux. La piste est form\u00e9e de 6 couloirs. Chaque couloir comporte 5 \u00e9tapes. Dans chaque couloir est positionn\u00e9 un cheval. Chaque joueur mise \u00a0sur un des 6 chevaux. Le propri\u00e9taire de la table de &hellip; <a href=\"https:\/\/www.mathnique.com\/site\/jeu-des-6-chevaux\/\" class=\"more-link\">Continuer la lecture<span class=\"screen-reader-text\"> de &laquo;&nbsp;Tet'chouval moin douvan !!!&nbsp;&raquo;<\/span><\/a><\/p>\n","protected":false},"author":1,"featured_media":0,"parent":0,"menu_order":0,"comment_status":"closed","ping_status":"closed","template":"","meta":{"_monsterinsights_skip_tracking":false,"_monsterinsights_sitenote_active":false,"_monsterinsights_sitenote_note":"","_monsterinsights_sitenote_category":0,"footnotes":""},"class_list":["post-688","page","type-page","status-publish","hentry"],"_links":{"self":[{"href":"https:\/\/www.mathnique.com\/site\/wp-json\/wp\/v2\/pages\/688","targetHints":{"allow":["GET"]}}],"collection":[{"href":"https:\/\/www.mathnique.com\/site\/wp-json\/wp\/v2\/pages"}],"about":[{"href":"https:\/\/www.mathnique.com\/site\/wp-json\/wp\/v2\/types\/page"}],"author":[{"embeddable":true,"href":"https:\/\/www.mathnique.com\/site\/wp-json\/wp\/v2\/users\/1"}],"replies":[{"embeddable":true,"href":"https:\/\/www.mathnique.com\/site\/wp-json\/wp\/v2\/comments?post=688"}],"version-history":[{"count":6,"href":"https:\/\/www.mathnique.com\/site\/wp-json\/wp\/v2\/pages\/688\/revisions"}],"predecessor-version":[{"id":1434,"href":"https:\/\/www.mathnique.com\/site\/wp-json\/wp\/v2\/pages\/688\/revisions\/1434"}],"wp:attachment":[{"href":"https:\/\/www.mathnique.com\/site\/wp-json\/wp\/v2\/media?parent=688"}],"curies":[{"name":"wp","href":"https:\/\/api.w.org\/{rel}","templated":true}]}}