{"id":768,"date":"2017-03-18T12:58:34","date_gmt":"2017-03-18T11:58:34","guid":{"rendered":"http:\/\/www2.mathnique.com\/site\/?page_id=768"},"modified":"2020-11-09T21:32:06","modified_gmt":"2020-11-09T20:32:06","slug":"objectifs-de-lenseignement-des-maths","status":"publish","type":"page","link":"https:\/\/www.mathnique.com\/site\/objectifs-de-lenseignement-des-maths\/","title":{"rendered":"Objectifs de l'Enseignement des Maths"},"content":{"rendered":"<ul>\n<li><img loading=\"lazy\" decoding=\"async\" class=\" wp-image-1629 aligncenter\" src=\"http:\/\/www.mathnique.com\/site\/wp-content\/uploads\/2017\/03\/travaux3-300x252.png\" alt=\"\" width=\"119\" height=\"100\" srcset=\"https:\/\/www.mathnique.com\/site\/wp-content\/uploads\/2017\/03\/travaux3-300x252.png 300w, https:\/\/www.mathnique.com\/site\/wp-content\/uploads\/2017\/03\/travaux3.png 718w\" sizes=\"auto, (max-width: 119px) 85vw, 119px\" \/><\/li>\n<li><span style=\"color: #ff0000;\"><strong>Buts de l'Enseignement des Math\u00e9matiques<br \/>\n<img loading=\"lazy\" decoding=\"async\" class=\"size-full wp-image-2811 aligncenter\" src=\"http:\/\/www.mathnique.com\/site\/wp-content\/uploads\/2019\/11\/prof.jpg\" alt=\"\" width=\"135\" height=\"128\" \/><\/strong><\/span><br \/>\nEntra\u00eener les \u00e9l\u00e8ves \u00e0 la pratique d'une d\u00e9marche scientifique en d\u00e9veloppant conjointement 4 capacit\u00e9s<br \/>\n$C_1$ : L'Exp\u00e9rimentation<br \/>\n$C_2$ : Le Raisonnement<br \/>\n$C_3$ : L'Imagination<br \/>\n$C_4$ : L'Analyse Critique<\/li>\n<li><strong><span style=\"color: #ff0000;\">Objectifs de la formation math\u00e9matique<\/span><\/strong>\n<ul>\n<li>\n<div class=\"page\" title=\"Page 2\">\n<div class=\"layoutArea\">\n<div class=\"column\">\n<p><strong><em>D\u00e9velopper 6 Compe\u0301tences mathe\u0301matiques<br \/>\n<img loading=\"lazy\" decoding=\"async\" class=\"size-medium wp-image-2847 aligncenter\" src=\"http:\/\/www.mathnique.com\/site\/wp-content\/uploads\/2019\/12\/filleordi-300x220.png\" alt=\"\" width=\"300\" height=\"220\" srcset=\"https:\/\/www.mathnique.com\/site\/wp-content\/uploads\/2019\/12\/filleordi-300x220.png 300w, https:\/\/www.mathnique.com\/site\/wp-content\/uploads\/2019\/12\/filleordi.png 313w\" sizes=\"auto, (max-width: 300px) 85vw, 300px\" \/><br \/>\n<\/em><\/strong><\/p>\n<ul>\n<li>\u00a01 - Chercher, expe\u0301rimenter \u2013 en particulier a\u0300 l\u2019aide d\u2019outils logiciels ;<\/li>\n<li>2 - Mode\u0301liser, faire une simulation, valider ou invalider un mode\u0300le ;<\/li>\n<li>3 - Repre\u0301senter, choisir un cadre (nume\u0301rique, alge\u0301brique, ge\u0301ome\u0301trique...), changer de registre ;<\/li>\n<li>4 - Raisonner, de\u0301montrer, trouver des re\u0301sultats partiels et les mettre en perspective ;<\/li>\n<li>\u00a05 - Calculer, appliquer des techniques et mettre en \u0153uvre des algorithmes ;<\/li>\n<li>6 - Communiquer un re\u0301sultat par oral ou par e\u0301crit, expliquer une de\u0301marche.\n<p><strong>La re\u0301solution de proble\u0300mes est un cadre privile\u0301gie\u0301 pour de\u0301velopper, mobiliser et combiner plusieurs de ces compe\u0301tences.<\/strong><br \/>\n<strong>Cependant, pour prendre des initiatives, imaginer des pistes de solution et s\u2019y engager sans s\u2019e\u0301garer, l\u2019e\u0301le\u0300ve doit disposer d\u2019automatismes :<br \/>\n<\/strong>Ceux-ci facilitent en effet le travail intellectuel en libe\u0301rant l\u2019esprit des soucis de mise en \u0153uvre technique et e\u0301largissent le champ des de\u0301marches susceptibles d\u2019e\u0302tre engage\u0301es.<br \/>\nL\u2019acquisition de ces re\u0301flexes est favorise\u0301e par la mise en place d\u2019activite\u0301s rituelles, notamment de calcul (mental ou re\u0301fle\u0301chi, nume\u0301rique ou litte\u0301ral).<br \/>\nElle est mene\u0301e conjointement avec la re\u0301solution de proble\u0300mes motivants et substantiels, afin de stabiliser connaissances, me\u0301thodes et strate\u0301gies.<\/li>\n<\/ul>\n<\/div>\n<\/div>\n<\/div>\n<\/li>\n<\/ul>\n<\/li>\n<\/ul>\n","protected":false},"excerpt":{"rendered":"<p>Buts de l'Enseignement des Math\u00e9matiques Entra\u00eener les \u00e9l\u00e8ves \u00e0 la pratique d'une d\u00e9marche scientifique en d\u00e9veloppant conjointement 4 capacit\u00e9s $C_1$ : L'Exp\u00e9rimentation $C_2$ : Le Raisonnement $C_3$ : L'Imagination $C_4$ : L'Analyse Critique Objectifs de la formation math\u00e9matique D\u00e9velopper 6 Compe\u0301tences mathe\u0301matiques \u00a01 - Chercher, expe\u0301rimenter \u2013 en particulier a\u0300 l\u2019aide d\u2019outils logiciels ; 2 &hellip; <a href=\"https:\/\/www.mathnique.com\/site\/objectifs-de-lenseignement-des-maths\/\" class=\"more-link\">Continuer la lecture<span class=\"screen-reader-text\"> de &laquo;&nbsp;Objectifs de l'Enseignement des Maths&nbsp;&raquo;<\/span><\/a><\/p>\n","protected":false},"author":1,"featured_media":0,"parent":0,"menu_order":0,"comment_status":"closed","ping_status":"closed","template":"","meta":{"_monsterinsights_skip_tracking":false,"_monsterinsights_sitenote_active":false,"_monsterinsights_sitenote_note":"","_monsterinsights_sitenote_category":0,"footnotes":""},"class_list":["post-768","page","type-page","status-publish","hentry"],"_links":{"self":[{"href":"https:\/\/www.mathnique.com\/site\/wp-json\/wp\/v2\/pages\/768","targetHints":{"allow":["GET"]}}],"collection":[{"href":"https:\/\/www.mathnique.com\/site\/wp-json\/wp\/v2\/pages"}],"about":[{"href":"https:\/\/www.mathnique.com\/site\/wp-json\/wp\/v2\/types\/page"}],"author":[{"embeddable":true,"href":"https:\/\/www.mathnique.com\/site\/wp-json\/wp\/v2\/users\/1"}],"replies":[{"embeddable":true,"href":"https:\/\/www.mathnique.com\/site\/wp-json\/wp\/v2\/comments?post=768"}],"version-history":[{"count":6,"href":"https:\/\/www.mathnique.com\/site\/wp-json\/wp\/v2\/pages\/768\/revisions"}],"predecessor-version":[{"id":3196,"href":"https:\/\/www.mathnique.com\/site\/wp-json\/wp\/v2\/pages\/768\/revisions\/3196"}],"wp:attachment":[{"href":"https:\/\/www.mathnique.com\/site\/wp-json\/wp\/v2\/media?parent=768"}],"curies":[{"name":"wp","href":"https:\/\/api.w.org\/{rel}","templated":true}]}}