{"id":773,"date":"2017-03-18T14:01:43","date_gmt":"2017-03-18T13:01:43","guid":{"rendered":"http:\/\/www2.mathnique.com\/site\/?page_id=773"},"modified":"2017-05-15T22:22:45","modified_gmt":"2017-05-15T20:22:45","slug":"integration","status":"publish","type":"page","link":"https:\/\/www.mathnique.com\/site\/integration\/","title":{"rendered":"Int\u00e9gration"},"content":{"rendered":"<ul>\n<li>Cours et exercices sur l'int\u00e9grale au sens de Riemann d'une fonction continue :<br \/>\n<img loading=\"lazy\" decoding=\"async\" class=\"alignnone size-medium wp-image-1369\" src=\"http:\/\/www2.mathnique.com\/site\/wp-content\/uploads\/2017\/03\/riemann2-300x271.png\" alt=\"\" width=\"300\" height=\"271\" srcset=\"https:\/\/www.mathnique.com\/site\/wp-content\/uploads\/2017\/03\/riemann2-300x271.png 300w, https:\/\/www.mathnique.com\/site\/wp-content\/uploads\/2017\/03\/riemann2.png 764w\" sizes=\"auto, (max-width: 300px) 85vw, 300px\" \/> <img loading=\"lazy\" decoding=\"async\" class=\"alignnone size-medium wp-image-1368\" src=\"http:\/\/www2.mathnique.com\/site\/wp-content\/uploads\/2017\/03\/riemann1-300x280.png\" alt=\"\" width=\"300\" height=\"280\" srcset=\"https:\/\/www.mathnique.com\/site\/wp-content\/uploads\/2017\/03\/riemann1-300x280.png 300w, https:\/\/www.mathnique.com\/site\/wp-content\/uploads\/2017\/03\/riemann1.png 738w\" sizes=\"auto, (max-width: 300px) 85vw, 300px\" \/><br \/>\n<a href=\"http:\/\/www2.mathnique.com\/site\/wp-content\/uploads\/2017\/03\/ch28ec1.pdf\">ch28ec1<\/a><\/li>\n<li>Probl\u00e8mes classiques :\n<ul>\n<li>Int\u00e9grales de John WALLIS<\/li>\n<li>Formules de la moyenne<\/li>\n<\/ul>\n<\/li>\n<li><\/li>\n<\/ul>\n","protected":false},"excerpt":{"rendered":"<p>Cours et exercices sur l'int\u00e9grale au sens de Riemann d'une fonction continue : ch28ec1 Probl\u00e8mes classiques : Int\u00e9grales de John WALLIS Formules de la moyenne<\/p>\n","protected":false},"author":1,"featured_media":0,"parent":0,"menu_order":0,"comment_status":"closed","ping_status":"closed","template":"","meta":{"_monsterinsights_skip_tracking":false,"_monsterinsights_sitenote_active":false,"_monsterinsights_sitenote_note":"","_monsterinsights_sitenote_category":0,"footnotes":""},"class_list":["post-773","page","type-page","status-publish","hentry"],"_links":{"self":[{"href":"https:\/\/www.mathnique.com\/site\/wp-json\/wp\/v2\/pages\/773","targetHints":{"allow":["GET"]}}],"collection":[{"href":"https:\/\/www.mathnique.com\/site\/wp-json\/wp\/v2\/pages"}],"about":[{"href":"https:\/\/www.mathnique.com\/site\/wp-json\/wp\/v2\/types\/page"}],"author":[{"embeddable":true,"href":"https:\/\/www.mathnique.com\/site\/wp-json\/wp\/v2\/users\/1"}],"replies":[{"embeddable":true,"href":"https:\/\/www.mathnique.com\/site\/wp-json\/wp\/v2\/comments?post=773"}],"version-history":[{"count":6,"href":"https:\/\/www.mathnique.com\/site\/wp-json\/wp\/v2\/pages\/773\/revisions"}],"predecessor-version":[{"id":1710,"href":"https:\/\/www.mathnique.com\/site\/wp-json\/wp\/v2\/pages\/773\/revisions\/1710"}],"wp:attachment":[{"href":"https:\/\/www.mathnique.com\/site\/wp-json\/wp\/v2\/media?parent=773"}],"curies":[{"name":"wp","href":"https:\/\/api.w.org\/{rel}","templated":true}]}}