{"id":775,"date":"2017-03-18T14:01:56","date_gmt":"2017-03-18T13:01:56","guid":{"rendered":"http:\/\/www2.mathnique.com\/site\/?page_id=775"},"modified":"2025-12-17T15:38:33","modified_gmt":"2025-12-17T14:38:33","slug":"derivation","status":"publish","type":"page","link":"https:\/\/www.mathnique.com\/site\/derivation\/","title":{"rendered":"D\u00e9rivation, d\u00e9veloppements limit\u00e9s."},"content":{"rendered":"<ul>\n<li>D\u00e9rivation :<br \/>\nCours et exercices (\u00e0 partir de la classe de 1\u00e8re de lyc\u00e9e) :<br \/>\n<a href=\"http:\/\/www.mathnique.com\/site\/wp-content\/uploads\/2025\/12\/ch26ec1.pdf\">ch26ec1<\/a><\/li>\n<li>D\u00e9veloppements limit\u00e9s (1\u00e8re ann\u00e9e d'enseignement sup\u00e9rieur)<\/li>\n<li>Formules de Taylor (1\u00e8re ann\u00e9e d'enseignement sup\u00e9rieur)<\/li>\n<\/ul>\n","protected":false},"excerpt":{"rendered":"<p>D\u00e9rivation : Cours et exercices (\u00e0 partir de la classe de 1\u00e8re de lyc\u00e9e) : ch26ec1 D\u00e9veloppements limit\u00e9s (1\u00e8re ann\u00e9e d'enseignement sup\u00e9rieur) Formules de Taylor (1\u00e8re ann\u00e9e d'enseignement sup\u00e9rieur)<\/p>\n","protected":false},"author":1,"featured_media":0,"parent":0,"menu_order":0,"comment_status":"closed","ping_status":"closed","template":"","meta":{"_monsterinsights_skip_tracking":false,"_monsterinsights_sitenote_active":false,"_monsterinsights_sitenote_note":"","_monsterinsights_sitenote_category":0,"footnotes":""},"class_list":["post-775","page","type-page","status-publish","hentry"],"_links":{"self":[{"href":"https:\/\/www.mathnique.com\/site\/wp-json\/wp\/v2\/pages\/775","targetHints":{"allow":["GET"]}}],"collection":[{"href":"https:\/\/www.mathnique.com\/site\/wp-json\/wp\/v2\/pages"}],"about":[{"href":"https:\/\/www.mathnique.com\/site\/wp-json\/wp\/v2\/types\/page"}],"author":[{"embeddable":true,"href":"https:\/\/www.mathnique.com\/site\/wp-json\/wp\/v2\/users\/1"}],"replies":[{"embeddable":true,"href":"https:\/\/www.mathnique.com\/site\/wp-json\/wp\/v2\/comments?post=775"}],"version-history":[{"count":5,"href":"https:\/\/www.mathnique.com\/site\/wp-json\/wp\/v2\/pages\/775\/revisions"}],"predecessor-version":[{"id":3606,"href":"https:\/\/www.mathnique.com\/site\/wp-json\/wp\/v2\/pages\/775\/revisions\/3606"}],"wp:attachment":[{"href":"https:\/\/www.mathnique.com\/site\/wp-json\/wp\/v2\/media?parent=775"}],"curies":[{"name":"wp","href":"https:\/\/api.w.org\/{rel}","templated":true}]}}