{"id":781,"date":"2017-03-18T14:05:27","date_gmt":"2017-03-18T13:05:27","guid":{"rendered":"http:\/\/www2.mathnique.com\/site\/?page_id=781"},"modified":"2019-10-15T15:04:18","modified_gmt":"2019-10-15T13:04:18","slug":"suites-de-nombres-reels","status":"publish","type":"page","link":"https:\/\/www.mathnique.com\/site\/suites-de-nombres-reels\/","title":{"rendered":"Suites de Nombres r\u00e9els"},"content":{"rendered":"<ul>\n<li><span style=\"color: #ff0000;\"><strong>G\u00e9n\u00e9ralit\u00e9s sur les suites :<\/strong><\/span><br \/>\n<a href=\"http:\/\/www2.mathnique.com\/site\/wp-content\/uploads\/2017\/03\/ch08ec1.pdf\">ch08ec1<\/a><\/li>\n<li><strong><span style=\"color: #ff0000;\">Suites arithm\u00e9tiques, Suites g\u00e9om\u00e9triques:<\/span><\/strong><br \/>\n<img loading=\"lazy\" decoding=\"async\" class=\"size-medium wp-image-2522 aligncenter\" src=\"http:\/\/www.mathnique.com\/site\/wp-content\/uploads\/2018\/07\/tartelehning-300x235.png\" alt=\"\" width=\"300\" height=\"235\" srcset=\"https:\/\/www.mathnique.com\/site\/wp-content\/uploads\/2018\/07\/tartelehning-300x235.png 300w, https:\/\/www.mathnique.com\/site\/wp-content\/uploads\/2018\/07\/tartelehning-768x601.png 768w, https:\/\/www.mathnique.com\/site\/wp-content\/uploads\/2018\/07\/tartelehning-1024x801.png 1024w, https:\/\/www.mathnique.com\/site\/wp-content\/uploads\/2018\/07\/tartelehning-1200x939.png 1200w, https:\/\/www.mathnique.com\/site\/wp-content\/uploads\/2018\/07\/tartelehning.png 1230w\" sizes=\"auto, (max-width: 300px) 85vw, 300px\" \/><br \/>\n<a href=\"http:\/\/www2.mathnique.com\/site\/wp-content\/uploads\/2017\/03\/ch09ec1.pdf\">ch09ec1<\/a><\/li>\n<li><strong><span style=\"color: #ff0000;\">Suites arithm\u00e9tico-g\u00e9om\u00e9triques :<\/span><\/strong><br \/>\n<a href=\"http:\/\/www2.mathnique.com\/site\/wp-content\/uploads\/2017\/03\/ch10ec1.pdf\">ch10ec1<\/a><\/li>\n<li><strong><span style=\"color: #ff0000;\">Convergence d'une suite :<\/span><\/strong><br \/>\n<a href=\"http:\/\/www2.mathnique.com\/site\/wp-content\/uploads\/2017\/03\/ch11ec1.pdf\">ch11ec1<\/a><\/li>\n<li><strong><span style=\"color: #ff0000;\">Suites adjacentes :<\/span><\/strong><br \/>\n<a href=\"http:\/\/www2.mathnique.com\/site\/wp-content\/uploads\/2017\/03\/ch12ec1.pdf\">ch12ec1<\/a><\/li>\n<li><strong><span style=\"color: #ff0000;\">Suites d\u00e9finies par une relation de r\u00e9currence lin\u00e9aire $u_{n + 2} = au_{n + 1} + bu_n$ :<\/span><\/strong><br \/>\n<a href=\"http:\/\/www2.mathnique.com\/site\/wp-content\/uploads\/2017\/03\/ch13ec1.pdf\">ch13ec1<\/a><\/li>\n<li><strong><span style=\"color: #ff0000;\">Comparaison de suites (n\u00e9gligeabilit\u00e9, domination, \u00e9quivalence) :<\/span><\/strong><br \/>\n<a href=\"http:\/\/www.mathnique.com\/site\/wp-content\/uploads\/2019\/10\/ch14ec1.pdf\">ch14ec1<\/a><\/li>\n<li><strong><span style=\"color: #ff0000;\">Probl\u00e8mes classiques :<\/span><\/strong>\n<ul>\n<li>Limite sup et limite inf : Essec 15<\/li>\n<\/ul>\n<\/li>\n<li><strong><span style=\"color: #ff0000;\">Videos :<\/span><\/strong>\n<ul>\n<li>Amphis de la 5 (Professeur Jacques VAUTHIER) sur suites et\u00a0continuit\u00e9 partie 1<br \/>\n<a href=\"https:\/\/youtu.be\/cY4HWaZDrZw?t=51\">https:\/\/youtu.be\/cY4HWaZDrZw?t=51<\/a><\/li>\n<li>Amphis de la 5 (Professeur Jacques VAUTHIER) sur suites et\u00a0continuit\u00e9 partie\u00a02:<br \/>\n<a href=\"https:\/\/youtu.be\/n7IOnU45s6o?t=26\">https:\/\/youtu.be\/n7IOneU45s6o?t=26<\/a><\/li>\n<li>Amphis de la 5 (Professeur Jacques VAUTHIER) sur\u00a0suites et\u00a0continuit\u00e9 partie\u00a03:\u00a0<a href=\"https:\/\/youtu.be\/s_ZmuZNIehc?t=35\">:https:\/\/youtu.be\/s_ZmuZNIehc?t=35<\/a><\/li>\n<li>Amphis de la 5 (Professeur Jacques VAUTHIER) sur\u00a0suites et\u00a0continuit\u00e9 partie 4:<br \/>\nl'uniforme continuit\u00e9 entra\u00eene\u00a0la continuit\u00e9 :\u00a0<a href=\"https:\/\/youtu.be\/qgd7PdoTRfA\">https:\/\/youtu.be\/qgd7PdoTRfA<\/a><\/li>\n<\/ul>\n<\/li>\n<li><\/li>\n<\/ul>\n","protected":false},"excerpt":{"rendered":"<p>G\u00e9n\u00e9ralit\u00e9s sur les suites : ch08ec1 Suites arithm\u00e9tiques, Suites g\u00e9om\u00e9triques: ch09ec1 Suites arithm\u00e9tico-g\u00e9om\u00e9triques : ch10ec1 Convergence d'une suite : ch11ec1 Suites adjacentes : ch12ec1 Suites d\u00e9finies par une relation de r\u00e9currence lin\u00e9aire $u_{n + 2} = au_{n + 1} + bu_n$ : ch13ec1 Comparaison de suites (n\u00e9gligeabilit\u00e9, domination, \u00e9quivalence) : ch14ec1 Probl\u00e8mes classiques : Limite &hellip; <a href=\"https:\/\/www.mathnique.com\/site\/suites-de-nombres-reels\/\" class=\"more-link\">Continuer la lecture<span class=\"screen-reader-text\"> de &laquo;&nbsp;Suites de Nombres r\u00e9els&nbsp;&raquo;<\/span><\/a><\/p>\n","protected":false},"author":1,"featured_media":0,"parent":0,"menu_order":0,"comment_status":"closed","ping_status":"closed","template":"","meta":{"_monsterinsights_skip_tracking":false,"_monsterinsights_sitenote_active":false,"_monsterinsights_sitenote_note":"","_monsterinsights_sitenote_category":0,"footnotes":""},"class_list":["post-781","page","type-page","status-publish","hentry"],"_links":{"self":[{"href":"https:\/\/www.mathnique.com\/site\/wp-json\/wp\/v2\/pages\/781","targetHints":{"allow":["GET"]}}],"collection":[{"href":"https:\/\/www.mathnique.com\/site\/wp-json\/wp\/v2\/pages"}],"about":[{"href":"https:\/\/www.mathnique.com\/site\/wp-json\/wp\/v2\/types\/page"}],"author":[{"embeddable":true,"href":"https:\/\/www.mathnique.com\/site\/wp-json\/wp\/v2\/users\/1"}],"replies":[{"embeddable":true,"href":"https:\/\/www.mathnique.com\/site\/wp-json\/wp\/v2\/comments?post=781"}],"version-history":[{"count":13,"href":"https:\/\/www.mathnique.com\/site\/wp-json\/wp\/v2\/pages\/781\/revisions"}],"predecessor-version":[{"id":2782,"href":"https:\/\/www.mathnique.com\/site\/wp-json\/wp\/v2\/pages\/781\/revisions\/2782"}],"wp:attachment":[{"href":"https:\/\/www.mathnique.com\/site\/wp-json\/wp\/v2\/media?parent=781"}],"curies":[{"name":"wp","href":"https:\/\/api.w.org\/{rel}","templated":true}]}}