{"id":805,"date":"2017-03-18T14:21:50","date_gmt":"2017-03-18T13:21:50","guid":{"rendered":"http:\/\/www2.mathnique.com\/site\/?page_id=805"},"modified":"2019-10-15T17:28:32","modified_gmt":"2019-10-15T15:28:32","slug":"integrales-impropres","status":"publish","type":"page","link":"https:\/\/www.mathnique.com\/site\/integrales-impropres\/","title":{"rendered":"Int\u00e9grales g\u00e9n\u00e9ralis\u00e9es"},"content":{"rendered":"<ul>\n<li><span style=\"color: #ff0000;\"><strong data-rich-text-format-boundary=\"true\">Int\u00e9grales impropres, Int\u00e9grales \u00e0 param\u00e8tre :<\/strong><\/span>\n<ul>\n<li>Cours personnel : <a href=\"http:\/\/www.mathnique.com\/site\/wp-content\/uploads\/2019\/10\/integralegeneralisee.pdf\">integralegeneralisee<\/a><\/li>\n<\/ul>\n<\/li>\n<li><strong><span style=\"color: #ff0000;\">Probl\u00e8mes Classiques :<\/span><\/strong>\n<ul>\n<li>Les int\u00e9grales eul\u00e9riennes :\n<ul>\n<li>La fonction $\\Gamma$ :<\/li>\n<\/ul>\n<\/li>\n<\/ul>\n<\/li>\n<li>\u00a0<\/li>\n<\/ul>\n\n\n\n\n<p><\/p>\n","protected":false},"excerpt":{"rendered":"<p>Int\u00e9grales impropres, Int\u00e9grales \u00e0 param\u00e8tre : Cours personnel : integralegeneralisee Probl\u00e8mes Classiques : Les int\u00e9grales eul\u00e9riennes : La fonction $\\Gamma$ : \u00a0<\/p>\n","protected":false},"author":1,"featured_media":0,"parent":0,"menu_order":0,"comment_status":"closed","ping_status":"closed","template":"","meta":{"_monsterinsights_skip_tracking":false,"_monsterinsights_sitenote_active":false,"_monsterinsights_sitenote_note":"","_monsterinsights_sitenote_category":0,"footnotes":""},"class_list":["post-805","page","type-page","status-publish","hentry"],"_links":{"self":[{"href":"https:\/\/www.mathnique.com\/site\/wp-json\/wp\/v2\/pages\/805","targetHints":{"allow":["GET"]}}],"collection":[{"href":"https:\/\/www.mathnique.com\/site\/wp-json\/wp\/v2\/pages"}],"about":[{"href":"https:\/\/www.mathnique.com\/site\/wp-json\/wp\/v2\/types\/page"}],"author":[{"embeddable":true,"href":"https:\/\/www.mathnique.com\/site\/wp-json\/wp\/v2\/users\/1"}],"replies":[{"embeddable":true,"href":"https:\/\/www.mathnique.com\/site\/wp-json\/wp\/v2\/comments?post=805"}],"version-history":[{"count":6,"href":"https:\/\/www.mathnique.com\/site\/wp-json\/wp\/v2\/pages\/805\/revisions"}],"predecessor-version":[{"id":2789,"href":"https:\/\/www.mathnique.com\/site\/wp-json\/wp\/v2\/pages\/805\/revisions\/2789"}],"wp:attachment":[{"href":"https:\/\/www.mathnique.com\/site\/wp-json\/wp\/v2\/media?parent=805"}],"curies":[{"name":"wp","href":"https:\/\/api.w.org\/{rel}","templated":true}]}}