{"id":812,"date":"2017-03-18T14:46:53","date_gmt":"2017-03-18T13:46:53","guid":{"rendered":"http:\/\/www2.mathnique.com\/site\/?page_id=812"},"modified":"2019-10-15T14:57:13","modified_gmt":"2019-10-15T12:57:13","slug":"algebre-bilineaire","status":"publish","type":"page","link":"https:\/\/www.mathnique.com\/site\/algebre-bilineaire\/","title":{"rendered":"Alg\u00e8bre Bilin\u00e9aire"},"content":{"rendered":"<p><img loading=\"lazy\" decoding=\"async\" class=\"wp-image-1629 aligncenter\" src=\"http:\/\/www.mathnique.com\/site\/wp-content\/uploads\/2017\/03\/travaux3-300x252.png\" alt=\"\" width=\"108\" height=\"91\" srcset=\"https:\/\/www.mathnique.com\/site\/wp-content\/uploads\/2017\/03\/travaux3-300x252.png 300w, https:\/\/www.mathnique.com\/site\/wp-content\/uploads\/2017\/03\/travaux3.png 718w\" sizes=\"auto, (max-width: 108px) 85vw, 108px\" \/><\/p>\n<ul>\n<li>Formes multilin\u00e9aires<\/li>\n<li>Formes bilin\u00e9aires<\/li>\n<li>Formes bilin\u00e9aires sym\u00e9triques et formes quadratiques\n<ul>\n<li>Cours personnel<\/li>\n<li>Probl\u00e8mes classiques :\n<ul>\n<li>Produit scalaire matriciel : $\\phi(A \\ B) = tr(^t A \\ B)$\n<ul>\n<li>Ecricome 03 ecs<\/li>\n<\/ul>\n<\/li>\n<\/ul>\n<\/li>\n<\/ul>\n<\/li>\n<li>Espaces pr\u00e9hilbertiens r\u00e9els\n<ul>\n<li>de dimension infinie<\/li>\n<li>de dimension finie : espaces vectoriels euclidiens<\/li>\n<li>Vid\u00e9o de Mohamed el Alami :\u00a0<a href=\"https:\/\/youtu.be\/2q5j03gSVSY?t=90\">https:\/\/youtu.be\/2q5j03gSVSY?t=90<\/a><\/li>\n<\/ul>\n<\/li>\n<li>Espaces pr\u00e9hilbertiens complexes\n<ul>\n<li>Espaces hermitiens<\/li>\n<\/ul>\n<\/li>\n<\/ul>\n","protected":false},"excerpt":{"rendered":"<p>Formes multilin\u00e9aires Formes bilin\u00e9aires Formes bilin\u00e9aires sym\u00e9triques et formes quadratiques Cours personnel Probl\u00e8mes classiques : Produit scalaire matriciel : $\\phi(A \\ B) = tr(^t A \\ B)$ Ecricome 03 ecs Espaces pr\u00e9hilbertiens r\u00e9els de dimension infinie de dimension finie : espaces vectoriels euclidiens Vid\u00e9o de Mohamed el Alami :\u00a0https:\/\/youtu.be\/2q5j03gSVSY?t=90 Espaces pr\u00e9hilbertiens complexes Espaces hermitiens<\/p>\n","protected":false},"author":1,"featured_media":0,"parent":0,"menu_order":0,"comment_status":"closed","ping_status":"closed","template":"","meta":{"_monsterinsights_skip_tracking":false,"_monsterinsights_sitenote_active":false,"_monsterinsights_sitenote_note":"","_monsterinsights_sitenote_category":0,"footnotes":""},"class_list":["post-812","page","type-page","status-publish","hentry"],"_links":{"self":[{"href":"https:\/\/www.mathnique.com\/site\/wp-json\/wp\/v2\/pages\/812","targetHints":{"allow":["GET"]}}],"collection":[{"href":"https:\/\/www.mathnique.com\/site\/wp-json\/wp\/v2\/pages"}],"about":[{"href":"https:\/\/www.mathnique.com\/site\/wp-json\/wp\/v2\/types\/page"}],"author":[{"embeddable":true,"href":"https:\/\/www.mathnique.com\/site\/wp-json\/wp\/v2\/users\/1"}],"replies":[{"embeddable":true,"href":"https:\/\/www.mathnique.com\/site\/wp-json\/wp\/v2\/comments?post=812"}],"version-history":[{"count":7,"href":"https:\/\/www.mathnique.com\/site\/wp-json\/wp\/v2\/pages\/812\/revisions"}],"predecessor-version":[{"id":2778,"href":"https:\/\/www.mathnique.com\/site\/wp-json\/wp\/v2\/pages\/812\/revisions\/2778"}],"wp:attachment":[{"href":"https:\/\/www.mathnique.com\/site\/wp-json\/wp\/v2\/media?parent=812"}],"curies":[{"name":"wp","href":"https:\/\/api.w.org\/{rel}","templated":true}]}}