{"id":840,"date":"2017-03-19T14:16:35","date_gmt":"2017-03-19T13:16:35","guid":{"rendered":"http:\/\/www2.mathnique.com\/site\/?page_id=840"},"modified":"2018-02-20T23:55:52","modified_gmt":"2018-02-20T22:55:52","slug":"dnbrevet","status":"publish","type":"page","link":"https:\/\/www.mathnique.com\/site\/dnbrevet\/","title":{"rendered":"DNBrevet"},"content":{"rendered":"<ul>\n<li>2017 : Nouvelle \u00e9preuve du DNB(Dipl\u00f4me National du Brevet)\n<ul>\n<li>sujet z\u00e9ro :\u00a0<a href=\"http:\/\/www2.mathnique.com\/site\/wp-content\/uploads\/2017\/03\/DNB17sujet0.pdf\">DNB17sujet0<\/a><a href=\"http:\/\/www2.mathnique.com\/site\/wp-content\/uploads\/2017\/03\/DNB_2017_Sujet_zero_MathsSciences1_MPCSVT_563812.pdf\"><br \/>\n<\/a><em>(source : Minist\u00e8re Education Nationale)<\/em><\/li>\n<\/ul>\n<\/li>\n<li>2016 :\u00a0<a href=\"http:\/\/www2.mathnique.com\/site\/wp-content\/uploads\/2017\/03\/Brevetann\u00e9e16.pdf\">Brevetann\u00e9e16<\/a><br \/>\n<em>(source www.apmep.fr)<\/em><\/li>\n<li>2015 :\u00a0<a href=\"http:\/\/www2.mathnique.com\/site\/wp-content\/uploads\/2017\/03\/Brevetannee15.pdf\">Brevetannee15<\/a><br \/>\n<em>(source www.apmep.fr)<\/em><\/li>\n<li>2003 :\u00a0<a href=\"http:\/\/www2.mathnique.com\/site\/wp-content\/uploads\/2017\/03\/dnb2003.pdf\">dnb2003<\/a><\/li>\n<li>1990 :\u00a0<a href=\"http:\/\/www.mathnique.com\/site\/wp-content\/uploads\/2018\/02\/dnb90ag.pdf\">dnb90ag<\/a><\/li>\n<li>1988 :<\/li>\n<li>1975 :\u00a0<a href=\"http:\/\/www2.mathnique.com\/site\/wp-content\/uploads\/2017\/03\/dnb75.pdf\">dnb75<\/a><\/li>\n<\/ul>\n","protected":false},"excerpt":{"rendered":"<p>2017 : Nouvelle \u00e9preuve du DNB(Dipl\u00f4me National du Brevet) sujet z\u00e9ro :\u00a0DNB17sujet0 (source : Minist\u00e8re Education Nationale) 2016 :\u00a0Brevetann\u00e9e16 (source www.apmep.fr) 2015 :\u00a0Brevetannee15 (source www.apmep.fr) 2003 :\u00a0dnb2003 1990 :\u00a0dnb90ag 1988 : 1975 :\u00a0dnb75<\/p>\n","protected":false},"author":1,"featured_media":0,"parent":0,"menu_order":0,"comment_status":"closed","ping_status":"closed","template":"","meta":{"_monsterinsights_skip_tracking":false,"_monsterinsights_sitenote_active":false,"_monsterinsights_sitenote_note":"","_monsterinsights_sitenote_category":0,"footnotes":""},"class_list":["post-840","page","type-page","status-publish","hentry"],"_links":{"self":[{"href":"https:\/\/www.mathnique.com\/site\/wp-json\/wp\/v2\/pages\/840","targetHints":{"allow":["GET"]}}],"collection":[{"href":"https:\/\/www.mathnique.com\/site\/wp-json\/wp\/v2\/pages"}],"about":[{"href":"https:\/\/www.mathnique.com\/site\/wp-json\/wp\/v2\/types\/page"}],"author":[{"embeddable":true,"href":"https:\/\/www.mathnique.com\/site\/wp-json\/wp\/v2\/users\/1"}],"replies":[{"embeddable":true,"href":"https:\/\/www.mathnique.com\/site\/wp-json\/wp\/v2\/comments?post=840"}],"version-history":[{"count":6,"href":"https:\/\/www.mathnique.com\/site\/wp-json\/wp\/v2\/pages\/840\/revisions"}],"predecessor-version":[{"id":2290,"href":"https:\/\/www.mathnique.com\/site\/wp-json\/wp\/v2\/pages\/840\/revisions\/2290"}],"wp:attachment":[{"href":"https:\/\/www.mathnique.com\/site\/wp-json\/wp\/v2\/media?parent=840"}],"curies":[{"name":"wp","href":"https:\/\/api.w.org\/{rel}","templated":true}]}}