{"id":861,"date":"2017-03-19T15:10:36","date_gmt":"2017-03-19T14:10:36","guid":{"rendered":"http:\/\/www2.mathnique.com\/site\/?page_id=861"},"modified":"2017-08-09T13:33:03","modified_gmt":"2017-08-09T11:33:03","slug":"coniques","status":"publish","type":"page","link":"https:\/\/www.mathnique.com\/site\/coniques\/","title":{"rendered":"Coniques"},"content":{"rendered":"<p><img loading=\"lazy\" decoding=\"async\" class=\"size-medium wp-image-875 aligncenter\" src=\"http:\/\/www2.mathnique.com\/site\/wp-content\/uploads\/2017\/03\/coniques-300x216.png\" alt=\"\" width=\"300\" height=\"216\" srcset=\"https:\/\/www.mathnique.com\/site\/wp-content\/uploads\/2017\/03\/coniques-300x216.png 300w, https:\/\/www.mathnique.com\/site\/wp-content\/uploads\/2017\/03\/coniques.png 530w\" sizes=\"auto, (max-width: 300px) 85vw, 300px\" \/><\/p>\n<ul>\n<li><span style=\"color: #ff0000;\"><strong>Po\u00e8mes sur les coniques :<\/strong><\/span><br \/>\n<strong><em>L'Ellipse\u00a0<\/em><\/strong><br \/>\n<em>Collier sur une gorge rose,<\/em><br \/>\n<em>Course des plan\u00e8tes aux cieux;<\/em><br \/>\n<em>Oeuf principe de toute chose,<\/em><br \/>\n<em>Binocle au nez des studieux;<\/em><br \/>\n<em>Cuiller des soupes domestiques,<\/em><br \/>\n<em>Beau lac o\u00f9 le ciel transpara\u00eet, M\u00e9daillon, aux ch\u00e8res reliques,<\/em><br \/>\n<em>Mitoir d'a\u00efeule, vieux portrait,<\/em><br \/>\n<em>Fait qu'aux r\u00e9gions irr\u00e9elles<\/em><br \/>\n<em>Mon coeur gravite, astre fid\u00e8le,<\/em><br \/>\n<em>Autour des splendeurs \u00e9ternelles<\/em>.<br \/>\nHenri ALLORGE (1878-1938)<br \/>\n<em>(Sources : Tangente n\u00b0177 - Juillet-Ao\u00fbt 2017)<\/em><\/li>\n<li>Cours sur les coniques :\u00a0<a href=\"http:\/\/www2.mathnique.com\/site\/wp-content\/uploads\/2017\/03\/coniques.pdf\">coniques<\/a><\/li>\n<li>Exercices sur les coniques :\u00a0<a href=\"http:\/\/www2.mathnique.com\/site\/wp-content\/uploads\/2017\/03\/exosconiques.pdf\">exosconiques<\/a>\n<ul>\n<li>textes\u00a0:\u00a0<a href=\"http:\/\/www2.mathnique.com\/site\/wp-content\/uploads\/2017\/03\/exosconiques-1.pdf\">exosconiques<\/a><\/li>\n<li>corrig\u00e9s :\u00a0<a href=\"http:\/\/www2.mathnique.com\/site\/wp-content\/uploads\/2017\/03\/exosconiquescor.pdf\">exosconiquescor<\/a><\/li>\n<\/ul>\n<\/li>\n<li>Devoir\u00a0\u00a0:\n<ul>\n<li>Sujet :\u00a0<a href=\"http:\/\/www2.mathnique.com\/site\/wp-content\/uploads\/2017\/03\/devoirconiques.pdf\">devoirconiques<\/a><\/li>\n<li>Corrig\u00e9 :\u00a0<a href=\"http:\/\/www2.mathnique.com\/site\/wp-content\/uploads\/2017\/03\/exosconiquescor-1.pdf\">exosconiquescor<\/a><\/li>\n<\/ul>\n<\/li>\n<\/ul>\n","protected":false},"excerpt":{"rendered":"<p>Po\u00e8mes sur les coniques : L'Ellipse\u00a0 Collier sur une gorge rose, Course des plan\u00e8tes aux cieux; Oeuf principe de toute chose, Binocle au nez des studieux; Cuiller des soupes domestiques, Beau lac o\u00f9 le ciel transpara\u00eet, M\u00e9daillon, aux ch\u00e8res reliques, Mitoir d'a\u00efeule, vieux portrait, Fait qu'aux r\u00e9gions irr\u00e9elles Mon coeur gravite, astre fid\u00e8le, Autour des &hellip; <a href=\"https:\/\/www.mathnique.com\/site\/coniques\/\" class=\"more-link\">Continuer la lecture<span class=\"screen-reader-text\"> de &laquo;&nbsp;Coniques&nbsp;&raquo;<\/span><\/a><\/p>\n","protected":false},"author":1,"featured_media":0,"parent":0,"menu_order":0,"comment_status":"closed","ping_status":"closed","template":"","meta":{"_monsterinsights_skip_tracking":false,"_monsterinsights_sitenote_active":false,"_monsterinsights_sitenote_note":"","_monsterinsights_sitenote_category":0,"footnotes":""},"class_list":["post-861","page","type-page","status-publish","hentry"],"_links":{"self":[{"href":"https:\/\/www.mathnique.com\/site\/wp-json\/wp\/v2\/pages\/861","targetHints":{"allow":["GET"]}}],"collection":[{"href":"https:\/\/www.mathnique.com\/site\/wp-json\/wp\/v2\/pages"}],"about":[{"href":"https:\/\/www.mathnique.com\/site\/wp-json\/wp\/v2\/types\/page"}],"author":[{"embeddable":true,"href":"https:\/\/www.mathnique.com\/site\/wp-json\/wp\/v2\/users\/1"}],"replies":[{"embeddable":true,"href":"https:\/\/www.mathnique.com\/site\/wp-json\/wp\/v2\/comments?post=861"}],"version-history":[{"count":5,"href":"https:\/\/www.mathnique.com\/site\/wp-json\/wp\/v2\/pages\/861\/revisions"}],"predecessor-version":[{"id":2102,"href":"https:\/\/www.mathnique.com\/site\/wp-json\/wp\/v2\/pages\/861\/revisions\/2102"}],"wp:attachment":[{"href":"https:\/\/www.mathnique.com\/site\/wp-json\/wp\/v2\/media?parent=861"}],"curies":[{"name":"wp","href":"https:\/\/api.w.org\/{rel}","templated":true}]}}